{"id":18796,"date":"2022-01-27T19:45:19","date_gmt":"2022-01-27T18:45:19","guid":{"rendered":"https:\/\/dev.galagar.com\/producto\/bruleur-de-poils-de-la-mamelle\/"},"modified":"2023-06-20T08:03:58","modified_gmt":"2023-06-20T06:03:58","slug":"bruleur-de-cheveux","status":"publish","type":"product","link":"https:\/\/dev.galagar.com\/fr\/produit\/bruleur-de-cheveux\/","title":{"rendered":"Br\u00fbleur de poils"},"content":{"rendered":"","protected":false},"excerpt":{"rendered":"<p>Chalumeau aspirant \u00e0 l&#8217;a\u00e9robutane avec poign\u00e9e en plastique.<br \/>\nSyst\u00e8me de flamme pilote pour l&#8217;\u00e9conomie de gaz et levier de d\u00e9bit de gaz. Il comprend une longue lance avec un grand nombre de flammes.<br \/>\nFonctionne avec de faibles pressions jusqu&#8217;\u00e0 30 mbar.<\/p>\n<p><strong>\u00c9l\u00e9ments de l&#8217;ensemble :<\/strong><br \/>\nPoign\u00e9e avec \u00e9conomiseur &#8211; R\u00e9f. 14600285<br \/>\nBouteille de gaz butane de 2,8 kg. &#8211; R\u00e9f. 91000027<br \/>\nLance br\u00fble-poils de pis &#8211; R\u00e9f. 73401000<br \/>\nD\u00e9tendeur de propane r\u00e9duit &#8211; R\u00e9f. 37300405<br \/>\nTube blind\u00e9 Lira 5&#215;10 (2,50 m.) &#8211; R\u00e9f. 72500130<\/p>\n<p>En option avec la cartouche de gaz butane jetable Aerogala 400 ml. &#8211; R\u00e9f. 15100150<\/p>\n<p><strong>Applications :<\/strong><br \/>\nAccessoire sp\u00e9cialement con\u00e7u pour nettoyer et br\u00fbler les poils des pis des vaches, afin de faciliter la traite et de la rendre plus propre. \u00c9limine les bact\u00e9ries et la salet\u00e9.<\/p>\n","protected":false},"featured_media":18682,"template":"","meta":{"_acf_changed":false},"product_brand":[],"product_cat":[937,1455],"product_tag":[],"class_list":{"0":"post-18796","1":"product","2":"type-product","3":"status-publish","4":"has-post-thumbnail","6":"product_cat-produits","7":"product_cat-groupes-autonomes","9":"first","10":"instock","11":"taxable","12":"shipping-taxable","13":"product-type-variable"},"acf":[],"yoast_head":"<!-- This site is optimized with the Yoast SEO plugin v24.8.1 - https:\/\/yoast.com\/wordpress\/plugins\/seo\/ -->\n<title>Br\u00fbleur de poils | GALA GAR - Productos de soldadura y reguladores de gas - Gas y soldadura<\/title>\n<meta name=\"robots\" content=\"noindex, follow, max-snippet:-1, max-image-preview:large, max-video-preview:-1\" \/>\n<meta property=\"og:locale\" content=\"fr_FR\" \/>\n<meta property=\"og:type\" content=\"article\" \/>\n<meta property=\"og:title\" content=\"Br\u00fbleur de poils | GALA GAR - Productos de soldadura y reguladores de gas - Gas y soldadura\" \/>\n<meta property=\"og:description\" content=\"Chalumeau aspirant \u00e0 l&#039;a\u00e9robutane avec poign\u00e9e en plastique. Syst\u00e8me de flamme pilote pour l&#039;\u00e9conomie de gaz et levier de d\u00e9bit de gaz. Il comprend une longue lance avec un grand nombre de flammes. Fonctionne avec de faibles pressions jusqu&#039;\u00e0 30 mbar.  \u00c9l\u00e9ments de l&#039;ensemble : Poign\u00e9e avec \u00e9conomiseur - R\u00e9f. 14600285 Bouteille de gaz butane de 2,8 kg. - R\u00e9f. 91000027 Lance br\u00fble-poils de pis - R\u00e9f. 73401000 D\u00e9tendeur de propane r\u00e9duit - R\u00e9f. 37300405 Tube blind\u00e9 Lira 5x10 (2,50 m.) - R\u00e9f. 72500130  En option avec la cartouche de gaz butane jetable Aerogala 400 ml. - R\u00e9f. 15100150  Applications : Accessoire sp\u00e9cialement con\u00e7u pour nettoyer et br\u00fbler les poils des pis des vaches, afin de faciliter la traite et de la rendre plus propre. \u00c9limine les bact\u00e9ries et la salet\u00e9.\" \/>\n<meta property=\"og:url\" content=\"https:\/\/dev.galagar.com\/fr\/produit\/bruleur-de-cheveux\/\" \/>\n<meta property=\"og:site_name\" content=\"GALA GAR - Productos de soldadura y reguladores de gas - Gas y soldadura\" \/>\n<meta property=\"article:modified_time\" content=\"2023-06-20T06:03:58+00:00\" \/>\n<meta property=\"og:image\" content=\"https:\/\/dev.galagar.com\/wp-content\/uploads\/2022\/01\/QuemadorPelos.jpg\" \/>\n\t<meta property=\"og:image:width\" content=\"640\" \/>\n\t<meta property=\"og:image:height\" content=\"800\" \/>\n\t<meta property=\"og:image:type\" content=\"image\/jpeg\" \/>\n<meta name=\"twitter:card\" content=\"summary_large_image\" \/>\n<script type=\"application\/ld+json\" class=\"yoast-schema-graph\">{\"@context\":\"https:\/\/schema.org\",\"@graph\":[{\"@type\":\"WebPage\",\"@id\":\"https:\/\/dev.galagar.com\/fr\/produit\/bruleur-de-cheveux\/\",\"url\":\"https:\/\/dev.galagar.com\/fr\/produit\/bruleur-de-cheveux\/\",\"name\":\"Br\u00fbleur de poils | GALA GAR - Productos de soldadura y reguladores de gas - Gas y soldadura\",\"isPartOf\":{\"@id\":\"https:\/\/dev.galagar.com\/fr\/#website\"},\"primaryImageOfPage\":{\"@id\":\"https:\/\/dev.galagar.com\/fr\/produit\/bruleur-de-cheveux\/#primaryimage\"},\"image\":{\"@id\":\"https:\/\/dev.galagar.com\/fr\/produit\/bruleur-de-cheveux\/#primaryimage\"},\"thumbnailUrl\":\"https:\/\/dev.galagar.com\/wp-content\/uploads\/2022\/01\/QuemadorPelos.jpg\",\"datePublished\":\"2022-01-27T18:45:19+00:00\",\"dateModified\":\"2023-06-20T06:03:58+00:00\",\"breadcrumb\":{\"@id\":\"https:\/\/dev.galagar.com\/fr\/produit\/bruleur-de-cheveux\/#breadcrumb\"},\"inLanguage\":\"fr-FR\",\"potentialAction\":[{\"@type\":\"ReadAction\",\"target\":[\"https:\/\/dev.galagar.com\/fr\/produit\/bruleur-de-cheveux\/\"]}]},{\"@type\":\"ImageObject\",\"inLanguage\":\"fr-FR\",\"@id\":\"https:\/\/dev.galagar.com\/fr\/produit\/bruleur-de-cheveux\/#primaryimage\",\"url\":\"https:\/\/dev.galagar.com\/wp-content\/uploads\/2022\/01\/QuemadorPelos.jpg\",\"contentUrl\":\"https:\/\/dev.galagar.com\/wp-content\/uploads\/2022\/01\/QuemadorPelos.jpg\",\"width\":640,\"height\":800},{\"@type\":\"BreadcrumbList\",\"@id\":\"https:\/\/dev.galagar.com\/fr\/produit\/bruleur-de-cheveux\/#breadcrumb\",\"itemListElement\":[{\"@type\":\"ListItem\",\"position\":1,\"name\":\"Inicio\",\"item\":\"https:\/\/dev.galagar.com\/fr\/accueil\/\"},{\"@type\":\"ListItem\",\"position\":2,\"name\":\"Tienda\",\"item\":\"https:\/\/dev.galagar.com\/tienda\/\"},{\"@type\":\"ListItem\",\"position\":3,\"name\":\"Produits\",\"item\":\"https:\/\/dev.galagar.com\/fr\/categoria-producto\/produits\/\"},{\"@type\":\"ListItem\",\"position\":4,\"name\":\"Gaz\",\"item\":\"https:\/\/dev.galagar.com\/fr\/categoria-producto\/produits\/gaz\/\"},{\"@type\":\"ListItem\",\"position\":5,\"name\":\"Groupes autonomes\",\"item\":\"https:\/\/dev.galagar.com\/fr\/categoria-producto\/produits\/gaz\/groupes-autonomes\/\"},{\"@type\":\"ListItem\",\"position\":6,\"name\":\"Br\u00fbleur de poils\"}]},{\"@type\":\"WebSite\",\"@id\":\"https:\/\/dev.galagar.com\/fr\/#website\",\"url\":\"https:\/\/dev.galagar.com\/fr\/\",\"name\":\"GALA GAR - Productos de soldadura y reguladores de gas - Gas y soldadura\",\"description\":\"Gala Gar es fabricante de tecnolog\u00eda competitiva para soldadura (MMA-TIG-MIG\/MAG-CORTE POR PLASMA), regulaci\u00f3n de gases, y para soldadura y corte por gas.\",\"publisher\":{\"@id\":\"https:\/\/dev.galagar.com\/fr\/#organization\"},\"potentialAction\":[{\"@type\":\"SearchAction\",\"target\":{\"@type\":\"EntryPoint\",\"urlTemplate\":\"https:\/\/dev.galagar.com\/fr\/?s={search_term_string}\"},\"query-input\":{\"@type\":\"PropertyValueSpecification\",\"valueRequired\":true,\"valueName\":\"search_term_string\"}}],\"inLanguage\":\"fr-FR\"},{\"@type\":\"Organization\",\"@id\":\"https:\/\/dev.galagar.com\/fr\/#organization\",\"name\":\"GALA GAR welding\",\"url\":\"https:\/\/dev.galagar.com\/fr\/\",\"logo\":{\"@type\":\"ImageObject\",\"inLanguage\":\"fr-FR\",\"@id\":\"https:\/\/dev.galagar.com\/fr\/#\/schema\/logo\/image\/\",\"url\":\"\",\"contentUrl\":\"\",\"caption\":\"GALA GAR welding\"},\"image\":{\"@id\":\"https:\/\/dev.galagar.com\/fr\/#\/schema\/logo\/image\/\"}}]}<\/script>\n<!-- \/ Yoast SEO plugin. -->","yoast_head_json":{"title":"Br\u00fbleur de poils | GALA GAR - Productos de soldadura y reguladores de gas - Gas y soldadura","robots":{"index":"noindex","follow":"follow","max-snippet":"max-snippet:-1","max-image-preview":"max-image-preview:large","max-video-preview":"max-video-preview:-1"},"og_locale":"fr_FR","og_type":"article","og_title":"Br\u00fbleur de poils | GALA GAR - Productos de soldadura y reguladores de gas - Gas y soldadura","og_description":"Chalumeau aspirant \u00e0 l'a\u00e9robutane avec poign\u00e9e en plastique. Syst\u00e8me de flamme pilote pour l'\u00e9conomie de gaz et levier de d\u00e9bit de gaz. Il comprend une longue lance avec un grand nombre de flammes. Fonctionne avec de faibles pressions jusqu'\u00e0 30 mbar.  \u00c9l\u00e9ments de l'ensemble : Poign\u00e9e avec \u00e9conomiseur - R\u00e9f. 14600285 Bouteille de gaz butane de 2,8 kg. - R\u00e9f. 91000027 Lance br\u00fble-poils de pis - R\u00e9f. 73401000 D\u00e9tendeur de propane r\u00e9duit - R\u00e9f. 37300405 Tube blind\u00e9 Lira 5x10 (2,50 m.) - R\u00e9f. 72500130  En option avec la cartouche de gaz butane jetable Aerogala 400 ml. - R\u00e9f. 15100150  Applications : Accessoire sp\u00e9cialement con\u00e7u pour nettoyer et br\u00fbler les poils des pis des vaches, afin de faciliter la traite et de la rendre plus propre. \u00c9limine les bact\u00e9ries et la salet\u00e9.","og_url":"https:\/\/dev.galagar.com\/fr\/produit\/bruleur-de-cheveux\/","og_site_name":"GALA GAR - Productos de soldadura y reguladores de gas - Gas y soldadura","article_modified_time":"2023-06-20T06:03:58+00:00","og_image":[{"width":640,"height":800,"url":"https:\/\/dev.galagar.com\/wp-content\/uploads\/2022\/01\/QuemadorPelos.jpg","type":"image\/jpeg"}],"twitter_card":"summary_large_image","schema":{"@context":"https:\/\/schema.org","@graph":[{"@type":"WebPage","@id":"https:\/\/dev.galagar.com\/fr\/produit\/bruleur-de-cheveux\/","url":"https:\/\/dev.galagar.com\/fr\/produit\/bruleur-de-cheveux\/","name":"Br\u00fbleur de poils | GALA GAR - Productos de soldadura y reguladores de gas - Gas y soldadura","isPartOf":{"@id":"https:\/\/dev.galagar.com\/fr\/#website"},"primaryImageOfPage":{"@id":"https:\/\/dev.galagar.com\/fr\/produit\/bruleur-de-cheveux\/#primaryimage"},"image":{"@id":"https:\/\/dev.galagar.com\/fr\/produit\/bruleur-de-cheveux\/#primaryimage"},"thumbnailUrl":"https:\/\/dev.galagar.com\/wp-content\/uploads\/2022\/01\/QuemadorPelos.jpg","datePublished":"2022-01-27T18:45:19+00:00","dateModified":"2023-06-20T06:03:58+00:00","breadcrumb":{"@id":"https:\/\/dev.galagar.com\/fr\/produit\/bruleur-de-cheveux\/#breadcrumb"},"inLanguage":"fr-FR","potentialAction":[{"@type":"ReadAction","target":["https:\/\/dev.galagar.com\/fr\/produit\/bruleur-de-cheveux\/"]}]},{"@type":"ImageObject","inLanguage":"fr-FR","@id":"https:\/\/dev.galagar.com\/fr\/produit\/bruleur-de-cheveux\/#primaryimage","url":"https:\/\/dev.galagar.com\/wp-content\/uploads\/2022\/01\/QuemadorPelos.jpg","contentUrl":"https:\/\/dev.galagar.com\/wp-content\/uploads\/2022\/01\/QuemadorPelos.jpg","width":640,"height":800},{"@type":"BreadcrumbList","@id":"https:\/\/dev.galagar.com\/fr\/produit\/bruleur-de-cheveux\/#breadcrumb","itemListElement":[{"@type":"ListItem","position":1,"name":"Inicio","item":"https:\/\/dev.galagar.com\/fr\/accueil\/"},{"@type":"ListItem","position":2,"name":"Tienda","item":"https:\/\/dev.galagar.com\/tienda\/"},{"@type":"ListItem","position":3,"name":"Produits","item":"https:\/\/dev.galagar.com\/fr\/categoria-producto\/produits\/"},{"@type":"ListItem","position":4,"name":"Gaz","item":"https:\/\/dev.galagar.com\/fr\/categoria-producto\/produits\/gaz\/"},{"@type":"ListItem","position":5,"name":"Groupes autonomes","item":"https:\/\/dev.galagar.com\/fr\/categoria-producto\/produits\/gaz\/groupes-autonomes\/"},{"@type":"ListItem","position":6,"name":"Br\u00fbleur de poils"}]},{"@type":"WebSite","@id":"https:\/\/dev.galagar.com\/fr\/#website","url":"https:\/\/dev.galagar.com\/fr\/","name":"GALA GAR - Productos de soldadura y reguladores de gas - Gas y soldadura","description":"Gala Gar es fabricante de tecnolog\u00eda competitiva para soldadura (MMA-TIG-MIG\/MAG-CORTE POR PLASMA), regulaci\u00f3n de gases, y para soldadura y corte por gas.","publisher":{"@id":"https:\/\/dev.galagar.com\/fr\/#organization"},"potentialAction":[{"@type":"SearchAction","target":{"@type":"EntryPoint","urlTemplate":"https:\/\/dev.galagar.com\/fr\/?s={search_term_string}"},"query-input":{"@type":"PropertyValueSpecification","valueRequired":true,"valueName":"search_term_string"}}],"inLanguage":"fr-FR"},{"@type":"Organization","@id":"https:\/\/dev.galagar.com\/fr\/#organization","name":"GALA GAR welding","url":"https:\/\/dev.galagar.com\/fr\/","logo":{"@type":"ImageObject","inLanguage":"fr-FR","@id":"https:\/\/dev.galagar.com\/fr\/#\/schema\/logo\/image\/","url":"","contentUrl":"","caption":"GALA GAR welding"},"image":{"@id":"https:\/\/dev.galagar.com\/fr\/#\/schema\/logo\/image\/"}}]}},"_links":{"self":[{"href":"https:\/\/dev.galagar.com\/fr\/wp-json\/wp\/v2\/product\/18796","targetHints":{"allow":["GET"]}}],"collection":[{"href":"https:\/\/dev.galagar.com\/fr\/wp-json\/wp\/v2\/product"}],"about":[{"href":"https:\/\/dev.galagar.com\/fr\/wp-json\/wp\/v2\/types\/product"}],"wp:featuredmedia":[{"embeddable":true,"href":"https:\/\/dev.galagar.com\/fr\/wp-json\/wp\/v2\/media\/18682"}],"wp:attachment":[{"href":"https:\/\/dev.galagar.com\/fr\/wp-json\/wp\/v2\/media?parent=18796"}],"wp:term":[{"taxonomy":"product_brand","embeddable":true,"href":"https:\/\/dev.galagar.com\/fr\/wp-json\/wp\/v2\/product_brand?post=18796"},{"taxonomy":"product_cat","embeddable":true,"href":"https:\/\/dev.galagar.com\/fr\/wp-json\/wp\/v2\/product_cat?post=18796"},{"taxonomy":"product_tag","embeddable":true,"href":"https:\/\/dev.galagar.com\/fr\/wp-json\/wp\/v2\/product_tag?post=18796"}],"curies":[{"name":"wp","href":"https:\/\/api.w.org\/{rel}","templated":true}]}}