{"id":18790,"date":"2022-01-27T19:43:56","date_gmt":"2022-01-27T18:43:56","guid":{"rendered":"https:\/\/dev.galagar.com\/producto\/bruleur-a-base-de-plantes\/"},"modified":"2023-06-20T08:01:10","modified_gmt":"2023-06-20T06:01:10","slug":"bruleur-dherbes","status":"publish","type":"product","link":"https:\/\/dev.galagar.com\/fr\/produit\/bruleur-dherbes\/","title":{"rendered":"Br\u00fbleur pour d\u00e9sherbage"},"content":{"rendered":"","protected":false},"excerpt":{"rendered":"<p>Un simple contact avec sa flamme \u00e0 haute temp\u00e9rature perturbe la structure cellulaire des mauvaises herbes, les faisant se dess\u00e9cher et mourir en un jour ou deux sans utiliser de produits chimiques toxiques. Utilis\u00e9 avec une cartouche jetable.<br \/>\nL&#8217;allumage est automatique avec un allumage pi\u00e9zo\u00e9lectrique.<\/p>\n<p><strong>\u00c9l\u00e9ments de l&#8217;ensemble :<\/strong><br \/>\nLance 78 cm. + br\u00fbleur + r\u00e9gulateur et allumage automatique &#8211; R\u00e9f. 15100500<br \/>\nCartouche de gaz propane Aerogala &#8211; R\u00e9f. 15100300<\/p>\n<p><strong>Applications :<\/strong><br \/>\nId\u00e9al pour d\u00e9blayer les terrasses, les chemins, les jardins, les rochers et les \u00e9tangs (toujours \u00e0 une distance de s\u00e9curit\u00e9) et peut \u00eatre utilis\u00e9 pour d\u00e9glacer les zones et les chemins gel\u00e9s et glissants.<\/p>\n","protected":false},"featured_media":18680,"template":"","meta":{"_acf_changed":false},"product_brand":[],"product_cat":[937,1455],"product_tag":[],"class_list":{"0":"post-18790","1":"product","2":"type-product","3":"status-publish","4":"has-post-thumbnail","6":"product_cat-produits","7":"product_cat-groupes-autonomes","9":"first","10":"instock","11":"taxable","12":"shipping-taxable","13":"purchasable","14":"product-type-simple"},"acf":[],"yoast_head":"<!-- This site is optimized with the Yoast SEO plugin v24.8.1 - https:\/\/yoast.com\/wordpress\/plugins\/seo\/ -->\n<title>Br\u00fbleur pour d\u00e9sherbage | GALA GAR - Productos de soldadura y reguladores de gas - Gas y soldadura<\/title>\n<meta name=\"robots\" content=\"noindex, follow, max-snippet:-1, max-image-preview:large, max-video-preview:-1\" \/>\n<meta property=\"og:locale\" content=\"fr_FR\" \/>\n<meta property=\"og:type\" content=\"article\" \/>\n<meta property=\"og:title\" content=\"Br\u00fbleur pour d\u00e9sherbage | GALA GAR - Productos de soldadura y reguladores de gas - Gas y soldadura\" \/>\n<meta property=\"og:description\" content=\"Un simple contact avec sa flamme \u00e0 haute temp\u00e9rature perturbe la structure cellulaire des mauvaises herbes, les faisant se dess\u00e9cher et mourir en un jour ou deux sans utiliser de produits chimiques toxiques. Utilis\u00e9 avec une cartouche jetable. L&#039;allumage est automatique avec un allumage pi\u00e9zo\u00e9lectrique.  \u00c9l\u00e9ments de l&#039;ensemble : Lance 78 cm. + br\u00fbleur + r\u00e9gulateur et allumage automatique - R\u00e9f. 15100500 Cartouche de gaz propane Aerogala - R\u00e9f. 15100300  Applications : Id\u00e9al pour d\u00e9blayer les terrasses, les chemins, les jardins, les rochers et les \u00e9tangs (toujours \u00e0 une distance de s\u00e9curit\u00e9) et peut \u00eatre utilis\u00e9 pour d\u00e9glacer les zones et les chemins gel\u00e9s et glissants.\" \/>\n<meta property=\"og:url\" content=\"https:\/\/dev.galagar.com\/fr\/produit\/bruleur-dherbes\/\" \/>\n<meta property=\"og:site_name\" content=\"GALA GAR - Productos de soldadura y reguladores de gas - Gas y soldadura\" \/>\n<meta property=\"article:modified_time\" content=\"2023-06-20T06:01:10+00:00\" \/>\n<meta property=\"og:image\" content=\"https:\/\/dev.galagar.com\/wp-content\/uploads\/2022\/01\/QuemadorHierbas.jpg\" \/>\n\t<meta property=\"og:image:width\" content=\"640\" \/>\n\t<meta property=\"og:image:height\" content=\"800\" \/>\n\t<meta property=\"og:image:type\" content=\"image\/jpeg\" \/>\n<meta name=\"twitter:card\" content=\"summary_large_image\" \/>\n<script type=\"application\/ld+json\" class=\"yoast-schema-graph\">{\"@context\":\"https:\/\/schema.org\",\"@graph\":[{\"@type\":\"WebPage\",\"@id\":\"https:\/\/dev.galagar.com\/fr\/produit\/bruleur-dherbes\/\",\"url\":\"https:\/\/dev.galagar.com\/fr\/produit\/bruleur-dherbes\/\",\"name\":\"Br\u00fbleur pour d\u00e9sherbage | GALA GAR - Productos de soldadura y reguladores de gas - Gas y soldadura\",\"isPartOf\":{\"@id\":\"https:\/\/dev.galagar.com\/fr\/#website\"},\"primaryImageOfPage\":{\"@id\":\"https:\/\/dev.galagar.com\/fr\/produit\/bruleur-dherbes\/#primaryimage\"},\"image\":{\"@id\":\"https:\/\/dev.galagar.com\/fr\/produit\/bruleur-dherbes\/#primaryimage\"},\"thumbnailUrl\":\"https:\/\/dev.galagar.com\/wp-content\/uploads\/2022\/01\/QuemadorHierbas.jpg\",\"datePublished\":\"2022-01-27T18:43:56+00:00\",\"dateModified\":\"2023-06-20T06:01:10+00:00\",\"breadcrumb\":{\"@id\":\"https:\/\/dev.galagar.com\/fr\/produit\/bruleur-dherbes\/#breadcrumb\"},\"inLanguage\":\"fr-FR\",\"potentialAction\":[{\"@type\":\"ReadAction\",\"target\":[\"https:\/\/dev.galagar.com\/fr\/produit\/bruleur-dherbes\/\"]}]},{\"@type\":\"ImageObject\",\"inLanguage\":\"fr-FR\",\"@id\":\"https:\/\/dev.galagar.com\/fr\/produit\/bruleur-dherbes\/#primaryimage\",\"url\":\"https:\/\/dev.galagar.com\/wp-content\/uploads\/2022\/01\/QuemadorHierbas.jpg\",\"contentUrl\":\"https:\/\/dev.galagar.com\/wp-content\/uploads\/2022\/01\/QuemadorHierbas.jpg\",\"width\":640,\"height\":800},{\"@type\":\"BreadcrumbList\",\"@id\":\"https:\/\/dev.galagar.com\/fr\/produit\/bruleur-dherbes\/#breadcrumb\",\"itemListElement\":[{\"@type\":\"ListItem\",\"position\":1,\"name\":\"Inicio\",\"item\":\"https:\/\/dev.galagar.com\/fr\/accueil\/\"},{\"@type\":\"ListItem\",\"position\":2,\"name\":\"Tienda\",\"item\":\"https:\/\/dev.galagar.com\/tienda\/\"},{\"@type\":\"ListItem\",\"position\":3,\"name\":\"Produits\",\"item\":\"https:\/\/dev.galagar.com\/fr\/categoria-producto\/produits\/\"},{\"@type\":\"ListItem\",\"position\":4,\"name\":\"Gaz\",\"item\":\"https:\/\/dev.galagar.com\/fr\/categoria-producto\/produits\/gaz\/\"},{\"@type\":\"ListItem\",\"position\":5,\"name\":\"Groupes autonomes\",\"item\":\"https:\/\/dev.galagar.com\/fr\/categoria-producto\/produits\/gaz\/groupes-autonomes\/\"},{\"@type\":\"ListItem\",\"position\":6,\"name\":\"Br\u00fbleur pour d\u00e9sherbage\"}]},{\"@type\":\"WebSite\",\"@id\":\"https:\/\/dev.galagar.com\/fr\/#website\",\"url\":\"https:\/\/dev.galagar.com\/fr\/\",\"name\":\"GALA GAR - Productos de soldadura y reguladores de gas - Gas y soldadura\",\"description\":\"Gala Gar es fabricante de tecnolog\u00eda competitiva para soldadura (MMA-TIG-MIG\/MAG-CORTE POR PLASMA), regulaci\u00f3n de gases, y para soldadura y corte por gas.\",\"publisher\":{\"@id\":\"https:\/\/dev.galagar.com\/fr\/#organization\"},\"potentialAction\":[{\"@type\":\"SearchAction\",\"target\":{\"@type\":\"EntryPoint\",\"urlTemplate\":\"https:\/\/dev.galagar.com\/fr\/?s={search_term_string}\"},\"query-input\":{\"@type\":\"PropertyValueSpecification\",\"valueRequired\":true,\"valueName\":\"search_term_string\"}}],\"inLanguage\":\"fr-FR\"},{\"@type\":\"Organization\",\"@id\":\"https:\/\/dev.galagar.com\/fr\/#organization\",\"name\":\"GALA GAR welding\",\"url\":\"https:\/\/dev.galagar.com\/fr\/\",\"logo\":{\"@type\":\"ImageObject\",\"inLanguage\":\"fr-FR\",\"@id\":\"https:\/\/dev.galagar.com\/fr\/#\/schema\/logo\/image\/\",\"url\":\"\",\"contentUrl\":\"\",\"caption\":\"GALA GAR welding\"},\"image\":{\"@id\":\"https:\/\/dev.galagar.com\/fr\/#\/schema\/logo\/image\/\"}}]}<\/script>\n<!-- \/ Yoast SEO plugin. -->","yoast_head_json":{"title":"Br\u00fbleur pour d\u00e9sherbage | GALA GAR - Productos de soldadura y reguladores de gas - Gas y soldadura","robots":{"index":"noindex","follow":"follow","max-snippet":"max-snippet:-1","max-image-preview":"max-image-preview:large","max-video-preview":"max-video-preview:-1"},"og_locale":"fr_FR","og_type":"article","og_title":"Br\u00fbleur pour d\u00e9sherbage | GALA GAR - Productos de soldadura y reguladores de gas - Gas y soldadura","og_description":"Un simple contact avec sa flamme \u00e0 haute temp\u00e9rature perturbe la structure cellulaire des mauvaises herbes, les faisant se dess\u00e9cher et mourir en un jour ou deux sans utiliser de produits chimiques toxiques. Utilis\u00e9 avec une cartouche jetable. L'allumage est automatique avec un allumage pi\u00e9zo\u00e9lectrique.  \u00c9l\u00e9ments de l'ensemble : Lance 78 cm. + br\u00fbleur + r\u00e9gulateur et allumage automatique - R\u00e9f. 15100500 Cartouche de gaz propane Aerogala - R\u00e9f. 15100300  Applications : Id\u00e9al pour d\u00e9blayer les terrasses, les chemins, les jardins, les rochers et les \u00e9tangs (toujours \u00e0 une distance de s\u00e9curit\u00e9) et peut \u00eatre utilis\u00e9 pour d\u00e9glacer les zones et les chemins gel\u00e9s et glissants.","og_url":"https:\/\/dev.galagar.com\/fr\/produit\/bruleur-dherbes\/","og_site_name":"GALA GAR - Productos de soldadura y reguladores de gas - Gas y soldadura","article_modified_time":"2023-06-20T06:01:10+00:00","og_image":[{"width":640,"height":800,"url":"https:\/\/dev.galagar.com\/wp-content\/uploads\/2022\/01\/QuemadorHierbas.jpg","type":"image\/jpeg"}],"twitter_card":"summary_large_image","schema":{"@context":"https:\/\/schema.org","@graph":[{"@type":"WebPage","@id":"https:\/\/dev.galagar.com\/fr\/produit\/bruleur-dherbes\/","url":"https:\/\/dev.galagar.com\/fr\/produit\/bruleur-dherbes\/","name":"Br\u00fbleur pour d\u00e9sherbage | GALA GAR - Productos de soldadura y reguladores de gas - Gas y soldadura","isPartOf":{"@id":"https:\/\/dev.galagar.com\/fr\/#website"},"primaryImageOfPage":{"@id":"https:\/\/dev.galagar.com\/fr\/produit\/bruleur-dherbes\/#primaryimage"},"image":{"@id":"https:\/\/dev.galagar.com\/fr\/produit\/bruleur-dherbes\/#primaryimage"},"thumbnailUrl":"https:\/\/dev.galagar.com\/wp-content\/uploads\/2022\/01\/QuemadorHierbas.jpg","datePublished":"2022-01-27T18:43:56+00:00","dateModified":"2023-06-20T06:01:10+00:00","breadcrumb":{"@id":"https:\/\/dev.galagar.com\/fr\/produit\/bruleur-dherbes\/#breadcrumb"},"inLanguage":"fr-FR","potentialAction":[{"@type":"ReadAction","target":["https:\/\/dev.galagar.com\/fr\/produit\/bruleur-dherbes\/"]}]},{"@type":"ImageObject","inLanguage":"fr-FR","@id":"https:\/\/dev.galagar.com\/fr\/produit\/bruleur-dherbes\/#primaryimage","url":"https:\/\/dev.galagar.com\/wp-content\/uploads\/2022\/01\/QuemadorHierbas.jpg","contentUrl":"https:\/\/dev.galagar.com\/wp-content\/uploads\/2022\/01\/QuemadorHierbas.jpg","width":640,"height":800},{"@type":"BreadcrumbList","@id":"https:\/\/dev.galagar.com\/fr\/produit\/bruleur-dherbes\/#breadcrumb","itemListElement":[{"@type":"ListItem","position":1,"name":"Inicio","item":"https:\/\/dev.galagar.com\/fr\/accueil\/"},{"@type":"ListItem","position":2,"name":"Tienda","item":"https:\/\/dev.galagar.com\/tienda\/"},{"@type":"ListItem","position":3,"name":"Produits","item":"https:\/\/dev.galagar.com\/fr\/categoria-producto\/produits\/"},{"@type":"ListItem","position":4,"name":"Gaz","item":"https:\/\/dev.galagar.com\/fr\/categoria-producto\/produits\/gaz\/"},{"@type":"ListItem","position":5,"name":"Groupes autonomes","item":"https:\/\/dev.galagar.com\/fr\/categoria-producto\/produits\/gaz\/groupes-autonomes\/"},{"@type":"ListItem","position":6,"name":"Br\u00fbleur pour d\u00e9sherbage"}]},{"@type":"WebSite","@id":"https:\/\/dev.galagar.com\/fr\/#website","url":"https:\/\/dev.galagar.com\/fr\/","name":"GALA GAR - Productos de soldadura y reguladores de gas - Gas y soldadura","description":"Gala Gar es fabricante de tecnolog\u00eda competitiva para soldadura (MMA-TIG-MIG\/MAG-CORTE POR PLASMA), regulaci\u00f3n de gases, y para soldadura y corte por gas.","publisher":{"@id":"https:\/\/dev.galagar.com\/fr\/#organization"},"potentialAction":[{"@type":"SearchAction","target":{"@type":"EntryPoint","urlTemplate":"https:\/\/dev.galagar.com\/fr\/?s={search_term_string}"},"query-input":{"@type":"PropertyValueSpecification","valueRequired":true,"valueName":"search_term_string"}}],"inLanguage":"fr-FR"},{"@type":"Organization","@id":"https:\/\/dev.galagar.com\/fr\/#organization","name":"GALA GAR welding","url":"https:\/\/dev.galagar.com\/fr\/","logo":{"@type":"ImageObject","inLanguage":"fr-FR","@id":"https:\/\/dev.galagar.com\/fr\/#\/schema\/logo\/image\/","url":"","contentUrl":"","caption":"GALA GAR welding"},"image":{"@id":"https:\/\/dev.galagar.com\/fr\/#\/schema\/logo\/image\/"}}]}},"_links":{"self":[{"href":"https:\/\/dev.galagar.com\/fr\/wp-json\/wp\/v2\/product\/18790","targetHints":{"allow":["GET"]}}],"collection":[{"href":"https:\/\/dev.galagar.com\/fr\/wp-json\/wp\/v2\/product"}],"about":[{"href":"https:\/\/dev.galagar.com\/fr\/wp-json\/wp\/v2\/types\/product"}],"wp:featuredmedia":[{"embeddable":true,"href":"https:\/\/dev.galagar.com\/fr\/wp-json\/wp\/v2\/media\/18680"}],"wp:attachment":[{"href":"https:\/\/dev.galagar.com\/fr\/wp-json\/wp\/v2\/media?parent=18790"}],"wp:term":[{"taxonomy":"product_brand","embeddable":true,"href":"https:\/\/dev.galagar.com\/fr\/wp-json\/wp\/v2\/product_brand?post=18790"},{"taxonomy":"product_cat","embeddable":true,"href":"https:\/\/dev.galagar.com\/fr\/wp-json\/wp\/v2\/product_cat?post=18790"},{"taxonomy":"product_tag","embeddable":true,"href":"https:\/\/dev.galagar.com\/fr\/wp-json\/wp\/v2\/product_tag?post=18790"}],"curies":[{"name":"wp","href":"https:\/\/api.w.org\/{rel}","templated":true}]}}