{"id":18786,"date":"2022-01-27T19:43:46","date_gmt":"2022-01-27T18:43:46","guid":{"rendered":"https:\/\/dev.galagar.com\/producto\/lance-de-soudage-pour-torche-de-soudage-minor\/"},"modified":"2023-06-13T07:54:53","modified_gmt":"2023-06-13T05:54:53","slug":"lance-de-soudage-pour-chalumeau-minor","status":"publish","type":"product","link":"https:\/\/dev.galagar.com\/fr\/produit\/lance-de-soudage-pour-chalumeau-minor\/","title":{"rendered":"Lance de soudage pour chalumeau soudeur Minor"},"content":{"rendered":"","protected":false},"excerpt":{"rendered":"<p>Lance de soudage \u00e0 utiliser avec l&#8217;ensemble chalumeau de soudage Oxyg\u00e8ne-Ac\u00e9tyl\u00e8ne\/Propane Mineur jusqu&#8217;\u00e0 8 mm.<\/p>\n<p><strong>Peut \u00eatre install\u00e9 sur :<\/strong><br \/>\nPoign\u00e9e Minor Ref. 10500000 (Ox-Ac\u00e9tyl\u00e8ne) &#8211; R\u00e9f. 10500200 (Ox-Propane)<\/p>\n<p><strong>Applications :<\/strong> soudage de plaques et de tuyaux de petit diam\u00e8tre.<\/p>\n<h6><strong>Gala Gar recommande que l&#8217;appareil soit entretenu une fois par an par un technicien qualifi\u00e9 <\/strong><strong>afin de maintenir l&#8217;\u00e9quipement dans des conditions optimales.<\/strong><\/h6>\n","protected":false},"featured_media":18217,"template":"","meta":{"_acf_changed":false},"product_brand":[],"product_cat":[937,1544],"product_tag":[],"class_list":{"0":"post-18786","1":"product","2":"type-product","3":"status-publish","4":"has-post-thumbnail","6":"product_cat-produits","7":"product_cat-chalumeaux","9":"first","10":"instock","11":"taxable","12":"shipping-taxable","13":"purchasable","14":"product-type-simple"},"acf":[],"yoast_head":"<!-- This site is optimized with the Yoast SEO plugin v24.8.1 - https:\/\/yoast.com\/wordpress\/plugins\/seo\/ -->\n<title>Lance de soudage pour chalumeau soudeur Minor | GALA GAR - Productos de soldadura y reguladores de gas - Gas y soldadura<\/title>\n<meta name=\"robots\" content=\"noindex, follow, max-snippet:-1, max-image-preview:large, max-video-preview:-1\" \/>\n<meta property=\"og:locale\" content=\"fr_FR\" \/>\n<meta property=\"og:type\" content=\"article\" \/>\n<meta property=\"og:title\" content=\"Lance de soudage pour chalumeau soudeur Minor | GALA GAR - Productos de soldadura y reguladores de gas - Gas y soldadura\" \/>\n<meta property=\"og:description\" content=\"Lance de soudage \u00e0 utiliser avec l&#039;ensemble chalumeau de soudage Oxyg\u00e8ne-Ac\u00e9tyl\u00e8ne\/Propane Mineur jusqu&#039;\u00e0 8 mm.  Peut \u00eatre install\u00e9 sur : Poign\u00e9e Minor Ref. 10500000 (Ox-Ac\u00e9tyl\u00e8ne) - R\u00e9f. 10500200 (Ox-Propane)  Applications : soudage de plaques et de tuyaux de petit diam\u00e8tre. Gala Gar recommande que l&#039;appareil soit entretenu une fois par an par un technicien qualifi\u00e9 afin de maintenir l&#039;\u00e9quipement dans des conditions optimales.\" \/>\n<meta property=\"og:url\" content=\"https:\/\/dev.galagar.com\/fr\/produit\/lance-de-soudage-pour-chalumeau-minor\/\" \/>\n<meta property=\"og:site_name\" content=\"GALA GAR - Productos de soldadura y reguladores de gas - Gas y soldadura\" \/>\n<meta property=\"article:modified_time\" content=\"2023-06-13T05:54:53+00:00\" \/>\n<meta property=\"og:image\" content=\"https:\/\/dev.galagar.com\/wp-content\/uploads\/2022\/01\/DispositivoCorte-Minor.jpg\" \/>\n\t<meta property=\"og:image:width\" content=\"640\" \/>\n\t<meta property=\"og:image:height\" content=\"800\" \/>\n\t<meta property=\"og:image:type\" content=\"image\/jpeg\" \/>\n<meta name=\"twitter:card\" content=\"summary_large_image\" \/>\n<script type=\"application\/ld+json\" class=\"yoast-schema-graph\">{\"@context\":\"https:\/\/schema.org\",\"@graph\":[{\"@type\":\"WebPage\",\"@id\":\"https:\/\/dev.galagar.com\/fr\/produit\/lance-de-soudage-pour-chalumeau-minor\/\",\"url\":\"https:\/\/dev.galagar.com\/fr\/produit\/lance-de-soudage-pour-chalumeau-minor\/\",\"name\":\"Lance de soudage pour chalumeau soudeur Minor | GALA GAR - Productos de soldadura y reguladores de gas - Gas y soldadura\",\"isPartOf\":{\"@id\":\"https:\/\/dev.galagar.com\/fr\/#website\"},\"primaryImageOfPage\":{\"@id\":\"https:\/\/dev.galagar.com\/fr\/produit\/lance-de-soudage-pour-chalumeau-minor\/#primaryimage\"},\"image\":{\"@id\":\"https:\/\/dev.galagar.com\/fr\/produit\/lance-de-soudage-pour-chalumeau-minor\/#primaryimage\"},\"thumbnailUrl\":\"https:\/\/dev.galagar.com\/wp-content\/uploads\/2022\/01\/DispositivoCorte-Minor.jpg\",\"datePublished\":\"2022-01-27T18:43:46+00:00\",\"dateModified\":\"2023-06-13T05:54:53+00:00\",\"breadcrumb\":{\"@id\":\"https:\/\/dev.galagar.com\/fr\/produit\/lance-de-soudage-pour-chalumeau-minor\/#breadcrumb\"},\"inLanguage\":\"fr-FR\",\"potentialAction\":[{\"@type\":\"ReadAction\",\"target\":[\"https:\/\/dev.galagar.com\/fr\/produit\/lance-de-soudage-pour-chalumeau-minor\/\"]}]},{\"@type\":\"ImageObject\",\"inLanguage\":\"fr-FR\",\"@id\":\"https:\/\/dev.galagar.com\/fr\/produit\/lance-de-soudage-pour-chalumeau-minor\/#primaryimage\",\"url\":\"https:\/\/dev.galagar.com\/wp-content\/uploads\/2022\/01\/DispositivoCorte-Minor.jpg\",\"contentUrl\":\"https:\/\/dev.galagar.com\/wp-content\/uploads\/2022\/01\/DispositivoCorte-Minor.jpg\",\"width\":640,\"height\":800},{\"@type\":\"BreadcrumbList\",\"@id\":\"https:\/\/dev.galagar.com\/fr\/produit\/lance-de-soudage-pour-chalumeau-minor\/#breadcrumb\",\"itemListElement\":[{\"@type\":\"ListItem\",\"position\":1,\"name\":\"Inicio\",\"item\":\"https:\/\/dev.galagar.com\/fr\/accueil\/\"},{\"@type\":\"ListItem\",\"position\":2,\"name\":\"Tienda\",\"item\":\"https:\/\/dev.galagar.com\/tienda\/\"},{\"@type\":\"ListItem\",\"position\":3,\"name\":\"Produits\",\"item\":\"https:\/\/dev.galagar.com\/fr\/categoria-producto\/produits\/\"},{\"@type\":\"ListItem\",\"position\":4,\"name\":\"Gaz\",\"item\":\"https:\/\/dev.galagar.com\/fr\/categoria-producto\/produits\/gaz\/\"},{\"@type\":\"ListItem\",\"position\":5,\"name\":\"Chalumeaux\",\"item\":\"https:\/\/dev.galagar.com\/fr\/categoria-producto\/produits\/gaz\/chalumeaux\/\"},{\"@type\":\"ListItem\",\"position\":6,\"name\":\"Lance de soudage pour chalumeau soudeur Minor\"}]},{\"@type\":\"WebSite\",\"@id\":\"https:\/\/dev.galagar.com\/fr\/#website\",\"url\":\"https:\/\/dev.galagar.com\/fr\/\",\"name\":\"GALA GAR - Productos de soldadura y reguladores de gas - Gas y soldadura\",\"description\":\"Gala Gar es fabricante de tecnolog\u00eda competitiva para soldadura (MMA-TIG-MIG\/MAG-CORTE POR PLASMA), regulaci\u00f3n de gases, y para soldadura y corte por gas.\",\"publisher\":{\"@id\":\"https:\/\/dev.galagar.com\/fr\/#organization\"},\"potentialAction\":[{\"@type\":\"SearchAction\",\"target\":{\"@type\":\"EntryPoint\",\"urlTemplate\":\"https:\/\/dev.galagar.com\/fr\/?s={search_term_string}\"},\"query-input\":{\"@type\":\"PropertyValueSpecification\",\"valueRequired\":true,\"valueName\":\"search_term_string\"}}],\"inLanguage\":\"fr-FR\"},{\"@type\":\"Organization\",\"@id\":\"https:\/\/dev.galagar.com\/fr\/#organization\",\"name\":\"GALA GAR welding\",\"url\":\"https:\/\/dev.galagar.com\/fr\/\",\"logo\":{\"@type\":\"ImageObject\",\"inLanguage\":\"fr-FR\",\"@id\":\"https:\/\/dev.galagar.com\/fr\/#\/schema\/logo\/image\/\",\"url\":\"\",\"contentUrl\":\"\",\"caption\":\"GALA GAR welding\"},\"image\":{\"@id\":\"https:\/\/dev.galagar.com\/fr\/#\/schema\/logo\/image\/\"}}]}<\/script>\n<!-- \/ Yoast SEO plugin. -->","yoast_head_json":{"title":"Lance de soudage pour chalumeau soudeur Minor | GALA GAR - Productos de soldadura y reguladores de gas - Gas y soldadura","robots":{"index":"noindex","follow":"follow","max-snippet":"max-snippet:-1","max-image-preview":"max-image-preview:large","max-video-preview":"max-video-preview:-1"},"og_locale":"fr_FR","og_type":"article","og_title":"Lance de soudage pour chalumeau soudeur Minor | GALA GAR - Productos de soldadura y reguladores de gas - Gas y soldadura","og_description":"Lance de soudage \u00e0 utiliser avec l'ensemble chalumeau de soudage Oxyg\u00e8ne-Ac\u00e9tyl\u00e8ne\/Propane Mineur jusqu'\u00e0 8 mm.  Peut \u00eatre install\u00e9 sur : Poign\u00e9e Minor Ref. 10500000 (Ox-Ac\u00e9tyl\u00e8ne) - R\u00e9f. 10500200 (Ox-Propane)  Applications : soudage de plaques et de tuyaux de petit diam\u00e8tre. Gala Gar recommande que l'appareil soit entretenu une fois par an par un technicien qualifi\u00e9 afin de maintenir l'\u00e9quipement dans des conditions optimales.","og_url":"https:\/\/dev.galagar.com\/fr\/produit\/lance-de-soudage-pour-chalumeau-minor\/","og_site_name":"GALA GAR - Productos de soldadura y reguladores de gas - Gas y soldadura","article_modified_time":"2023-06-13T05:54:53+00:00","og_image":[{"width":640,"height":800,"url":"https:\/\/dev.galagar.com\/wp-content\/uploads\/2022\/01\/DispositivoCorte-Minor.jpg","type":"image\/jpeg"}],"twitter_card":"summary_large_image","schema":{"@context":"https:\/\/schema.org","@graph":[{"@type":"WebPage","@id":"https:\/\/dev.galagar.com\/fr\/produit\/lance-de-soudage-pour-chalumeau-minor\/","url":"https:\/\/dev.galagar.com\/fr\/produit\/lance-de-soudage-pour-chalumeau-minor\/","name":"Lance de soudage pour chalumeau soudeur Minor | GALA GAR - Productos de soldadura y reguladores de gas - Gas y soldadura","isPartOf":{"@id":"https:\/\/dev.galagar.com\/fr\/#website"},"primaryImageOfPage":{"@id":"https:\/\/dev.galagar.com\/fr\/produit\/lance-de-soudage-pour-chalumeau-minor\/#primaryimage"},"image":{"@id":"https:\/\/dev.galagar.com\/fr\/produit\/lance-de-soudage-pour-chalumeau-minor\/#primaryimage"},"thumbnailUrl":"https:\/\/dev.galagar.com\/wp-content\/uploads\/2022\/01\/DispositivoCorte-Minor.jpg","datePublished":"2022-01-27T18:43:46+00:00","dateModified":"2023-06-13T05:54:53+00:00","breadcrumb":{"@id":"https:\/\/dev.galagar.com\/fr\/produit\/lance-de-soudage-pour-chalumeau-minor\/#breadcrumb"},"inLanguage":"fr-FR","potentialAction":[{"@type":"ReadAction","target":["https:\/\/dev.galagar.com\/fr\/produit\/lance-de-soudage-pour-chalumeau-minor\/"]}]},{"@type":"ImageObject","inLanguage":"fr-FR","@id":"https:\/\/dev.galagar.com\/fr\/produit\/lance-de-soudage-pour-chalumeau-minor\/#primaryimage","url":"https:\/\/dev.galagar.com\/wp-content\/uploads\/2022\/01\/DispositivoCorte-Minor.jpg","contentUrl":"https:\/\/dev.galagar.com\/wp-content\/uploads\/2022\/01\/DispositivoCorte-Minor.jpg","width":640,"height":800},{"@type":"BreadcrumbList","@id":"https:\/\/dev.galagar.com\/fr\/produit\/lance-de-soudage-pour-chalumeau-minor\/#breadcrumb","itemListElement":[{"@type":"ListItem","position":1,"name":"Inicio","item":"https:\/\/dev.galagar.com\/fr\/accueil\/"},{"@type":"ListItem","position":2,"name":"Tienda","item":"https:\/\/dev.galagar.com\/tienda\/"},{"@type":"ListItem","position":3,"name":"Produits","item":"https:\/\/dev.galagar.com\/fr\/categoria-producto\/produits\/"},{"@type":"ListItem","position":4,"name":"Gaz","item":"https:\/\/dev.galagar.com\/fr\/categoria-producto\/produits\/gaz\/"},{"@type":"ListItem","position":5,"name":"Chalumeaux","item":"https:\/\/dev.galagar.com\/fr\/categoria-producto\/produits\/gaz\/chalumeaux\/"},{"@type":"ListItem","position":6,"name":"Lance de soudage pour chalumeau soudeur Minor"}]},{"@type":"WebSite","@id":"https:\/\/dev.galagar.com\/fr\/#website","url":"https:\/\/dev.galagar.com\/fr\/","name":"GALA GAR - Productos de soldadura y reguladores de gas - Gas y soldadura","description":"Gala Gar es fabricante de tecnolog\u00eda competitiva para soldadura (MMA-TIG-MIG\/MAG-CORTE POR PLASMA), regulaci\u00f3n de gases, y para soldadura y corte por gas.","publisher":{"@id":"https:\/\/dev.galagar.com\/fr\/#organization"},"potentialAction":[{"@type":"SearchAction","target":{"@type":"EntryPoint","urlTemplate":"https:\/\/dev.galagar.com\/fr\/?s={search_term_string}"},"query-input":{"@type":"PropertyValueSpecification","valueRequired":true,"valueName":"search_term_string"}}],"inLanguage":"fr-FR"},{"@type":"Organization","@id":"https:\/\/dev.galagar.com\/fr\/#organization","name":"GALA GAR welding","url":"https:\/\/dev.galagar.com\/fr\/","logo":{"@type":"ImageObject","inLanguage":"fr-FR","@id":"https:\/\/dev.galagar.com\/fr\/#\/schema\/logo\/image\/","url":"","contentUrl":"","caption":"GALA GAR welding"},"image":{"@id":"https:\/\/dev.galagar.com\/fr\/#\/schema\/logo\/image\/"}}]}},"_links":{"self":[{"href":"https:\/\/dev.galagar.com\/fr\/wp-json\/wp\/v2\/product\/18786","targetHints":{"allow":["GET"]}}],"collection":[{"href":"https:\/\/dev.galagar.com\/fr\/wp-json\/wp\/v2\/product"}],"about":[{"href":"https:\/\/dev.galagar.com\/fr\/wp-json\/wp\/v2\/types\/product"}],"wp:featuredmedia":[{"embeddable":true,"href":"https:\/\/dev.galagar.com\/fr\/wp-json\/wp\/v2\/media\/18217"}],"wp:attachment":[{"href":"https:\/\/dev.galagar.com\/fr\/wp-json\/wp\/v2\/media?parent=18786"}],"wp:term":[{"taxonomy":"product_brand","embeddable":true,"href":"https:\/\/dev.galagar.com\/fr\/wp-json\/wp\/v2\/product_brand?post=18786"},{"taxonomy":"product_cat","embeddable":true,"href":"https:\/\/dev.galagar.com\/fr\/wp-json\/wp\/v2\/product_cat?post=18786"},{"taxonomy":"product_tag","embeddable":true,"href":"https:\/\/dev.galagar.com\/fr\/wp-json\/wp\/v2\/product_tag?post=18786"}],"curies":[{"name":"wp","href":"https:\/\/api.w.org\/{rel}","templated":true}]}}