{"id":18768,"date":"2022-01-27T19:45:38","date_gmt":"2022-01-27T18:45:38","guid":{"rendered":"https:\/\/dev.galagar.com\/producto\/lance-thermique-gap-o\/"},"modified":"2023-06-20T07:58:10","modified_gmt":"2023-06-20T05:58:10","slug":"gap-o-lanza-termica","status":"publish","type":"product","link":"https:\/\/dev.galagar.com\/fr\/produit\/gap-o-lanza-termica\/","title":{"rendered":"Lance thermique GAP-O"},"content":{"rendered":"","protected":false},"excerpt":{"rendered":"<p>Cet \u00e9quipement permet de d\u00e9couper et de percer des trous dans des aciers \u00e0 haute r\u00e9sistance et dans des \u00e9paisseurs \u00e9lev\u00e9es uniquement \u00e0 l&#8217;aide d&#8217;oxyg\u00e8ne.<\/p>\n<p><strong>\u00c9l\u00e9ments du groupe complet :<\/strong><br \/>\n1 Bouteille oxyg\u00e8ne 5 l. &#8211; R\u00e9f. 91000006<br \/>\n1 Portelances &#8211; Ref. 10300050<br \/>\n1 Tuyau O &#8211; R\u00e9f. 2 77200000<br \/>\n1 R\u00e9gulateur EN2000 Ox &#8211; R\u00e9f. 37000000<br \/>\n1 Chariot de transport &#8211; R\u00e9f. 71500138<br \/>\n1 Batterie 12 V &#8211; 360 Amp. &#8211; R\u00e9f. 13020001<\/p>\n<p><strong>Sp\u00e9cial pour :<\/strong><br \/>\nD\u00e9capage professionnel, d\u00e9molition et forage de grandes \u00e9paisseurs avec une autonomie moyenne.<\/p>\n","protected":false},"featured_media":18683,"template":"","meta":{"_acf_changed":false},"product_brand":[],"product_cat":[937,1455],"product_tag":[],"class_list":{"0":"post-18768","1":"product","2":"type-product","3":"status-publish","4":"has-post-thumbnail","6":"product_cat-produits","7":"product_cat-groupes-autonomes","9":"first","10":"instock","11":"taxable","12":"shipping-taxable","13":"purchasable","14":"product-type-simple"},"acf":[],"yoast_head":"<!-- This site is optimized with the Yoast SEO plugin v24.8.1 - https:\/\/yoast.com\/wordpress\/plugins\/seo\/ -->\n<title>Lance thermique GAP-O | GALA GAR - Productos de soldadura y reguladores de gas - Gas y soldadura<\/title>\n<meta name=\"robots\" content=\"noindex, follow, max-snippet:-1, max-image-preview:large, max-video-preview:-1\" \/>\n<meta property=\"og:locale\" content=\"fr_FR\" \/>\n<meta property=\"og:type\" content=\"article\" \/>\n<meta property=\"og:title\" content=\"Lance thermique GAP-O | GALA GAR - Productos de soldadura y reguladores de gas - Gas y soldadura\" \/>\n<meta property=\"og:description\" content=\"Cet \u00e9quipement permet de d\u00e9couper et de percer des trous dans des aciers \u00e0 haute r\u00e9sistance et dans des \u00e9paisseurs \u00e9lev\u00e9es uniquement \u00e0 l&#039;aide d&#039;oxyg\u00e8ne.  \u00c9l\u00e9ments du groupe complet : 1 Bouteille oxyg\u00e8ne 5 l. - R\u00e9f. 91000006 1 Portelances - Ref. 10300050 1 Tuyau O - R\u00e9f. 2 77200000 1 R\u00e9gulateur EN2000 Ox - R\u00e9f. 37000000 1 Chariot de transport - R\u00e9f. 71500138 1 Batterie 12 V - 360 Amp. - R\u00e9f. 13020001  Sp\u00e9cial pour : D\u00e9capage professionnel, d\u00e9molition et forage de grandes \u00e9paisseurs avec une autonomie moyenne.\" \/>\n<meta property=\"og:url\" content=\"https:\/\/dev.galagar.com\/fr\/produit\/gap-o-lanza-termica\/\" \/>\n<meta property=\"og:site_name\" content=\"GALA GAR - Productos de soldadura y reguladores de gas - Gas y soldadura\" \/>\n<meta property=\"article:modified_time\" content=\"2023-06-20T05:58:10+00:00\" \/>\n<meta property=\"og:image\" content=\"https:\/\/dev.galagar.com\/wp-content\/uploads\/2022\/01\/GAP-O-LanzaTermica.jpg\" \/>\n\t<meta property=\"og:image:width\" content=\"640\" \/>\n\t<meta property=\"og:image:height\" content=\"800\" \/>\n\t<meta property=\"og:image:type\" content=\"image\/jpeg\" \/>\n<meta name=\"twitter:card\" content=\"summary_large_image\" \/>\n<script type=\"application\/ld+json\" class=\"yoast-schema-graph\">{\"@context\":\"https:\/\/schema.org\",\"@graph\":[{\"@type\":\"WebPage\",\"@id\":\"https:\/\/dev.galagar.com\/fr\/produit\/gap-o-lanza-termica\/\",\"url\":\"https:\/\/dev.galagar.com\/fr\/produit\/gap-o-lanza-termica\/\",\"name\":\"Lance thermique GAP-O | GALA GAR - Productos de soldadura y reguladores de gas - Gas y soldadura\",\"isPartOf\":{\"@id\":\"https:\/\/dev.galagar.com\/fr\/#website\"},\"primaryImageOfPage\":{\"@id\":\"https:\/\/dev.galagar.com\/fr\/produit\/gap-o-lanza-termica\/#primaryimage\"},\"image\":{\"@id\":\"https:\/\/dev.galagar.com\/fr\/produit\/gap-o-lanza-termica\/#primaryimage\"},\"thumbnailUrl\":\"https:\/\/dev.galagar.com\/wp-content\/uploads\/2022\/01\/GAP-O-LanzaTermica.jpg\",\"datePublished\":\"2022-01-27T18:45:38+00:00\",\"dateModified\":\"2023-06-20T05:58:10+00:00\",\"breadcrumb\":{\"@id\":\"https:\/\/dev.galagar.com\/fr\/produit\/gap-o-lanza-termica\/#breadcrumb\"},\"inLanguage\":\"fr-FR\",\"potentialAction\":[{\"@type\":\"ReadAction\",\"target\":[\"https:\/\/dev.galagar.com\/fr\/produit\/gap-o-lanza-termica\/\"]}]},{\"@type\":\"ImageObject\",\"inLanguage\":\"fr-FR\",\"@id\":\"https:\/\/dev.galagar.com\/fr\/produit\/gap-o-lanza-termica\/#primaryimage\",\"url\":\"https:\/\/dev.galagar.com\/wp-content\/uploads\/2022\/01\/GAP-O-LanzaTermica.jpg\",\"contentUrl\":\"https:\/\/dev.galagar.com\/wp-content\/uploads\/2022\/01\/GAP-O-LanzaTermica.jpg\",\"width\":640,\"height\":800},{\"@type\":\"BreadcrumbList\",\"@id\":\"https:\/\/dev.galagar.com\/fr\/produit\/gap-o-lanza-termica\/#breadcrumb\",\"itemListElement\":[{\"@type\":\"ListItem\",\"position\":1,\"name\":\"Inicio\",\"item\":\"https:\/\/dev.galagar.com\/fr\/accueil\/\"},{\"@type\":\"ListItem\",\"position\":2,\"name\":\"Tienda\",\"item\":\"https:\/\/dev.galagar.com\/tienda\/\"},{\"@type\":\"ListItem\",\"position\":3,\"name\":\"Produits\",\"item\":\"https:\/\/dev.galagar.com\/fr\/categoria-producto\/produits\/\"},{\"@type\":\"ListItem\",\"position\":4,\"name\":\"Gaz\",\"item\":\"https:\/\/dev.galagar.com\/fr\/categoria-producto\/produits\/gaz\/\"},{\"@type\":\"ListItem\",\"position\":5,\"name\":\"Groupes autonomes\",\"item\":\"https:\/\/dev.galagar.com\/fr\/categoria-producto\/produits\/gaz\/groupes-autonomes\/\"},{\"@type\":\"ListItem\",\"position\":6,\"name\":\"Lance thermique GAP-O\"}]},{\"@type\":\"WebSite\",\"@id\":\"https:\/\/dev.galagar.com\/fr\/#website\",\"url\":\"https:\/\/dev.galagar.com\/fr\/\",\"name\":\"GALA GAR - Productos de soldadura y reguladores de gas - Gas y soldadura\",\"description\":\"Gala Gar es fabricante de tecnolog\u00eda competitiva para soldadura (MMA-TIG-MIG\/MAG-CORTE POR PLASMA), regulaci\u00f3n de gases, y para soldadura y corte por gas.\",\"publisher\":{\"@id\":\"https:\/\/dev.galagar.com\/fr\/#organization\"},\"potentialAction\":[{\"@type\":\"SearchAction\",\"target\":{\"@type\":\"EntryPoint\",\"urlTemplate\":\"https:\/\/dev.galagar.com\/fr\/?s={search_term_string}\"},\"query-input\":{\"@type\":\"PropertyValueSpecification\",\"valueRequired\":true,\"valueName\":\"search_term_string\"}}],\"inLanguage\":\"fr-FR\"},{\"@type\":\"Organization\",\"@id\":\"https:\/\/dev.galagar.com\/fr\/#organization\",\"name\":\"GALA GAR welding\",\"url\":\"https:\/\/dev.galagar.com\/fr\/\",\"logo\":{\"@type\":\"ImageObject\",\"inLanguage\":\"fr-FR\",\"@id\":\"https:\/\/dev.galagar.com\/fr\/#\/schema\/logo\/image\/\",\"url\":\"\",\"contentUrl\":\"\",\"caption\":\"GALA GAR welding\"},\"image\":{\"@id\":\"https:\/\/dev.galagar.com\/fr\/#\/schema\/logo\/image\/\"}}]}<\/script>\n<!-- \/ Yoast SEO plugin. -->","yoast_head_json":{"title":"Lance thermique GAP-O | GALA GAR - Productos de soldadura y reguladores de gas - Gas y soldadura","robots":{"index":"noindex","follow":"follow","max-snippet":"max-snippet:-1","max-image-preview":"max-image-preview:large","max-video-preview":"max-video-preview:-1"},"og_locale":"fr_FR","og_type":"article","og_title":"Lance thermique GAP-O | GALA GAR - Productos de soldadura y reguladores de gas - Gas y soldadura","og_description":"Cet \u00e9quipement permet de d\u00e9couper et de percer des trous dans des aciers \u00e0 haute r\u00e9sistance et dans des \u00e9paisseurs \u00e9lev\u00e9es uniquement \u00e0 l'aide d'oxyg\u00e8ne.  \u00c9l\u00e9ments du groupe complet : 1 Bouteille oxyg\u00e8ne 5 l. - R\u00e9f. 91000006 1 Portelances - Ref. 10300050 1 Tuyau O - R\u00e9f. 2 77200000 1 R\u00e9gulateur EN2000 Ox - R\u00e9f. 37000000 1 Chariot de transport - R\u00e9f. 71500138 1 Batterie 12 V - 360 Amp. - R\u00e9f. 13020001  Sp\u00e9cial pour : D\u00e9capage professionnel, d\u00e9molition et forage de grandes \u00e9paisseurs avec une autonomie moyenne.","og_url":"https:\/\/dev.galagar.com\/fr\/produit\/gap-o-lanza-termica\/","og_site_name":"GALA GAR - Productos de soldadura y reguladores de gas - Gas y soldadura","article_modified_time":"2023-06-20T05:58:10+00:00","og_image":[{"width":640,"height":800,"url":"https:\/\/dev.galagar.com\/wp-content\/uploads\/2022\/01\/GAP-O-LanzaTermica.jpg","type":"image\/jpeg"}],"twitter_card":"summary_large_image","schema":{"@context":"https:\/\/schema.org","@graph":[{"@type":"WebPage","@id":"https:\/\/dev.galagar.com\/fr\/produit\/gap-o-lanza-termica\/","url":"https:\/\/dev.galagar.com\/fr\/produit\/gap-o-lanza-termica\/","name":"Lance thermique GAP-O | GALA GAR - Productos de soldadura y reguladores de gas - Gas y soldadura","isPartOf":{"@id":"https:\/\/dev.galagar.com\/fr\/#website"},"primaryImageOfPage":{"@id":"https:\/\/dev.galagar.com\/fr\/produit\/gap-o-lanza-termica\/#primaryimage"},"image":{"@id":"https:\/\/dev.galagar.com\/fr\/produit\/gap-o-lanza-termica\/#primaryimage"},"thumbnailUrl":"https:\/\/dev.galagar.com\/wp-content\/uploads\/2022\/01\/GAP-O-LanzaTermica.jpg","datePublished":"2022-01-27T18:45:38+00:00","dateModified":"2023-06-20T05:58:10+00:00","breadcrumb":{"@id":"https:\/\/dev.galagar.com\/fr\/produit\/gap-o-lanza-termica\/#breadcrumb"},"inLanguage":"fr-FR","potentialAction":[{"@type":"ReadAction","target":["https:\/\/dev.galagar.com\/fr\/produit\/gap-o-lanza-termica\/"]}]},{"@type":"ImageObject","inLanguage":"fr-FR","@id":"https:\/\/dev.galagar.com\/fr\/produit\/gap-o-lanza-termica\/#primaryimage","url":"https:\/\/dev.galagar.com\/wp-content\/uploads\/2022\/01\/GAP-O-LanzaTermica.jpg","contentUrl":"https:\/\/dev.galagar.com\/wp-content\/uploads\/2022\/01\/GAP-O-LanzaTermica.jpg","width":640,"height":800},{"@type":"BreadcrumbList","@id":"https:\/\/dev.galagar.com\/fr\/produit\/gap-o-lanza-termica\/#breadcrumb","itemListElement":[{"@type":"ListItem","position":1,"name":"Inicio","item":"https:\/\/dev.galagar.com\/fr\/accueil\/"},{"@type":"ListItem","position":2,"name":"Tienda","item":"https:\/\/dev.galagar.com\/tienda\/"},{"@type":"ListItem","position":3,"name":"Produits","item":"https:\/\/dev.galagar.com\/fr\/categoria-producto\/produits\/"},{"@type":"ListItem","position":4,"name":"Gaz","item":"https:\/\/dev.galagar.com\/fr\/categoria-producto\/produits\/gaz\/"},{"@type":"ListItem","position":5,"name":"Groupes autonomes","item":"https:\/\/dev.galagar.com\/fr\/categoria-producto\/produits\/gaz\/groupes-autonomes\/"},{"@type":"ListItem","position":6,"name":"Lance thermique GAP-O"}]},{"@type":"WebSite","@id":"https:\/\/dev.galagar.com\/fr\/#website","url":"https:\/\/dev.galagar.com\/fr\/","name":"GALA GAR - Productos de soldadura y reguladores de gas - Gas y soldadura","description":"Gala Gar es fabricante de tecnolog\u00eda competitiva para soldadura (MMA-TIG-MIG\/MAG-CORTE POR PLASMA), regulaci\u00f3n de gases, y para soldadura y corte por gas.","publisher":{"@id":"https:\/\/dev.galagar.com\/fr\/#organization"},"potentialAction":[{"@type":"SearchAction","target":{"@type":"EntryPoint","urlTemplate":"https:\/\/dev.galagar.com\/fr\/?s={search_term_string}"},"query-input":{"@type":"PropertyValueSpecification","valueRequired":true,"valueName":"search_term_string"}}],"inLanguage":"fr-FR"},{"@type":"Organization","@id":"https:\/\/dev.galagar.com\/fr\/#organization","name":"GALA GAR welding","url":"https:\/\/dev.galagar.com\/fr\/","logo":{"@type":"ImageObject","inLanguage":"fr-FR","@id":"https:\/\/dev.galagar.com\/fr\/#\/schema\/logo\/image\/","url":"","contentUrl":"","caption":"GALA GAR welding"},"image":{"@id":"https:\/\/dev.galagar.com\/fr\/#\/schema\/logo\/image\/"}}]}},"_links":{"self":[{"href":"https:\/\/dev.galagar.com\/fr\/wp-json\/wp\/v2\/product\/18768","targetHints":{"allow":["GET"]}}],"collection":[{"href":"https:\/\/dev.galagar.com\/fr\/wp-json\/wp\/v2\/product"}],"about":[{"href":"https:\/\/dev.galagar.com\/fr\/wp-json\/wp\/v2\/types\/product"}],"wp:featuredmedia":[{"embeddable":true,"href":"https:\/\/dev.galagar.com\/fr\/wp-json\/wp\/v2\/media\/18683"}],"wp:attachment":[{"href":"https:\/\/dev.galagar.com\/fr\/wp-json\/wp\/v2\/media?parent=18768"}],"wp:term":[{"taxonomy":"product_brand","embeddable":true,"href":"https:\/\/dev.galagar.com\/fr\/wp-json\/wp\/v2\/product_brand?post=18768"},{"taxonomy":"product_cat","embeddable":true,"href":"https:\/\/dev.galagar.com\/fr\/wp-json\/wp\/v2\/product_cat?post=18768"},{"taxonomy":"product_tag","embeddable":true,"href":"https:\/\/dev.galagar.com\/fr\/wp-json\/wp\/v2\/product_tag?post=18768"}],"curies":[{"name":"wp","href":"https:\/\/api.w.org\/{rel}","templated":true}]}}