{"id":18742,"date":"2022-01-27T19:44:18","date_gmt":"2022-01-27T18:44:18","guid":{"rendered":"https:\/\/dev.galagar.com\/producto\/gps-4000-5000-dr-advanced\/"},"modified":"2023-05-11T22:42:21","modified_gmt":"2023-05-11T20:42:21","slug":"gps-4000-5000-dr-advanced","status":"publish","type":"product","link":"https:\/\/dev.galagar.com\/fr\/produit\/gps-4000-5000-dr-advanced\/","title":{"rendered":"GPS 4000\/5000 DR Advanced"},"content":{"rendered":"<div class=\"fusion-fullwidth fullwidth-box fusion-builder-row-1 fusion-flex-container nonhundred-percent-fullwidth non-hundred-percent-height-scrolling\" style=\"--awb-border-radius-top-left:0px;--awb-border-radius-top-right:0px;--awb-border-radius-bottom-right:0px;--awb-border-radius-bottom-left:0px;--awb-padding-right:0px;--awb-padding-left:0px;--awb-flex-wrap:wrap;\" ><div class=\"fusion-builder-row fusion-row fusion-flex-align-items-flex-start fusion-flex-content-wrap\" style=\"max-width:1216.8px;margin-left: calc(-4% \/ 2 );margin-right: calc(-4% \/ 2 );\"><div class=\"fusion-layout-column fusion_builder_column fusion-builder-column-0 fusion_builder_column_3_5 3_5 fusion-flex-column\" style=\"--awb-bg-size:cover;--awb-width-large:60%;--awb-margin-top-large:0px;--awb-spacing-right-large:3.2%;--awb-margin-bottom-large:20px;--awb-spacing-left-large:3.2%;--awb-width-medium:100%;--awb-order-medium:0;--awb-spacing-right-medium:1.92%;--awb-spacing-left-medium:1.92%;--awb-width-small:100%;--awb-order-small:0;--awb-spacing-right-small:1.92%;--awb-spacing-left-small:1.92%;\"><div class=\"fusion-column-wrapper fusion-column-has-shadow fusion-flex-justify-content-flex-start fusion-content-layout-column\">\n<div class=\"table-2 gal-textos-menores\">\n<table width=\"100%\">\n<thead>\n<tr>\n<th align=\"left\">Caract\u00e9ristiques<\/th>\n<th align=\"left\">GPS 4000 DR<\/th>\n<th align=\"left\">GPS 5000 DR<\/th>\n<\/tr>\n<\/thead>\n<tbody>\n<tr>\n<td>Tension d&#8217;alimentation<\/td>\n<td>3Ph 400V \u00b1 10% &#8211; 50\/60 Hz.<\/td>\n<td align=\"left\">3Ph 400V \u00b1 10% &#8211; 50\/60 Hz.<\/td>\n<\/tr>\n<tr>\n<td>Marge r\u00e9glementaire<\/td>\n<td>30 A \u00f7 400 A<\/td>\n<td align=\"left\">30 A \u00f7 500 A<\/td>\n<\/tr>\n<tr>\n<td>Facteur de marche MIG\/MAG 40\u00baC<\/td>\n<td>400 A \/ 45 %<\/td>\n<td align=\"left\">500 A \/ 45 %<\/td>\n<\/tr>\n<tr>\n<td>Facteur de service TIG 40\u00baC<\/td>\n<td>400 A \/ 40 %<\/td>\n<td align=\"left\">500 A \/ 40 %<\/td>\n<\/tr>\n<tr>\n<td>Facteur de marche MMA 40\u00baC<\/td>\n<td>400 A \/ 40 %<\/td>\n<td align=\"left\">500 A \/ 40 %<\/td>\n<\/tr>\n<tr>\n<td>Puissance maximale absorb\u00e9e<\/td>\n<td>24 Kva<\/td>\n<td align=\"left\">28 Kva<\/td>\n<\/tr>\n<tr>\n<td>Vitesse maximale du fil<\/td>\n<td>24 m\/min.<\/td>\n<td align=\"left\">24 m\/min.<\/td>\n<\/tr>\n<tr>\n<td>Dimensions<\/td>\n<td>345 x 541 x 660 mm.<\/td>\n<td align=\"left\">345 x 541 x 660 mm.<\/td>\n<\/tr>\n<tr>\n<td>Poids<\/td>\n<td>45 Kg.<\/td>\n<td align=\"left\">54,5 Kg.<\/td>\n<\/tr>\n<\/tbody>\n<\/table>\n<\/div>\n<\/div><\/div><div class=\"fusion-layout-column fusion_builder_column fusion-builder-column-1 fusion_builder_column_4_5 4_5 fusion-flex-column\" style=\"--awb-bg-size:cover;--awb-width-large:80%;--awb-margin-top-large:0px;--awb-spacing-right-large:2.4%;--awb-margin-bottom-large:20px;--awb-spacing-left-large:2.4%;--awb-width-medium:100%;--awb-order-medium:0;--awb-spacing-right-medium:1.92%;--awb-spacing-left-medium:1.92%;--awb-width-small:100%;--awb-order-small:0;--awb-spacing-right-small:1.92%;--awb-spacing-left-small:1.92%;\"><div class=\"fusion-column-wrapper fusion-column-has-shadow fusion-flex-justify-content-flex-start fusion-content-layout-column\">\n<div class=\"table-2 gal-textos-menores\">\n<table width=\"100%\">\n<thead>\n<tr>\n<th align=\"left\">Composants recommand\u00e9s pour l&#8217;\u00e9quipement<\/th>\n<th align=\"left\"><\/th>\n<th align=\"left\"><\/th>\n<th align=\"left\"><\/th>\n<\/tr>\n<\/thead>\n<tbody>\n<tr>\n<td>Description<\/td>\n<td>R\u00e9f\u00e9rence<\/td>\n<td align=\"left\">4000 DR<br \/>\nsans r\u00e9frig\u00e9ration<\/td>\n<td align=\"left\">4000\/5000 DR<br \/>\navec r\u00e9frig\u00e9ration<\/td>\n<\/tr>\n<tr>\n<td>Source GPS 4000 DR<\/td>\n<td>42381200<\/td>\n<td align=\"left\"><span style=\"color: #000000;\">\u25a0<\/span><\/td>\n<td align=\"left\">\u25a0<\/td>\n<\/tr>\n<tr>\n<td>Source GPS 5000 DR<\/td>\n<td>42600200<\/td>\n<td align=\"left\"><\/td>\n<td align=\"left\">\u25a0<\/td>\n<\/tr>\n<tr>\n<td>Logiciel Arc puls\u00e9<\/td>\n<td>42370010<\/td>\n<td align=\"left\">\u25a0<\/td>\n<td align=\"left\">\u25a0<\/td>\n<\/tr>\n<tr>\n<td>Chariot de transport<\/td>\n<td>64184000<\/td>\n<td align=\"left\">\u25a0<\/td>\n<td align=\"left\">\u25a0<\/td>\n<\/tr>\n<tr>\n<td>Module de r\u00e9frig\u00e9ration<\/td>\n<td>65982000<\/td>\n<td align=\"left\"><\/td>\n<td align=\"left\">\u25a0<\/td>\n<\/tr>\n<tr>\n<td>Liquide de refroidissement<\/td>\n<td>39200094<\/td>\n<td align=\"left\"><\/td>\n<td align=\"left\">\u25a0<\/td>\n<\/tr>\n<tr>\n<td align=\"left\">Support d&#8217;enroulement<\/td>\n<td align=\"left\">64185101<\/td>\n<td align=\"left\">\u25a0<\/td>\n<td align=\"left\">\u25a0<\/td>\n<\/tr>\n<tr>\n<td align=\"left\">Jeu de c\u00e2bles de 5 m. non r\u00e9frig\u00e9r\u00e9<\/td>\n<td align=\"left\">64187100<\/td>\n<td align=\"left\">\u25a0<\/td>\n<td align=\"left\"><\/td>\n<\/tr>\n<tr>\n<td align=\"left\">Jeu de c\u00e2bles de 5 m. r\u00e9frig\u00e9r\u00e9<\/td>\n<td align=\"left\">64187150<\/td>\n<td align=\"left\"><\/td>\n<td align=\"left\">\u25a0<\/td>\n<\/tr>\n<tr>\n<td align=\"left\">Devandora D-GPS 21A<\/td>\n<td align=\"left\">66082100<\/td>\n<td align=\"left\">\u25a0<\/td>\n<td align=\"left\">\u25a0<\/td>\n<\/tr>\n<tr>\n<td align=\"left\">Torche TR 500 4 m. Auto-refroidissement<\/td>\n<td align=\"left\">Pk5012<\/td>\n<td align=\"left\">\u25a0<\/td>\n<td align=\"left\"><\/td>\n<\/tr>\n<tr>\n<td align=\"left\">PK 550 torche 4 m. Double circuit r\u00e9frig\u00e9r\u00e9<\/td>\n<td align=\"left\">Pk555040<\/td>\n<td align=\"left\"><\/td>\n<td align=\"left\">\u25a0<\/td>\n<\/tr>\n<tr>\n<td align=\"left\">Ligne graphite pour PK 500<\/td>\n<td align=\"left\">5722<\/td>\n<td align=\"left\">\u25a0<\/td>\n<td align=\"left\">\u25a0<\/td>\n<\/tr>\n<tr>\n<td align=\"left\">Roulette \u00d8 37 1,0-1,2 mm. &#8220;V&#8221;<\/td>\n<td align=\"left\">42316122<\/td>\n<td align=\"left\">\u25a0<\/td>\n<td align=\"left\">\u25a0<\/td>\n<\/tr>\n<tr>\n<td align=\"left\">Roulette \u00d8 37 1,0-1,2 mm. &#8220;ALU&#8221;<\/td>\n<td align=\"left\">42316127<\/td>\n<td align=\"left\">\u25a0<\/td>\n<td align=\"left\">\u25a0<\/td>\n<\/tr>\n<tr>\n<td align=\"left\">Afficheur \u00e9lectronique Gasweld noir<\/td>\n<td align=\"left\">5998E<\/td>\n<td align=\"left\">\u25a0<\/td>\n<td align=\"left\">\u25a0<\/td>\n<\/tr>\n<tr>\n<td align=\"left\">R\u00e9gulateur CO2 argon<\/td>\n<td align=\"left\">37600000<\/td>\n<td align=\"left\">\u25a0<\/td>\n<td align=\"left\">\u25a0<\/td>\n<\/tr>\n<tr>\n<td align=\"left\">Assemblage et test des \u00e9quipements<\/td>\n<td align=\"left\">GMT<\/td>\n<td align=\"left\">\u25a0<\/td>\n<td align=\"left\">\u25a0<\/td>\n<\/tr>\n<\/tbody>\n<\/table>\n<\/div>\n<\/div><\/div><\/div><\/div>\n","protected":false},"excerpt":{"rendered":"<p><strong>Proc\u00e9d\u00e9s standard :<\/strong> MIG\/MAG &#8211; Tubulaire &#8211; TIG DC Lift &#8211; MMA CEL<\/p>\n<p><strong>Proc\u00e9d\u00e9s optionnels :<\/strong> MIG\/MAG Pulse &#8211; MIG\/MAG Bi-Pulse &#8211; TIG DC Pulse<\/p>\n<p><strong>Mat\u00e9riaux :<\/strong> Acier au carbone &#8211; Acier inoxydable &#8211; Aluminium<\/p>\n<p><strong>Applications :<\/strong> Menuiserie m\u00e9tallique et chaudronnerie &#8211; Industrie automobile Industrie chimique et papeti\u00e8re &#8211; Carrosserie Installations sportives et d&#8217;\u00e9levage &#8211; Mobilier urbain R\u00e9paration &#8211; Entretien &#8211; Construction &#8211; Centres de formation &#8211; Automatisation<\/p>\n<p><strong>Inclus :<\/strong> C\u00e2ble avec mise \u00e0 la terre &#8211; Tube \u00e0 gaz &#8211; Roulettes \u00d8 37 &#8211; 0,8-1,0 mm. &#8220;V&#8221;<\/p>\n<h4><a href=\"https:\/\/dev.galagar.com\/contacto\/\" target=\"_blank\" rel=\"noopener\"><strong><span style=\"color: #008000;\">Demandez une \u00e9tude technico-\u00e9conomique personnalis\u00e9e.<\/span><\/strong><\/a><\/h4>\n","protected":false},"featured_media":18756,"template":"","meta":{"_acf_changed":false},"product_brand":[],"product_cat":[937,1251,1578,1579,1584,1585],"product_tag":[],"class_list":{"0":"post-18742","1":"product","2":"type-product","3":"status-publish","4":"has-post-thumbnail","6":"product_cat-produits","7":"product_cat-postes-a-souder","8":"product_cat-mig-mag-fr","9":"product_cat-multiprocede","10":"product_cat-mig-mag-pulse","11":"product_cat-serie-gps-fr","13":"first","14":"instock","15":"taxable","16":"shipping-taxable","17":"purchasable","18":"product-type-variable"},"acf":[],"yoast_head":"<!-- This site is optimized with the Yoast SEO plugin v24.8.1 - https:\/\/yoast.com\/wordpress\/plugins\/seo\/ -->\n<title>GPS 4000\/5000 DR Advanced | GALA GAR - Productos de soldadura y reguladores de gas - Gas y soldadura<\/title>\n<meta name=\"robots\" content=\"noindex, follow, max-snippet:-1, max-image-preview:large, max-video-preview:-1\" \/>\n<meta property=\"og:locale\" content=\"fr_FR\" \/>\n<meta property=\"og:type\" content=\"article\" \/>\n<meta property=\"og:title\" content=\"GPS 4000\/5000 DR Advanced | GALA GAR - Productos de soldadura y reguladores de gas - Gas y soldadura\" \/>\n<meta property=\"og:description\" content=\"Proc\u00e9d\u00e9s standard : MIG\/MAG - Tubulaire - TIG DC Lift - MMA CEL Proc\u00e9d\u00e9s optionnels : MIG\/MAG Pulse - MIG\/MAG Bi-Pulse - TIG DC Pulse Mat\u00e9riaux : Acier au carbone - Acier inoxydable - Aluminium Applications : Menuiserie m\u00e9tallique et chaudronnerie - Industrie automobile Industrie chimique et papeti\u00e8re - Carrosserie Installations sportives et d&#039;\u00e9levage - Mobilier urbain R\u00e9paration - Entretien - Construction - Centres de formation - Automatisation Inclus : C\u00e2ble avec mise \u00e0 la terre - Tube \u00e0 gaz - Roulettes \u00d8 37 - 0,8-1,0 mm. &quot;V&quot; Demandez une \u00e9tude technico-\u00e9conomique personnalis\u00e9e.\" \/>\n<meta property=\"og:url\" content=\"https:\/\/dev.galagar.com\/fr\/produit\/gps-4000-5000-dr-advanced\/\" \/>\n<meta property=\"og:site_name\" content=\"GALA GAR - Productos de soldadura y reguladores de gas - Gas y soldadura\" \/>\n<meta property=\"article:modified_time\" content=\"2023-05-11T20:42:21+00:00\" \/>\n<meta property=\"og:image\" content=\"https:\/\/dev.galagar.com\/wp-content\/uploads\/2022\/01\/GPS-5000-Ref_4000DR_Bodegon.jpg\" \/>\n\t<meta property=\"og:image:width\" content=\"640\" \/>\n\t<meta property=\"og:image:height\" content=\"800\" \/>\n\t<meta property=\"og:image:type\" content=\"image\/jpeg\" \/>\n<meta name=\"twitter:card\" content=\"summary_large_image\" \/>\n<meta name=\"twitter:label1\" content=\"Dur\u00e9e de lecture estim\u00e9e\" \/>\n\t<meta name=\"twitter:data1\" content=\"3 minutes\" \/>\n<script type=\"application\/ld+json\" class=\"yoast-schema-graph\">{\"@context\":\"https:\/\/schema.org\",\"@graph\":[{\"@type\":\"WebPage\",\"@id\":\"https:\/\/dev.galagar.com\/fr\/produit\/gps-4000-5000-dr-advanced\/\",\"url\":\"https:\/\/dev.galagar.com\/fr\/produit\/gps-4000-5000-dr-advanced\/\",\"name\":\"GPS 4000\/5000 DR Advanced | GALA GAR - Productos de soldadura y reguladores de gas - Gas y soldadura\",\"isPartOf\":{\"@id\":\"https:\/\/dev.galagar.com\/fr\/#website\"},\"primaryImageOfPage\":{\"@id\":\"https:\/\/dev.galagar.com\/fr\/produit\/gps-4000-5000-dr-advanced\/#primaryimage\"},\"image\":{\"@id\":\"https:\/\/dev.galagar.com\/fr\/produit\/gps-4000-5000-dr-advanced\/#primaryimage\"},\"thumbnailUrl\":\"https:\/\/dev.galagar.com\/wp-content\/uploads\/2022\/01\/GPS-5000-Ref_4000DR_Bodegon.jpg\",\"datePublished\":\"2022-01-27T18:44:18+00:00\",\"dateModified\":\"2023-05-11T20:42:21+00:00\",\"breadcrumb\":{\"@id\":\"https:\/\/dev.galagar.com\/fr\/produit\/gps-4000-5000-dr-advanced\/#breadcrumb\"},\"inLanguage\":\"fr-FR\",\"potentialAction\":[{\"@type\":\"ReadAction\",\"target\":[\"https:\/\/dev.galagar.com\/fr\/produit\/gps-4000-5000-dr-advanced\/\"]}]},{\"@type\":\"ImageObject\",\"inLanguage\":\"fr-FR\",\"@id\":\"https:\/\/dev.galagar.com\/fr\/produit\/gps-4000-5000-dr-advanced\/#primaryimage\",\"url\":\"https:\/\/dev.galagar.com\/wp-content\/uploads\/2022\/01\/GPS-5000-Ref_4000DR_Bodegon.jpg\",\"contentUrl\":\"https:\/\/dev.galagar.com\/wp-content\/uploads\/2022\/01\/GPS-5000-Ref_4000DR_Bodegon.jpg\",\"width\":640,\"height\":800},{\"@type\":\"BreadcrumbList\",\"@id\":\"https:\/\/dev.galagar.com\/fr\/produit\/gps-4000-5000-dr-advanced\/#breadcrumb\",\"itemListElement\":[{\"@type\":\"ListItem\",\"position\":1,\"name\":\"Inicio\",\"item\":\"https:\/\/dev.galagar.com\/fr\/accueil\/\"},{\"@type\":\"ListItem\",\"position\":2,\"name\":\"Tienda\",\"item\":\"https:\/\/dev.galagar.com\/tienda\/\"},{\"@type\":\"ListItem\",\"position\":3,\"name\":\"Produits\",\"item\":\"https:\/\/dev.galagar.com\/fr\/categoria-producto\/produits\/\"},{\"@type\":\"ListItem\",\"position\":4,\"name\":\"Postes \u00e0 souder\",\"item\":\"https:\/\/dev.galagar.com\/fr\/categoria-producto\/produits\/postes-a-souder\/\"},{\"@type\":\"ListItem\",\"position\":5,\"name\":\"MIG\/MAG\",\"item\":\"https:\/\/dev.galagar.com\/fr\/categoria-producto\/produits\/postes-a-souder\/mig-mag-fr\/\"},{\"@type\":\"ListItem\",\"position\":6,\"name\":\"Multi-proc\u00e9d\u00e9\",\"item\":\"https:\/\/dev.galagar.com\/fr\/categoria-producto\/produits\/postes-a-souder\/mig-mag-fr\/multiprocede\/\"},{\"@type\":\"ListItem\",\"position\":7,\"name\":\"GPS 4000\/5000 DR Advanced\"}]},{\"@type\":\"WebSite\",\"@id\":\"https:\/\/dev.galagar.com\/fr\/#website\",\"url\":\"https:\/\/dev.galagar.com\/fr\/\",\"name\":\"GALA GAR - Productos de soldadura y reguladores de gas - Gas y soldadura\",\"description\":\"Gala Gar es fabricante de tecnolog\u00eda competitiva para soldadura (MMA-TIG-MIG\/MAG-CORTE POR PLASMA), regulaci\u00f3n de gases, y para soldadura y corte por gas.\",\"publisher\":{\"@id\":\"https:\/\/dev.galagar.com\/fr\/#organization\"},\"potentialAction\":[{\"@type\":\"SearchAction\",\"target\":{\"@type\":\"EntryPoint\",\"urlTemplate\":\"https:\/\/dev.galagar.com\/fr\/?s={search_term_string}\"},\"query-input\":{\"@type\":\"PropertyValueSpecification\",\"valueRequired\":true,\"valueName\":\"search_term_string\"}}],\"inLanguage\":\"fr-FR\"},{\"@type\":\"Organization\",\"@id\":\"https:\/\/dev.galagar.com\/fr\/#organization\",\"name\":\"GALA GAR welding\",\"url\":\"https:\/\/dev.galagar.com\/fr\/\",\"logo\":{\"@type\":\"ImageObject\",\"inLanguage\":\"fr-FR\",\"@id\":\"https:\/\/dev.galagar.com\/fr\/#\/schema\/logo\/image\/\",\"url\":\"\",\"contentUrl\":\"\",\"caption\":\"GALA GAR welding\"},\"image\":{\"@id\":\"https:\/\/dev.galagar.com\/fr\/#\/schema\/logo\/image\/\"}}]}<\/script>\n<!-- \/ Yoast SEO plugin. -->","yoast_head_json":{"title":"GPS 4000\/5000 DR Advanced | GALA GAR - Productos de soldadura y reguladores de gas - Gas y soldadura","robots":{"index":"noindex","follow":"follow","max-snippet":"max-snippet:-1","max-image-preview":"max-image-preview:large","max-video-preview":"max-video-preview:-1"},"og_locale":"fr_FR","og_type":"article","og_title":"GPS 4000\/5000 DR Advanced | GALA GAR - Productos de soldadura y reguladores de gas - Gas y soldadura","og_description":"Proc\u00e9d\u00e9s standard : MIG\/MAG - Tubulaire - TIG DC Lift - MMA CEL Proc\u00e9d\u00e9s optionnels : MIG\/MAG Pulse - MIG\/MAG Bi-Pulse - TIG DC Pulse Mat\u00e9riaux : Acier au carbone - Acier inoxydable - Aluminium Applications : Menuiserie m\u00e9tallique et chaudronnerie - Industrie automobile Industrie chimique et papeti\u00e8re - Carrosserie Installations sportives et d'\u00e9levage - Mobilier urbain R\u00e9paration - Entretien - Construction - Centres de formation - Automatisation Inclus : C\u00e2ble avec mise \u00e0 la terre - Tube \u00e0 gaz - Roulettes \u00d8 37 - 0,8-1,0 mm. \"V\" Demandez une \u00e9tude technico-\u00e9conomique personnalis\u00e9e.","og_url":"https:\/\/dev.galagar.com\/fr\/produit\/gps-4000-5000-dr-advanced\/","og_site_name":"GALA GAR - Productos de soldadura y reguladores de gas - Gas y soldadura","article_modified_time":"2023-05-11T20:42:21+00:00","og_image":[{"width":640,"height":800,"url":"https:\/\/dev.galagar.com\/wp-content\/uploads\/2022\/01\/GPS-5000-Ref_4000DR_Bodegon.jpg","type":"image\/jpeg"}],"twitter_card":"summary_large_image","twitter_misc":{"Dur\u00e9e de lecture estim\u00e9e":"3 minutes"},"schema":{"@context":"https:\/\/schema.org","@graph":[{"@type":"WebPage","@id":"https:\/\/dev.galagar.com\/fr\/produit\/gps-4000-5000-dr-advanced\/","url":"https:\/\/dev.galagar.com\/fr\/produit\/gps-4000-5000-dr-advanced\/","name":"GPS 4000\/5000 DR Advanced | GALA GAR - Productos de soldadura y reguladores de gas - Gas y soldadura","isPartOf":{"@id":"https:\/\/dev.galagar.com\/fr\/#website"},"primaryImageOfPage":{"@id":"https:\/\/dev.galagar.com\/fr\/produit\/gps-4000-5000-dr-advanced\/#primaryimage"},"image":{"@id":"https:\/\/dev.galagar.com\/fr\/produit\/gps-4000-5000-dr-advanced\/#primaryimage"},"thumbnailUrl":"https:\/\/dev.galagar.com\/wp-content\/uploads\/2022\/01\/GPS-5000-Ref_4000DR_Bodegon.jpg","datePublished":"2022-01-27T18:44:18+00:00","dateModified":"2023-05-11T20:42:21+00:00","breadcrumb":{"@id":"https:\/\/dev.galagar.com\/fr\/produit\/gps-4000-5000-dr-advanced\/#breadcrumb"},"inLanguage":"fr-FR","potentialAction":[{"@type":"ReadAction","target":["https:\/\/dev.galagar.com\/fr\/produit\/gps-4000-5000-dr-advanced\/"]}]},{"@type":"ImageObject","inLanguage":"fr-FR","@id":"https:\/\/dev.galagar.com\/fr\/produit\/gps-4000-5000-dr-advanced\/#primaryimage","url":"https:\/\/dev.galagar.com\/wp-content\/uploads\/2022\/01\/GPS-5000-Ref_4000DR_Bodegon.jpg","contentUrl":"https:\/\/dev.galagar.com\/wp-content\/uploads\/2022\/01\/GPS-5000-Ref_4000DR_Bodegon.jpg","width":640,"height":800},{"@type":"BreadcrumbList","@id":"https:\/\/dev.galagar.com\/fr\/produit\/gps-4000-5000-dr-advanced\/#breadcrumb","itemListElement":[{"@type":"ListItem","position":1,"name":"Inicio","item":"https:\/\/dev.galagar.com\/fr\/accueil\/"},{"@type":"ListItem","position":2,"name":"Tienda","item":"https:\/\/dev.galagar.com\/tienda\/"},{"@type":"ListItem","position":3,"name":"Produits","item":"https:\/\/dev.galagar.com\/fr\/categoria-producto\/produits\/"},{"@type":"ListItem","position":4,"name":"Postes \u00e0 souder","item":"https:\/\/dev.galagar.com\/fr\/categoria-producto\/produits\/postes-a-souder\/"},{"@type":"ListItem","position":5,"name":"MIG\/MAG","item":"https:\/\/dev.galagar.com\/fr\/categoria-producto\/produits\/postes-a-souder\/mig-mag-fr\/"},{"@type":"ListItem","position":6,"name":"Multi-proc\u00e9d\u00e9","item":"https:\/\/dev.galagar.com\/fr\/categoria-producto\/produits\/postes-a-souder\/mig-mag-fr\/multiprocede\/"},{"@type":"ListItem","position":7,"name":"GPS 4000\/5000 DR Advanced"}]},{"@type":"WebSite","@id":"https:\/\/dev.galagar.com\/fr\/#website","url":"https:\/\/dev.galagar.com\/fr\/","name":"GALA GAR - Productos de soldadura y reguladores de gas - Gas y soldadura","description":"Gala Gar es fabricante de tecnolog\u00eda competitiva para soldadura (MMA-TIG-MIG\/MAG-CORTE POR PLASMA), regulaci\u00f3n de gases, y para soldadura y corte por gas.","publisher":{"@id":"https:\/\/dev.galagar.com\/fr\/#organization"},"potentialAction":[{"@type":"SearchAction","target":{"@type":"EntryPoint","urlTemplate":"https:\/\/dev.galagar.com\/fr\/?s={search_term_string}"},"query-input":{"@type":"PropertyValueSpecification","valueRequired":true,"valueName":"search_term_string"}}],"inLanguage":"fr-FR"},{"@type":"Organization","@id":"https:\/\/dev.galagar.com\/fr\/#organization","name":"GALA GAR welding","url":"https:\/\/dev.galagar.com\/fr\/","logo":{"@type":"ImageObject","inLanguage":"fr-FR","@id":"https:\/\/dev.galagar.com\/fr\/#\/schema\/logo\/image\/","url":"","contentUrl":"","caption":"GALA GAR welding"},"image":{"@id":"https:\/\/dev.galagar.com\/fr\/#\/schema\/logo\/image\/"}}]}},"_links":{"self":[{"href":"https:\/\/dev.galagar.com\/fr\/wp-json\/wp\/v2\/product\/18742","targetHints":{"allow":["GET"]}}],"collection":[{"href":"https:\/\/dev.galagar.com\/fr\/wp-json\/wp\/v2\/product"}],"about":[{"href":"https:\/\/dev.galagar.com\/fr\/wp-json\/wp\/v2\/types\/product"}],"wp:featuredmedia":[{"embeddable":true,"href":"https:\/\/dev.galagar.com\/fr\/wp-json\/wp\/v2\/media\/18756"}],"wp:attachment":[{"href":"https:\/\/dev.galagar.com\/fr\/wp-json\/wp\/v2\/media?parent=18742"}],"wp:term":[{"taxonomy":"product_brand","embeddable":true,"href":"https:\/\/dev.galagar.com\/fr\/wp-json\/wp\/v2\/product_brand?post=18742"},{"taxonomy":"product_cat","embeddable":true,"href":"https:\/\/dev.galagar.com\/fr\/wp-json\/wp\/v2\/product_cat?post=18742"},{"taxonomy":"product_tag","embeddable":true,"href":"https:\/\/dev.galagar.com\/fr\/wp-json\/wp\/v2\/product_tag?post=18742"}],"curies":[{"name":"wp","href":"https:\/\/api.w.org\/{rel}","templated":true}]}}