{"id":18739,"date":"2022-01-27T19:44:25","date_gmt":"2022-01-27T18:44:25","guid":{"rendered":"https:\/\/dev.galagar.com\/producto\/gps-3000c-compact\/"},"modified":"2023-05-11T22:42:20","modified_gmt":"2023-05-11T20:42:20","slug":"gps-3000c-compact","status":"publish","type":"product","link":"https:\/\/dev.galagar.com\/fr\/produit\/gps-3000c-compact\/","title":{"rendered":"GPS 3000C Compact"},"content":{"rendered":"<div class=\"fusion-fullwidth fullwidth-box fusion-builder-row-1 fusion-flex-container nonhundred-percent-fullwidth non-hundred-percent-height-scrolling\" style=\"--awb-border-radius-top-left:0px;--awb-border-radius-top-right:0px;--awb-border-radius-bottom-right:0px;--awb-border-radius-bottom-left:0px;--awb-padding-right:0px;--awb-padding-left:0px;--awb-flex-wrap:wrap;\" ><div class=\"fusion-builder-row fusion-row fusion-flex-align-items-flex-start fusion-flex-content-wrap\" style=\"max-width:1216.8px;margin-left: calc(-4% \/ 2 );margin-right: calc(-4% \/ 2 );\"><div class=\"fusion-layout-column fusion_builder_column fusion-builder-column-0 fusion_builder_column_2_5 2_5 fusion-flex-column\" style=\"--awb-bg-size:cover;--awb-width-large:40%;--awb-margin-top-large:0px;--awb-spacing-right-large:4.8%;--awb-margin-bottom-large:20px;--awb-spacing-left-large:4.8%;--awb-width-medium:100%;--awb-order-medium:0;--awb-spacing-right-medium:1.92%;--awb-spacing-left-medium:1.92%;--awb-width-small:100%;--awb-order-small:0;--awb-spacing-right-small:1.92%;--awb-spacing-left-small:1.92%;\"><div class=\"fusion-column-wrapper fusion-column-has-shadow fusion-flex-justify-content-flex-start fusion-content-layout-column\">\n<div class=\"table-2 gal-textos-menores\">\n<table width=\"100%\">\n<thead>\n<tr>\n<th align=\"left\">Caract\u00e9ristiques<\/th>\n<th align=\"left\"><\/th>\n<\/tr>\n<\/thead>\n<tbody>\n<tr>\n<td>Tension d&#8217;alimentation<\/td>\n<td>3 Ph 400V \u00b1 10 % &#8211; 50\/60 Hz.<\/td>\n<\/tr>\n<tr>\n<td>Marge r\u00e9glementaire<\/td>\n<td>45 A \u00f7 300 A<\/td>\n<\/tr>\n<tr>\n<td>Facteur de marche MIG\/MAG 40\u00baC<\/td>\n<td>30-300 A \/ 40 %<\/td>\n<\/tr>\n<tr>\n<td>Facteur de service TIG 40\u00baC<\/td>\n<td>5-300 A \/ 40 %<\/td>\n<\/tr>\n<tr>\n<td>Facteur de marche MMA 40\u00baC<\/td>\n<td>30-300 A \/ 40 %<\/td>\n<\/tr>\n<tr>\n<td>Puissance maximale absorb\u00e9e<\/td>\n<td>15 Kva<\/td>\n<\/tr>\n<tr>\n<td>Vitesse maximale du fil<\/td>\n<td>24 m\/min.<\/td>\n<\/tr>\n<tr>\n<td>Dimensions<\/td>\n<td>345 x 541 x 660 mm.<\/td>\n<\/tr>\n<tr>\n<td>Poids<\/td>\n<td>42 Kg.<\/td>\n<\/tr>\n<\/tbody>\n<\/table>\n<\/div>\n<\/div><\/div><div class=\"fusion-layout-column fusion_builder_column fusion-builder-column-1 fusion_builder_column_3_5 3_5 fusion-flex-column\" style=\"--awb-bg-size:cover;--awb-width-large:60%;--awb-margin-top-large:0px;--awb-spacing-right-large:3.2%;--awb-margin-bottom-large:20px;--awb-spacing-left-large:3.2%;--awb-width-medium:100%;--awb-order-medium:0;--awb-spacing-right-medium:1.92%;--awb-spacing-left-medium:1.92%;--awb-width-small:100%;--awb-order-small:0;--awb-spacing-right-small:1.92%;--awb-spacing-left-small:1.92%;\"><div class=\"fusion-column-wrapper fusion-column-has-shadow fusion-flex-justify-content-flex-start fusion-content-layout-column\">\n<div class=\"table-2 gal-textos-menores\">\n<table width=\"100%\">\n<thead>\n<tr>\n<th align=\"left\">Composants inclus<\/th>\n<th align=\"left\"><\/th>\n<th align=\"left\"><\/th>\n<th align=\"left\"><\/th>\n<\/tr>\n<\/thead>\n<tbody>\n<tr>\n<td>Description<\/td>\n<td>R\u00e9f\u00e9rence<\/td>\n<td align=\"left\">\u00c9quipement sans<br \/>\nrefroidissement<\/td>\n<td align=\"left\">\u00c9quipement avec<br \/>\nrefroidissement<\/td>\n<\/tr>\n<tr>\n<td>GPS 3000C- LCD\/TFT Alimentation<\/td>\n<td>42385000\/42385200<\/td>\n<td align=\"left\">\u25a0<\/td>\n<td align=\"left\">\u25a0<\/td>\n<\/tr>\n<tr>\n<td>Logiciel Arc puls\u00e9<\/td>\n<td>42370010<\/td>\n<td align=\"left\">\u25a0<\/td>\n<td align=\"left\">\u25a0<\/td>\n<\/tr>\n<tr>\n<td>Chariot de transport<\/td>\n<td>64184000<\/td>\n<td align=\"left\">\u25a0<\/td>\n<td align=\"left\">\u25a0<\/td>\n<\/tr>\n<tr>\n<td>Module de r\u00e9frig\u00e9ration<\/td>\n<td>65982000<\/td>\n<td align=\"left\"><\/td>\n<td align=\"left\">\u25a0<\/td>\n<\/tr>\n<tr>\n<td>Liquide de refroidissement<\/td>\n<td>39200094<\/td>\n<td align=\"left\"><\/td>\n<td align=\"left\">\u25a0<\/td>\n<\/tr>\n<tr>\n<td>Torche TR 400 4 m. &#8211; Auto-refroidissement<\/td>\n<td>PK4012<\/td>\n<td align=\"left\">\u25a0<\/td>\n<td align=\"left\"><\/td>\n<\/tr>\n<tr>\n<td align=\"left\">PK 550 torche 4 m. &#8211; Double circuit r\u00e9frig\u00e9r\u00e9<\/td>\n<td align=\"left\">PK555040<\/td>\n<td align=\"left\"><\/td>\n<td align=\"left\">\u25a0<\/td>\n<\/tr>\n<tr>\n<td align=\"left\">Kit de consommables pour torche autorefroidie TR 400<\/td>\n<td align=\"left\">E-MIGPK400<\/td>\n<td align=\"left\">\u25a0<\/td>\n<td align=\"left\"><\/td>\n<\/tr>\n<tr>\n<td align=\"left\">Kit de consommables pour la torche r\u00e9frig\u00e9r\u00e9e PK 550<\/td>\n<td align=\"left\">E-MIGPK550<\/td>\n<td align=\"left\"><\/td>\n<td align=\"left\">\u25a0<\/td>\n<\/tr>\n<tr>\n<td align=\"left\">Ligne de chalumeau en graphite TR 400<\/td>\n<td align=\"left\">5722<\/td>\n<td align=\"left\">\u25a0<\/td>\n<td align=\"left\">\u25a0<\/td>\n<\/tr>\n<tr>\n<td align=\"left\">Roulette \u00d8 37 &#8211; 1,0-1,2 mm. &#8220;V&#8221;<\/td>\n<td align=\"left\">42316122<\/td>\n<td align=\"left\">\u25a0<\/td>\n<td align=\"left\">\u25a0<\/td>\n<\/tr>\n<tr>\n<td align=\"left\">Roulette \u00d8 37 &#8211; 1,0-1,2 mm. &#8220;ALU&#8221;<\/td>\n<td align=\"left\">42316127<\/td>\n<td align=\"left\">\u25a0<\/td>\n<td align=\"left\">\u25a0<\/td>\n<\/tr>\n<tr>\n<td align=\"left\">Afficheur \u00e9lectronique Gasweld noir<\/td>\n<td align=\"left\">5998E<\/td>\n<td align=\"left\">\u25a0<\/td>\n<td align=\"left\">\u25a0<\/td>\n<\/tr>\n<tr>\n<td align=\"left\">R\u00e9gulateur Argon Co2<\/td>\n<td align=\"left\">37600000<\/td>\n<td align=\"left\">\u25a0<\/td>\n<td align=\"left\">\u25a0<\/td>\n<\/tr>\n<tr>\n<td align=\"left\">Assemblage et test des \u00e9quipements<\/td>\n<td align=\"left\">GMT<\/td>\n<td align=\"left\">\u25a0<\/td>\n<td align=\"left\">\u25a0<\/td>\n<\/tr>\n<\/tbody>\n<\/table>\n<\/div>\n<\/div><\/div><\/div><\/div>\n","protected":false},"excerpt":{"rendered":"<p><strong>Proc\u00e9d\u00e9s standard :<\/strong> MIG MAG &#8211; Tubulaire &#8211; TIG DC Lift &#8211; MMA CEL<\/p>\n<p><strong>Proc\u00e9d\u00e9s optionnels : <\/strong>MIG Pulse &#8211; MIG Bi-Pulse &#8211; TIG DC Pulse<\/p>\n<p><strong>Mat\u00e9riaux :<\/strong> Acier au carbone &#8211; Acier inoxydable &#8211; Aluminium &#8211; Cuivre<\/p>\n<p><strong>Applications : <\/strong>Menuiserie m\u00e9tallique et chaudronnerie &#8211; Industrie automobile Industrie chimique et papeti\u00e8re &#8211; Carrosserie Installations sportives et d&#8217;\u00e9levage &#8211; Mobilier urbain R\u00e9paration &#8211; Entretien &#8211; Construction &#8211; Centres de formation &#8211; Automatisation<\/p>\n<p><strong>Inclus : <\/strong>C\u00e2ble avec mise \u00e0 la terre &#8211; Tube \u00e0 gaz &#8211; Roulettes \u00d8 37 &#8211; 0,8-1,0 mm. &#8220;V&#8221;<\/p>\n<h4><a href=\"https:\/\/dev.galagar.com\/contacto\/\" target=\"_blank\" rel=\"noopener\"><strong><span style=\"color: #3366ff;\"><span style=\"color: #008000;\">Demandez une \u00e9tude technico-\u00e9conomique personnalis\u00e9e.<\/span><\/span><\/strong><\/a><\/h4>\n","protected":false},"featured_media":18600,"template":"","meta":{"_acf_changed":false},"product_brand":[],"product_cat":[1584,1585,937,1578,1579],"product_tag":[],"class_list":{"0":"post-18739","1":"product","2":"type-product","3":"status-publish","4":"has-post-thumbnail","6":"product_cat-mig-mag-pulse","7":"product_cat-serie-gps-fr","8":"product_cat-produits","9":"product_cat-mig-mag-fr","10":"product_cat-multiprocede","12":"first","13":"instock","14":"taxable","15":"shipping-taxable","16":"product-type-variable"},"acf":[],"yoast_head":"<!-- This site is optimized with the Yoast SEO plugin v24.8.1 - https:\/\/yoast.com\/wordpress\/plugins\/seo\/ -->\n<title>GPS 3000C Compact | GALA GAR - Productos de soldadura y reguladores de gas - Gas y soldadura<\/title>\n<meta name=\"robots\" content=\"noindex, follow, max-snippet:-1, max-image-preview:large, max-video-preview:-1\" \/>\n<meta property=\"og:locale\" content=\"fr_FR\" \/>\n<meta property=\"og:type\" content=\"article\" \/>\n<meta property=\"og:title\" content=\"GPS 3000C Compact | GALA GAR - Productos de soldadura y reguladores de gas - Gas y soldadura\" \/>\n<meta property=\"og:description\" content=\"Proc\u00e9d\u00e9s standard : MIG MAG - Tubulaire - TIG DC Lift - MMA CEL Proc\u00e9d\u00e9s optionnels : MIG Pulse - MIG Bi-Pulse - TIG DC Pulse Mat\u00e9riaux : Acier au carbone - Acier inoxydable - Aluminium - Cuivre Applications : Menuiserie m\u00e9tallique et chaudronnerie - Industrie automobile Industrie chimique et papeti\u00e8re - Carrosserie Installations sportives et d&#039;\u00e9levage - Mobilier urbain R\u00e9paration - Entretien - Construction - Centres de formation - Automatisation Inclus : C\u00e2ble avec mise \u00e0 la terre - Tube \u00e0 gaz - Roulettes \u00d8 37 - 0,8-1,0 mm. &quot;V&quot; Demandez une \u00e9tude technico-\u00e9conomique personnalis\u00e9e.\" \/>\n<meta property=\"og:url\" content=\"https:\/\/dev.galagar.com\/fr\/produit\/gps-3000c-compact\/\" \/>\n<meta property=\"og:site_name\" content=\"GALA GAR - Productos de soldadura y reguladores de gas - Gas y soldadura\" \/>\n<meta property=\"article:modified_time\" content=\"2023-05-11T20:42:20+00:00\" \/>\n<meta property=\"og:image\" content=\"https:\/\/dev.galagar.com\/wp-content\/uploads\/2023\/03\/GPS-3000y4000C-Refrig_TFT-1.jpg\" \/>\n\t<meta property=\"og:image:width\" content=\"640\" \/>\n\t<meta property=\"og:image:height\" content=\"800\" \/>\n\t<meta property=\"og:image:type\" content=\"image\/jpeg\" \/>\n<meta name=\"twitter:card\" content=\"summary_large_image\" \/>\n<meta name=\"twitter:label1\" content=\"Dur\u00e9e de lecture estim\u00e9e\" \/>\n\t<meta name=\"twitter:data1\" content=\"3 minutes\" \/>\n<script type=\"application\/ld+json\" class=\"yoast-schema-graph\">{\"@context\":\"https:\/\/schema.org\",\"@graph\":[{\"@type\":\"WebPage\",\"@id\":\"https:\/\/dev.galagar.com\/fr\/produit\/gps-3000c-compact\/\",\"url\":\"https:\/\/dev.galagar.com\/fr\/produit\/gps-3000c-compact\/\",\"name\":\"GPS 3000C Compact | GALA GAR - Productos de soldadura y reguladores de gas - Gas y soldadura\",\"isPartOf\":{\"@id\":\"https:\/\/dev.galagar.com\/fr\/#website\"},\"primaryImageOfPage\":{\"@id\":\"https:\/\/dev.galagar.com\/fr\/produit\/gps-3000c-compact\/#primaryimage\"},\"image\":{\"@id\":\"https:\/\/dev.galagar.com\/fr\/produit\/gps-3000c-compact\/#primaryimage\"},\"thumbnailUrl\":\"https:\/\/dev.galagar.com\/wp-content\/uploads\/2023\/03\/GPS-3000y4000C-Refrig_TFT-1.jpg\",\"datePublished\":\"2022-01-27T18:44:25+00:00\",\"dateModified\":\"2023-05-11T20:42:20+00:00\",\"breadcrumb\":{\"@id\":\"https:\/\/dev.galagar.com\/fr\/produit\/gps-3000c-compact\/#breadcrumb\"},\"inLanguage\":\"fr-FR\",\"potentialAction\":[{\"@type\":\"ReadAction\",\"target\":[\"https:\/\/dev.galagar.com\/fr\/produit\/gps-3000c-compact\/\"]}]},{\"@type\":\"ImageObject\",\"inLanguage\":\"fr-FR\",\"@id\":\"https:\/\/dev.galagar.com\/fr\/produit\/gps-3000c-compact\/#primaryimage\",\"url\":\"https:\/\/dev.galagar.com\/wp-content\/uploads\/2023\/03\/GPS-3000y4000C-Refrig_TFT-1.jpg\",\"contentUrl\":\"https:\/\/dev.galagar.com\/wp-content\/uploads\/2023\/03\/GPS-3000y4000C-Refrig_TFT-1.jpg\",\"width\":640,\"height\":800},{\"@type\":\"BreadcrumbList\",\"@id\":\"https:\/\/dev.galagar.com\/fr\/produit\/gps-3000c-compact\/#breadcrumb\",\"itemListElement\":[{\"@type\":\"ListItem\",\"position\":1,\"name\":\"Inicio\",\"item\":\"https:\/\/dev.galagar.com\/fr\/accueil\/\"},{\"@type\":\"ListItem\",\"position\":2,\"name\":\"Tienda\",\"item\":\"https:\/\/dev.galagar.com\/tienda\/\"},{\"@type\":\"ListItem\",\"position\":3,\"name\":\"Produits\",\"item\":\"https:\/\/dev.galagar.com\/fr\/categoria-producto\/produits\/\"},{\"@type\":\"ListItem\",\"position\":4,\"name\":\"Postes \u00e0 souder\",\"item\":\"https:\/\/dev.galagar.com\/fr\/categoria-producto\/produits\/postes-a-souder\/\"},{\"@type\":\"ListItem\",\"position\":5,\"name\":\"MIG\/MAG\",\"item\":\"https:\/\/dev.galagar.com\/fr\/categoria-producto\/produits\/postes-a-souder\/mig-mag-fr\/\"},{\"@type\":\"ListItem\",\"position\":6,\"name\":\"Multi-proc\u00e9d\u00e9\",\"item\":\"https:\/\/dev.galagar.com\/fr\/categoria-producto\/produits\/postes-a-souder\/mig-mag-fr\/multiprocede\/\"},{\"@type\":\"ListItem\",\"position\":7,\"name\":\"GPS 3000C Compact\"}]},{\"@type\":\"WebSite\",\"@id\":\"https:\/\/dev.galagar.com\/fr\/#website\",\"url\":\"https:\/\/dev.galagar.com\/fr\/\",\"name\":\"GALA GAR - Productos de soldadura y reguladores de gas - Gas y soldadura\",\"description\":\"Gala Gar es fabricante de tecnolog\u00eda competitiva para soldadura (MMA-TIG-MIG\/MAG-CORTE POR PLASMA), regulaci\u00f3n de gases, y para soldadura y corte por gas.\",\"publisher\":{\"@id\":\"https:\/\/dev.galagar.com\/fr\/#organization\"},\"potentialAction\":[{\"@type\":\"SearchAction\",\"target\":{\"@type\":\"EntryPoint\",\"urlTemplate\":\"https:\/\/dev.galagar.com\/fr\/?s={search_term_string}\"},\"query-input\":{\"@type\":\"PropertyValueSpecification\",\"valueRequired\":true,\"valueName\":\"search_term_string\"}}],\"inLanguage\":\"fr-FR\"},{\"@type\":\"Organization\",\"@id\":\"https:\/\/dev.galagar.com\/fr\/#organization\",\"name\":\"GALA GAR welding\",\"url\":\"https:\/\/dev.galagar.com\/fr\/\",\"logo\":{\"@type\":\"ImageObject\",\"inLanguage\":\"fr-FR\",\"@id\":\"https:\/\/dev.galagar.com\/fr\/#\/schema\/logo\/image\/\",\"url\":\"\",\"contentUrl\":\"\",\"caption\":\"GALA GAR welding\"},\"image\":{\"@id\":\"https:\/\/dev.galagar.com\/fr\/#\/schema\/logo\/image\/\"}}]}<\/script>\n<!-- \/ Yoast SEO plugin. -->","yoast_head_json":{"title":"GPS 3000C Compact | GALA GAR - Productos de soldadura y reguladores de gas - Gas y soldadura","robots":{"index":"noindex","follow":"follow","max-snippet":"max-snippet:-1","max-image-preview":"max-image-preview:large","max-video-preview":"max-video-preview:-1"},"og_locale":"fr_FR","og_type":"article","og_title":"GPS 3000C Compact | GALA GAR - Productos de soldadura y reguladores de gas - Gas y soldadura","og_description":"Proc\u00e9d\u00e9s standard : MIG MAG - Tubulaire - TIG DC Lift - MMA CEL Proc\u00e9d\u00e9s optionnels : MIG Pulse - MIG Bi-Pulse - TIG DC Pulse Mat\u00e9riaux : Acier au carbone - Acier inoxydable - Aluminium - Cuivre Applications : Menuiserie m\u00e9tallique et chaudronnerie - Industrie automobile Industrie chimique et papeti\u00e8re - Carrosserie Installations sportives et d'\u00e9levage - Mobilier urbain R\u00e9paration - Entretien - Construction - Centres de formation - Automatisation Inclus : C\u00e2ble avec mise \u00e0 la terre - Tube \u00e0 gaz - Roulettes \u00d8 37 - 0,8-1,0 mm. \"V\" Demandez une \u00e9tude technico-\u00e9conomique personnalis\u00e9e.","og_url":"https:\/\/dev.galagar.com\/fr\/produit\/gps-3000c-compact\/","og_site_name":"GALA GAR - Productos de soldadura y reguladores de gas - Gas y soldadura","article_modified_time":"2023-05-11T20:42:20+00:00","og_image":[{"width":640,"height":800,"url":"https:\/\/dev.galagar.com\/wp-content\/uploads\/2023\/03\/GPS-3000y4000C-Refrig_TFT-1.jpg","type":"image\/jpeg"}],"twitter_card":"summary_large_image","twitter_misc":{"Dur\u00e9e de lecture estim\u00e9e":"3 minutes"},"schema":{"@context":"https:\/\/schema.org","@graph":[{"@type":"WebPage","@id":"https:\/\/dev.galagar.com\/fr\/produit\/gps-3000c-compact\/","url":"https:\/\/dev.galagar.com\/fr\/produit\/gps-3000c-compact\/","name":"GPS 3000C Compact | GALA GAR - Productos de soldadura y reguladores de gas - Gas y soldadura","isPartOf":{"@id":"https:\/\/dev.galagar.com\/fr\/#website"},"primaryImageOfPage":{"@id":"https:\/\/dev.galagar.com\/fr\/produit\/gps-3000c-compact\/#primaryimage"},"image":{"@id":"https:\/\/dev.galagar.com\/fr\/produit\/gps-3000c-compact\/#primaryimage"},"thumbnailUrl":"https:\/\/dev.galagar.com\/wp-content\/uploads\/2023\/03\/GPS-3000y4000C-Refrig_TFT-1.jpg","datePublished":"2022-01-27T18:44:25+00:00","dateModified":"2023-05-11T20:42:20+00:00","breadcrumb":{"@id":"https:\/\/dev.galagar.com\/fr\/produit\/gps-3000c-compact\/#breadcrumb"},"inLanguage":"fr-FR","potentialAction":[{"@type":"ReadAction","target":["https:\/\/dev.galagar.com\/fr\/produit\/gps-3000c-compact\/"]}]},{"@type":"ImageObject","inLanguage":"fr-FR","@id":"https:\/\/dev.galagar.com\/fr\/produit\/gps-3000c-compact\/#primaryimage","url":"https:\/\/dev.galagar.com\/wp-content\/uploads\/2023\/03\/GPS-3000y4000C-Refrig_TFT-1.jpg","contentUrl":"https:\/\/dev.galagar.com\/wp-content\/uploads\/2023\/03\/GPS-3000y4000C-Refrig_TFT-1.jpg","width":640,"height":800},{"@type":"BreadcrumbList","@id":"https:\/\/dev.galagar.com\/fr\/produit\/gps-3000c-compact\/#breadcrumb","itemListElement":[{"@type":"ListItem","position":1,"name":"Inicio","item":"https:\/\/dev.galagar.com\/fr\/accueil\/"},{"@type":"ListItem","position":2,"name":"Tienda","item":"https:\/\/dev.galagar.com\/tienda\/"},{"@type":"ListItem","position":3,"name":"Produits","item":"https:\/\/dev.galagar.com\/fr\/categoria-producto\/produits\/"},{"@type":"ListItem","position":4,"name":"Postes \u00e0 souder","item":"https:\/\/dev.galagar.com\/fr\/categoria-producto\/produits\/postes-a-souder\/"},{"@type":"ListItem","position":5,"name":"MIG\/MAG","item":"https:\/\/dev.galagar.com\/fr\/categoria-producto\/produits\/postes-a-souder\/mig-mag-fr\/"},{"@type":"ListItem","position":6,"name":"Multi-proc\u00e9d\u00e9","item":"https:\/\/dev.galagar.com\/fr\/categoria-producto\/produits\/postes-a-souder\/mig-mag-fr\/multiprocede\/"},{"@type":"ListItem","position":7,"name":"GPS 3000C Compact"}]},{"@type":"WebSite","@id":"https:\/\/dev.galagar.com\/fr\/#website","url":"https:\/\/dev.galagar.com\/fr\/","name":"GALA GAR - Productos de soldadura y reguladores de gas - Gas y soldadura","description":"Gala Gar es fabricante de tecnolog\u00eda competitiva para soldadura (MMA-TIG-MIG\/MAG-CORTE POR PLASMA), regulaci\u00f3n de gases, y para soldadura y corte por gas.","publisher":{"@id":"https:\/\/dev.galagar.com\/fr\/#organization"},"potentialAction":[{"@type":"SearchAction","target":{"@type":"EntryPoint","urlTemplate":"https:\/\/dev.galagar.com\/fr\/?s={search_term_string}"},"query-input":{"@type":"PropertyValueSpecification","valueRequired":true,"valueName":"search_term_string"}}],"inLanguage":"fr-FR"},{"@type":"Organization","@id":"https:\/\/dev.galagar.com\/fr\/#organization","name":"GALA GAR welding","url":"https:\/\/dev.galagar.com\/fr\/","logo":{"@type":"ImageObject","inLanguage":"fr-FR","@id":"https:\/\/dev.galagar.com\/fr\/#\/schema\/logo\/image\/","url":"","contentUrl":"","caption":"GALA GAR welding"},"image":{"@id":"https:\/\/dev.galagar.com\/fr\/#\/schema\/logo\/image\/"}}]}},"_links":{"self":[{"href":"https:\/\/dev.galagar.com\/fr\/wp-json\/wp\/v2\/product\/18739","targetHints":{"allow":["GET"]}}],"collection":[{"href":"https:\/\/dev.galagar.com\/fr\/wp-json\/wp\/v2\/product"}],"about":[{"href":"https:\/\/dev.galagar.com\/fr\/wp-json\/wp\/v2\/types\/product"}],"wp:featuredmedia":[{"embeddable":true,"href":"https:\/\/dev.galagar.com\/fr\/wp-json\/wp\/v2\/media\/18600"}],"wp:attachment":[{"href":"https:\/\/dev.galagar.com\/fr\/wp-json\/wp\/v2\/media?parent=18739"}],"wp:term":[{"taxonomy":"product_brand","embeddable":true,"href":"https:\/\/dev.galagar.com\/fr\/wp-json\/wp\/v2\/product_brand?post=18739"},{"taxonomy":"product_cat","embeddable":true,"href":"https:\/\/dev.galagar.com\/fr\/wp-json\/wp\/v2\/product_cat?post=18739"},{"taxonomy":"product_tag","embeddable":true,"href":"https:\/\/dev.galagar.com\/fr\/wp-json\/wp\/v2\/product_tag?post=18739"}],"curies":[{"name":"wp","href":"https:\/\/api.w.org\/{rel}","templated":true}]}}