{"id":18711,"date":"2023-01-12T10:14:35","date_gmt":"2023-01-12T09:14:35","guid":{"rendered":"https:\/\/dev.galagar.com\/producto\/smart-mig-350-mp\/"},"modified":"2023-06-20T09:54:50","modified_gmt":"2023-06-20T07:54:50","slug":"smart-mig-350-mp","status":"publish","type":"product","link":"https:\/\/dev.galagar.com\/fr\/produit\/smart-mig-350-mp\/","title":{"rendered":"Smart MIG 350 MP"},"content":{"rendered":"<div class=\"fusion-fullwidth fullwidth-box fusion-builder-row-1 fusion-flex-container nonhundred-percent-fullwidth non-hundred-percent-height-scrolling\" style=\"--awb-border-radius-top-left:0px;--awb-border-radius-top-right:0px;--awb-border-radius-bottom-right:0px;--awb-border-radius-bottom-left:0px;--awb-padding-right:0px;--awb-padding-left:0px;--awb-flex-wrap:wrap;\" ><div class=\"fusion-builder-row fusion-row fusion-flex-align-items-flex-start fusion-flex-content-wrap\" style=\"max-width:1216.8px;margin-left: calc(-4% \/ 2 );margin-right: calc(-4% \/ 2 );\"><div class=\"fusion-layout-column fusion_builder_column fusion-builder-column-0 fusion_builder_column_3_5 3_5 fusion-flex-column\" style=\"--awb-bg-size:cover;--awb-width-large:60%;--awb-margin-top-large:0px;--awb-spacing-right-large:3.2%;--awb-margin-bottom-large:20px;--awb-spacing-left-large:3.2%;--awb-width-medium:100%;--awb-order-medium:0;--awb-spacing-right-medium:1.92%;--awb-spacing-left-medium:1.92%;--awb-width-small:100%;--awb-order-small:0;--awb-spacing-right-small:1.92%;--awb-spacing-left-small:1.92%;\"><div class=\"fusion-column-wrapper fusion-column-has-shadow fusion-flex-justify-content-flex-start fusion-content-layout-column\">\n<div class=\"table-2 gal-textos-menores\">\n<table width=\"100%\">\n<thead>\n<tr>\n<th align=\"left\">Caract\u00e9ristiques<\/th>\n<th align=\"left\"><\/th>\n<\/tr>\n<\/thead>\n<tbody>\n<tr>\n<td>Tension d&#8217;alimentation<\/td>\n<td>3 Ph 400V \u00b1 10 % &#8211; 50\/60 Hz.<\/td>\n<\/tr>\n<tr>\n<td>Marge r\u00e9glementaire<\/td>\n<td>50 A \u00f7 350 A<\/td>\n<\/tr>\n<tr>\n<td>Facteur de marche MIG\/MAG 40\u00baC<\/td>\n<td>350 A \/ 40 %<\/td>\n<\/tr>\n<tr>\n<td>Facteur de marche MMA 40\u00baC<\/td>\n<td>350 A \/ 40 %<\/td>\n<\/tr>\n<tr>\n<td>Facteur de service TIG 40\u00baC<\/td>\n<td>350 A \/ 40 %<\/td>\n<\/tr>\n<tr>\n<td>Puissance maximale absorb\u00e9e<\/td>\n<td>15 Kva<\/td>\n<\/tr>\n<tr>\n<td>Vitesse maximale du fil<\/td>\n<td>15 m\/min.<\/td>\n<\/tr>\n<tr>\n<td>Dimensions (largeur x hauteur x longueur)<\/td>\n<td>400 x 670 x 900 mm.<\/td>\n<\/tr>\n<tr>\n<td>Poids<\/td>\n<td>51 Kg.<\/td>\n<\/tr>\n<\/tbody>\n<\/table>\n<\/div>\n<\/div><\/div><\/div><\/div>\n","protected":false},"excerpt":{"rendered":"<p><img decoding=\"async\" class=\"alignnone wp-image-25377\" src=\"https:\/\/dev.galagar.com\/wp-content\/uploads\/2023\/06\/Nuevo_FR.jpg\" alt=\"\" width=\"206\" height=\"127\" srcset=\"https:\/\/dev.galagar.com\/wp-content\/uploads\/2023\/06\/Nuevo_FR-200x124.jpg 200w, https:\/\/dev.galagar.com\/wp-content\/uploads\/2023\/06\/Nuevo_FR-300x186.jpg 300w, https:\/\/dev.galagar.com\/wp-content\/uploads\/2023\/06\/Nuevo_FR-400x248.jpg 400w, https:\/\/dev.galagar.com\/wp-content\/uploads\/2023\/06\/Nuevo_FR.jpg 433w\" sizes=\"(max-width: 206px) 100vw, 206px\" \/><\/p>\n<p><strong>Proc\u00e9d\u00e9s : <\/strong>MIG\/MAG &#8211; MMA &#8211; TIG DC Lift<br \/>\n<strong>Mat\u00e9riaux : <\/strong>Acier au carbone &#8211; Acier inoxydable &#8211; Aluminium<br \/>\n<strong>Syst\u00e8me VRD : <\/strong>syst\u00e8me de s\u00e9curit\u00e9 pour le contr\u00f4le de la tension de d\u00e9marrage.<\/p>\n<p><strong>Applications : <\/strong>Menuiserie m\u00e9tallique &#8211; Maintenance &#8211; Artisanat &#8211; Carrosserie &#8211; Ateliers de m\u00e9canique &#8211; Construction &#8211; Electriciens &#8211; R\u00e9parations &#8211; R\u00e9paration<\/p>\n<p><strong>Comprend : <\/strong>&#8211; Tuyau de gaz &#8211; C\u00e2ble avec prise de terre &#8211; Chariot de transport &#8211; \u00c9quipement assembl\u00e9 et test\u00e9.<\/p>\n<h3><span style=\"color: #008000;\"><strong>\u00c9conomisez jusqu&#8217;\u00e0 30 % sur le gaz<\/strong><\/span><\/h3>\n<p><a href=\"https:\/\/dev.galagar.com\/producto\/valvulas-economizadoras-de-gas\/\" target=\"_blank\" rel=\"noopener\">En savoir plus sur nos valves \u00e9conomiques.<\/a><\/p>\n","protected":false},"featured_media":18716,"template":"","meta":{"_acf_changed":false},"product_brand":[],"product_cat":[937,1578,1579],"product_tag":[],"class_list":{"0":"post-18711","1":"product","2":"type-product","3":"status-publish","4":"has-post-thumbnail","6":"product_cat-produits","7":"product_cat-mig-mag-fr","8":"product_cat-multiprocede","10":"first","11":"instock","12":"purchasable","13":"product-type-simple"},"acf":[],"yoast_head":"<!-- This site is optimized with the Yoast SEO plugin v24.8.1 - https:\/\/yoast.com\/wordpress\/plugins\/seo\/ -->\n<title>Smart MIG 350 MP | GALA GAR - Productos de soldadura y reguladores de gas - Gas y soldadura<\/title>\n<meta name=\"robots\" content=\"noindex, follow, max-snippet:-1, max-image-preview:large, max-video-preview:-1\" \/>\n<meta property=\"og:locale\" content=\"fr_FR\" \/>\n<meta property=\"og:type\" content=\"article\" \/>\n<meta property=\"og:title\" content=\"Smart MIG 350 MP | GALA GAR - Productos de soldadura y reguladores de gas - Gas y soldadura\" \/>\n<meta property=\"og:description\" content=\"Proc\u00e9d\u00e9s : MIG\/MAG - MMA - TIG DC Lift Mat\u00e9riaux : Acier au carbone - Acier inoxydable - Aluminium Syst\u00e8me VRD : syst\u00e8me de s\u00e9curit\u00e9 pour le contr\u00f4le de la tension de d\u00e9marrage.  Applications : Menuiserie m\u00e9tallique - Maintenance - Artisanat - Carrosserie - Ateliers de m\u00e9canique - Construction - Electriciens - R\u00e9parations - R\u00e9paration  Comprend : - Tuyau de gaz - C\u00e2ble avec prise de terre - Chariot de transport - \u00c9quipement assembl\u00e9 et test\u00e9. \u00c9conomisez jusqu&#039;\u00e0 30 % sur le gaz En savoir plus sur nos valves \u00e9conomiques.\" \/>\n<meta property=\"og:url\" content=\"https:\/\/dev.galagar.com\/fr\/produit\/smart-mig-350-mp\/\" \/>\n<meta property=\"og:site_name\" content=\"GALA GAR - Productos de soldadura y reguladores de gas - Gas y soldadura\" \/>\n<meta property=\"article:modified_time\" content=\"2023-06-20T07:54:50+00:00\" \/>\n<meta property=\"og:image\" content=\"https:\/\/dev.galagar.com\/wp-content\/uploads\/2023\/01\/SmartMIG350_New.jpg\" \/>\n\t<meta property=\"og:image:width\" content=\"640\" \/>\n\t<meta property=\"og:image:height\" content=\"800\" \/>\n\t<meta property=\"og:image:type\" content=\"image\/jpeg\" \/>\n<meta name=\"twitter:card\" content=\"summary_large_image\" \/>\n<meta name=\"twitter:label1\" content=\"Dur\u00e9e de lecture estim\u00e9e\" \/>\n\t<meta name=\"twitter:data1\" content=\"2 minutes\" \/>\n<script type=\"application\/ld+json\" class=\"yoast-schema-graph\">{\"@context\":\"https:\/\/schema.org\",\"@graph\":[{\"@type\":\"WebPage\",\"@id\":\"https:\/\/dev.galagar.com\/fr\/produit\/smart-mig-350-mp\/\",\"url\":\"https:\/\/dev.galagar.com\/fr\/produit\/smart-mig-350-mp\/\",\"name\":\"Smart MIG 350 MP | GALA GAR - Productos de soldadura y reguladores de gas - Gas y soldadura\",\"isPartOf\":{\"@id\":\"https:\/\/dev.galagar.com\/fr\/#website\"},\"primaryImageOfPage\":{\"@id\":\"https:\/\/dev.galagar.com\/fr\/produit\/smart-mig-350-mp\/#primaryimage\"},\"image\":{\"@id\":\"https:\/\/dev.galagar.com\/fr\/produit\/smart-mig-350-mp\/#primaryimage\"},\"thumbnailUrl\":\"https:\/\/dev.galagar.com\/wp-content\/uploads\/2023\/01\/SmartMIG350_New.jpg\",\"datePublished\":\"2023-01-12T09:14:35+00:00\",\"dateModified\":\"2023-06-20T07:54:50+00:00\",\"breadcrumb\":{\"@id\":\"https:\/\/dev.galagar.com\/fr\/produit\/smart-mig-350-mp\/#breadcrumb\"},\"inLanguage\":\"fr-FR\",\"potentialAction\":[{\"@type\":\"ReadAction\",\"target\":[\"https:\/\/dev.galagar.com\/fr\/produit\/smart-mig-350-mp\/\"]}]},{\"@type\":\"ImageObject\",\"inLanguage\":\"fr-FR\",\"@id\":\"https:\/\/dev.galagar.com\/fr\/produit\/smart-mig-350-mp\/#primaryimage\",\"url\":\"https:\/\/dev.galagar.com\/wp-content\/uploads\/2023\/01\/SmartMIG350_New.jpg\",\"contentUrl\":\"https:\/\/dev.galagar.com\/wp-content\/uploads\/2023\/01\/SmartMIG350_New.jpg\",\"width\":640,\"height\":800},{\"@type\":\"BreadcrumbList\",\"@id\":\"https:\/\/dev.galagar.com\/fr\/produit\/smart-mig-350-mp\/#breadcrumb\",\"itemListElement\":[{\"@type\":\"ListItem\",\"position\":1,\"name\":\"Inicio\",\"item\":\"https:\/\/dev.galagar.com\/fr\/accueil\/\"},{\"@type\":\"ListItem\",\"position\":2,\"name\":\"Tienda\",\"item\":\"https:\/\/dev.galagar.com\/tienda\/\"},{\"@type\":\"ListItem\",\"position\":3,\"name\":\"Produits\",\"item\":\"https:\/\/dev.galagar.com\/fr\/categoria-producto\/produits\/\"},{\"@type\":\"ListItem\",\"position\":4,\"name\":\"Postes \u00e0 souder\",\"item\":\"https:\/\/dev.galagar.com\/fr\/categoria-producto\/produits\/postes-a-souder\/\"},{\"@type\":\"ListItem\",\"position\":5,\"name\":\"MIG\/MAG\",\"item\":\"https:\/\/dev.galagar.com\/fr\/categoria-producto\/produits\/postes-a-souder\/mig-mag-fr\/\"},{\"@type\":\"ListItem\",\"position\":6,\"name\":\"Multi-proc\u00e9d\u00e9\",\"item\":\"https:\/\/dev.galagar.com\/fr\/categoria-producto\/produits\/postes-a-souder\/mig-mag-fr\/multiprocede\/\"},{\"@type\":\"ListItem\",\"position\":7,\"name\":\"Smart MIG 350 MP\"}]},{\"@type\":\"WebSite\",\"@id\":\"https:\/\/dev.galagar.com\/fr\/#website\",\"url\":\"https:\/\/dev.galagar.com\/fr\/\",\"name\":\"GALA GAR - Productos de soldadura y reguladores de gas - Gas y soldadura\",\"description\":\"Gala Gar es fabricante de tecnolog\u00eda competitiva para soldadura (MMA-TIG-MIG\/MAG-CORTE POR PLASMA), regulaci\u00f3n de gases, y para soldadura y corte por gas.\",\"publisher\":{\"@id\":\"https:\/\/dev.galagar.com\/fr\/#organization\"},\"potentialAction\":[{\"@type\":\"SearchAction\",\"target\":{\"@type\":\"EntryPoint\",\"urlTemplate\":\"https:\/\/dev.galagar.com\/fr\/?s={search_term_string}\"},\"query-input\":{\"@type\":\"PropertyValueSpecification\",\"valueRequired\":true,\"valueName\":\"search_term_string\"}}],\"inLanguage\":\"fr-FR\"},{\"@type\":\"Organization\",\"@id\":\"https:\/\/dev.galagar.com\/fr\/#organization\",\"name\":\"GALA GAR welding\",\"url\":\"https:\/\/dev.galagar.com\/fr\/\",\"logo\":{\"@type\":\"ImageObject\",\"inLanguage\":\"fr-FR\",\"@id\":\"https:\/\/dev.galagar.com\/fr\/#\/schema\/logo\/image\/\",\"url\":\"\",\"contentUrl\":\"\",\"caption\":\"GALA GAR welding\"},\"image\":{\"@id\":\"https:\/\/dev.galagar.com\/fr\/#\/schema\/logo\/image\/\"}}]}<\/script>\n<!-- \/ Yoast SEO plugin. -->","yoast_head_json":{"title":"Smart MIG 350 MP | GALA GAR - Productos de soldadura y reguladores de gas - Gas y soldadura","robots":{"index":"noindex","follow":"follow","max-snippet":"max-snippet:-1","max-image-preview":"max-image-preview:large","max-video-preview":"max-video-preview:-1"},"og_locale":"fr_FR","og_type":"article","og_title":"Smart MIG 350 MP | GALA GAR - Productos de soldadura y reguladores de gas - Gas y soldadura","og_description":"Proc\u00e9d\u00e9s : MIG\/MAG - MMA - TIG DC Lift Mat\u00e9riaux : Acier au carbone - Acier inoxydable - Aluminium Syst\u00e8me VRD : syst\u00e8me de s\u00e9curit\u00e9 pour le contr\u00f4le de la tension de d\u00e9marrage.  Applications : Menuiserie m\u00e9tallique - Maintenance - Artisanat - Carrosserie - Ateliers de m\u00e9canique - Construction - Electriciens - R\u00e9parations - R\u00e9paration  Comprend : - Tuyau de gaz - C\u00e2ble avec prise de terre - Chariot de transport - \u00c9quipement assembl\u00e9 et test\u00e9. \u00c9conomisez jusqu'\u00e0 30 % sur le gaz En savoir plus sur nos valves \u00e9conomiques.","og_url":"https:\/\/dev.galagar.com\/fr\/produit\/smart-mig-350-mp\/","og_site_name":"GALA GAR - Productos de soldadura y reguladores de gas - Gas y soldadura","article_modified_time":"2023-06-20T07:54:50+00:00","og_image":[{"width":640,"height":800,"url":"https:\/\/dev.galagar.com\/wp-content\/uploads\/2023\/01\/SmartMIG350_New.jpg","type":"image\/jpeg"}],"twitter_card":"summary_large_image","twitter_misc":{"Dur\u00e9e de lecture estim\u00e9e":"2 minutes"},"schema":{"@context":"https:\/\/schema.org","@graph":[{"@type":"WebPage","@id":"https:\/\/dev.galagar.com\/fr\/produit\/smart-mig-350-mp\/","url":"https:\/\/dev.galagar.com\/fr\/produit\/smart-mig-350-mp\/","name":"Smart MIG 350 MP | GALA GAR - Productos de soldadura y reguladores de gas - Gas y soldadura","isPartOf":{"@id":"https:\/\/dev.galagar.com\/fr\/#website"},"primaryImageOfPage":{"@id":"https:\/\/dev.galagar.com\/fr\/produit\/smart-mig-350-mp\/#primaryimage"},"image":{"@id":"https:\/\/dev.galagar.com\/fr\/produit\/smart-mig-350-mp\/#primaryimage"},"thumbnailUrl":"https:\/\/dev.galagar.com\/wp-content\/uploads\/2023\/01\/SmartMIG350_New.jpg","datePublished":"2023-01-12T09:14:35+00:00","dateModified":"2023-06-20T07:54:50+00:00","breadcrumb":{"@id":"https:\/\/dev.galagar.com\/fr\/produit\/smart-mig-350-mp\/#breadcrumb"},"inLanguage":"fr-FR","potentialAction":[{"@type":"ReadAction","target":["https:\/\/dev.galagar.com\/fr\/produit\/smart-mig-350-mp\/"]}]},{"@type":"ImageObject","inLanguage":"fr-FR","@id":"https:\/\/dev.galagar.com\/fr\/produit\/smart-mig-350-mp\/#primaryimage","url":"https:\/\/dev.galagar.com\/wp-content\/uploads\/2023\/01\/SmartMIG350_New.jpg","contentUrl":"https:\/\/dev.galagar.com\/wp-content\/uploads\/2023\/01\/SmartMIG350_New.jpg","width":640,"height":800},{"@type":"BreadcrumbList","@id":"https:\/\/dev.galagar.com\/fr\/produit\/smart-mig-350-mp\/#breadcrumb","itemListElement":[{"@type":"ListItem","position":1,"name":"Inicio","item":"https:\/\/dev.galagar.com\/fr\/accueil\/"},{"@type":"ListItem","position":2,"name":"Tienda","item":"https:\/\/dev.galagar.com\/tienda\/"},{"@type":"ListItem","position":3,"name":"Produits","item":"https:\/\/dev.galagar.com\/fr\/categoria-producto\/produits\/"},{"@type":"ListItem","position":4,"name":"Postes \u00e0 souder","item":"https:\/\/dev.galagar.com\/fr\/categoria-producto\/produits\/postes-a-souder\/"},{"@type":"ListItem","position":5,"name":"MIG\/MAG","item":"https:\/\/dev.galagar.com\/fr\/categoria-producto\/produits\/postes-a-souder\/mig-mag-fr\/"},{"@type":"ListItem","position":6,"name":"Multi-proc\u00e9d\u00e9","item":"https:\/\/dev.galagar.com\/fr\/categoria-producto\/produits\/postes-a-souder\/mig-mag-fr\/multiprocede\/"},{"@type":"ListItem","position":7,"name":"Smart MIG 350 MP"}]},{"@type":"WebSite","@id":"https:\/\/dev.galagar.com\/fr\/#website","url":"https:\/\/dev.galagar.com\/fr\/","name":"GALA GAR - Productos de soldadura y reguladores de gas - Gas y soldadura","description":"Gala Gar es fabricante de tecnolog\u00eda competitiva para soldadura (MMA-TIG-MIG\/MAG-CORTE POR PLASMA), regulaci\u00f3n de gases, y para soldadura y corte por gas.","publisher":{"@id":"https:\/\/dev.galagar.com\/fr\/#organization"},"potentialAction":[{"@type":"SearchAction","target":{"@type":"EntryPoint","urlTemplate":"https:\/\/dev.galagar.com\/fr\/?s={search_term_string}"},"query-input":{"@type":"PropertyValueSpecification","valueRequired":true,"valueName":"search_term_string"}}],"inLanguage":"fr-FR"},{"@type":"Organization","@id":"https:\/\/dev.galagar.com\/fr\/#organization","name":"GALA GAR welding","url":"https:\/\/dev.galagar.com\/fr\/","logo":{"@type":"ImageObject","inLanguage":"fr-FR","@id":"https:\/\/dev.galagar.com\/fr\/#\/schema\/logo\/image\/","url":"","contentUrl":"","caption":"GALA GAR welding"},"image":{"@id":"https:\/\/dev.galagar.com\/fr\/#\/schema\/logo\/image\/"}}]}},"_links":{"self":[{"href":"https:\/\/dev.galagar.com\/fr\/wp-json\/wp\/v2\/product\/18711","targetHints":{"allow":["GET"]}}],"collection":[{"href":"https:\/\/dev.galagar.com\/fr\/wp-json\/wp\/v2\/product"}],"about":[{"href":"https:\/\/dev.galagar.com\/fr\/wp-json\/wp\/v2\/types\/product"}],"wp:featuredmedia":[{"embeddable":true,"href":"https:\/\/dev.galagar.com\/fr\/wp-json\/wp\/v2\/media\/18716"}],"wp:attachment":[{"href":"https:\/\/dev.galagar.com\/fr\/wp-json\/wp\/v2\/media?parent=18711"}],"wp:term":[{"taxonomy":"product_brand","embeddable":true,"href":"https:\/\/dev.galagar.com\/fr\/wp-json\/wp\/v2\/product_brand?post=18711"},{"taxonomy":"product_cat","embeddable":true,"href":"https:\/\/dev.galagar.com\/fr\/wp-json\/wp\/v2\/product_cat?post=18711"},{"taxonomy":"product_tag","embeddable":true,"href":"https:\/\/dev.galagar.com\/fr\/wp-json\/wp\/v2\/product_tag?post=18711"}],"curies":[{"name":"wp","href":"https:\/\/api.w.org\/{rel}","templated":true}]}}