{"id":18609,"date":"2022-01-27T19:45:38","date_gmt":"2022-01-27T18:45:38","guid":{"rendered":"https:\/\/dev.galagar.com\/producto\/gap-ob-oxygene-butane\/"},"modified":"2023-06-20T07:56:13","modified_gmt":"2023-06-20T05:56:13","slug":"gap-ob-oxygene-butane","status":"publish","type":"product","link":"https:\/\/dev.galagar.com\/fr\/produit\/gap-ob-oxygene-butane\/","title":{"rendered":"GAP OB (Oxyg\u00e8ne\/Butane)"},"content":{"rendered":"","protected":false},"excerpt":{"rendered":"<p>Particuli\u00e8rement pour : Chauffagistes, installateurs, r\u00e9parateurs, chantiers, ateliers de r\u00e9paration automobile, d&#8217;accessoires et d&#8217;entretien.<\/p>\n<p><strong>\u00c9l\u00e9ments du groupe complet :<\/strong><br \/>\n1 Bouteille oxyg\u00e8ne 5 l. &#8211; R\u00e9f. 91000006<br \/>\n1 Bouteille butane 2,8 kg. &#8211; R\u00e9f. 91000027<br \/>\n1 Robinet d&#8217;\u00e9vacuation libre &#8211; R\u00e9f. 73200203<br \/>\n1 chalumeau MINOR avec jeu de buses &#8211; R\u00e9f. 10500200<br \/>\n1 tuyau double de 3 m. &#8211; R\u00e9f. 78000603<br \/>\n1 R\u00e9gulateur Gasweld Ox &#8211; R\u00e9f. 30500001<br \/>\n1 Chariot de transport &#8211; R\u00e9f. 71500100<\/p>\n","protected":false},"featured_media":18634,"template":"","meta":{"_acf_changed":false},"product_brand":[],"product_cat":[937,1455],"product_tag":[],"class_list":{"0":"post-18609","1":"product","2":"type-product","3":"status-publish","4":"has-post-thumbnail","6":"product_cat-produits","7":"product_cat-groupes-autonomes","9":"first","10":"instock","11":"taxable","12":"shipping-taxable","13":"product-type-variable"},"acf":[],"yoast_head":"<!-- This site is optimized with the Yoast SEO plugin v24.8.1 - https:\/\/yoast.com\/wordpress\/plugins\/seo\/ -->\n<title>GAP OB (Oxyg\u00e8ne\/Butane) | GALA GAR - Productos de soldadura y reguladores de gas - Gas y soldadura<\/title>\n<meta name=\"robots\" content=\"noindex, follow, max-snippet:-1, max-image-preview:large, max-video-preview:-1\" \/>\n<meta property=\"og:locale\" content=\"fr_FR\" \/>\n<meta property=\"og:type\" content=\"article\" \/>\n<meta property=\"og:title\" content=\"GAP OB (Oxyg\u00e8ne\/Butane) | GALA GAR - Productos de soldadura y reguladores de gas - Gas y soldadura\" \/>\n<meta property=\"og:description\" content=\"Particuli\u00e8rement pour : Chauffagistes, installateurs, r\u00e9parateurs, chantiers, ateliers de r\u00e9paration automobile, d&#039;accessoires et d&#039;entretien.  \u00c9l\u00e9ments du groupe complet : 1 Bouteille oxyg\u00e8ne 5 l. - R\u00e9f. 91000006 1 Bouteille butane 2,8 kg. - R\u00e9f. 91000027 1 Robinet d&#039;\u00e9vacuation libre - R\u00e9f. 73200203 1 chalumeau MINOR avec jeu de buses - R\u00e9f. 10500200 1 tuyau double de 3 m. - R\u00e9f. 78000603 1 R\u00e9gulateur Gasweld Ox - R\u00e9f. 30500001 1 Chariot de transport - R\u00e9f. 71500100\" \/>\n<meta property=\"og:url\" content=\"https:\/\/dev.galagar.com\/fr\/produit\/gap-ob-oxygene-butane\/\" \/>\n<meta property=\"og:site_name\" content=\"GALA GAR - Productos de soldadura y reguladores de gas - Gas y soldadura\" \/>\n<meta property=\"article:modified_time\" content=\"2023-06-20T05:56:13+00:00\" \/>\n<meta property=\"og:image\" content=\"https:\/\/dev.galagar.com\/wp-content\/uploads\/2022\/02\/GAP-78000068.jpg\" \/>\n\t<meta property=\"og:image:width\" content=\"640\" \/>\n\t<meta property=\"og:image:height\" content=\"800\" \/>\n\t<meta property=\"og:image:type\" content=\"image\/jpeg\" \/>\n<meta name=\"twitter:card\" content=\"summary_large_image\" \/>\n<script type=\"application\/ld+json\" class=\"yoast-schema-graph\">{\"@context\":\"https:\/\/schema.org\",\"@graph\":[{\"@type\":\"WebPage\",\"@id\":\"https:\/\/dev.galagar.com\/fr\/produit\/gap-ob-oxygene-butane\/\",\"url\":\"https:\/\/dev.galagar.com\/fr\/produit\/gap-ob-oxygene-butane\/\",\"name\":\"GAP OB (Oxyg\u00e8ne\/Butane) | GALA GAR - Productos de soldadura y reguladores de gas - Gas y soldadura\",\"isPartOf\":{\"@id\":\"https:\/\/dev.galagar.com\/fr\/#website\"},\"primaryImageOfPage\":{\"@id\":\"https:\/\/dev.galagar.com\/fr\/produit\/gap-ob-oxygene-butane\/#primaryimage\"},\"image\":{\"@id\":\"https:\/\/dev.galagar.com\/fr\/produit\/gap-ob-oxygene-butane\/#primaryimage\"},\"thumbnailUrl\":\"https:\/\/dev.galagar.com\/wp-content\/uploads\/2022\/02\/GAP-78000068.jpg\",\"datePublished\":\"2022-01-27T18:45:38+00:00\",\"dateModified\":\"2023-06-20T05:56:13+00:00\",\"breadcrumb\":{\"@id\":\"https:\/\/dev.galagar.com\/fr\/produit\/gap-ob-oxygene-butane\/#breadcrumb\"},\"inLanguage\":\"fr-FR\",\"potentialAction\":[{\"@type\":\"ReadAction\",\"target\":[\"https:\/\/dev.galagar.com\/fr\/produit\/gap-ob-oxygene-butane\/\"]}]},{\"@type\":\"ImageObject\",\"inLanguage\":\"fr-FR\",\"@id\":\"https:\/\/dev.galagar.com\/fr\/produit\/gap-ob-oxygene-butane\/#primaryimage\",\"url\":\"https:\/\/dev.galagar.com\/wp-content\/uploads\/2022\/02\/GAP-78000068.jpg\",\"contentUrl\":\"https:\/\/dev.galagar.com\/wp-content\/uploads\/2022\/02\/GAP-78000068.jpg\",\"width\":640,\"height\":800},{\"@type\":\"BreadcrumbList\",\"@id\":\"https:\/\/dev.galagar.com\/fr\/produit\/gap-ob-oxygene-butane\/#breadcrumb\",\"itemListElement\":[{\"@type\":\"ListItem\",\"position\":1,\"name\":\"Inicio\",\"item\":\"https:\/\/dev.galagar.com\/fr\/accueil\/\"},{\"@type\":\"ListItem\",\"position\":2,\"name\":\"Tienda\",\"item\":\"https:\/\/dev.galagar.com\/tienda\/\"},{\"@type\":\"ListItem\",\"position\":3,\"name\":\"Produits\",\"item\":\"https:\/\/dev.galagar.com\/fr\/categoria-producto\/produits\/\"},{\"@type\":\"ListItem\",\"position\":4,\"name\":\"Gaz\",\"item\":\"https:\/\/dev.galagar.com\/fr\/categoria-producto\/produits\/gaz\/\"},{\"@type\":\"ListItem\",\"position\":5,\"name\":\"Groupes autonomes\",\"item\":\"https:\/\/dev.galagar.com\/fr\/categoria-producto\/produits\/gaz\/groupes-autonomes\/\"},{\"@type\":\"ListItem\",\"position\":6,\"name\":\"GAP OB (Oxyg\u00e8ne\/Butane)\"}]},{\"@type\":\"WebSite\",\"@id\":\"https:\/\/dev.galagar.com\/fr\/#website\",\"url\":\"https:\/\/dev.galagar.com\/fr\/\",\"name\":\"GALA GAR - Productos de soldadura y reguladores de gas - Gas y soldadura\",\"description\":\"Gala Gar es fabricante de tecnolog\u00eda competitiva para soldadura (MMA-TIG-MIG\/MAG-CORTE POR PLASMA), regulaci\u00f3n de gases, y para soldadura y corte por gas.\",\"publisher\":{\"@id\":\"https:\/\/dev.galagar.com\/fr\/#organization\"},\"potentialAction\":[{\"@type\":\"SearchAction\",\"target\":{\"@type\":\"EntryPoint\",\"urlTemplate\":\"https:\/\/dev.galagar.com\/fr\/?s={search_term_string}\"},\"query-input\":{\"@type\":\"PropertyValueSpecification\",\"valueRequired\":true,\"valueName\":\"search_term_string\"}}],\"inLanguage\":\"fr-FR\"},{\"@type\":\"Organization\",\"@id\":\"https:\/\/dev.galagar.com\/fr\/#organization\",\"name\":\"GALA GAR welding\",\"url\":\"https:\/\/dev.galagar.com\/fr\/\",\"logo\":{\"@type\":\"ImageObject\",\"inLanguage\":\"fr-FR\",\"@id\":\"https:\/\/dev.galagar.com\/fr\/#\/schema\/logo\/image\/\",\"url\":\"\",\"contentUrl\":\"\",\"caption\":\"GALA GAR welding\"},\"image\":{\"@id\":\"https:\/\/dev.galagar.com\/fr\/#\/schema\/logo\/image\/\"}}]}<\/script>\n<!-- \/ Yoast SEO plugin. -->","yoast_head_json":{"title":"GAP OB (Oxyg\u00e8ne\/Butane) | GALA GAR - Productos de soldadura y reguladores de gas - Gas y soldadura","robots":{"index":"noindex","follow":"follow","max-snippet":"max-snippet:-1","max-image-preview":"max-image-preview:large","max-video-preview":"max-video-preview:-1"},"og_locale":"fr_FR","og_type":"article","og_title":"GAP OB (Oxyg\u00e8ne\/Butane) | GALA GAR - Productos de soldadura y reguladores de gas - Gas y soldadura","og_description":"Particuli\u00e8rement pour : Chauffagistes, installateurs, r\u00e9parateurs, chantiers, ateliers de r\u00e9paration automobile, d'accessoires et d'entretien.  \u00c9l\u00e9ments du groupe complet : 1 Bouteille oxyg\u00e8ne 5 l. - R\u00e9f. 91000006 1 Bouteille butane 2,8 kg. - R\u00e9f. 91000027 1 Robinet d'\u00e9vacuation libre - R\u00e9f. 73200203 1 chalumeau MINOR avec jeu de buses - R\u00e9f. 10500200 1 tuyau double de 3 m. - R\u00e9f. 78000603 1 R\u00e9gulateur Gasweld Ox - R\u00e9f. 30500001 1 Chariot de transport - R\u00e9f. 71500100","og_url":"https:\/\/dev.galagar.com\/fr\/produit\/gap-ob-oxygene-butane\/","og_site_name":"GALA GAR - Productos de soldadura y reguladores de gas - Gas y soldadura","article_modified_time":"2023-06-20T05:56:13+00:00","og_image":[{"width":640,"height":800,"url":"https:\/\/dev.galagar.com\/wp-content\/uploads\/2022\/02\/GAP-78000068.jpg","type":"image\/jpeg"}],"twitter_card":"summary_large_image","schema":{"@context":"https:\/\/schema.org","@graph":[{"@type":"WebPage","@id":"https:\/\/dev.galagar.com\/fr\/produit\/gap-ob-oxygene-butane\/","url":"https:\/\/dev.galagar.com\/fr\/produit\/gap-ob-oxygene-butane\/","name":"GAP OB (Oxyg\u00e8ne\/Butane) | GALA GAR - Productos de soldadura y reguladores de gas - Gas y soldadura","isPartOf":{"@id":"https:\/\/dev.galagar.com\/fr\/#website"},"primaryImageOfPage":{"@id":"https:\/\/dev.galagar.com\/fr\/produit\/gap-ob-oxygene-butane\/#primaryimage"},"image":{"@id":"https:\/\/dev.galagar.com\/fr\/produit\/gap-ob-oxygene-butane\/#primaryimage"},"thumbnailUrl":"https:\/\/dev.galagar.com\/wp-content\/uploads\/2022\/02\/GAP-78000068.jpg","datePublished":"2022-01-27T18:45:38+00:00","dateModified":"2023-06-20T05:56:13+00:00","breadcrumb":{"@id":"https:\/\/dev.galagar.com\/fr\/produit\/gap-ob-oxygene-butane\/#breadcrumb"},"inLanguage":"fr-FR","potentialAction":[{"@type":"ReadAction","target":["https:\/\/dev.galagar.com\/fr\/produit\/gap-ob-oxygene-butane\/"]}]},{"@type":"ImageObject","inLanguage":"fr-FR","@id":"https:\/\/dev.galagar.com\/fr\/produit\/gap-ob-oxygene-butane\/#primaryimage","url":"https:\/\/dev.galagar.com\/wp-content\/uploads\/2022\/02\/GAP-78000068.jpg","contentUrl":"https:\/\/dev.galagar.com\/wp-content\/uploads\/2022\/02\/GAP-78000068.jpg","width":640,"height":800},{"@type":"BreadcrumbList","@id":"https:\/\/dev.galagar.com\/fr\/produit\/gap-ob-oxygene-butane\/#breadcrumb","itemListElement":[{"@type":"ListItem","position":1,"name":"Inicio","item":"https:\/\/dev.galagar.com\/fr\/accueil\/"},{"@type":"ListItem","position":2,"name":"Tienda","item":"https:\/\/dev.galagar.com\/tienda\/"},{"@type":"ListItem","position":3,"name":"Produits","item":"https:\/\/dev.galagar.com\/fr\/categoria-producto\/produits\/"},{"@type":"ListItem","position":4,"name":"Gaz","item":"https:\/\/dev.galagar.com\/fr\/categoria-producto\/produits\/gaz\/"},{"@type":"ListItem","position":5,"name":"Groupes autonomes","item":"https:\/\/dev.galagar.com\/fr\/categoria-producto\/produits\/gaz\/groupes-autonomes\/"},{"@type":"ListItem","position":6,"name":"GAP OB (Oxyg\u00e8ne\/Butane)"}]},{"@type":"WebSite","@id":"https:\/\/dev.galagar.com\/fr\/#website","url":"https:\/\/dev.galagar.com\/fr\/","name":"GALA GAR - Productos de soldadura y reguladores de gas - Gas y soldadura","description":"Gala Gar es fabricante de tecnolog\u00eda competitiva para soldadura (MMA-TIG-MIG\/MAG-CORTE POR PLASMA), regulaci\u00f3n de gases, y para soldadura y corte por gas.","publisher":{"@id":"https:\/\/dev.galagar.com\/fr\/#organization"},"potentialAction":[{"@type":"SearchAction","target":{"@type":"EntryPoint","urlTemplate":"https:\/\/dev.galagar.com\/fr\/?s={search_term_string}"},"query-input":{"@type":"PropertyValueSpecification","valueRequired":true,"valueName":"search_term_string"}}],"inLanguage":"fr-FR"},{"@type":"Organization","@id":"https:\/\/dev.galagar.com\/fr\/#organization","name":"GALA GAR welding","url":"https:\/\/dev.galagar.com\/fr\/","logo":{"@type":"ImageObject","inLanguage":"fr-FR","@id":"https:\/\/dev.galagar.com\/fr\/#\/schema\/logo\/image\/","url":"","contentUrl":"","caption":"GALA GAR welding"},"image":{"@id":"https:\/\/dev.galagar.com\/fr\/#\/schema\/logo\/image\/"}}]}},"_links":{"self":[{"href":"https:\/\/dev.galagar.com\/fr\/wp-json\/wp\/v2\/product\/18609","targetHints":{"allow":["GET"]}}],"collection":[{"href":"https:\/\/dev.galagar.com\/fr\/wp-json\/wp\/v2\/product"}],"about":[{"href":"https:\/\/dev.galagar.com\/fr\/wp-json\/wp\/v2\/types\/product"}],"wp:featuredmedia":[{"embeddable":true,"href":"https:\/\/dev.galagar.com\/fr\/wp-json\/wp\/v2\/media\/18634"}],"wp:attachment":[{"href":"https:\/\/dev.galagar.com\/fr\/wp-json\/wp\/v2\/media?parent=18609"}],"wp:term":[{"taxonomy":"product_brand","embeddable":true,"href":"https:\/\/dev.galagar.com\/fr\/wp-json\/wp\/v2\/product_brand?post=18609"},{"taxonomy":"product_cat","embeddable":true,"href":"https:\/\/dev.galagar.com\/fr\/wp-json\/wp\/v2\/product_cat?post=18609"},{"taxonomy":"product_tag","embeddable":true,"href":"https:\/\/dev.galagar.com\/fr\/wp-json\/wp\/v2\/product_tag?post=18609"}],"curies":[{"name":"wp","href":"https:\/\/api.w.org\/{rel}","templated":true}]}}