{"id":18589,"date":"2022-01-27T19:44:30","date_gmt":"2022-01-27T18:44:30","guid":{"rendered":"https:\/\/dev.galagar.com\/producto\/gala-3200-tig-pulse-ac-dc\/"},"modified":"2023-06-19T17:16:07","modified_gmt":"2023-06-19T15:16:07","slug":"gala-3200-tig-pulse-ac-dc","status":"publish","type":"product","link":"https:\/\/dev.galagar.com\/fr\/produit\/gala-3200-tig-pulse-ac-dc\/","title":{"rendered":"Gala 3200 TIG Pulse AC\/DC"},"content":{"rendered":"<div class=\"fusion-fullwidth fullwidth-box fusion-builder-row-1 fusion-flex-container nonhundred-percent-fullwidth non-hundred-percent-height-scrolling\" style=\"--awb-border-radius-top-left:0px;--awb-border-radius-top-right:0px;--awb-border-radius-bottom-right:0px;--awb-border-radius-bottom-left:0px;--awb-padding-right:0px;--awb-padding-left:0px;--awb-flex-wrap:wrap;\" ><div class=\"fusion-builder-row fusion-row fusion-flex-align-items-flex-start fusion-flex-content-wrap\" style=\"max-width:1216.8px;margin-left: calc(-4% \/ 2 );margin-right: calc(-4% \/ 2 );\"><div class=\"fusion-layout-column fusion_builder_column fusion-builder-column-0 fusion_builder_column_2_3 2_3 fusion-flex-column\" style=\"--awb-bg-size:cover;--awb-width-large:66.666666666667%;--awb-margin-top-large:0px;--awb-spacing-right-large:2.88%;--awb-margin-bottom-large:20px;--awb-spacing-left-large:2.88%;--awb-width-medium:100%;--awb-order-medium:0;--awb-spacing-right-medium:1.92%;--awb-spacing-left-medium:1.92%;--awb-width-small:100%;--awb-order-small:0;--awb-spacing-right-small:1.92%;--awb-spacing-left-small:1.92%;\"><div class=\"fusion-column-wrapper fusion-column-has-shadow fusion-flex-justify-content-flex-start fusion-content-layout-column\">\n<div class=\"table-2 gal-textos-menores\">\n<table width=\"100%\">\n<thead>\n<tr>\n<th align=\"left\">Caract\u00e9ristiques<\/th>\n<th align=\"left\"><\/th>\n<\/tr>\n<\/thead>\n<tbody>\n<tr>\n<td>Tension d&#8217;alimentation<\/td>\n<td>3 Ph 230\/400V \u00b1 15 % &#8211; 50\/60 Hz.<\/td>\n<\/tr>\n<tr>\n<td>Marge r\u00e9glementaire<\/td>\n<td>20 A \u00f7 400 A<\/td>\n<\/tr>\n<tr>\n<td>Facteur de service TIG 40\u00baC<\/td>\n<td>320 A \/ 35 %<\/td>\n<\/tr>\n<tr>\n<td>Facteur de marche MMA 40\u00baC<\/td>\n<td>300 A \/ 20 %<\/td>\n<\/tr>\n<tr>\n<td>Puissance maximale absorb\u00e9e<\/td>\n<td>13,2 Kva<\/td>\n<\/tr>\n<tr>\n<td>Dimensions (largeur x hauteur x longueur)<\/td>\n<td>267 x 451 x 625 mm.<\/td>\n<\/tr>\n<tr>\n<td>Poids<\/td>\n<td>35 Kg.<\/td>\n<\/tr>\n<\/tbody>\n<\/table>\n<\/div>\n<\/div><\/div><\/div><\/div>\n","protected":false},"excerpt":{"rendered":"<p>Le Gala 3200 ACDC est un poste de soudage industriel \u00e0 onduleur de pointe pour le soudage TIG DC, TIG AC et MMA.<br \/>\nConvient au soudage TIG de tous les mat\u00e9riaux, en particulier les aciers inoxydables et tous les types d&#8217;aluminium.<\/p>\n<p><strong>Proc\u00e9d\u00e9s :<\/strong> TIG puls\u00e9 &#8211; TIG bi-puls\u00e9 &#8211; TIG AC &#8211; TIG DC &#8211; MMA &#8211; Tack et M-Tack<\/p>\n<p>Mat\u00e9riaux : acier au carbone, acier inoxydable et aluminium<\/p>\n<p><strong>Applications : <\/strong>Menuiserie m\u00e9tallique et chaudronnerie &#8211; Industrie automobile Industrie chimique et papeti\u00e8re &#8211; Carrosserie Installations sportives et d&#8217;\u00e9levage &#8211; Mobilier urbain &#8211; R\u00e9paration &#8211; Entretien &#8211; Construction &#8211; Centres de formation.<\/p>\n<p>&nbsp;<\/p>\n","protected":false},"featured_media":18624,"template":"","meta":{"_acf_changed":false},"product_brand":[],"product_cat":[937,1251,1378],"product_tag":[],"class_list":{"0":"post-18589","1":"product","2":"type-product","3":"status-publish","4":"has-post-thumbnail","6":"product_cat-produits","7":"product_cat-postes-a-souder","8":"product_cat-tig-dc-acdc-fr","10":"first","11":"instock","12":"taxable","13":"shipping-taxable","14":"purchasable","15":"product-type-simple"},"acf":[],"yoast_head":"<!-- This site is optimized with the Yoast SEO plugin v24.8.1 - https:\/\/yoast.com\/wordpress\/plugins\/seo\/ -->\n<title>Gala 3200 TIG Pulse AC\/DC | GALA GAR - Productos de soldadura y reguladores de gas - Gas y soldadura<\/title>\n<meta name=\"robots\" content=\"noindex, follow, max-snippet:-1, max-image-preview:large, max-video-preview:-1\" \/>\n<meta property=\"og:locale\" content=\"fr_FR\" \/>\n<meta property=\"og:type\" content=\"article\" \/>\n<meta property=\"og:title\" content=\"Gala 3200 TIG Pulse AC\/DC | GALA GAR - Productos de soldadura y reguladores de gas - Gas y soldadura\" \/>\n<meta property=\"og:description\" content=\"Le Gala 3200 ACDC est un poste de soudage industriel \u00e0 onduleur de pointe pour le soudage TIG DC, TIG AC et MMA. Convient au soudage TIG de tous les mat\u00e9riaux, en particulier les aciers inoxydables et tous les types d&#039;aluminium. Proc\u00e9d\u00e9s : TIG puls\u00e9 - TIG bi-puls\u00e9 - TIG AC - TIG DC - MMA - Tack et M-Tack Mat\u00e9riaux : acier au carbone, acier inoxydable et aluminium Applications : Menuiserie m\u00e9tallique et chaudronnerie - Industrie automobile Industrie chimique et papeti\u00e8re - Carrosserie Installations sportives et d&#039;\u00e9levage - Mobilier urbain - R\u00e9paration - Entretien - Construction - Centres de formation. &nbsp;\" \/>\n<meta property=\"og:url\" content=\"https:\/\/dev.galagar.com\/fr\/produit\/gala-3200-tig-pulse-ac-dc\/\" \/>\n<meta property=\"og:site_name\" content=\"GALA GAR - Productos de soldadura y reguladores de gas - Gas y soldadura\" \/>\n<meta property=\"article:modified_time\" content=\"2023-06-19T15:16:07+00:00\" \/>\n<meta property=\"og:image\" content=\"https:\/\/dev.galagar.com\/wp-content\/uploads\/2022\/01\/GTS-3200-ACDC_Refrigerada.jpg\" \/>\n\t<meta property=\"og:image:width\" content=\"640\" \/>\n\t<meta property=\"og:image:height\" content=\"800\" \/>\n\t<meta property=\"og:image:type\" content=\"image\/jpeg\" \/>\n<meta name=\"twitter:card\" content=\"summary_large_image\" \/>\n<meta name=\"twitter:label1\" content=\"Dur\u00e9e de lecture estim\u00e9e\" \/>\n\t<meta name=\"twitter:data1\" content=\"2 minutes\" \/>\n<script type=\"application\/ld+json\" class=\"yoast-schema-graph\">{\"@context\":\"https:\/\/schema.org\",\"@graph\":[{\"@type\":\"WebPage\",\"@id\":\"https:\/\/dev.galagar.com\/fr\/produit\/gala-3200-tig-pulse-ac-dc\/\",\"url\":\"https:\/\/dev.galagar.com\/fr\/produit\/gala-3200-tig-pulse-ac-dc\/\",\"name\":\"Gala 3200 TIG Pulse AC\/DC | GALA GAR - Productos de soldadura y reguladores de gas - Gas y soldadura\",\"isPartOf\":{\"@id\":\"https:\/\/dev.galagar.com\/fr\/#website\"},\"primaryImageOfPage\":{\"@id\":\"https:\/\/dev.galagar.com\/fr\/produit\/gala-3200-tig-pulse-ac-dc\/#primaryimage\"},\"image\":{\"@id\":\"https:\/\/dev.galagar.com\/fr\/produit\/gala-3200-tig-pulse-ac-dc\/#primaryimage\"},\"thumbnailUrl\":\"https:\/\/dev.galagar.com\/wp-content\/uploads\/2022\/01\/GTS-3200-ACDC_Refrigerada.jpg\",\"datePublished\":\"2022-01-27T18:44:30+00:00\",\"dateModified\":\"2023-06-19T15:16:07+00:00\",\"breadcrumb\":{\"@id\":\"https:\/\/dev.galagar.com\/fr\/produit\/gala-3200-tig-pulse-ac-dc\/#breadcrumb\"},\"inLanguage\":\"fr-FR\",\"potentialAction\":[{\"@type\":\"ReadAction\",\"target\":[\"https:\/\/dev.galagar.com\/fr\/produit\/gala-3200-tig-pulse-ac-dc\/\"]}]},{\"@type\":\"ImageObject\",\"inLanguage\":\"fr-FR\",\"@id\":\"https:\/\/dev.galagar.com\/fr\/produit\/gala-3200-tig-pulse-ac-dc\/#primaryimage\",\"url\":\"https:\/\/dev.galagar.com\/wp-content\/uploads\/2022\/01\/GTS-3200-ACDC_Refrigerada.jpg\",\"contentUrl\":\"https:\/\/dev.galagar.com\/wp-content\/uploads\/2022\/01\/GTS-3200-ACDC_Refrigerada.jpg\",\"width\":640,\"height\":800},{\"@type\":\"BreadcrumbList\",\"@id\":\"https:\/\/dev.galagar.com\/fr\/produit\/gala-3200-tig-pulse-ac-dc\/#breadcrumb\",\"itemListElement\":[{\"@type\":\"ListItem\",\"position\":1,\"name\":\"Inicio\",\"item\":\"https:\/\/dev.galagar.com\/fr\/accueil\/\"},{\"@type\":\"ListItem\",\"position\":2,\"name\":\"Tienda\",\"item\":\"https:\/\/dev.galagar.com\/tienda\/\"},{\"@type\":\"ListItem\",\"position\":3,\"name\":\"Produits\",\"item\":\"https:\/\/dev.galagar.com\/fr\/categoria-producto\/produits\/\"},{\"@type\":\"ListItem\",\"position\":4,\"name\":\"Postes \u00e0 souder\",\"item\":\"https:\/\/dev.galagar.com\/fr\/categoria-producto\/produits\/postes-a-souder\/\"},{\"@type\":\"ListItem\",\"position\":5,\"name\":\"TIG DC \/ ACDC\",\"item\":\"https:\/\/dev.galagar.com\/fr\/categoria-producto\/produits\/postes-a-souder\/tig-dc-acdc-fr\/\"},{\"@type\":\"ListItem\",\"position\":6,\"name\":\"Gala 3200 TIG Pulse AC\/DC\"}]},{\"@type\":\"WebSite\",\"@id\":\"https:\/\/dev.galagar.com\/fr\/#website\",\"url\":\"https:\/\/dev.galagar.com\/fr\/\",\"name\":\"GALA GAR - Productos de soldadura y reguladores de gas - Gas y soldadura\",\"description\":\"Gala Gar es fabricante de tecnolog\u00eda competitiva para soldadura (MMA-TIG-MIG\/MAG-CORTE POR PLASMA), regulaci\u00f3n de gases, y para soldadura y corte por gas.\",\"publisher\":{\"@id\":\"https:\/\/dev.galagar.com\/fr\/#organization\"},\"potentialAction\":[{\"@type\":\"SearchAction\",\"target\":{\"@type\":\"EntryPoint\",\"urlTemplate\":\"https:\/\/dev.galagar.com\/fr\/?s={search_term_string}\"},\"query-input\":{\"@type\":\"PropertyValueSpecification\",\"valueRequired\":true,\"valueName\":\"search_term_string\"}}],\"inLanguage\":\"fr-FR\"},{\"@type\":\"Organization\",\"@id\":\"https:\/\/dev.galagar.com\/fr\/#organization\",\"name\":\"GALA GAR welding\",\"url\":\"https:\/\/dev.galagar.com\/fr\/\",\"logo\":{\"@type\":\"ImageObject\",\"inLanguage\":\"fr-FR\",\"@id\":\"https:\/\/dev.galagar.com\/fr\/#\/schema\/logo\/image\/\",\"url\":\"\",\"contentUrl\":\"\",\"caption\":\"GALA GAR welding\"},\"image\":{\"@id\":\"https:\/\/dev.galagar.com\/fr\/#\/schema\/logo\/image\/\"}}]}<\/script>\n<!-- \/ Yoast SEO plugin. -->","yoast_head_json":{"title":"Gala 3200 TIG Pulse AC\/DC | GALA GAR - Productos de soldadura y reguladores de gas - Gas y soldadura","robots":{"index":"noindex","follow":"follow","max-snippet":"max-snippet:-1","max-image-preview":"max-image-preview:large","max-video-preview":"max-video-preview:-1"},"og_locale":"fr_FR","og_type":"article","og_title":"Gala 3200 TIG Pulse AC\/DC | GALA GAR - Productos de soldadura y reguladores de gas - Gas y soldadura","og_description":"Le Gala 3200 ACDC est un poste de soudage industriel \u00e0 onduleur de pointe pour le soudage TIG DC, TIG AC et MMA. Convient au soudage TIG de tous les mat\u00e9riaux, en particulier les aciers inoxydables et tous les types d'aluminium. Proc\u00e9d\u00e9s : TIG puls\u00e9 - TIG bi-puls\u00e9 - TIG AC - TIG DC - MMA - Tack et M-Tack Mat\u00e9riaux : acier au carbone, acier inoxydable et aluminium Applications : Menuiserie m\u00e9tallique et chaudronnerie - Industrie automobile Industrie chimique et papeti\u00e8re - Carrosserie Installations sportives et d'\u00e9levage - Mobilier urbain - R\u00e9paration - Entretien - Construction - Centres de formation. &nbsp;","og_url":"https:\/\/dev.galagar.com\/fr\/produit\/gala-3200-tig-pulse-ac-dc\/","og_site_name":"GALA GAR - Productos de soldadura y reguladores de gas - Gas y soldadura","article_modified_time":"2023-06-19T15:16:07+00:00","og_image":[{"width":640,"height":800,"url":"https:\/\/dev.galagar.com\/wp-content\/uploads\/2022\/01\/GTS-3200-ACDC_Refrigerada.jpg","type":"image\/jpeg"}],"twitter_card":"summary_large_image","twitter_misc":{"Dur\u00e9e de lecture estim\u00e9e":"2 minutes"},"schema":{"@context":"https:\/\/schema.org","@graph":[{"@type":"WebPage","@id":"https:\/\/dev.galagar.com\/fr\/produit\/gala-3200-tig-pulse-ac-dc\/","url":"https:\/\/dev.galagar.com\/fr\/produit\/gala-3200-tig-pulse-ac-dc\/","name":"Gala 3200 TIG Pulse AC\/DC | GALA GAR - Productos de soldadura y reguladores de gas - Gas y soldadura","isPartOf":{"@id":"https:\/\/dev.galagar.com\/fr\/#website"},"primaryImageOfPage":{"@id":"https:\/\/dev.galagar.com\/fr\/produit\/gala-3200-tig-pulse-ac-dc\/#primaryimage"},"image":{"@id":"https:\/\/dev.galagar.com\/fr\/produit\/gala-3200-tig-pulse-ac-dc\/#primaryimage"},"thumbnailUrl":"https:\/\/dev.galagar.com\/wp-content\/uploads\/2022\/01\/GTS-3200-ACDC_Refrigerada.jpg","datePublished":"2022-01-27T18:44:30+00:00","dateModified":"2023-06-19T15:16:07+00:00","breadcrumb":{"@id":"https:\/\/dev.galagar.com\/fr\/produit\/gala-3200-tig-pulse-ac-dc\/#breadcrumb"},"inLanguage":"fr-FR","potentialAction":[{"@type":"ReadAction","target":["https:\/\/dev.galagar.com\/fr\/produit\/gala-3200-tig-pulse-ac-dc\/"]}]},{"@type":"ImageObject","inLanguage":"fr-FR","@id":"https:\/\/dev.galagar.com\/fr\/produit\/gala-3200-tig-pulse-ac-dc\/#primaryimage","url":"https:\/\/dev.galagar.com\/wp-content\/uploads\/2022\/01\/GTS-3200-ACDC_Refrigerada.jpg","contentUrl":"https:\/\/dev.galagar.com\/wp-content\/uploads\/2022\/01\/GTS-3200-ACDC_Refrigerada.jpg","width":640,"height":800},{"@type":"BreadcrumbList","@id":"https:\/\/dev.galagar.com\/fr\/produit\/gala-3200-tig-pulse-ac-dc\/#breadcrumb","itemListElement":[{"@type":"ListItem","position":1,"name":"Inicio","item":"https:\/\/dev.galagar.com\/fr\/accueil\/"},{"@type":"ListItem","position":2,"name":"Tienda","item":"https:\/\/dev.galagar.com\/tienda\/"},{"@type":"ListItem","position":3,"name":"Produits","item":"https:\/\/dev.galagar.com\/fr\/categoria-producto\/produits\/"},{"@type":"ListItem","position":4,"name":"Postes \u00e0 souder","item":"https:\/\/dev.galagar.com\/fr\/categoria-producto\/produits\/postes-a-souder\/"},{"@type":"ListItem","position":5,"name":"TIG DC \/ ACDC","item":"https:\/\/dev.galagar.com\/fr\/categoria-producto\/produits\/postes-a-souder\/tig-dc-acdc-fr\/"},{"@type":"ListItem","position":6,"name":"Gala 3200 TIG Pulse AC\/DC"}]},{"@type":"WebSite","@id":"https:\/\/dev.galagar.com\/fr\/#website","url":"https:\/\/dev.galagar.com\/fr\/","name":"GALA GAR - Productos de soldadura y reguladores de gas - Gas y soldadura","description":"Gala Gar es fabricante de tecnolog\u00eda competitiva para soldadura (MMA-TIG-MIG\/MAG-CORTE POR PLASMA), regulaci\u00f3n de gases, y para soldadura y corte por gas.","publisher":{"@id":"https:\/\/dev.galagar.com\/fr\/#organization"},"potentialAction":[{"@type":"SearchAction","target":{"@type":"EntryPoint","urlTemplate":"https:\/\/dev.galagar.com\/fr\/?s={search_term_string}"},"query-input":{"@type":"PropertyValueSpecification","valueRequired":true,"valueName":"search_term_string"}}],"inLanguage":"fr-FR"},{"@type":"Organization","@id":"https:\/\/dev.galagar.com\/fr\/#organization","name":"GALA GAR welding","url":"https:\/\/dev.galagar.com\/fr\/","logo":{"@type":"ImageObject","inLanguage":"fr-FR","@id":"https:\/\/dev.galagar.com\/fr\/#\/schema\/logo\/image\/","url":"","contentUrl":"","caption":"GALA GAR welding"},"image":{"@id":"https:\/\/dev.galagar.com\/fr\/#\/schema\/logo\/image\/"}}]}},"_links":{"self":[{"href":"https:\/\/dev.galagar.com\/fr\/wp-json\/wp\/v2\/product\/18589","targetHints":{"allow":["GET"]}}],"collection":[{"href":"https:\/\/dev.galagar.com\/fr\/wp-json\/wp\/v2\/product"}],"about":[{"href":"https:\/\/dev.galagar.com\/fr\/wp-json\/wp\/v2\/types\/product"}],"wp:featuredmedia":[{"embeddable":true,"href":"https:\/\/dev.galagar.com\/fr\/wp-json\/wp\/v2\/media\/18624"}],"wp:attachment":[{"href":"https:\/\/dev.galagar.com\/fr\/wp-json\/wp\/v2\/media?parent=18589"}],"wp:term":[{"taxonomy":"product_brand","embeddable":true,"href":"https:\/\/dev.galagar.com\/fr\/wp-json\/wp\/v2\/product_brand?post=18589"},{"taxonomy":"product_cat","embeddable":true,"href":"https:\/\/dev.galagar.com\/fr\/wp-json\/wp\/v2\/product_cat?post=18589"},{"taxonomy":"product_tag","embeddable":true,"href":"https:\/\/dev.galagar.com\/fr\/wp-json\/wp\/v2\/product_tag?post=18589"}],"curies":[{"name":"wp","href":"https:\/\/api.w.org\/{rel}","templated":true}]}}