{"id":18563,"date":"2022-01-27T19:47:19","date_gmt":"2022-01-27T18:47:19","guid":{"rendered":"https:\/\/dev.galagar.com\/producto\/nettoyeur-gala-power\/"},"modified":"2023-05-11T22:42:10","modified_gmt":"2023-05-11T20:42:10","slug":"nettoyeur-gala-power","status":"publish","type":"product","link":"https:\/\/dev.galagar.com\/fr\/produit\/nettoyeur-gala-power\/","title":{"rendered":"Nettoyeur Gala POWER"},"content":{"rendered":"<div class=\"fusion-fullwidth fullwidth-box fusion-builder-row-1 fusion-flex-container nonhundred-percent-fullwidth non-hundred-percent-height-scrolling\" style=\"--awb-border-radius-top-left:0px;--awb-border-radius-top-right:0px;--awb-border-radius-bottom-right:0px;--awb-border-radius-bottom-left:0px;--awb-padding-right:0px;--awb-padding-left:0px;--awb-flex-wrap:wrap;\" ><div class=\"fusion-builder-row fusion-row fusion-flex-align-items-flex-start fusion-flex-content-wrap\" style=\"max-width:1216.8px;margin-left: calc(-4% \/ 2 );margin-right: calc(-4% \/ 2 );\"><div class=\"fusion-layout-column fusion_builder_column fusion-builder-column-0 fusion_builder_column_3_4 3_4 fusion-flex-column\" style=\"--awb-bg-size:cover;--awb-width-large:75%;--awb-margin-top-large:0px;--awb-spacing-right-large:2.56%;--awb-margin-bottom-large:20px;--awb-spacing-left-large:2.56%;--awb-width-medium:100%;--awb-order-medium:0;--awb-spacing-right-medium:1.92%;--awb-spacing-left-medium:1.92%;--awb-width-small:100%;--awb-order-small:0;--awb-spacing-right-small:1.92%;--awb-spacing-left-small:1.92%;\"><div class=\"fusion-column-wrapper fusion-column-has-shadow fusion-flex-justify-content-flex-start fusion-content-layout-column\">\n<div class=\"table-2 gal-textos-menores\">\n<table width=\"100%\">\n<thead>\n<tr>\n<th align=\"left\">Caract\u00e9ristiques techniques de base<\/th>\n<th align=\"left\"><\/th>\n<\/tr>\n<\/thead>\n<tbody>\n<tr>\n<td>Tension d&#8217;alimentation<\/td>\n<td>  1 Ph. 230V &#8211; 50\/60 Hz. \u00b110%<\/td>\n<\/tr>\n<tr>\n<td>Puissance<\/td>\n<td>900 W<\/td>\n<\/tr>\n<tr>\n<td>Tension de l&#8217;\u00e9lectrode<\/td>\n<td>10\/30V AC\/DC<\/td>\n<\/tr>\n<tr>\n<td align=\"left\">Classe d&#8217;isolation IP<\/td>\n<td align=\"left\">IP 23<\/td>\n<\/tr>\n<tr>\n<td align=\"left\">Niveau sonore<\/td>\n<td align=\"left\">&lt;  10 dB A<\/td>\n<\/tr>\n<tr>\n<td align=\"left\">Dimensions de la machine :<\/td>\n<td align=\"left\">230 x 315 x 545 mm.<\/td>\n<\/tr>\n<tr>\n<td align=\"left\">Poids de la machine (\u00e0 vide)<\/td>\n<td align=\"left\">20 Kg.<\/td>\n<\/tr>\n<\/tbody>\n<\/table>\n<\/div>\n<\/div><\/div><\/div><\/div>\n","protected":false},"excerpt":{"rendered":"<p>Gala Cleaner Power est la solution id\u00e9ale pour le traitement \u00e9cologique instantan\u00e9 des soudures TIG, TIG avec apport de mati\u00e8re, MIG\/MAG, Mig \u00e0 arc puls\u00e9, laser, par r\u00e9sistance, orbitales, etc.<br \/>\net du plasma.<\/p>\n<p><strong>Caract\u00e9ristiques :<\/strong><br \/>\nGala Cleaner Power est un syst\u00e8me \u00e9lectrochimique pour le traitement de surface des pi\u00e8ces en acier inoxydable.<br \/>\nLa machine a \u00e9t\u00e9 con\u00e7ue et fabriqu\u00e9e pour \u00eatre performante :<br \/>\nNettoyage des oxydes et des br\u00fblures form\u00e9s apr\u00e8s les op\u00e9rations de soudage et de d\u00e9coupage.<br \/>\nPolissage des soudures<br \/>\nMarquage \u00e9lectrochimique (optionnel).<\/p>\n<p><strong>Il comprend<\/strong><br \/>\nChariot de transport<br \/>\n1\u00e8re fus\u00e9e \u00e9clairante avec soufflage complet<br \/>\n2e torche manuelle compl\u00e8te<br \/>\nLiquides pour les deux torches<br \/>\nChamois, brosses et embouts pour les deux torches<\/p>\n","protected":false},"featured_media":18566,"template":"","meta":{"_acf_changed":false},"product_brand":[],"product_cat":[937,1252],"product_tag":[],"class_list":{"0":"post-18563","1":"product","2":"type-product","3":"status-publish","4":"has-post-thumbnail","6":"product_cat-produits","7":"product_cat-nettoyage-de-lacier-inoxydable","9":"first","10":"instock","11":"taxable","12":"shipping-taxable","13":"purchasable","14":"product-type-simple"},"acf":[],"yoast_head":"<!-- This site is optimized with the Yoast SEO plugin v24.8.1 - https:\/\/yoast.com\/wordpress\/plugins\/seo\/ -->\n<title>Nettoyeur Gala POWER | GALA GAR - Productos de soldadura y reguladores de gas - Gas y soldadura<\/title>\n<meta name=\"robots\" content=\"noindex, follow, max-snippet:-1, max-image-preview:large, max-video-preview:-1\" \/>\n<meta property=\"og:locale\" content=\"fr_FR\" \/>\n<meta property=\"og:type\" content=\"article\" \/>\n<meta property=\"og:title\" content=\"Nettoyeur Gala POWER | GALA GAR - Productos de soldadura y reguladores de gas - Gas y soldadura\" \/>\n<meta property=\"og:description\" content=\"Gala Cleaner Power est la solution id\u00e9ale pour le traitement \u00e9cologique instantan\u00e9 des soudures TIG, TIG avec apport de mati\u00e8re, MIG\/MAG, Mig \u00e0 arc puls\u00e9, laser, par r\u00e9sistance, orbitales, etc. et du plasma. Caract\u00e9ristiques : Gala Cleaner Power est un syst\u00e8me \u00e9lectrochimique pour le traitement de surface des pi\u00e8ces en acier inoxydable. La machine a \u00e9t\u00e9 con\u00e7ue et fabriqu\u00e9e pour \u00eatre performante : Nettoyage des oxydes et des br\u00fblures form\u00e9s apr\u00e8s les op\u00e9rations de soudage et de d\u00e9coupage. Polissage des soudures Marquage \u00e9lectrochimique (optionnel). Il comprend Chariot de transport 1\u00e8re fus\u00e9e \u00e9clairante avec soufflage complet 2e torche manuelle compl\u00e8te Liquides pour les deux torches Chamois, brosses et embouts pour les deux torches\" \/>\n<meta property=\"og:url\" content=\"https:\/\/dev.galagar.com\/fr\/produit\/nettoyeur-gala-power\/\" \/>\n<meta property=\"og:site_name\" content=\"GALA GAR - Productos de soldadura y reguladores de gas - Gas y soldadura\" \/>\n<meta property=\"article:modified_time\" content=\"2023-05-11T20:42:10+00:00\" \/>\n<meta property=\"og:image\" content=\"https:\/\/dev.galagar.com\/wp-content\/uploads\/2022\/01\/GalaCleaner-POW_1-copia.jpg\" \/>\n\t<meta property=\"og:image:width\" content=\"640\" \/>\n\t<meta property=\"og:image:height\" content=\"800\" \/>\n\t<meta property=\"og:image:type\" content=\"image\/jpeg\" \/>\n<meta name=\"twitter:card\" content=\"summary_large_image\" \/>\n<meta name=\"twitter:label1\" content=\"Dur\u00e9e de lecture estim\u00e9e\" \/>\n\t<meta name=\"twitter:data1\" content=\"2 minutes\" \/>\n<script type=\"application\/ld+json\" class=\"yoast-schema-graph\">{\"@context\":\"https:\/\/schema.org\",\"@graph\":[{\"@type\":\"WebPage\",\"@id\":\"https:\/\/dev.galagar.com\/fr\/produit\/nettoyeur-gala-power\/\",\"url\":\"https:\/\/dev.galagar.com\/fr\/produit\/nettoyeur-gala-power\/\",\"name\":\"Nettoyeur Gala POWER | GALA GAR - Productos de soldadura y reguladores de gas - Gas y soldadura\",\"isPartOf\":{\"@id\":\"https:\/\/dev.galagar.com\/fr\/#website\"},\"primaryImageOfPage\":{\"@id\":\"https:\/\/dev.galagar.com\/fr\/produit\/nettoyeur-gala-power\/#primaryimage\"},\"image\":{\"@id\":\"https:\/\/dev.galagar.com\/fr\/produit\/nettoyeur-gala-power\/#primaryimage\"},\"thumbnailUrl\":\"https:\/\/dev.galagar.com\/wp-content\/uploads\/2022\/01\/GalaCleaner-POW_1-copia.jpg\",\"datePublished\":\"2022-01-27T18:47:19+00:00\",\"dateModified\":\"2023-05-11T20:42:10+00:00\",\"breadcrumb\":{\"@id\":\"https:\/\/dev.galagar.com\/fr\/produit\/nettoyeur-gala-power\/#breadcrumb\"},\"inLanguage\":\"fr-FR\",\"potentialAction\":[{\"@type\":\"ReadAction\",\"target\":[\"https:\/\/dev.galagar.com\/fr\/produit\/nettoyeur-gala-power\/\"]}]},{\"@type\":\"ImageObject\",\"inLanguage\":\"fr-FR\",\"@id\":\"https:\/\/dev.galagar.com\/fr\/produit\/nettoyeur-gala-power\/#primaryimage\",\"url\":\"https:\/\/dev.galagar.com\/wp-content\/uploads\/2022\/01\/GalaCleaner-POW_1-copia.jpg\",\"contentUrl\":\"https:\/\/dev.galagar.com\/wp-content\/uploads\/2022\/01\/GalaCleaner-POW_1-copia.jpg\",\"width\":640,\"height\":800},{\"@type\":\"BreadcrumbList\",\"@id\":\"https:\/\/dev.galagar.com\/fr\/produit\/nettoyeur-gala-power\/#breadcrumb\",\"itemListElement\":[{\"@type\":\"ListItem\",\"position\":1,\"name\":\"Inicio\",\"item\":\"https:\/\/dev.galagar.com\/fr\/accueil\/\"},{\"@type\":\"ListItem\",\"position\":2,\"name\":\"Tienda\",\"item\":\"https:\/\/dev.galagar.com\/tienda\/\"},{\"@type\":\"ListItem\",\"position\":3,\"name\":\"Produits\",\"item\":\"https:\/\/dev.galagar.com\/fr\/categoria-producto\/produits\/\"},{\"@type\":\"ListItem\",\"position\":4,\"name\":\"Nettoyeur Gala POWER\"}]},{\"@type\":\"WebSite\",\"@id\":\"https:\/\/dev.galagar.com\/fr\/#website\",\"url\":\"https:\/\/dev.galagar.com\/fr\/\",\"name\":\"GALA GAR - Productos de soldadura y reguladores de gas - Gas y soldadura\",\"description\":\"Gala Gar es fabricante de tecnolog\u00eda competitiva para soldadura (MMA-TIG-MIG\/MAG-CORTE POR PLASMA), regulaci\u00f3n de gases, y para soldadura y corte por gas.\",\"publisher\":{\"@id\":\"https:\/\/dev.galagar.com\/fr\/#organization\"},\"potentialAction\":[{\"@type\":\"SearchAction\",\"target\":{\"@type\":\"EntryPoint\",\"urlTemplate\":\"https:\/\/dev.galagar.com\/fr\/?s={search_term_string}\"},\"query-input\":{\"@type\":\"PropertyValueSpecification\",\"valueRequired\":true,\"valueName\":\"search_term_string\"}}],\"inLanguage\":\"fr-FR\"},{\"@type\":\"Organization\",\"@id\":\"https:\/\/dev.galagar.com\/fr\/#organization\",\"name\":\"GALA GAR welding\",\"url\":\"https:\/\/dev.galagar.com\/fr\/\",\"logo\":{\"@type\":\"ImageObject\",\"inLanguage\":\"fr-FR\",\"@id\":\"https:\/\/dev.galagar.com\/fr\/#\/schema\/logo\/image\/\",\"url\":\"\",\"contentUrl\":\"\",\"caption\":\"GALA GAR welding\"},\"image\":{\"@id\":\"https:\/\/dev.galagar.com\/fr\/#\/schema\/logo\/image\/\"}}]}<\/script>\n<!-- \/ Yoast SEO plugin. -->","yoast_head_json":{"title":"Nettoyeur Gala POWER | GALA GAR - Productos de soldadura y reguladores de gas - Gas y soldadura","robots":{"index":"noindex","follow":"follow","max-snippet":"max-snippet:-1","max-image-preview":"max-image-preview:large","max-video-preview":"max-video-preview:-1"},"og_locale":"fr_FR","og_type":"article","og_title":"Nettoyeur Gala POWER | GALA GAR - Productos de soldadura y reguladores de gas - Gas y soldadura","og_description":"Gala Cleaner Power est la solution id\u00e9ale pour le traitement \u00e9cologique instantan\u00e9 des soudures TIG, TIG avec apport de mati\u00e8re, MIG\/MAG, Mig \u00e0 arc puls\u00e9, laser, par r\u00e9sistance, orbitales, etc. et du plasma. Caract\u00e9ristiques : Gala Cleaner Power est un syst\u00e8me \u00e9lectrochimique pour le traitement de surface des pi\u00e8ces en acier inoxydable. La machine a \u00e9t\u00e9 con\u00e7ue et fabriqu\u00e9e pour \u00eatre performante : Nettoyage des oxydes et des br\u00fblures form\u00e9s apr\u00e8s les op\u00e9rations de soudage et de d\u00e9coupage. Polissage des soudures Marquage \u00e9lectrochimique (optionnel). Il comprend Chariot de transport 1\u00e8re fus\u00e9e \u00e9clairante avec soufflage complet 2e torche manuelle compl\u00e8te Liquides pour les deux torches Chamois, brosses et embouts pour les deux torches","og_url":"https:\/\/dev.galagar.com\/fr\/produit\/nettoyeur-gala-power\/","og_site_name":"GALA GAR - Productos de soldadura y reguladores de gas - Gas y soldadura","article_modified_time":"2023-05-11T20:42:10+00:00","og_image":[{"width":640,"height":800,"url":"https:\/\/dev.galagar.com\/wp-content\/uploads\/2022\/01\/GalaCleaner-POW_1-copia.jpg","type":"image\/jpeg"}],"twitter_card":"summary_large_image","twitter_misc":{"Dur\u00e9e de lecture estim\u00e9e":"2 minutes"},"schema":{"@context":"https:\/\/schema.org","@graph":[{"@type":"WebPage","@id":"https:\/\/dev.galagar.com\/fr\/produit\/nettoyeur-gala-power\/","url":"https:\/\/dev.galagar.com\/fr\/produit\/nettoyeur-gala-power\/","name":"Nettoyeur Gala POWER | GALA GAR - Productos de soldadura y reguladores de gas - Gas y soldadura","isPartOf":{"@id":"https:\/\/dev.galagar.com\/fr\/#website"},"primaryImageOfPage":{"@id":"https:\/\/dev.galagar.com\/fr\/produit\/nettoyeur-gala-power\/#primaryimage"},"image":{"@id":"https:\/\/dev.galagar.com\/fr\/produit\/nettoyeur-gala-power\/#primaryimage"},"thumbnailUrl":"https:\/\/dev.galagar.com\/wp-content\/uploads\/2022\/01\/GalaCleaner-POW_1-copia.jpg","datePublished":"2022-01-27T18:47:19+00:00","dateModified":"2023-05-11T20:42:10+00:00","breadcrumb":{"@id":"https:\/\/dev.galagar.com\/fr\/produit\/nettoyeur-gala-power\/#breadcrumb"},"inLanguage":"fr-FR","potentialAction":[{"@type":"ReadAction","target":["https:\/\/dev.galagar.com\/fr\/produit\/nettoyeur-gala-power\/"]}]},{"@type":"ImageObject","inLanguage":"fr-FR","@id":"https:\/\/dev.galagar.com\/fr\/produit\/nettoyeur-gala-power\/#primaryimage","url":"https:\/\/dev.galagar.com\/wp-content\/uploads\/2022\/01\/GalaCleaner-POW_1-copia.jpg","contentUrl":"https:\/\/dev.galagar.com\/wp-content\/uploads\/2022\/01\/GalaCleaner-POW_1-copia.jpg","width":640,"height":800},{"@type":"BreadcrumbList","@id":"https:\/\/dev.galagar.com\/fr\/produit\/nettoyeur-gala-power\/#breadcrumb","itemListElement":[{"@type":"ListItem","position":1,"name":"Inicio","item":"https:\/\/dev.galagar.com\/fr\/accueil\/"},{"@type":"ListItem","position":2,"name":"Tienda","item":"https:\/\/dev.galagar.com\/tienda\/"},{"@type":"ListItem","position":3,"name":"Produits","item":"https:\/\/dev.galagar.com\/fr\/categoria-producto\/produits\/"},{"@type":"ListItem","position":4,"name":"Nettoyeur Gala POWER"}]},{"@type":"WebSite","@id":"https:\/\/dev.galagar.com\/fr\/#website","url":"https:\/\/dev.galagar.com\/fr\/","name":"GALA GAR - Productos de soldadura y reguladores de gas - Gas y soldadura","description":"Gala Gar es fabricante de tecnolog\u00eda competitiva para soldadura (MMA-TIG-MIG\/MAG-CORTE POR PLASMA), regulaci\u00f3n de gases, y para soldadura y corte por gas.","publisher":{"@id":"https:\/\/dev.galagar.com\/fr\/#organization"},"potentialAction":[{"@type":"SearchAction","target":{"@type":"EntryPoint","urlTemplate":"https:\/\/dev.galagar.com\/fr\/?s={search_term_string}"},"query-input":{"@type":"PropertyValueSpecification","valueRequired":true,"valueName":"search_term_string"}}],"inLanguage":"fr-FR"},{"@type":"Organization","@id":"https:\/\/dev.galagar.com\/fr\/#organization","name":"GALA GAR welding","url":"https:\/\/dev.galagar.com\/fr\/","logo":{"@type":"ImageObject","inLanguage":"fr-FR","@id":"https:\/\/dev.galagar.com\/fr\/#\/schema\/logo\/image\/","url":"","contentUrl":"","caption":"GALA GAR welding"},"image":{"@id":"https:\/\/dev.galagar.com\/fr\/#\/schema\/logo\/image\/"}}]}},"_links":{"self":[{"href":"https:\/\/dev.galagar.com\/fr\/wp-json\/wp\/v2\/product\/18563","targetHints":{"allow":["GET"]}}],"collection":[{"href":"https:\/\/dev.galagar.com\/fr\/wp-json\/wp\/v2\/product"}],"about":[{"href":"https:\/\/dev.galagar.com\/fr\/wp-json\/wp\/v2\/types\/product"}],"wp:featuredmedia":[{"embeddable":true,"href":"https:\/\/dev.galagar.com\/fr\/wp-json\/wp\/v2\/media\/18566"}],"wp:attachment":[{"href":"https:\/\/dev.galagar.com\/fr\/wp-json\/wp\/v2\/media?parent=18563"}],"wp:term":[{"taxonomy":"product_brand","embeddable":true,"href":"https:\/\/dev.galagar.com\/fr\/wp-json\/wp\/v2\/product_brand?post=18563"},{"taxonomy":"product_cat","embeddable":true,"href":"https:\/\/dev.galagar.com\/fr\/wp-json\/wp\/v2\/product_cat?post=18563"},{"taxonomy":"product_tag","embeddable":true,"href":"https:\/\/dev.galagar.com\/fr\/wp-json\/wp\/v2\/product_tag?post=18563"}],"curies":[{"name":"wp","href":"https:\/\/api.w.org\/{rel}","templated":true}]}}