{"id":18421,"date":"2022-01-27T19:47:15","date_gmt":"2022-01-27T18:47:15","guid":{"rendered":"https:\/\/dev.galagar.com\/producto\/mallette-de-consommables-mig-36-m6\/"},"modified":"2023-05-11T22:41:15","modified_gmt":"2023-05-11T20:41:15","slug":"cas-consommables-mig-36-m6","status":"publish","type":"product","link":"https:\/\/dev.galagar.com\/fr\/produit\/cas-consommables-mig-36-m6\/","title":{"rendered":"Mallette de consommables MIG 36 M6"},"content":{"rendered":"","protected":false},"excerpt":{"rendered":"<p><strong>Il comprend<\/strong><br \/>\nBuse conique : 3 pi\u00e8ces.<br \/>\nTube de contact M6 1.0 &#8211; 10 pcs.<br \/>\nTube de contact M6 1,2 &#8211; 10 pcs.<br \/>\nSupport de tube M6 : 5 pi\u00e8ces.<br \/>\nDiffuseur de gaz : 5 pi\u00e8ces.<\/p>\n","protected":false},"featured_media":18427,"template":"","meta":{"_acf_changed":false},"product_brand":[],"product_cat":[937,1572],"product_tag":[],"class_list":{"0":"post-18421","1":"product","2":"type-product","3":"status-publish","4":"has-post-thumbnail","6":"product_cat-produits","7":"product_cat-kits-de-consommables-mig","9":"first","10":"instock","11":"taxable","12":"shipping-taxable","13":"purchasable","14":"product-type-simple"},"acf":[],"yoast_head":"<!-- This site is optimized with the Yoast SEO plugin v24.8.1 - https:\/\/yoast.com\/wordpress\/plugins\/seo\/ -->\n<title>Mallette de consommables MIG 36 M6 | GALA GAR - Productos de soldadura y reguladores de gas - Gas y soldadura<\/title>\n<meta name=\"robots\" content=\"noindex, follow, max-snippet:-1, max-image-preview:large, max-video-preview:-1\" \/>\n<meta property=\"og:locale\" content=\"fr_FR\" \/>\n<meta property=\"og:type\" content=\"article\" \/>\n<meta property=\"og:title\" content=\"Mallette de consommables MIG 36 M6 | GALA GAR - Productos de soldadura y reguladores de gas - Gas y soldadura\" \/>\n<meta property=\"og:description\" content=\"Il comprend Buse conique : 3 pi\u00e8ces. Tube de contact M6 1.0 - 10 pcs. Tube de contact M6 1,2 - 10 pcs. Support de tube M6 : 5 pi\u00e8ces. Diffuseur de gaz : 5 pi\u00e8ces.\" \/>\n<meta property=\"og:url\" content=\"https:\/\/dev.galagar.com\/fr\/produit\/cas-consommables-mig-36-m6\/\" \/>\n<meta property=\"og:site_name\" content=\"GALA GAR - Productos de soldadura y reguladores de gas - Gas y soldadura\" \/>\n<meta property=\"article:modified_time\" content=\"2023-05-11T20:41:15+00:00\" \/>\n<meta property=\"og:image\" content=\"https:\/\/dev.galagar.com\/wp-content\/uploads\/2022\/01\/Estuche_MIG36-M6.jpg\" \/>\n\t<meta property=\"og:image:width\" content=\"640\" \/>\n\t<meta property=\"og:image:height\" content=\"800\" \/>\n\t<meta property=\"og:image:type\" content=\"image\/jpeg\" \/>\n<meta name=\"twitter:card\" content=\"summary_large_image\" \/>\n<script type=\"application\/ld+json\" class=\"yoast-schema-graph\">{\"@context\":\"https:\/\/schema.org\",\"@graph\":[{\"@type\":\"WebPage\",\"@id\":\"https:\/\/dev.galagar.com\/fr\/produit\/cas-consommables-mig-36-m6\/\",\"url\":\"https:\/\/dev.galagar.com\/fr\/produit\/cas-consommables-mig-36-m6\/\",\"name\":\"Mallette de consommables MIG 36 M6 | GALA GAR - Productos de soldadura y reguladores de gas - Gas y soldadura\",\"isPartOf\":{\"@id\":\"https:\/\/dev.galagar.com\/fr\/#website\"},\"primaryImageOfPage\":{\"@id\":\"https:\/\/dev.galagar.com\/fr\/produit\/cas-consommables-mig-36-m6\/#primaryimage\"},\"image\":{\"@id\":\"https:\/\/dev.galagar.com\/fr\/produit\/cas-consommables-mig-36-m6\/#primaryimage\"},\"thumbnailUrl\":\"https:\/\/dev.galagar.com\/wp-content\/uploads\/2022\/01\/Estuche_MIG36-M6.jpg\",\"datePublished\":\"2022-01-27T18:47:15+00:00\",\"dateModified\":\"2023-05-11T20:41:15+00:00\",\"breadcrumb\":{\"@id\":\"https:\/\/dev.galagar.com\/fr\/produit\/cas-consommables-mig-36-m6\/#breadcrumb\"},\"inLanguage\":\"fr-FR\",\"potentialAction\":[{\"@type\":\"ReadAction\",\"target\":[\"https:\/\/dev.galagar.com\/fr\/produit\/cas-consommables-mig-36-m6\/\"]}]},{\"@type\":\"ImageObject\",\"inLanguage\":\"fr-FR\",\"@id\":\"https:\/\/dev.galagar.com\/fr\/produit\/cas-consommables-mig-36-m6\/#primaryimage\",\"url\":\"https:\/\/dev.galagar.com\/wp-content\/uploads\/2022\/01\/Estuche_MIG36-M6.jpg\",\"contentUrl\":\"https:\/\/dev.galagar.com\/wp-content\/uploads\/2022\/01\/Estuche_MIG36-M6.jpg\",\"width\":640,\"height\":800},{\"@type\":\"BreadcrumbList\",\"@id\":\"https:\/\/dev.galagar.com\/fr\/produit\/cas-consommables-mig-36-m6\/#breadcrumb\",\"itemListElement\":[{\"@type\":\"ListItem\",\"position\":1,\"name\":\"Inicio\",\"item\":\"https:\/\/dev.galagar.com\/fr\/accueil\/\"},{\"@type\":\"ListItem\",\"position\":2,\"name\":\"Tienda\",\"item\":\"https:\/\/dev.galagar.com\/tienda\/\"},{\"@type\":\"ListItem\",\"position\":3,\"name\":\"Produits\",\"item\":\"https:\/\/dev.galagar.com\/fr\/categoria-producto\/produits\/\"},{\"@type\":\"ListItem\",\"position\":4,\"name\":\"Mallette de consommables MIG 36 M6\"}]},{\"@type\":\"WebSite\",\"@id\":\"https:\/\/dev.galagar.com\/fr\/#website\",\"url\":\"https:\/\/dev.galagar.com\/fr\/\",\"name\":\"GALA GAR - Productos de soldadura y reguladores de gas - Gas y soldadura\",\"description\":\"Gala Gar es fabricante de tecnolog\u00eda competitiva para soldadura (MMA-TIG-MIG\/MAG-CORTE POR PLASMA), regulaci\u00f3n de gases, y para soldadura y corte por gas.\",\"publisher\":{\"@id\":\"https:\/\/dev.galagar.com\/fr\/#organization\"},\"potentialAction\":[{\"@type\":\"SearchAction\",\"target\":{\"@type\":\"EntryPoint\",\"urlTemplate\":\"https:\/\/dev.galagar.com\/fr\/?s={search_term_string}\"},\"query-input\":{\"@type\":\"PropertyValueSpecification\",\"valueRequired\":true,\"valueName\":\"search_term_string\"}}],\"inLanguage\":\"fr-FR\"},{\"@type\":\"Organization\",\"@id\":\"https:\/\/dev.galagar.com\/fr\/#organization\",\"name\":\"GALA GAR welding\",\"url\":\"https:\/\/dev.galagar.com\/fr\/\",\"logo\":{\"@type\":\"ImageObject\",\"inLanguage\":\"fr-FR\",\"@id\":\"https:\/\/dev.galagar.com\/fr\/#\/schema\/logo\/image\/\",\"url\":\"\",\"contentUrl\":\"\",\"caption\":\"GALA GAR welding\"},\"image\":{\"@id\":\"https:\/\/dev.galagar.com\/fr\/#\/schema\/logo\/image\/\"}}]}<\/script>\n<!-- \/ Yoast SEO plugin. -->","yoast_head_json":{"title":"Mallette de consommables MIG 36 M6 | GALA GAR - Productos de soldadura y reguladores de gas - Gas y soldadura","robots":{"index":"noindex","follow":"follow","max-snippet":"max-snippet:-1","max-image-preview":"max-image-preview:large","max-video-preview":"max-video-preview:-1"},"og_locale":"fr_FR","og_type":"article","og_title":"Mallette de consommables MIG 36 M6 | GALA GAR - Productos de soldadura y reguladores de gas - Gas y soldadura","og_description":"Il comprend Buse conique : 3 pi\u00e8ces. Tube de contact M6 1.0 - 10 pcs. Tube de contact M6 1,2 - 10 pcs. Support de tube M6 : 5 pi\u00e8ces. Diffuseur de gaz : 5 pi\u00e8ces.","og_url":"https:\/\/dev.galagar.com\/fr\/produit\/cas-consommables-mig-36-m6\/","og_site_name":"GALA GAR - Productos de soldadura y reguladores de gas - Gas y soldadura","article_modified_time":"2023-05-11T20:41:15+00:00","og_image":[{"width":640,"height":800,"url":"https:\/\/dev.galagar.com\/wp-content\/uploads\/2022\/01\/Estuche_MIG36-M6.jpg","type":"image\/jpeg"}],"twitter_card":"summary_large_image","schema":{"@context":"https:\/\/schema.org","@graph":[{"@type":"WebPage","@id":"https:\/\/dev.galagar.com\/fr\/produit\/cas-consommables-mig-36-m6\/","url":"https:\/\/dev.galagar.com\/fr\/produit\/cas-consommables-mig-36-m6\/","name":"Mallette de consommables MIG 36 M6 | GALA GAR - Productos de soldadura y reguladores de gas - Gas y soldadura","isPartOf":{"@id":"https:\/\/dev.galagar.com\/fr\/#website"},"primaryImageOfPage":{"@id":"https:\/\/dev.galagar.com\/fr\/produit\/cas-consommables-mig-36-m6\/#primaryimage"},"image":{"@id":"https:\/\/dev.galagar.com\/fr\/produit\/cas-consommables-mig-36-m6\/#primaryimage"},"thumbnailUrl":"https:\/\/dev.galagar.com\/wp-content\/uploads\/2022\/01\/Estuche_MIG36-M6.jpg","datePublished":"2022-01-27T18:47:15+00:00","dateModified":"2023-05-11T20:41:15+00:00","breadcrumb":{"@id":"https:\/\/dev.galagar.com\/fr\/produit\/cas-consommables-mig-36-m6\/#breadcrumb"},"inLanguage":"fr-FR","potentialAction":[{"@type":"ReadAction","target":["https:\/\/dev.galagar.com\/fr\/produit\/cas-consommables-mig-36-m6\/"]}]},{"@type":"ImageObject","inLanguage":"fr-FR","@id":"https:\/\/dev.galagar.com\/fr\/produit\/cas-consommables-mig-36-m6\/#primaryimage","url":"https:\/\/dev.galagar.com\/wp-content\/uploads\/2022\/01\/Estuche_MIG36-M6.jpg","contentUrl":"https:\/\/dev.galagar.com\/wp-content\/uploads\/2022\/01\/Estuche_MIG36-M6.jpg","width":640,"height":800},{"@type":"BreadcrumbList","@id":"https:\/\/dev.galagar.com\/fr\/produit\/cas-consommables-mig-36-m6\/#breadcrumb","itemListElement":[{"@type":"ListItem","position":1,"name":"Inicio","item":"https:\/\/dev.galagar.com\/fr\/accueil\/"},{"@type":"ListItem","position":2,"name":"Tienda","item":"https:\/\/dev.galagar.com\/tienda\/"},{"@type":"ListItem","position":3,"name":"Produits","item":"https:\/\/dev.galagar.com\/fr\/categoria-producto\/produits\/"},{"@type":"ListItem","position":4,"name":"Mallette de consommables MIG 36 M6"}]},{"@type":"WebSite","@id":"https:\/\/dev.galagar.com\/fr\/#website","url":"https:\/\/dev.galagar.com\/fr\/","name":"GALA GAR - Productos de soldadura y reguladores de gas - Gas y soldadura","description":"Gala Gar es fabricante de tecnolog\u00eda competitiva para soldadura (MMA-TIG-MIG\/MAG-CORTE POR PLASMA), regulaci\u00f3n de gases, y para soldadura y corte por gas.","publisher":{"@id":"https:\/\/dev.galagar.com\/fr\/#organization"},"potentialAction":[{"@type":"SearchAction","target":{"@type":"EntryPoint","urlTemplate":"https:\/\/dev.galagar.com\/fr\/?s={search_term_string}"},"query-input":{"@type":"PropertyValueSpecification","valueRequired":true,"valueName":"search_term_string"}}],"inLanguage":"fr-FR"},{"@type":"Organization","@id":"https:\/\/dev.galagar.com\/fr\/#organization","name":"GALA GAR welding","url":"https:\/\/dev.galagar.com\/fr\/","logo":{"@type":"ImageObject","inLanguage":"fr-FR","@id":"https:\/\/dev.galagar.com\/fr\/#\/schema\/logo\/image\/","url":"","contentUrl":"","caption":"GALA GAR welding"},"image":{"@id":"https:\/\/dev.galagar.com\/fr\/#\/schema\/logo\/image\/"}}]}},"_links":{"self":[{"href":"https:\/\/dev.galagar.com\/fr\/wp-json\/wp\/v2\/product\/18421","targetHints":{"allow":["GET"]}}],"collection":[{"href":"https:\/\/dev.galagar.com\/fr\/wp-json\/wp\/v2\/product"}],"about":[{"href":"https:\/\/dev.galagar.com\/fr\/wp-json\/wp\/v2\/types\/product"}],"wp:featuredmedia":[{"embeddable":true,"href":"https:\/\/dev.galagar.com\/fr\/wp-json\/wp\/v2\/media\/18427"}],"wp:attachment":[{"href":"https:\/\/dev.galagar.com\/fr\/wp-json\/wp\/v2\/media?parent=18421"}],"wp:term":[{"taxonomy":"product_brand","embeddable":true,"href":"https:\/\/dev.galagar.com\/fr\/wp-json\/wp\/v2\/product_brand?post=18421"},{"taxonomy":"product_cat","embeddable":true,"href":"https:\/\/dev.galagar.com\/fr\/wp-json\/wp\/v2\/product_cat?post=18421"},{"taxonomy":"product_tag","embeddable":true,"href":"https:\/\/dev.galagar.com\/fr\/wp-json\/wp\/v2\/product_tag?post=18421"}],"curies":[{"name":"wp","href":"https:\/\/api.w.org\/{rel}","templated":true}]}}