{"id":18385,"date":"2022-01-27T19:46:30","date_gmt":"2022-01-27T18:46:30","guid":{"rendered":"https:\/\/dev.galagar.com\/producto\/smart-400-tig-pulse\/"},"modified":"2023-06-19T17:16:06","modified_gmt":"2023-06-19T15:16:06","slug":"smart-400-tig-pulse","status":"publish","type":"product","link":"https:\/\/dev.galagar.com\/fr\/produit\/smart-400-tig-pulse\/","title":{"rendered":"Smart 400 TIG Pulse"},"content":{"rendered":"<div class=\"fusion-fullwidth fullwidth-box fusion-builder-row-1 fusion-flex-container nonhundred-percent-fullwidth non-hundred-percent-height-scrolling\" style=\"--awb-border-radius-top-left:0px;--awb-border-radius-top-right:0px;--awb-border-radius-bottom-right:0px;--awb-border-radius-bottom-left:0px;--awb-padding-right:0px;--awb-padding-left:0px;--awb-flex-wrap:wrap;\" ><div class=\"fusion-builder-row fusion-row fusion-flex-align-items-flex-start fusion-flex-content-wrap\" style=\"max-width:1216.8px;margin-left: calc(-4% \/ 2 );margin-right: calc(-4% \/ 2 );\"><div class=\"fusion-layout-column fusion_builder_column fusion-builder-column-0 fusion_builder_column_2_3 2_3 fusion-flex-column\" style=\"--awb-bg-size:cover;--awb-width-large:66.666666666667%;--awb-margin-top-large:0px;--awb-spacing-right-large:2.88%;--awb-margin-bottom-large:20px;--awb-spacing-left-large:2.88%;--awb-width-medium:100%;--awb-order-medium:0;--awb-spacing-right-medium:1.92%;--awb-spacing-left-medium:1.92%;--awb-width-small:100%;--awb-order-small:0;--awb-spacing-right-small:1.92%;--awb-spacing-left-small:1.92%;\"><div class=\"fusion-column-wrapper fusion-column-has-shadow fusion-flex-justify-content-flex-start fusion-content-layout-column\">\n<div class=\"table-2 gal-textos-menores\">\n<table width=\"100%\">\n<thead>\n<tr>\n<th align=\"left\">Caract\u00e9ristiques<\/th>\n<th align=\"left\"><\/th>\n<\/tr>\n<\/thead>\n<tbody>\n<tr>\n<td>Tension d&#8217;alimentation<\/td>\n<td>1 Ph 230\/400 V \u00b1 15 % &#8211; 50\/60 Hz.<\/td>\n<\/tr>\n<tr>\n<td>Marge r\u00e9glementaire<\/td>\n<td>30 A \u00f7 400 A<\/td>\n<\/tr>\n<tr>\n<td>Facteur de service TIG 40\u00baC<\/td>\n<td>400A \/ 50 %<\/td>\n<\/tr>\n<tr>\n<td>Facteur de marche MMA 40\u00baC<\/td>\n<td>400 A \/ 50 %<\/td>\n<\/tr>\n<tr>\n<td>Puissance maximale absorb\u00e9e<\/td>\n<td>17,9 Kva<\/td>\n<\/tr>\n<tr>\n<td>Dimensions (largeur x hauteur x longueur)<\/td>\n<td>297 x 528 x 595 mm.<\/td>\n<\/tr>\n<tr>\n<td>Poids<\/td>\n<td>30 Kg.<\/td>\n<\/tr>\n<\/tbody>\n<\/table>\n<\/div>\n<\/div><\/div><\/div><\/div>\n","protected":false},"excerpt":{"rendered":"<p><strong>Proc\u00e9d\u00e9s :<\/strong> TIG Pulse &#8211; TIG DC HF &#8211; MMA<\/p>\n<p><strong>Mat\u00e9riaux : <\/strong>acier au carbone et acier inoxydable<\/p>\n<p><strong>Applications :<\/strong> Charpente m\u00e9tallique et chaudronnerie &#8211; Chantiers navals &#8211; Maintenance &#8211; Artisanat &#8211; Carrosserie &#8211; Ateliers m\u00e9caniques &#8211; Carrossiers &#8211; B\u00e2timent &#8211; Electriciens &#8211; R\u00e9paration &#8211; D\u00e9pannage<\/p>\n<p><strong>Inclus : <\/strong>c\u00e2ble avec fiche et connecteur de mise \u00e0 la terre, chariot de transport, module de refroidissement, p\u00e9dale de commande \u00e0 distance. L&#8217;\u00e9quipement est assembl\u00e9 et test\u00e9.<\/p>\n<h6><strong>La pince \u00e0 \u00e9lectrodes n&#8217;est pas incluse.<\/strong><\/h6>\n","protected":false},"featured_media":18374,"template":"","meta":{"_acf_changed":false},"product_brand":[],"product_cat":[937,1378],"product_tag":[],"class_list":{"0":"post-18385","1":"product","2":"type-product","3":"status-publish","4":"has-post-thumbnail","6":"product_cat-produits","7":"product_cat-tig-dc-acdc-fr","9":"first","10":"instock","11":"taxable","12":"shipping-taxable","13":"purchasable","14":"product-type-simple"},"acf":[],"yoast_head":"<!-- This site is optimized with the Yoast SEO plugin v24.8.1 - https:\/\/yoast.com\/wordpress\/plugins\/seo\/ -->\n<title>Smart 400 TIG Pulse | GALA GAR - Productos de soldadura y reguladores de gas - Gas y soldadura<\/title>\n<meta name=\"robots\" content=\"noindex, follow, max-snippet:-1, max-image-preview:large, max-video-preview:-1\" \/>\n<meta property=\"og:locale\" content=\"fr_FR\" \/>\n<meta property=\"og:type\" content=\"article\" \/>\n<meta property=\"og:title\" content=\"Smart 400 TIG Pulse | GALA GAR - Productos de soldadura y reguladores de gas - Gas y soldadura\" \/>\n<meta property=\"og:description\" content=\"Proc\u00e9d\u00e9s : TIG Pulse - TIG DC HF - MMA Mat\u00e9riaux : acier au carbone et acier inoxydable Applications : Charpente m\u00e9tallique et chaudronnerie - Chantiers navals - Maintenance - Artisanat - Carrosserie - Ateliers m\u00e9caniques - Carrossiers - B\u00e2timent - Electriciens - R\u00e9paration - D\u00e9pannage Inclus : c\u00e2ble avec fiche et connecteur de mise \u00e0 la terre, chariot de transport, module de refroidissement, p\u00e9dale de commande \u00e0 distance. L&#039;\u00e9quipement est assembl\u00e9 et test\u00e9. La pince \u00e0 \u00e9lectrodes n&#039;est pas incluse.\" \/>\n<meta property=\"og:url\" content=\"https:\/\/dev.galagar.com\/fr\/produit\/smart-400-tig-pulse\/\" \/>\n<meta property=\"og:site_name\" content=\"GALA GAR - Productos de soldadura y reguladores de gas - Gas y soldadura\" \/>\n<meta property=\"article:modified_time\" content=\"2023-06-19T15:16:06+00:00\" \/>\n<meta property=\"og:image\" content=\"https:\/\/dev.galagar.com\/wp-content\/uploads\/2022\/05\/Smart400TIGp.jpg\" \/>\n\t<meta property=\"og:image:width\" content=\"640\" \/>\n\t<meta property=\"og:image:height\" content=\"800\" \/>\n\t<meta property=\"og:image:type\" content=\"image\/jpeg\" \/>\n<meta name=\"twitter:card\" content=\"summary_large_image\" \/>\n<meta name=\"twitter:label1\" content=\"Dur\u00e9e de lecture estim\u00e9e\" \/>\n\t<meta name=\"twitter:data1\" content=\"2 minutes\" \/>\n<script type=\"application\/ld+json\" class=\"yoast-schema-graph\">{\"@context\":\"https:\/\/schema.org\",\"@graph\":[{\"@type\":\"WebPage\",\"@id\":\"https:\/\/dev.galagar.com\/fr\/produit\/smart-400-tig-pulse\/\",\"url\":\"https:\/\/dev.galagar.com\/fr\/produit\/smart-400-tig-pulse\/\",\"name\":\"Smart 400 TIG Pulse | GALA GAR - Productos de soldadura y reguladores de gas - Gas y soldadura\",\"isPartOf\":{\"@id\":\"https:\/\/dev.galagar.com\/fr\/#website\"},\"primaryImageOfPage\":{\"@id\":\"https:\/\/dev.galagar.com\/fr\/produit\/smart-400-tig-pulse\/#primaryimage\"},\"image\":{\"@id\":\"https:\/\/dev.galagar.com\/fr\/produit\/smart-400-tig-pulse\/#primaryimage\"},\"thumbnailUrl\":\"https:\/\/dev.galagar.com\/wp-content\/uploads\/2022\/05\/Smart400TIGp.jpg\",\"datePublished\":\"2022-01-27T18:46:30+00:00\",\"dateModified\":\"2023-06-19T15:16:06+00:00\",\"breadcrumb\":{\"@id\":\"https:\/\/dev.galagar.com\/fr\/produit\/smart-400-tig-pulse\/#breadcrumb\"},\"inLanguage\":\"fr-FR\",\"potentialAction\":[{\"@type\":\"ReadAction\",\"target\":[\"https:\/\/dev.galagar.com\/fr\/produit\/smart-400-tig-pulse\/\"]}]},{\"@type\":\"ImageObject\",\"inLanguage\":\"fr-FR\",\"@id\":\"https:\/\/dev.galagar.com\/fr\/produit\/smart-400-tig-pulse\/#primaryimage\",\"url\":\"https:\/\/dev.galagar.com\/wp-content\/uploads\/2022\/05\/Smart400TIGp.jpg\",\"contentUrl\":\"https:\/\/dev.galagar.com\/wp-content\/uploads\/2022\/05\/Smart400TIGp.jpg\",\"width\":640,\"height\":800},{\"@type\":\"BreadcrumbList\",\"@id\":\"https:\/\/dev.galagar.com\/fr\/produit\/smart-400-tig-pulse\/#breadcrumb\",\"itemListElement\":[{\"@type\":\"ListItem\",\"position\":1,\"name\":\"Inicio\",\"item\":\"https:\/\/dev.galagar.com\/fr\/accueil\/\"},{\"@type\":\"ListItem\",\"position\":2,\"name\":\"Tienda\",\"item\":\"https:\/\/dev.galagar.com\/tienda\/\"},{\"@type\":\"ListItem\",\"position\":3,\"name\":\"Produits\",\"item\":\"https:\/\/dev.galagar.com\/fr\/categoria-producto\/produits\/\"},{\"@type\":\"ListItem\",\"position\":4,\"name\":\"Postes \u00e0 souder\",\"item\":\"https:\/\/dev.galagar.com\/fr\/categoria-producto\/produits\/postes-a-souder\/\"},{\"@type\":\"ListItem\",\"position\":5,\"name\":\"TIG DC \/ ACDC\",\"item\":\"https:\/\/dev.galagar.com\/fr\/categoria-producto\/produits\/postes-a-souder\/tig-dc-acdc-fr\/\"},{\"@type\":\"ListItem\",\"position\":6,\"name\":\"Smart 400 TIG Pulse\"}]},{\"@type\":\"WebSite\",\"@id\":\"https:\/\/dev.galagar.com\/fr\/#website\",\"url\":\"https:\/\/dev.galagar.com\/fr\/\",\"name\":\"GALA GAR - Productos de soldadura y reguladores de gas - Gas y soldadura\",\"description\":\"Gala Gar es fabricante de tecnolog\u00eda competitiva para soldadura (MMA-TIG-MIG\/MAG-CORTE POR PLASMA), regulaci\u00f3n de gases, y para soldadura y corte por gas.\",\"publisher\":{\"@id\":\"https:\/\/dev.galagar.com\/fr\/#organization\"},\"potentialAction\":[{\"@type\":\"SearchAction\",\"target\":{\"@type\":\"EntryPoint\",\"urlTemplate\":\"https:\/\/dev.galagar.com\/fr\/?s={search_term_string}\"},\"query-input\":{\"@type\":\"PropertyValueSpecification\",\"valueRequired\":true,\"valueName\":\"search_term_string\"}}],\"inLanguage\":\"fr-FR\"},{\"@type\":\"Organization\",\"@id\":\"https:\/\/dev.galagar.com\/fr\/#organization\",\"name\":\"GALA GAR welding\",\"url\":\"https:\/\/dev.galagar.com\/fr\/\",\"logo\":{\"@type\":\"ImageObject\",\"inLanguage\":\"fr-FR\",\"@id\":\"https:\/\/dev.galagar.com\/fr\/#\/schema\/logo\/image\/\",\"url\":\"\",\"contentUrl\":\"\",\"caption\":\"GALA GAR welding\"},\"image\":{\"@id\":\"https:\/\/dev.galagar.com\/fr\/#\/schema\/logo\/image\/\"}}]}<\/script>\n<!-- \/ Yoast SEO plugin. -->","yoast_head_json":{"title":"Smart 400 TIG Pulse | GALA GAR - Productos de soldadura y reguladores de gas - Gas y soldadura","robots":{"index":"noindex","follow":"follow","max-snippet":"max-snippet:-1","max-image-preview":"max-image-preview:large","max-video-preview":"max-video-preview:-1"},"og_locale":"fr_FR","og_type":"article","og_title":"Smart 400 TIG Pulse | GALA GAR - Productos de soldadura y reguladores de gas - Gas y soldadura","og_description":"Proc\u00e9d\u00e9s : TIG Pulse - TIG DC HF - MMA Mat\u00e9riaux : acier au carbone et acier inoxydable Applications : Charpente m\u00e9tallique et chaudronnerie - Chantiers navals - Maintenance - Artisanat - Carrosserie - Ateliers m\u00e9caniques - Carrossiers - B\u00e2timent - Electriciens - R\u00e9paration - D\u00e9pannage Inclus : c\u00e2ble avec fiche et connecteur de mise \u00e0 la terre, chariot de transport, module de refroidissement, p\u00e9dale de commande \u00e0 distance. L'\u00e9quipement est assembl\u00e9 et test\u00e9. La pince \u00e0 \u00e9lectrodes n'est pas incluse.","og_url":"https:\/\/dev.galagar.com\/fr\/produit\/smart-400-tig-pulse\/","og_site_name":"GALA GAR - Productos de soldadura y reguladores de gas - Gas y soldadura","article_modified_time":"2023-06-19T15:16:06+00:00","og_image":[{"width":640,"height":800,"url":"https:\/\/dev.galagar.com\/wp-content\/uploads\/2022\/05\/Smart400TIGp.jpg","type":"image\/jpeg"}],"twitter_card":"summary_large_image","twitter_misc":{"Dur\u00e9e de lecture estim\u00e9e":"2 minutes"},"schema":{"@context":"https:\/\/schema.org","@graph":[{"@type":"WebPage","@id":"https:\/\/dev.galagar.com\/fr\/produit\/smart-400-tig-pulse\/","url":"https:\/\/dev.galagar.com\/fr\/produit\/smart-400-tig-pulse\/","name":"Smart 400 TIG Pulse | GALA GAR - Productos de soldadura y reguladores de gas - Gas y soldadura","isPartOf":{"@id":"https:\/\/dev.galagar.com\/fr\/#website"},"primaryImageOfPage":{"@id":"https:\/\/dev.galagar.com\/fr\/produit\/smart-400-tig-pulse\/#primaryimage"},"image":{"@id":"https:\/\/dev.galagar.com\/fr\/produit\/smart-400-tig-pulse\/#primaryimage"},"thumbnailUrl":"https:\/\/dev.galagar.com\/wp-content\/uploads\/2022\/05\/Smart400TIGp.jpg","datePublished":"2022-01-27T18:46:30+00:00","dateModified":"2023-06-19T15:16:06+00:00","breadcrumb":{"@id":"https:\/\/dev.galagar.com\/fr\/produit\/smart-400-tig-pulse\/#breadcrumb"},"inLanguage":"fr-FR","potentialAction":[{"@type":"ReadAction","target":["https:\/\/dev.galagar.com\/fr\/produit\/smart-400-tig-pulse\/"]}]},{"@type":"ImageObject","inLanguage":"fr-FR","@id":"https:\/\/dev.galagar.com\/fr\/produit\/smart-400-tig-pulse\/#primaryimage","url":"https:\/\/dev.galagar.com\/wp-content\/uploads\/2022\/05\/Smart400TIGp.jpg","contentUrl":"https:\/\/dev.galagar.com\/wp-content\/uploads\/2022\/05\/Smart400TIGp.jpg","width":640,"height":800},{"@type":"BreadcrumbList","@id":"https:\/\/dev.galagar.com\/fr\/produit\/smart-400-tig-pulse\/#breadcrumb","itemListElement":[{"@type":"ListItem","position":1,"name":"Inicio","item":"https:\/\/dev.galagar.com\/fr\/accueil\/"},{"@type":"ListItem","position":2,"name":"Tienda","item":"https:\/\/dev.galagar.com\/tienda\/"},{"@type":"ListItem","position":3,"name":"Produits","item":"https:\/\/dev.galagar.com\/fr\/categoria-producto\/produits\/"},{"@type":"ListItem","position":4,"name":"Postes \u00e0 souder","item":"https:\/\/dev.galagar.com\/fr\/categoria-producto\/produits\/postes-a-souder\/"},{"@type":"ListItem","position":5,"name":"TIG DC \/ ACDC","item":"https:\/\/dev.galagar.com\/fr\/categoria-producto\/produits\/postes-a-souder\/tig-dc-acdc-fr\/"},{"@type":"ListItem","position":6,"name":"Smart 400 TIG Pulse"}]},{"@type":"WebSite","@id":"https:\/\/dev.galagar.com\/fr\/#website","url":"https:\/\/dev.galagar.com\/fr\/","name":"GALA GAR - Productos de soldadura y reguladores de gas - Gas y soldadura","description":"Gala Gar es fabricante de tecnolog\u00eda competitiva para soldadura (MMA-TIG-MIG\/MAG-CORTE POR PLASMA), regulaci\u00f3n de gases, y para soldadura y corte por gas.","publisher":{"@id":"https:\/\/dev.galagar.com\/fr\/#organization"},"potentialAction":[{"@type":"SearchAction","target":{"@type":"EntryPoint","urlTemplate":"https:\/\/dev.galagar.com\/fr\/?s={search_term_string}"},"query-input":{"@type":"PropertyValueSpecification","valueRequired":true,"valueName":"search_term_string"}}],"inLanguage":"fr-FR"},{"@type":"Organization","@id":"https:\/\/dev.galagar.com\/fr\/#organization","name":"GALA GAR welding","url":"https:\/\/dev.galagar.com\/fr\/","logo":{"@type":"ImageObject","inLanguage":"fr-FR","@id":"https:\/\/dev.galagar.com\/fr\/#\/schema\/logo\/image\/","url":"","contentUrl":"","caption":"GALA GAR welding"},"image":{"@id":"https:\/\/dev.galagar.com\/fr\/#\/schema\/logo\/image\/"}}]}},"_links":{"self":[{"href":"https:\/\/dev.galagar.com\/fr\/wp-json\/wp\/v2\/product\/18385","targetHints":{"allow":["GET"]}}],"collection":[{"href":"https:\/\/dev.galagar.com\/fr\/wp-json\/wp\/v2\/product"}],"about":[{"href":"https:\/\/dev.galagar.com\/fr\/wp-json\/wp\/v2\/types\/product"}],"wp:featuredmedia":[{"embeddable":true,"href":"https:\/\/dev.galagar.com\/fr\/wp-json\/wp\/v2\/media\/18374"}],"wp:attachment":[{"href":"https:\/\/dev.galagar.com\/fr\/wp-json\/wp\/v2\/media?parent=18385"}],"wp:term":[{"taxonomy":"product_brand","embeddable":true,"href":"https:\/\/dev.galagar.com\/fr\/wp-json\/wp\/v2\/product_brand?post=18385"},{"taxonomy":"product_cat","embeddable":true,"href":"https:\/\/dev.galagar.com\/fr\/wp-json\/wp\/v2\/product_cat?post=18385"},{"taxonomy":"product_tag","embeddable":true,"href":"https:\/\/dev.galagar.com\/fr\/wp-json\/wp\/v2\/product_tag?post=18385"}],"curies":[{"name":"wp","href":"https:\/\/api.w.org\/{rel}","templated":true}]}}