{"id":18269,"date":"2022-01-27T19:45:25","date_gmt":"2022-01-27T18:45:25","guid":{"rendered":"https:\/\/dev.galagar.com\/producto\/torche-de-coupe-monobloc\/"},"modified":"2023-06-12T14:56:49","modified_gmt":"2023-06-12T12:56:49","slug":"chalumeau-de-coupe-monoblock","status":"publish","type":"product","link":"https:\/\/dev.galagar.com\/fr\/produit\/chalumeau-de-coupe-monoblock\/","title":{"rendered":"Chalumeau de coupe Monoblock"},"content":{"rendered":"<div class=\"fusion-fullwidth fullwidth-box fusion-builder-row-1 fusion-flex-container has-pattern-background has-mask-background nonhundred-percent-fullwidth non-hundred-percent-height-scrolling\" style=\"--awb-border-radius-top-left:0px;--awb-border-radius-top-right:0px;--awb-border-radius-bottom-right:0px;--awb-border-radius-bottom-left:0px;--awb-flex-wrap:wrap;\" ><div class=\"fusion-builder-row fusion-row fusion-flex-align-items-flex-start fusion-flex-content-wrap\" style=\"max-width:1216.8px;margin-left: calc(-4% \/ 2 );margin-right: calc(-4% \/ 2 );\"><div class=\"fusion-layout-column fusion_builder_column fusion-builder-column-0 fusion_builder_column_1_1 1_1 fusion-flex-column\" style=\"--awb-bg-size:cover;--awb-width-large:100%;--awb-margin-top-large:0px;--awb-spacing-right-large:1.92%;--awb-margin-bottom-large:20px;--awb-spacing-left-large:1.92%;--awb-width-medium:100%;--awb-order-medium:0;--awb-spacing-right-medium:1.92%;--awb-spacing-left-medium:1.92%;--awb-width-small:100%;--awb-order-small:0;--awb-spacing-right-small:1.92%;--awb-spacing-left-small:1.92%;\"><div class=\"fusion-column-wrapper fusion-column-has-shadow fusion-flex-justify-content-flex-start fusion-content-layout-column\"><div class=\"fusion-text fusion-text-1 fusion-text-no-margin\" style=\"--awb-margin-bottom:-50px;\"><h3><span style=\"color: #800000;\">Configuration basique<\/span><\/h3>\n<\/div><div class=\"fusion-image-element \" style=\"--awb-caption-title-font-family:var(--h2_typography-font-family);--awb-caption-title-font-weight:var(--h2_typography-font-weight);--awb-caption-title-font-style:var(--h2_typography-font-style);--awb-caption-title-size:var(--h2_typography-font-size);--awb-caption-title-transform:var(--h2_typography-text-transform);--awb-caption-title-line-height:var(--h2_typography-line-height);--awb-caption-title-letter-spacing:var(--h2_typography-letter-spacing);\"><span class=\" fusion-imageframe imageframe-none imageframe-1 hover-type-none\"><img decoding=\"async\" width=\"2417\" height=\"671\" title=\"Esquema-Soplete-MonoBlock\" src=\"https:\/\/dev.galagar.com\/wp-content\/uploads\/2022\/01\/Esquema-Soplete-MonoBlock.png\" data-orig-src=\"https:\/\/dev.galagar.com\/wp-content\/uploads\/2022\/01\/Esquema-Soplete-MonoBlock.png\" alt class=\"lazyload img-responsive wp-image-18253\" srcset=\"data:image\/svg+xml,%3Csvg%20xmlns%3D%27http%3A%2F%2Fwww.w3.org%2F2000%2Fsvg%27%20width%3D%272417%27%20height%3D%27671%27%20viewBox%3D%270%200%202417%20671%27%3E%3Crect%20width%3D%272417%27%20height%3D%27671%27%20fill-opacity%3D%220%22%2F%3E%3C%2Fsvg%3E\" data-srcset=\"https:\/\/dev.galagar.com\/wp-content\/uploads\/2022\/01\/Esquema-Soplete-MonoBlock-200x56.png 200w, https:\/\/dev.galagar.com\/wp-content\/uploads\/2022\/01\/Esquema-Soplete-MonoBlock-400x111.png 400w, https:\/\/dev.galagar.com\/wp-content\/uploads\/2022\/01\/Esquema-Soplete-MonoBlock-600x167.png 600w, https:\/\/dev.galagar.com\/wp-content\/uploads\/2022\/01\/Esquema-Soplete-MonoBlock-800x222.png 800w, https:\/\/dev.galagar.com\/wp-content\/uploads\/2022\/01\/Esquema-Soplete-MonoBlock-1200x333.png 1200w, https:\/\/dev.galagar.com\/wp-content\/uploads\/2022\/01\/Esquema-Soplete-MonoBlock.png 2417w\" data-sizes=\"auto\" data-orig-sizes=\"(max-width: 1024px) 100vw, (max-width: 640px) 100vw, 1200px\" \/><\/span><\/div><\/div><\/div><\/div><\/div>\n","protected":false},"excerpt":{"rendered":"<p>Chalumeau coupeur <strong>Monoblock<\/strong> pour couper des aciers jusqu&#8217;\u00e0 300 mm. avec Oxy-Ac\u00e9tyl\u00e8ne\/propane avec buses G1 \u00e0 si\u00e8ge conique sp\u00e9cifiques sur ce mod\u00e8le.<br \/>\n\u00c9quip\u00e9 d&#8217;une g\u00e2chette sp\u00e9ciale pour fixer le processus de coupe.<\/p>\n<p><strong>Applications :<\/strong> D\u00e9molition &#8211; D\u00e9coupe de grandes \u00e9paisseurs &#8211; Chaudronnerie<\/p>\n<p><strong>Sur demande :<\/strong><br \/>\nChalumeau Monoblock avec un angle de t\u00eate de 180\u00ba et des longueurs de 100 et 150 centim\u00e8tres.<\/p>\n","protected":false},"featured_media":18285,"template":"","meta":{"_acf_changed":false},"product_brand":[],"product_cat":[937,1373,1544],"product_tag":[],"class_list":{"0":"post-18269","1":"product","2":"type-product","3":"status-publish","4":"has-post-thumbnail","6":"product_cat-produits","7":"product_cat-gaz","8":"product_cat-chalumeaux","10":"first","11":"instock","12":"taxable","13":"shipping-taxable","14":"purchasable","15":"product-type-simple"},"acf":[],"yoast_head":"<!-- This site is optimized with the Yoast SEO plugin v24.8.1 - https:\/\/yoast.com\/wordpress\/plugins\/seo\/ -->\n<title>Chalumeau de coupe Monoblock | GALA GAR - Productos de soldadura y reguladores de gas - Gas y soldadura<\/title>\n<meta name=\"description\" content=\"Chalumeau d\u00e9coupeur G1 pour m\u00e9lange oxy-ac\u00e9tyl\u00e8ne ou oxy-propane. Capacit\u00e9 jusqu&#039;\u00e0 300mm en fonction de la taille de la buse.\" \/>\n<meta name=\"robots\" content=\"noindex, follow, max-snippet:-1, max-image-preview:large, max-video-preview:-1\" \/>\n<meta property=\"og:locale\" content=\"fr_FR\" \/>\n<meta property=\"og:type\" content=\"article\" \/>\n<meta property=\"og:title\" content=\"Chalumeau de coupe Monoblock | GALA GAR - Productos de soldadura y reguladores de gas - Gas y soldadura\" \/>\n<meta property=\"og:description\" content=\"Chalumeau d\u00e9coupeur G1 pour m\u00e9lange oxy-ac\u00e9tyl\u00e8ne ou oxy-propane. Capacit\u00e9 jusqu&#039;\u00e0 300mm en fonction de la taille de la buse.\" \/>\n<meta property=\"og:url\" content=\"https:\/\/dev.galagar.com\/fr\/produit\/chalumeau-de-coupe-monoblock\/\" \/>\n<meta property=\"og:site_name\" content=\"GALA GAR - Productos de soldadura y reguladores de gas - Gas y soldadura\" \/>\n<meta property=\"article:modified_time\" content=\"2023-06-12T12:56:49+00:00\" \/>\n<meta property=\"og:image\" content=\"https:\/\/dev.galagar.com\/wp-content\/uploads\/2022\/01\/Soplete-Monoblock.jpg\" \/>\n\t<meta property=\"og:image:width\" content=\"640\" \/>\n\t<meta property=\"og:image:height\" content=\"800\" \/>\n\t<meta property=\"og:image:type\" content=\"image\/jpeg\" \/>\n<meta name=\"twitter:card\" content=\"summary_large_image\" \/>\n<meta name=\"twitter:label1\" content=\"Dur\u00e9e de lecture estim\u00e9e\" \/>\n\t<meta name=\"twitter:data1\" content=\"2 minutes\" \/>\n<script type=\"application\/ld+json\" class=\"yoast-schema-graph\">{\"@context\":\"https:\/\/schema.org\",\"@graph\":[{\"@type\":\"WebPage\",\"@id\":\"https:\/\/dev.galagar.com\/fr\/produit\/chalumeau-de-coupe-monoblock\/\",\"url\":\"https:\/\/dev.galagar.com\/fr\/produit\/chalumeau-de-coupe-monoblock\/\",\"name\":\"Chalumeau de coupe Monoblock | GALA GAR - Productos de soldadura y reguladores de gas - Gas y soldadura\",\"isPartOf\":{\"@id\":\"https:\/\/dev.galagar.com\/fr\/#website\"},\"primaryImageOfPage\":{\"@id\":\"https:\/\/dev.galagar.com\/fr\/produit\/chalumeau-de-coupe-monoblock\/#primaryimage\"},\"image\":{\"@id\":\"https:\/\/dev.galagar.com\/fr\/produit\/chalumeau-de-coupe-monoblock\/#primaryimage\"},\"thumbnailUrl\":\"https:\/\/dev.galagar.com\/wp-content\/uploads\/2022\/01\/Soplete-Monoblock.jpg\",\"datePublished\":\"2022-01-27T18:45:25+00:00\",\"dateModified\":\"2023-06-12T12:56:49+00:00\",\"description\":\"Chalumeau d\u00e9coupeur G1 pour m\u00e9lange oxy-ac\u00e9tyl\u00e8ne ou oxy-propane. Capacit\u00e9 jusqu'\u00e0 300mm en fonction de la taille de la buse.\",\"breadcrumb\":{\"@id\":\"https:\/\/dev.galagar.com\/fr\/produit\/chalumeau-de-coupe-monoblock\/#breadcrumb\"},\"inLanguage\":\"fr-FR\",\"potentialAction\":[{\"@type\":\"ReadAction\",\"target\":[\"https:\/\/dev.galagar.com\/fr\/produit\/chalumeau-de-coupe-monoblock\/\"]}]},{\"@type\":\"ImageObject\",\"inLanguage\":\"fr-FR\",\"@id\":\"https:\/\/dev.galagar.com\/fr\/produit\/chalumeau-de-coupe-monoblock\/#primaryimage\",\"url\":\"https:\/\/dev.galagar.com\/wp-content\/uploads\/2022\/01\/Soplete-Monoblock.jpg\",\"contentUrl\":\"https:\/\/dev.galagar.com\/wp-content\/uploads\/2022\/01\/Soplete-Monoblock.jpg\",\"width\":640,\"height\":800},{\"@type\":\"BreadcrumbList\",\"@id\":\"https:\/\/dev.galagar.com\/fr\/produit\/chalumeau-de-coupe-monoblock\/#breadcrumb\",\"itemListElement\":[{\"@type\":\"ListItem\",\"position\":1,\"name\":\"Inicio\",\"item\":\"https:\/\/dev.galagar.com\/fr\/accueil\/\"},{\"@type\":\"ListItem\",\"position\":2,\"name\":\"Tienda\",\"item\":\"https:\/\/dev.galagar.com\/tienda\/\"},{\"@type\":\"ListItem\",\"position\":3,\"name\":\"Produits\",\"item\":\"https:\/\/dev.galagar.com\/fr\/categoria-producto\/produits\/\"},{\"@type\":\"ListItem\",\"position\":4,\"name\":\"Gaz\",\"item\":\"https:\/\/dev.galagar.com\/fr\/categoria-producto\/produits\/gaz\/\"},{\"@type\":\"ListItem\",\"position\":5,\"name\":\"Chalumeaux\",\"item\":\"https:\/\/dev.galagar.com\/fr\/categoria-producto\/produits\/gaz\/chalumeaux\/\"},{\"@type\":\"ListItem\",\"position\":6,\"name\":\"Chalumeau de coupe Monoblock\"}]},{\"@type\":\"WebSite\",\"@id\":\"https:\/\/dev.galagar.com\/fr\/#website\",\"url\":\"https:\/\/dev.galagar.com\/fr\/\",\"name\":\"GALA GAR - Productos de soldadura y reguladores de gas - Gas y soldadura\",\"description\":\"Gala Gar es fabricante de tecnolog\u00eda competitiva para soldadura (MMA-TIG-MIG\/MAG-CORTE POR PLASMA), regulaci\u00f3n de gases, y para soldadura y corte por gas.\",\"publisher\":{\"@id\":\"https:\/\/dev.galagar.com\/fr\/#organization\"},\"potentialAction\":[{\"@type\":\"SearchAction\",\"target\":{\"@type\":\"EntryPoint\",\"urlTemplate\":\"https:\/\/dev.galagar.com\/fr\/?s={search_term_string}\"},\"query-input\":{\"@type\":\"PropertyValueSpecification\",\"valueRequired\":true,\"valueName\":\"search_term_string\"}}],\"inLanguage\":\"fr-FR\"},{\"@type\":\"Organization\",\"@id\":\"https:\/\/dev.galagar.com\/fr\/#organization\",\"name\":\"GALA GAR welding\",\"url\":\"https:\/\/dev.galagar.com\/fr\/\",\"logo\":{\"@type\":\"ImageObject\",\"inLanguage\":\"fr-FR\",\"@id\":\"https:\/\/dev.galagar.com\/fr\/#\/schema\/logo\/image\/\",\"url\":\"\",\"contentUrl\":\"\",\"caption\":\"GALA GAR welding\"},\"image\":{\"@id\":\"https:\/\/dev.galagar.com\/fr\/#\/schema\/logo\/image\/\"}}]}<\/script>\n<!-- \/ Yoast SEO plugin. -->","yoast_head_json":{"title":"Chalumeau de coupe Monoblock | GALA GAR - Productos de soldadura y reguladores de gas - Gas y soldadura","description":"Chalumeau d\u00e9coupeur G1 pour m\u00e9lange oxy-ac\u00e9tyl\u00e8ne ou oxy-propane. Capacit\u00e9 jusqu'\u00e0 300mm en fonction de la taille de la buse.","robots":{"index":"noindex","follow":"follow","max-snippet":"max-snippet:-1","max-image-preview":"max-image-preview:large","max-video-preview":"max-video-preview:-1"},"og_locale":"fr_FR","og_type":"article","og_title":"Chalumeau de coupe Monoblock | GALA GAR - Productos de soldadura y reguladores de gas - Gas y soldadura","og_description":"Chalumeau d\u00e9coupeur G1 pour m\u00e9lange oxy-ac\u00e9tyl\u00e8ne ou oxy-propane. Capacit\u00e9 jusqu'\u00e0 300mm en fonction de la taille de la buse.","og_url":"https:\/\/dev.galagar.com\/fr\/produit\/chalumeau-de-coupe-monoblock\/","og_site_name":"GALA GAR - Productos de soldadura y reguladores de gas - Gas y soldadura","article_modified_time":"2023-06-12T12:56:49+00:00","og_image":[{"width":640,"height":800,"url":"https:\/\/dev.galagar.com\/wp-content\/uploads\/2022\/01\/Soplete-Monoblock.jpg","type":"image\/jpeg"}],"twitter_card":"summary_large_image","twitter_misc":{"Dur\u00e9e de lecture estim\u00e9e":"2 minutes"},"schema":{"@context":"https:\/\/schema.org","@graph":[{"@type":"WebPage","@id":"https:\/\/dev.galagar.com\/fr\/produit\/chalumeau-de-coupe-monoblock\/","url":"https:\/\/dev.galagar.com\/fr\/produit\/chalumeau-de-coupe-monoblock\/","name":"Chalumeau de coupe Monoblock | GALA GAR - Productos de soldadura y reguladores de gas - Gas y soldadura","isPartOf":{"@id":"https:\/\/dev.galagar.com\/fr\/#website"},"primaryImageOfPage":{"@id":"https:\/\/dev.galagar.com\/fr\/produit\/chalumeau-de-coupe-monoblock\/#primaryimage"},"image":{"@id":"https:\/\/dev.galagar.com\/fr\/produit\/chalumeau-de-coupe-monoblock\/#primaryimage"},"thumbnailUrl":"https:\/\/dev.galagar.com\/wp-content\/uploads\/2022\/01\/Soplete-Monoblock.jpg","datePublished":"2022-01-27T18:45:25+00:00","dateModified":"2023-06-12T12:56:49+00:00","description":"Chalumeau d\u00e9coupeur G1 pour m\u00e9lange oxy-ac\u00e9tyl\u00e8ne ou oxy-propane. Capacit\u00e9 jusqu'\u00e0 300mm en fonction de la taille de la buse.","breadcrumb":{"@id":"https:\/\/dev.galagar.com\/fr\/produit\/chalumeau-de-coupe-monoblock\/#breadcrumb"},"inLanguage":"fr-FR","potentialAction":[{"@type":"ReadAction","target":["https:\/\/dev.galagar.com\/fr\/produit\/chalumeau-de-coupe-monoblock\/"]}]},{"@type":"ImageObject","inLanguage":"fr-FR","@id":"https:\/\/dev.galagar.com\/fr\/produit\/chalumeau-de-coupe-monoblock\/#primaryimage","url":"https:\/\/dev.galagar.com\/wp-content\/uploads\/2022\/01\/Soplete-Monoblock.jpg","contentUrl":"https:\/\/dev.galagar.com\/wp-content\/uploads\/2022\/01\/Soplete-Monoblock.jpg","width":640,"height":800},{"@type":"BreadcrumbList","@id":"https:\/\/dev.galagar.com\/fr\/produit\/chalumeau-de-coupe-monoblock\/#breadcrumb","itemListElement":[{"@type":"ListItem","position":1,"name":"Inicio","item":"https:\/\/dev.galagar.com\/fr\/accueil\/"},{"@type":"ListItem","position":2,"name":"Tienda","item":"https:\/\/dev.galagar.com\/tienda\/"},{"@type":"ListItem","position":3,"name":"Produits","item":"https:\/\/dev.galagar.com\/fr\/categoria-producto\/produits\/"},{"@type":"ListItem","position":4,"name":"Gaz","item":"https:\/\/dev.galagar.com\/fr\/categoria-producto\/produits\/gaz\/"},{"@type":"ListItem","position":5,"name":"Chalumeaux","item":"https:\/\/dev.galagar.com\/fr\/categoria-producto\/produits\/gaz\/chalumeaux\/"},{"@type":"ListItem","position":6,"name":"Chalumeau de coupe Monoblock"}]},{"@type":"WebSite","@id":"https:\/\/dev.galagar.com\/fr\/#website","url":"https:\/\/dev.galagar.com\/fr\/","name":"GALA GAR - Productos de soldadura y reguladores de gas - Gas y soldadura","description":"Gala Gar es fabricante de tecnolog\u00eda competitiva para soldadura (MMA-TIG-MIG\/MAG-CORTE POR PLASMA), regulaci\u00f3n de gases, y para soldadura y corte por gas.","publisher":{"@id":"https:\/\/dev.galagar.com\/fr\/#organization"},"potentialAction":[{"@type":"SearchAction","target":{"@type":"EntryPoint","urlTemplate":"https:\/\/dev.galagar.com\/fr\/?s={search_term_string}"},"query-input":{"@type":"PropertyValueSpecification","valueRequired":true,"valueName":"search_term_string"}}],"inLanguage":"fr-FR"},{"@type":"Organization","@id":"https:\/\/dev.galagar.com\/fr\/#organization","name":"GALA GAR welding","url":"https:\/\/dev.galagar.com\/fr\/","logo":{"@type":"ImageObject","inLanguage":"fr-FR","@id":"https:\/\/dev.galagar.com\/fr\/#\/schema\/logo\/image\/","url":"","contentUrl":"","caption":"GALA GAR welding"},"image":{"@id":"https:\/\/dev.galagar.com\/fr\/#\/schema\/logo\/image\/"}}]}},"_links":{"self":[{"href":"https:\/\/dev.galagar.com\/fr\/wp-json\/wp\/v2\/product\/18269","targetHints":{"allow":["GET"]}}],"collection":[{"href":"https:\/\/dev.galagar.com\/fr\/wp-json\/wp\/v2\/product"}],"about":[{"href":"https:\/\/dev.galagar.com\/fr\/wp-json\/wp\/v2\/types\/product"}],"wp:featuredmedia":[{"embeddable":true,"href":"https:\/\/dev.galagar.com\/fr\/wp-json\/wp\/v2\/media\/18285"}],"wp:attachment":[{"href":"https:\/\/dev.galagar.com\/fr\/wp-json\/wp\/v2\/media?parent=18269"}],"wp:term":[{"taxonomy":"product_brand","embeddable":true,"href":"https:\/\/dev.galagar.com\/fr\/wp-json\/wp\/v2\/product_brand?post=18269"},{"taxonomy":"product_cat","embeddable":true,"href":"https:\/\/dev.galagar.com\/fr\/wp-json\/wp\/v2\/product_cat?post=18269"},{"taxonomy":"product_tag","embeddable":true,"href":"https:\/\/dev.galagar.com\/fr\/wp-json\/wp\/v2\/product_tag?post=18269"}],"curies":[{"name":"wp","href":"https:\/\/api.w.org\/{rel}","templated":true}]}}