{"id":18149,"date":"2022-01-27T19:45:04","date_gmt":"2022-01-27T18:45:04","guid":{"rendered":"https:\/\/dev.galagar.com\/producto\/boites-de-vitesses-mecaniques\/"},"modified":"2023-06-19T14:10:29","modified_gmt":"2023-06-19T12:10:29","slug":"centrale-de-distribution-mecanique","status":"publish","type":"product","link":"https:\/\/dev.galagar.com\/fr\/produit\/centrale-de-distribution-mecanique\/","title":{"rendered":"Centrale distribution m\u00e9canique"},"content":{"rendered":"<div class=\"fusion-fullwidth fullwidth-box fusion-builder-row-1 fusion-flex-container has-pattern-background has-mask-background nonhundred-percent-fullwidth non-hundred-percent-height-scrolling\" style=\"--awb-border-radius-top-left:0px;--awb-border-radius-top-right:0px;--awb-border-radius-bottom-right:0px;--awb-border-radius-bottom-left:0px;--awb-flex-wrap:wrap;\" ><div class=\"fusion-builder-row fusion-row fusion-flex-align-items-flex-start fusion-flex-content-wrap\" style=\"max-width:1216.8px;margin-left: calc(-4% \/ 2 );margin-right: calc(-4% \/ 2 );\"><div class=\"fusion-layout-column fusion_builder_column fusion-builder-column-0 fusion_builder_column_3_4 3_4 fusion-flex-column\" style=\"--awb-bg-size:cover;--awb-width-large:75%;--awb-margin-top-large:0px;--awb-spacing-right-large:2.56%;--awb-margin-bottom-large:20px;--awb-spacing-left-large:2.56%;--awb-width-medium:100%;--awb-order-medium:0;--awb-spacing-right-medium:1.92%;--awb-spacing-left-medium:1.92%;--awb-width-small:100%;--awb-order-small:0;--awb-spacing-right-small:1.92%;--awb-spacing-left-small:1.92%;\"><div class=\"fusion-column-wrapper fusion-column-has-shadow fusion-flex-justify-content-flex-start fusion-content-layout-column\">\n<div class=\"table-2 gal-textos-menores\">\n<table width=\"100%\">\n<thead>\n<tr>\n<th align=\"left\">Centrale m\u00e9canique<\/th>\n<th align=\"left\"><\/th>\n<th align=\"left\"><\/th>\n<th align=\"left\"><\/th>\n<th align=\"left\"><\/th>\n<\/tr>\n<\/thead>\n<tbody>\n<tr>\n<td>R\u00e9f\u00e9rence<\/td>\n<td>Gaz<\/td>\n<td align=\"left\">Pression maximale<\/td>\n<td align=\"left\">D\u00e9bit<\/td>\n<td align=\"left\">Sortie<\/td>\n<\/tr>\n<tr>\n<td>71200051<\/td>\n<td>Oxyg\u00e8ne<\/td>\n<td align=\"left\">200<\/td>\n<td align=\"left\">150 Nm3\/h.<\/td>\n<td align=\"left\">G 3\/4&#8243; RH<\/td>\n<\/tr>\n<tr>\n<td>71200052<\/td>\n<td>Argon Co2<\/td>\n<td align=\"left\">200<\/td>\n<td align=\"left\">150 Nm3\/h.<\/td>\n<td align=\"left\">G 3\/4&#8243; RH<\/td>\n<\/tr>\n<tr>\n<td align=\"left\">71200053<\/td>\n<td align=\"left\">Ac\u00e9tyl\u00e8ne<\/td>\n<td align=\"left\">25<\/td>\n<td align=\"left\">25 Nm3\/h.<\/td>\n<td align=\"left\">G 3\/4&#8243; RH<\/td>\n<\/tr>\n<\/tbody>\n<\/table>\n<\/div>\n<\/div><\/div><div class=\"fusion-layout-column fusion_builder_column fusion-builder-column-1 fusion_builder_column_3_4 3_4 fusion-flex-column\" style=\"--awb-bg-size:cover;--awb-width-large:75%;--awb-margin-top-large:0px;--awb-spacing-right-large:2.56%;--awb-margin-bottom-large:0px;--awb-spacing-left-large:2.56%;--awb-width-medium:100%;--awb-spacing-right-medium:1.92%;--awb-spacing-left-medium:1.92%;--awb-width-small:100%;--awb-spacing-right-small:1.92%;--awb-spacing-left-small:1.92%;\"><div class=\"fusion-column-wrapper fusion-flex-justify-content-flex-start fusion-content-layout-column\"><div class=\"fusion-image-element \" style=\"--awb-caption-title-font-family:var(--h2_typography-font-family);--awb-caption-title-font-weight:var(--h2_typography-font-weight);--awb-caption-title-font-style:var(--h2_typography-font-style);--awb-caption-title-size:var(--h2_typography-font-size);--awb-caption-title-transform:var(--h2_typography-text-transform);--awb-caption-title-line-height:var(--h2_typography-line-height);--awb-caption-title-letter-spacing:var(--h2_typography-letter-spacing);\"><span class=\" fusion-imageframe imageframe-none imageframe-1 hover-type-none\"><img decoding=\"async\" width=\"1024\" height=\"262\" title=\"Plano-CentralDistribucion\" src=\"https:\/\/dev.galagar.com\/wp-content\/uploads\/2022\/01\/Plano-CentralDistribucion-scaled.jpg\" data-orig-src=\"https:\/\/dev.galagar.com\/wp-content\/uploads\/2022\/01\/Plano-CentralDistribucion-1024x262.jpg\" alt class=\"lazyload img-responsive wp-image-18148\" srcset=\"data:image\/svg+xml,%3Csvg%20xmlns%3D%27http%3A%2F%2Fwww.w3.org%2F2000%2Fsvg%27%20width%3D%272560%27%20height%3D%27656%27%20viewBox%3D%270%200%202560%20656%27%3E%3Crect%20width%3D%272560%27%20height%3D%27656%27%20fill-opacity%3D%220%22%2F%3E%3C%2Fsvg%3E\" data-srcset=\"https:\/\/dev.galagar.com\/wp-content\/uploads\/2022\/01\/Plano-CentralDistribucion-200x51.jpg 200w, https:\/\/dev.galagar.com\/wp-content\/uploads\/2022\/01\/Plano-CentralDistribucion-400x102.jpg 400w, https:\/\/dev.galagar.com\/wp-content\/uploads\/2022\/01\/Plano-CentralDistribucion-600x154.jpg 600w, https:\/\/dev.galagar.com\/wp-content\/uploads\/2022\/01\/Plano-CentralDistribucion-800x205.jpg 800w, https:\/\/dev.galagar.com\/wp-content\/uploads\/2022\/01\/Plano-CentralDistribucion-1200x307.jpg 1200w\" data-sizes=\"auto\" data-orig-sizes=\"(max-width: 1024px) 100vw, (max-width: 640px) 100vw, 1200px\" \/><\/span><\/div><\/div><\/div><\/div><\/div>\n","protected":false},"excerpt":{"rendered":"<p>Centrale de distribution \u00e0 basculement automatique. Con\u00e7ue pour l&#8217;alimentation continue en gaz de chaque poste de travail par le biais d&#8217;un r\u00e9seau de canalisations.<br \/>\nDouble rampe d&#8217;alimentation avec \u00e9changeur m\u00e9canique qui agit lorsqu&#8217;un manque de pression est d\u00e9tect\u00e9.<\/p>\n","protected":false},"featured_media":18142,"template":"","meta":{"_acf_changed":false},"product_brand":[],"product_cat":[937,1303,1537],"product_tag":[],"class_list":{"0":"post-18149","1":"product","2":"type-product","3":"status-publish","4":"has-post-thumbnail","6":"product_cat-produits","7":"product_cat-regulation-des-gaz","8":"product_cat-centrales-de-distribution","10":"first","11":"instock","12":"taxable","13":"shipping-taxable","14":"product-type-variable"},"acf":[],"yoast_head":"<!-- This site is optimized with the Yoast SEO plugin v24.8.1 - https:\/\/yoast.com\/wordpress\/plugins\/seo\/ -->\n<title>Centrale distribution m\u00e9canique | GALA GAR - Productos de soldadura y reguladores de gas - Gas y soldadura<\/title>\n<meta name=\"robots\" content=\"noindex, follow, max-snippet:-1, max-image-preview:large, max-video-preview:-1\" \/>\n<meta property=\"og:locale\" content=\"fr_FR\" \/>\n<meta property=\"og:type\" content=\"article\" \/>\n<meta property=\"og:title\" content=\"Centrale distribution m\u00e9canique | GALA GAR - Productos de soldadura y reguladores de gas - Gas y soldadura\" \/>\n<meta property=\"og:description\" content=\"Centrale de distribution \u00e0 basculement automatique. Con\u00e7ue pour l&#039;alimentation continue en gaz de chaque poste de travail par le biais d&#039;un r\u00e9seau de canalisations. Double rampe d&#039;alimentation avec \u00e9changeur m\u00e9canique qui agit lorsqu&#039;un manque de pression est d\u00e9tect\u00e9.\" \/>\n<meta property=\"og:url\" content=\"https:\/\/dev.galagar.com\/fr\/produit\/centrale-de-distribution-mecanique\/\" \/>\n<meta property=\"og:site_name\" content=\"GALA GAR - Productos de soldadura y reguladores de gas - Gas y soldadura\" \/>\n<meta property=\"article:modified_time\" content=\"2023-06-19T12:10:29+00:00\" \/>\n<meta property=\"og:image\" content=\"https:\/\/dev.galagar.com\/wp-content\/uploads\/2022\/01\/CambioMacanico.jpg\" \/>\n\t<meta property=\"og:image:width\" content=\"640\" \/>\n\t<meta property=\"og:image:height\" content=\"800\" \/>\n\t<meta property=\"og:image:type\" content=\"image\/jpeg\" \/>\n<meta name=\"twitter:card\" content=\"summary_large_image\" \/>\n<meta name=\"twitter:label1\" content=\"Dur\u00e9e de lecture estim\u00e9e\" \/>\n\t<meta name=\"twitter:data1\" content=\"2 minutes\" \/>\n<script type=\"application\/ld+json\" class=\"yoast-schema-graph\">{\"@context\":\"https:\/\/schema.org\",\"@graph\":[{\"@type\":\"WebPage\",\"@id\":\"https:\/\/dev.galagar.com\/fr\/produit\/centrale-de-distribution-mecanique\/\",\"url\":\"https:\/\/dev.galagar.com\/fr\/produit\/centrale-de-distribution-mecanique\/\",\"name\":\"Centrale distribution m\u00e9canique | GALA GAR - Productos de soldadura y reguladores de gas - Gas y soldadura\",\"isPartOf\":{\"@id\":\"https:\/\/dev.galagar.com\/fr\/#website\"},\"primaryImageOfPage\":{\"@id\":\"https:\/\/dev.galagar.com\/fr\/produit\/centrale-de-distribution-mecanique\/#primaryimage\"},\"image\":{\"@id\":\"https:\/\/dev.galagar.com\/fr\/produit\/centrale-de-distribution-mecanique\/#primaryimage\"},\"thumbnailUrl\":\"https:\/\/dev.galagar.com\/wp-content\/uploads\/2022\/01\/CambioMacanico.jpg\",\"datePublished\":\"2022-01-27T18:45:04+00:00\",\"dateModified\":\"2023-06-19T12:10:29+00:00\",\"breadcrumb\":{\"@id\":\"https:\/\/dev.galagar.com\/fr\/produit\/centrale-de-distribution-mecanique\/#breadcrumb\"},\"inLanguage\":\"fr-FR\",\"potentialAction\":[{\"@type\":\"ReadAction\",\"target\":[\"https:\/\/dev.galagar.com\/fr\/produit\/centrale-de-distribution-mecanique\/\"]}]},{\"@type\":\"ImageObject\",\"inLanguage\":\"fr-FR\",\"@id\":\"https:\/\/dev.galagar.com\/fr\/produit\/centrale-de-distribution-mecanique\/#primaryimage\",\"url\":\"https:\/\/dev.galagar.com\/wp-content\/uploads\/2022\/01\/CambioMacanico.jpg\",\"contentUrl\":\"https:\/\/dev.galagar.com\/wp-content\/uploads\/2022\/01\/CambioMacanico.jpg\",\"width\":640,\"height\":800},{\"@type\":\"BreadcrumbList\",\"@id\":\"https:\/\/dev.galagar.com\/fr\/produit\/centrale-de-distribution-mecanique\/#breadcrumb\",\"itemListElement\":[{\"@type\":\"ListItem\",\"position\":1,\"name\":\"Inicio\",\"item\":\"https:\/\/dev.galagar.com\/fr\/accueil\/\"},{\"@type\":\"ListItem\",\"position\":2,\"name\":\"Tienda\",\"item\":\"https:\/\/dev.galagar.com\/tienda\/\"},{\"@type\":\"ListItem\",\"position\":3,\"name\":\"Produits\",\"item\":\"https:\/\/dev.galagar.com\/fr\/categoria-producto\/produits\/\"},{\"@type\":\"ListItem\",\"position\":4,\"name\":\"R\u00e9gulation des gaz\",\"item\":\"https:\/\/dev.galagar.com\/fr\/categoria-producto\/produits\/regulation-des-gaz\/\"},{\"@type\":\"ListItem\",\"position\":5,\"name\":\"Centrales de distribution\",\"item\":\"https:\/\/dev.galagar.com\/fr\/categoria-producto\/produits\/regulation-des-gaz\/centrales-de-distribution\/\"},{\"@type\":\"ListItem\",\"position\":6,\"name\":\"Centrale distribution m\u00e9canique\"}]},{\"@type\":\"WebSite\",\"@id\":\"https:\/\/dev.galagar.com\/fr\/#website\",\"url\":\"https:\/\/dev.galagar.com\/fr\/\",\"name\":\"GALA GAR - Productos de soldadura y reguladores de gas - Gas y soldadura\",\"description\":\"Gala Gar es fabricante de tecnolog\u00eda competitiva para soldadura (MMA-TIG-MIG\/MAG-CORTE POR PLASMA), regulaci\u00f3n de gases, y para soldadura y corte por gas.\",\"publisher\":{\"@id\":\"https:\/\/dev.galagar.com\/fr\/#organization\"},\"potentialAction\":[{\"@type\":\"SearchAction\",\"target\":{\"@type\":\"EntryPoint\",\"urlTemplate\":\"https:\/\/dev.galagar.com\/fr\/?s={search_term_string}\"},\"query-input\":{\"@type\":\"PropertyValueSpecification\",\"valueRequired\":true,\"valueName\":\"search_term_string\"}}],\"inLanguage\":\"fr-FR\"},{\"@type\":\"Organization\",\"@id\":\"https:\/\/dev.galagar.com\/fr\/#organization\",\"name\":\"GALA GAR welding\",\"url\":\"https:\/\/dev.galagar.com\/fr\/\",\"logo\":{\"@type\":\"ImageObject\",\"inLanguage\":\"fr-FR\",\"@id\":\"https:\/\/dev.galagar.com\/fr\/#\/schema\/logo\/image\/\",\"url\":\"\",\"contentUrl\":\"\",\"caption\":\"GALA GAR welding\"},\"image\":{\"@id\":\"https:\/\/dev.galagar.com\/fr\/#\/schema\/logo\/image\/\"}}]}<\/script>\n<!-- \/ Yoast SEO plugin. -->","yoast_head_json":{"title":"Centrale distribution m\u00e9canique | GALA GAR - Productos de soldadura y reguladores de gas - Gas y soldadura","robots":{"index":"noindex","follow":"follow","max-snippet":"max-snippet:-1","max-image-preview":"max-image-preview:large","max-video-preview":"max-video-preview:-1"},"og_locale":"fr_FR","og_type":"article","og_title":"Centrale distribution m\u00e9canique | GALA GAR - Productos de soldadura y reguladores de gas - Gas y soldadura","og_description":"Centrale de distribution \u00e0 basculement automatique. Con\u00e7ue pour l'alimentation continue en gaz de chaque poste de travail par le biais d'un r\u00e9seau de canalisations. Double rampe d'alimentation avec \u00e9changeur m\u00e9canique qui agit lorsqu'un manque de pression est d\u00e9tect\u00e9.","og_url":"https:\/\/dev.galagar.com\/fr\/produit\/centrale-de-distribution-mecanique\/","og_site_name":"GALA GAR - Productos de soldadura y reguladores de gas - Gas y soldadura","article_modified_time":"2023-06-19T12:10:29+00:00","og_image":[{"width":640,"height":800,"url":"https:\/\/dev.galagar.com\/wp-content\/uploads\/2022\/01\/CambioMacanico.jpg","type":"image\/jpeg"}],"twitter_card":"summary_large_image","twitter_misc":{"Dur\u00e9e de lecture estim\u00e9e":"2 minutes"},"schema":{"@context":"https:\/\/schema.org","@graph":[{"@type":"WebPage","@id":"https:\/\/dev.galagar.com\/fr\/produit\/centrale-de-distribution-mecanique\/","url":"https:\/\/dev.galagar.com\/fr\/produit\/centrale-de-distribution-mecanique\/","name":"Centrale distribution m\u00e9canique | GALA GAR - Productos de soldadura y reguladores de gas - Gas y soldadura","isPartOf":{"@id":"https:\/\/dev.galagar.com\/fr\/#website"},"primaryImageOfPage":{"@id":"https:\/\/dev.galagar.com\/fr\/produit\/centrale-de-distribution-mecanique\/#primaryimage"},"image":{"@id":"https:\/\/dev.galagar.com\/fr\/produit\/centrale-de-distribution-mecanique\/#primaryimage"},"thumbnailUrl":"https:\/\/dev.galagar.com\/wp-content\/uploads\/2022\/01\/CambioMacanico.jpg","datePublished":"2022-01-27T18:45:04+00:00","dateModified":"2023-06-19T12:10:29+00:00","breadcrumb":{"@id":"https:\/\/dev.galagar.com\/fr\/produit\/centrale-de-distribution-mecanique\/#breadcrumb"},"inLanguage":"fr-FR","potentialAction":[{"@type":"ReadAction","target":["https:\/\/dev.galagar.com\/fr\/produit\/centrale-de-distribution-mecanique\/"]}]},{"@type":"ImageObject","inLanguage":"fr-FR","@id":"https:\/\/dev.galagar.com\/fr\/produit\/centrale-de-distribution-mecanique\/#primaryimage","url":"https:\/\/dev.galagar.com\/wp-content\/uploads\/2022\/01\/CambioMacanico.jpg","contentUrl":"https:\/\/dev.galagar.com\/wp-content\/uploads\/2022\/01\/CambioMacanico.jpg","width":640,"height":800},{"@type":"BreadcrumbList","@id":"https:\/\/dev.galagar.com\/fr\/produit\/centrale-de-distribution-mecanique\/#breadcrumb","itemListElement":[{"@type":"ListItem","position":1,"name":"Inicio","item":"https:\/\/dev.galagar.com\/fr\/accueil\/"},{"@type":"ListItem","position":2,"name":"Tienda","item":"https:\/\/dev.galagar.com\/tienda\/"},{"@type":"ListItem","position":3,"name":"Produits","item":"https:\/\/dev.galagar.com\/fr\/categoria-producto\/produits\/"},{"@type":"ListItem","position":4,"name":"R\u00e9gulation des gaz","item":"https:\/\/dev.galagar.com\/fr\/categoria-producto\/produits\/regulation-des-gaz\/"},{"@type":"ListItem","position":5,"name":"Centrales de distribution","item":"https:\/\/dev.galagar.com\/fr\/categoria-producto\/produits\/regulation-des-gaz\/centrales-de-distribution\/"},{"@type":"ListItem","position":6,"name":"Centrale distribution m\u00e9canique"}]},{"@type":"WebSite","@id":"https:\/\/dev.galagar.com\/fr\/#website","url":"https:\/\/dev.galagar.com\/fr\/","name":"GALA GAR - Productos de soldadura y reguladores de gas - Gas y soldadura","description":"Gala Gar es fabricante de tecnolog\u00eda competitiva para soldadura (MMA-TIG-MIG\/MAG-CORTE POR PLASMA), regulaci\u00f3n de gases, y para soldadura y corte por gas.","publisher":{"@id":"https:\/\/dev.galagar.com\/fr\/#organization"},"potentialAction":[{"@type":"SearchAction","target":{"@type":"EntryPoint","urlTemplate":"https:\/\/dev.galagar.com\/fr\/?s={search_term_string}"},"query-input":{"@type":"PropertyValueSpecification","valueRequired":true,"valueName":"search_term_string"}}],"inLanguage":"fr-FR"},{"@type":"Organization","@id":"https:\/\/dev.galagar.com\/fr\/#organization","name":"GALA GAR welding","url":"https:\/\/dev.galagar.com\/fr\/","logo":{"@type":"ImageObject","inLanguage":"fr-FR","@id":"https:\/\/dev.galagar.com\/fr\/#\/schema\/logo\/image\/","url":"","contentUrl":"","caption":"GALA GAR welding"},"image":{"@id":"https:\/\/dev.galagar.com\/fr\/#\/schema\/logo\/image\/"}}]}},"_links":{"self":[{"href":"https:\/\/dev.galagar.com\/fr\/wp-json\/wp\/v2\/product\/18149","targetHints":{"allow":["GET"]}}],"collection":[{"href":"https:\/\/dev.galagar.com\/fr\/wp-json\/wp\/v2\/product"}],"about":[{"href":"https:\/\/dev.galagar.com\/fr\/wp-json\/wp\/v2\/types\/product"}],"wp:featuredmedia":[{"embeddable":true,"href":"https:\/\/dev.galagar.com\/fr\/wp-json\/wp\/v2\/media\/18142"}],"wp:attachment":[{"href":"https:\/\/dev.galagar.com\/fr\/wp-json\/wp\/v2\/media?parent=18149"}],"wp:term":[{"taxonomy":"product_brand","embeddable":true,"href":"https:\/\/dev.galagar.com\/fr\/wp-json\/wp\/v2\/product_brand?post=18149"},{"taxonomy":"product_cat","embeddable":true,"href":"https:\/\/dev.galagar.com\/fr\/wp-json\/wp\/v2\/product_cat?post=18149"},{"taxonomy":"product_tag","embeddable":true,"href":"https:\/\/dev.galagar.com\/fr\/wp-json\/wp\/v2\/product_tag?post=18149"}],"curies":[{"name":"wp","href":"https:\/\/api.w.org\/{rel}","templated":true}]}}