{"id":17968,"date":"2022-01-27T19:45:25","date_gmt":"2022-01-27T18:45:25","guid":{"rendered":"https:\/\/dev.galagar.com\/producto\/buses-a-haute-performance\/"},"modified":"2023-04-28T12:44:31","modified_gmt":"2023-04-28T10:44:31","slug":"buses-a-haute-performance","status":"publish","type":"product","link":"https:\/\/dev.galagar.com\/fr\/produit\/buses-a-haute-performance\/","title":{"rendered":"Buses \u00e0 haute performance"},"content":{"rendered":"<div class=\"fusion-fullwidth fullwidth-box fusion-builder-row-1 fusion-flex-container has-pattern-background has-mask-background nonhundred-percent-fullwidth non-hundred-percent-height-scrolling\" style=\"--awb-border-radius-top-left:0px;--awb-border-radius-top-right:0px;--awb-border-radius-bottom-right:0px;--awb-border-radius-bottom-left:0px;--awb-flex-wrap:wrap;\" ><div class=\"fusion-builder-row fusion-row fusion-flex-align-items-flex-start fusion-flex-content-wrap\" style=\"max-width:1216.8px;margin-left: calc(-4% \/ 2 );margin-right: calc(-4% \/ 2 );\"><div class=\"fusion-layout-column fusion_builder_column fusion-builder-column-0 fusion_builder_column_1_1 1_1 fusion-flex-column\" style=\"--awb-bg-size:cover;--awb-width-large:100%;--awb-margin-top-large:0px;--awb-spacing-right-large:1.92%;--awb-margin-bottom-large:20px;--awb-spacing-left-large:1.92%;--awb-width-medium:100%;--awb-order-medium:0;--awb-spacing-right-medium:1.92%;--awb-spacing-left-medium:1.92%;--awb-width-small:100%;--awb-order-small:0;--awb-spacing-right-small:1.92%;--awb-spacing-left-small:1.92%;\"><div class=\"fusion-column-wrapper fusion-column-has-shadow fusion-flex-justify-content-flex-start fusion-content-layout-column\">\n<div class=\"table-2 gal-textos-menores\">\n<table width=\"100%\">\n<thead>\n<tr>\n<th align=\"left\">Buses \u00e0 haute performance<\/th>\n<th align=\"left\"><\/th>\n<th align=\"left\"><\/th>\n<th align=\"left\"><\/th>\n<th align=\"left\"><\/th>\n<th align=\"left\"><\/th>\n<\/tr>\n<\/thead>\n<tbody>\n<tr>\n<td>R\u00e9f\u00e9rence<\/td>\n<td>Dimensions en mm.<\/td>\n<td align=\"left\">Capacit\u00e9 de coupe\/mm.<\/td>\n<td align=\"left\">Vitesse mm\/min<\/td>\n<td align=\"left\">Pression Ox (bar) coupure<\/td>\n<td align=\"left\">Pression du gaz (bar)<\/td>\n<\/tr>\n<tr>\n<td>75600911<\/td>\n<td>000VVC<\/td>\n<td align=\"left\">1-9 mm.<\/td>\n<td align=\"left\">650-750<\/td>\n<td align=\"left\">3.5-5.0<\/td>\n<td align=\"left\">0.015-0.2<\/td>\n<\/tr>\n<tr>\n<td>75600912<\/td>\n<td>0VVC<\/td>\n<td align=\"left\">9-20 mm.<\/td>\n<td align=\"left\">300-630<\/td>\n<td align=\"left\">5.0-6.0<\/td>\n<td align=\"left\">0.015-0.2<\/td>\n<\/tr>\n<tr>\n<td align=\"left\">75600913<\/td>\n<td align=\"left\">0-1\/2 VVC<\/td>\n<td align=\"left\">20-35 mm.<\/td>\n<td align=\"left\">550<\/td>\n<td align=\"left\">7.0<\/td>\n<td align=\"left\">0.015-0.2<\/td>\n<\/tr>\n<tr>\n<td align=\"left\">75600914<\/td>\n<td align=\"left\">1VVC<\/td>\n<td align=\"left\">35-60 mm.<\/td>\n<td align=\"left\">400-480<\/td>\n<td align=\"left\">7.0<\/td>\n<td align=\"left\">0.015-0.2<\/td>\n<\/tr>\n<tr>\n<td align=\"left\">75600915<\/td>\n<td align=\"left\">1-1\/2 VVC<\/td>\n<td align=\"left\">60-75 mm.<\/td>\n<td align=\"left\">310<\/td>\n<td align=\"left\">7.0<\/td>\n<td align=\"left\">0.015-0.2<\/td>\n<\/tr>\n<tr>\n<td align=\"left\">75600916<\/td>\n<td align=\"left\">2VVC<\/td>\n<td align=\"left\">75-125 mm.<\/td>\n<td align=\"left\">240-280<\/td>\n<td align=\"left\">7.0<\/td>\n<td align=\"left\">0.015-0.2<\/td>\n<\/tr>\n<tr>\n<td align=\"left\">75600917<\/td>\n<td align=\"left\">2-1\/2 VVC<\/td>\n<td align=\"left\">125-150 mm.<\/td>\n<td align=\"left\">200<\/td>\n<td align=\"left\">7.0<\/td>\n<td align=\"left\">0.015-0.2<\/td>\n<\/tr>\n<tr>\n<td align=\"left\">75600918<\/td>\n<td align=\"left\">3VVC<\/td>\n<td align=\"left\">150-175 mm.<\/td>\n<td align=\"left\">180<\/td>\n<td align=\"left\">7.0<\/td>\n<td align=\"left\">0.015-0.2<\/td>\n<\/tr>\n<tr>\n<td align=\"left\">75600919<\/td>\n<td align=\"left\">4VVC<\/td>\n<td align=\"left\">175-200 mm.<\/td>\n<td align=\"left\">180<\/td>\n<td align=\"left\">7.0<\/td>\n<td align=\"left\">0.015-0.2<\/td>\n<\/tr>\n<tr>\n<td align=\"left\">75600920<\/td>\n<td align=\"left\">5VVC<\/td>\n<td align=\"left\">200-225 mm.<\/td>\n<td align=\"left\">150<\/td>\n<td align=\"left\">8.0<\/td>\n<td align=\"left\">0.015-0.2<\/td>\n<\/tr>\n<\/tbody>\n<\/table>\n<\/div>\n<\/div><\/div><\/div><\/div>\n","protected":false},"excerpt":{"rendered":"<p><strong>Caract\u00e9ristiques principales :<\/strong><br \/>\nLa conception des rainures et des sorties de gaz augmente la vitesse de coupe et r\u00e9duit donc l&#8217;apport thermique au mat\u00e9riau et les contraintes internes qui en d\u00e9coulent.<br \/>\nIls r\u00e9alisent des coupes de haute qualit\u00e9, en minimisant la largeur de la coupe et en \u00e9liminant le retraitement ult\u00e9rieur.<br \/>\nIls conviennent aux gaz combustibles bon march\u00e9 tels que le GPL et le gaz naturel.<\/p>\n<p><strong>Buses vendues individuellement.<\/strong><\/p>\n","protected":false},"featured_media":17962,"template":"","meta":{"_acf_changed":false},"product_brand":[],"product_cat":[937,1483],"product_tag":[],"class_list":{"0":"post-17968","1":"product","2":"type-product","3":"status-publish","4":"has-post-thumbnail","6":"product_cat-produits","7":"product_cat-panneaux-de-decompression","9":"first","10":"instock","11":"taxable","12":"shipping-taxable","13":"product-type-variable"},"acf":[],"yoast_head":"<!-- This site is optimized with the Yoast SEO plugin v24.8.1 - https:\/\/yoast.com\/wordpress\/plugins\/seo\/ -->\n<title>Buses \u00e0 haute performance | GALA GAR - Productos de soldadura y reguladores de gas - Gas y soldadura<\/title>\n<meta name=\"robots\" content=\"noindex, follow, max-snippet:-1, max-image-preview:large, max-video-preview:-1\" \/>\n<meta property=\"og:locale\" content=\"fr_FR\" \/>\n<meta property=\"og:type\" content=\"article\" \/>\n<meta property=\"og:title\" content=\"Buses \u00e0 haute performance | GALA GAR - Productos de soldadura y reguladores de gas - Gas y soldadura\" \/>\n<meta property=\"og:description\" content=\"Caract\u00e9ristiques principales : La conception des rainures et des sorties de gaz augmente la vitesse de coupe et r\u00e9duit donc l&#039;apport thermique au mat\u00e9riau et les contraintes internes qui en d\u00e9coulent. Ils r\u00e9alisent des coupes de haute qualit\u00e9, en minimisant la largeur de la coupe et en \u00e9liminant le retraitement ult\u00e9rieur. Ils conviennent aux gaz combustibles bon march\u00e9 tels que le GPL et le gaz naturel. Buses vendues individuellement.\" \/>\n<meta property=\"og:url\" content=\"https:\/\/dev.galagar.com\/fr\/produit\/buses-a-haute-performance\/\" \/>\n<meta property=\"og:site_name\" content=\"GALA GAR - Productos de soldadura y reguladores de gas - Gas y soldadura\" \/>\n<meta property=\"article:modified_time\" content=\"2023-04-28T10:44:31+00:00\" \/>\n<meta property=\"og:image\" content=\"https:\/\/dev.galagar.com\/wp-content\/uploads\/2022\/01\/BoquillasAltasPrestaciones.jpg\" \/>\n\t<meta property=\"og:image:width\" content=\"640\" \/>\n\t<meta property=\"og:image:height\" content=\"800\" \/>\n\t<meta property=\"og:image:type\" content=\"image\/jpeg\" \/>\n<meta name=\"twitter:card\" content=\"summary_large_image\" \/>\n<meta name=\"twitter:label1\" content=\"Dur\u00e9e de lecture estim\u00e9e\" \/>\n\t<meta name=\"twitter:data1\" content=\"2 minutes\" \/>\n<script type=\"application\/ld+json\" class=\"yoast-schema-graph\">{\"@context\":\"https:\/\/schema.org\",\"@graph\":[{\"@type\":\"WebPage\",\"@id\":\"https:\/\/dev.galagar.com\/fr\/produit\/buses-a-haute-performance\/\",\"url\":\"https:\/\/dev.galagar.com\/fr\/produit\/buses-a-haute-performance\/\",\"name\":\"Buses \u00e0 haute performance | GALA GAR - Productos de soldadura y reguladores de gas - Gas y soldadura\",\"isPartOf\":{\"@id\":\"https:\/\/dev.galagar.com\/fr\/#website\"},\"primaryImageOfPage\":{\"@id\":\"https:\/\/dev.galagar.com\/fr\/produit\/buses-a-haute-performance\/#primaryimage\"},\"image\":{\"@id\":\"https:\/\/dev.galagar.com\/fr\/produit\/buses-a-haute-performance\/#primaryimage\"},\"thumbnailUrl\":\"https:\/\/dev.galagar.com\/wp-content\/uploads\/2022\/01\/BoquillasAltasPrestaciones.jpg\",\"datePublished\":\"2022-01-27T18:45:25+00:00\",\"dateModified\":\"2023-04-28T10:44:31+00:00\",\"breadcrumb\":{\"@id\":\"https:\/\/dev.galagar.com\/fr\/produit\/buses-a-haute-performance\/#breadcrumb\"},\"inLanguage\":\"fr-FR\",\"potentialAction\":[{\"@type\":\"ReadAction\",\"target\":[\"https:\/\/dev.galagar.com\/fr\/produit\/buses-a-haute-performance\/\"]}]},{\"@type\":\"ImageObject\",\"inLanguage\":\"fr-FR\",\"@id\":\"https:\/\/dev.galagar.com\/fr\/produit\/buses-a-haute-performance\/#primaryimage\",\"url\":\"https:\/\/dev.galagar.com\/wp-content\/uploads\/2022\/01\/BoquillasAltasPrestaciones.jpg\",\"contentUrl\":\"https:\/\/dev.galagar.com\/wp-content\/uploads\/2022\/01\/BoquillasAltasPrestaciones.jpg\",\"width\":640,\"height\":800},{\"@type\":\"BreadcrumbList\",\"@id\":\"https:\/\/dev.galagar.com\/fr\/produit\/buses-a-haute-performance\/#breadcrumb\",\"itemListElement\":[{\"@type\":\"ListItem\",\"position\":1,\"name\":\"Inicio\",\"item\":\"https:\/\/dev.galagar.com\/fr\/accueil\/\"},{\"@type\":\"ListItem\",\"position\":2,\"name\":\"Tienda\",\"item\":\"https:\/\/dev.galagar.com\/tienda\/\"},{\"@type\":\"ListItem\",\"position\":3,\"name\":\"Produits\",\"item\":\"https:\/\/dev.galagar.com\/fr\/categoria-producto\/produits\/\"},{\"@type\":\"ListItem\",\"position\":4,\"name\":\"Buses \u00e0 haute performance\"}]},{\"@type\":\"WebSite\",\"@id\":\"https:\/\/dev.galagar.com\/fr\/#website\",\"url\":\"https:\/\/dev.galagar.com\/fr\/\",\"name\":\"GALA GAR - Productos de soldadura y reguladores de gas - Gas y soldadura\",\"description\":\"Gala Gar es fabricante de tecnolog\u00eda competitiva para soldadura (MMA-TIG-MIG\/MAG-CORTE POR PLASMA), regulaci\u00f3n de gases, y para soldadura y corte por gas.\",\"publisher\":{\"@id\":\"https:\/\/dev.galagar.com\/fr\/#organization\"},\"potentialAction\":[{\"@type\":\"SearchAction\",\"target\":{\"@type\":\"EntryPoint\",\"urlTemplate\":\"https:\/\/dev.galagar.com\/fr\/?s={search_term_string}\"},\"query-input\":{\"@type\":\"PropertyValueSpecification\",\"valueRequired\":true,\"valueName\":\"search_term_string\"}}],\"inLanguage\":\"fr-FR\"},{\"@type\":\"Organization\",\"@id\":\"https:\/\/dev.galagar.com\/fr\/#organization\",\"name\":\"GALA GAR welding\",\"url\":\"https:\/\/dev.galagar.com\/fr\/\",\"logo\":{\"@type\":\"ImageObject\",\"inLanguage\":\"fr-FR\",\"@id\":\"https:\/\/dev.galagar.com\/fr\/#\/schema\/logo\/image\/\",\"url\":\"\",\"contentUrl\":\"\",\"caption\":\"GALA GAR welding\"},\"image\":{\"@id\":\"https:\/\/dev.galagar.com\/fr\/#\/schema\/logo\/image\/\"}}]}<\/script>\n<!-- \/ Yoast SEO plugin. -->","yoast_head_json":{"title":"Buses \u00e0 haute performance | GALA GAR - Productos de soldadura y reguladores de gas - Gas y soldadura","robots":{"index":"noindex","follow":"follow","max-snippet":"max-snippet:-1","max-image-preview":"max-image-preview:large","max-video-preview":"max-video-preview:-1"},"og_locale":"fr_FR","og_type":"article","og_title":"Buses \u00e0 haute performance | GALA GAR - Productos de soldadura y reguladores de gas - Gas y soldadura","og_description":"Caract\u00e9ristiques principales : La conception des rainures et des sorties de gaz augmente la vitesse de coupe et r\u00e9duit donc l'apport thermique au mat\u00e9riau et les contraintes internes qui en d\u00e9coulent. Ils r\u00e9alisent des coupes de haute qualit\u00e9, en minimisant la largeur de la coupe et en \u00e9liminant le retraitement ult\u00e9rieur. Ils conviennent aux gaz combustibles bon march\u00e9 tels que le GPL et le gaz naturel. Buses vendues individuellement.","og_url":"https:\/\/dev.galagar.com\/fr\/produit\/buses-a-haute-performance\/","og_site_name":"GALA GAR - Productos de soldadura y reguladores de gas - Gas y soldadura","article_modified_time":"2023-04-28T10:44:31+00:00","og_image":[{"width":640,"height":800,"url":"https:\/\/dev.galagar.com\/wp-content\/uploads\/2022\/01\/BoquillasAltasPrestaciones.jpg","type":"image\/jpeg"}],"twitter_card":"summary_large_image","twitter_misc":{"Dur\u00e9e de lecture estim\u00e9e":"2 minutes"},"schema":{"@context":"https:\/\/schema.org","@graph":[{"@type":"WebPage","@id":"https:\/\/dev.galagar.com\/fr\/produit\/buses-a-haute-performance\/","url":"https:\/\/dev.galagar.com\/fr\/produit\/buses-a-haute-performance\/","name":"Buses \u00e0 haute performance | GALA GAR - Productos de soldadura y reguladores de gas - Gas y soldadura","isPartOf":{"@id":"https:\/\/dev.galagar.com\/fr\/#website"},"primaryImageOfPage":{"@id":"https:\/\/dev.galagar.com\/fr\/produit\/buses-a-haute-performance\/#primaryimage"},"image":{"@id":"https:\/\/dev.galagar.com\/fr\/produit\/buses-a-haute-performance\/#primaryimage"},"thumbnailUrl":"https:\/\/dev.galagar.com\/wp-content\/uploads\/2022\/01\/BoquillasAltasPrestaciones.jpg","datePublished":"2022-01-27T18:45:25+00:00","dateModified":"2023-04-28T10:44:31+00:00","breadcrumb":{"@id":"https:\/\/dev.galagar.com\/fr\/produit\/buses-a-haute-performance\/#breadcrumb"},"inLanguage":"fr-FR","potentialAction":[{"@type":"ReadAction","target":["https:\/\/dev.galagar.com\/fr\/produit\/buses-a-haute-performance\/"]}]},{"@type":"ImageObject","inLanguage":"fr-FR","@id":"https:\/\/dev.galagar.com\/fr\/produit\/buses-a-haute-performance\/#primaryimage","url":"https:\/\/dev.galagar.com\/wp-content\/uploads\/2022\/01\/BoquillasAltasPrestaciones.jpg","contentUrl":"https:\/\/dev.galagar.com\/wp-content\/uploads\/2022\/01\/BoquillasAltasPrestaciones.jpg","width":640,"height":800},{"@type":"BreadcrumbList","@id":"https:\/\/dev.galagar.com\/fr\/produit\/buses-a-haute-performance\/#breadcrumb","itemListElement":[{"@type":"ListItem","position":1,"name":"Inicio","item":"https:\/\/dev.galagar.com\/fr\/accueil\/"},{"@type":"ListItem","position":2,"name":"Tienda","item":"https:\/\/dev.galagar.com\/tienda\/"},{"@type":"ListItem","position":3,"name":"Produits","item":"https:\/\/dev.galagar.com\/fr\/categoria-producto\/produits\/"},{"@type":"ListItem","position":4,"name":"Buses \u00e0 haute performance"}]},{"@type":"WebSite","@id":"https:\/\/dev.galagar.com\/fr\/#website","url":"https:\/\/dev.galagar.com\/fr\/","name":"GALA GAR - Productos de soldadura y reguladores de gas - Gas y soldadura","description":"Gala Gar es fabricante de tecnolog\u00eda competitiva para soldadura (MMA-TIG-MIG\/MAG-CORTE POR PLASMA), regulaci\u00f3n de gases, y para soldadura y corte por gas.","publisher":{"@id":"https:\/\/dev.galagar.com\/fr\/#organization"},"potentialAction":[{"@type":"SearchAction","target":{"@type":"EntryPoint","urlTemplate":"https:\/\/dev.galagar.com\/fr\/?s={search_term_string}"},"query-input":{"@type":"PropertyValueSpecification","valueRequired":true,"valueName":"search_term_string"}}],"inLanguage":"fr-FR"},{"@type":"Organization","@id":"https:\/\/dev.galagar.com\/fr\/#organization","name":"GALA GAR welding","url":"https:\/\/dev.galagar.com\/fr\/","logo":{"@type":"ImageObject","inLanguage":"fr-FR","@id":"https:\/\/dev.galagar.com\/fr\/#\/schema\/logo\/image\/","url":"","contentUrl":"","caption":"GALA GAR welding"},"image":{"@id":"https:\/\/dev.galagar.com\/fr\/#\/schema\/logo\/image\/"}}]}},"_links":{"self":[{"href":"https:\/\/dev.galagar.com\/fr\/wp-json\/wp\/v2\/product\/17968","targetHints":{"allow":["GET"]}}],"collection":[{"href":"https:\/\/dev.galagar.com\/fr\/wp-json\/wp\/v2\/product"}],"about":[{"href":"https:\/\/dev.galagar.com\/fr\/wp-json\/wp\/v2\/types\/product"}],"wp:featuredmedia":[{"embeddable":true,"href":"https:\/\/dev.galagar.com\/fr\/wp-json\/wp\/v2\/media\/17962"}],"wp:attachment":[{"href":"https:\/\/dev.galagar.com\/fr\/wp-json\/wp\/v2\/media?parent=17968"}],"wp:term":[{"taxonomy":"product_brand","embeddable":true,"href":"https:\/\/dev.galagar.com\/fr\/wp-json\/wp\/v2\/product_brand?post=17968"},{"taxonomy":"product_cat","embeddable":true,"href":"https:\/\/dev.galagar.com\/fr\/wp-json\/wp\/v2\/product_cat?post=17968"},{"taxonomy":"product_tag","embeddable":true,"href":"https:\/\/dev.galagar.com\/fr\/wp-json\/wp\/v2\/product_tag?post=17968"}],"curies":[{"name":"wp","href":"https:\/\/api.w.org\/{rel}","templated":true}]}}