{"id":17965,"date":"2022-01-27T19:43:16","date_gmt":"2022-01-27T18:43:16","guid":{"rendered":"https:\/\/dev.galagar.com\/producto\/aspirateurs-portatifs-a-bras-unique\/"},"modified":"2023-04-28T12:44:38","modified_gmt":"2023-04-28T10:44:38","slug":"aspirateurs-portatifs-a-bras-unique","status":"publish","type":"product","link":"https:\/\/dev.galagar.com\/fr\/produit\/aspirateurs-portatifs-a-bras-unique\/","title":{"rendered":"Aspirateurs portatifs \u00e0 bras unique"},"content":{"rendered":"<div class=\"fusion-fullwidth fullwidth-box fusion-builder-row-1 fusion-flex-container nonhundred-percent-fullwidth non-hundred-percent-height-scrolling\" style=\"--awb-border-radius-top-left:0px;--awb-border-radius-top-right:0px;--awb-border-radius-bottom-right:0px;--awb-border-radius-bottom-left:0px;--awb-padding-right:0px;--awb-padding-left:0px;--awb-flex-wrap:wrap;\" ><div class=\"fusion-builder-row fusion-row fusion-flex-align-items-flex-start fusion-flex-content-wrap\" style=\"max-width:1216.8px;margin-left: calc(-4% \/ 2 );margin-right: calc(-4% \/ 2 );\"><div class=\"fusion-layout-column fusion_builder_column fusion-builder-column-0 fusion_builder_column_3_5 3_5 fusion-flex-column\" style=\"--awb-bg-size:cover;--awb-width-large:60%;--awb-margin-top-large:0px;--awb-spacing-right-large:3.2%;--awb-margin-bottom-large:20px;--awb-spacing-left-large:3.2%;--awb-width-medium:100%;--awb-order-medium:0;--awb-spacing-right-medium:1.92%;--awb-spacing-left-medium:1.92%;--awb-width-small:100%;--awb-order-small:0;--awb-spacing-right-small:1.92%;--awb-spacing-left-small:1.92%;\"><div class=\"fusion-column-wrapper fusion-column-has-shadow fusion-flex-justify-content-flex-start fusion-content-layout-column\">\n<div class=\"table-2 gal-textos-menores\">\n<table width=\"100%\">\n<thead>\n<tr>\n<th align=\"left\">Caract\u00e9ristiques techniques<\/th>\n<th align=\"left\"><\/th>\n<\/tr>\n<\/thead>\n<tbody>\n<tr>\n<td>Tension<\/td>\n<td>1 Ph \/ 230 V \/50 Hz<\/td>\n<\/tr>\n<tr>\n<td>Puissance<\/td>\n<td>1,1 kw<\/td>\n<\/tr>\n<tr>\n<td>Capacit\u00e9 d&#8217;aspiration<\/td>\n<td>850 m3 \/h.<\/td>\n<\/tr>\n<tr>\n<td>Niveau sonore<\/td>\n<td>67 db<\/td>\n<\/tr>\n<tr>\n<td>R\u00e9gime du moteur<\/td>\n<td>2 800 TR\/MIN<\/td>\n<\/tr>\n<tr>\n<td>Dimensions<\/td>\n<td>725 x 730 x 1100 mm.<\/td>\n<\/tr>\n<tr>\n<td>Poids sans bras<\/td>\n<td>85,5 Kg.<\/td>\n<\/tr>\n<tr>\n<td>Poids du bras 2 \/ 3 m. flexible<\/td>\n<td>11 \/ 13 Kg.<\/td>\n<\/tr>\n<tr>\n<td>Poids du bras 2 \/ 3 m. aluminium<\/td>\n<td>12 \/ 15,5 Kg.<\/td>\n<\/tr>\n<\/tbody>\n<\/table>\n<\/div>\n<\/div><\/div><div class=\"fusion-layout-column fusion_builder_column fusion-builder-column-1 fusion_builder_column_2_5 2_5 fusion-flex-column\" style=\"--awb-bg-size:cover;--awb-width-large:40%;--awb-margin-top-large:0px;--awb-spacing-right-large:4.8%;--awb-margin-bottom-large:20px;--awb-spacing-left-large:4.8%;--awb-width-medium:100%;--awb-order-medium:0;--awb-spacing-right-medium:1.92%;--awb-spacing-left-medium:1.92%;--awb-width-small:100%;--awb-order-small:0;--awb-spacing-right-small:1.92%;--awb-spacing-left-small:1.92%;\"><div class=\"fusion-column-wrapper fusion-column-has-shadow fusion-flex-justify-content-flex-start fusion-content-layout-column\"><div class=\"fusion-text fusion-text-1\"><h3><span style=\"color: #993300;\"><strong>Deux versions<\/strong><\/span><\/h3>\n<p>L&#8217;extracteur est disponible en 2 versions : avec bras flexible ou articul\u00e9, qui sont disponibles en longueurs de 2 et 3 m\u00e8tres, en fonction de la taille de votre pi\u00e8ce et de la navigation dans votre atelier.<\/p>\n<p>Les deux extracteurs de fum\u00e9es sont \u00e9quip\u00e9s d&#8217;une alarme sonore &#8220;filtre plein&#8221; et d&#8217;une plaque d\u00e9flectrice d&#8217;\u00e9tincelles int\u00e9gr\u00e9e pour plus de s\u00e9curit\u00e9. Les appareils sont \u00e9galement dot\u00e9s d&#8217;un indicateur de service qui signale la n\u00e9cessit\u00e9 de remplacer le filtre.<\/p>\n<\/div><\/div><\/div><\/div><\/div>\n","protected":false},"excerpt":{"rendered":"<p><strong class=\"subsubtitle\">Description<br \/>\n<\/strong>L&#8217;aspirateur de fum\u00e9es de soudage portable \u00e0 bras unique est un aspirateur de fum\u00e9es de soudage mobile, compact et puissant. Il est con\u00e7u comme un extracteur de base ou pour les processus de soudage qui produisent peu de fum\u00e9e. Cette unit\u00e9 peut \u00eatre facilement d\u00e9plac\u00e9e dans l&#8217;atelier pour extraire les fum\u00e9es l\u00e0 o\u00f9 c&#8217;est n\u00e9cessaire. L&#8217;extracteur de fum\u00e9es de soudage est \u00e9quip\u00e9 d&#8217;un filtre \u00e0 usage unique.<\/p>\n<p>L&#8217;extracteur a un marquage W3 et peut \u00eatre utilis\u00e9 dans des applications en acier et en acier inoxydable. Cet extracteur de fum\u00e9es mobile est une solution de base id\u00e9ale pour les ateliers de r\u00e9paration automobile, les \u00e9coles de soudure, les \u00e9coles techniques, les petits ateliers et le secteur agricole.<\/p>\n<p><strong>Caract\u00e9ristiques :<\/strong><br \/>\nProtection efficace contre l&#8217;exposition aux fum\u00e9es de soudage<br \/>\nFacile \u00e0 man\u0153uvrer<br \/>\nFiltre \u00e0 deux \u00e9tages pour une dur\u00e9e de vie plus longue<br \/>\nS\u00e9curit\u00e9 accrue gr\u00e2ce \u00e0 la plaque pare-\u00e9tincelles int\u00e9gr\u00e9e<br \/>\nMarquage W3 &#8211; ISO 15012-1<\/p>\n<p><strong>Applications :<\/strong><br \/>\nActivit\u00e9s de soudage l\u00e9ger<br \/>\nSoudage d&#8217;acier ou d&#8217;acier inoxydable<br \/>\nSoudage TIG<br \/>\nAteliers de r\u00e9paration automobile<br \/>\nSecteur agricole<br \/>\n\u00c9coles de soudage<br \/>\nColl\u00e8ge technique<\/p>\n","protected":false},"featured_media":17977,"template":"","meta":{"_acf_changed":false},"product_brand":[],"product_cat":[937,1224,1495,1502],"product_tag":[],"class_list":{"0":"post-17965","1":"product","2":"type-product","3":"status-publish","4":"has-post-thumbnail","6":"product_cat-produits","7":"product_cat-protection-du-travail","8":"product_cat-desenfumage","9":"product_cat-avec-filtration-des-fumees","11":"first","12":"instock","13":"taxable","14":"shipping-taxable","15":"product-type-variable"},"acf":[],"yoast_head":"<!-- This site is optimized with the Yoast SEO plugin v24.8.1 - https:\/\/yoast.com\/wordpress\/plugins\/seo\/ -->\n<title>Aspirateurs portatifs \u00e0 bras unique | GALA GAR - Productos de soldadura y reguladores de gas - Gas y soldadura<\/title>\n<meta name=\"robots\" content=\"noindex, follow, max-snippet:-1, max-image-preview:large, max-video-preview:-1\" \/>\n<meta property=\"og:locale\" content=\"fr_FR\" \/>\n<meta property=\"og:type\" content=\"article\" \/>\n<meta property=\"og:title\" content=\"Aspirateurs portatifs \u00e0 bras unique | GALA GAR - Productos de soldadura y reguladores de gas - Gas y soldadura\" \/>\n<meta property=\"og:description\" content=\"Description L&#039;aspirateur de fum\u00e9es de soudage portable \u00e0 bras unique est un aspirateur de fum\u00e9es de soudage mobile, compact et puissant. Il est con\u00e7u comme un extracteur de base ou pour les processus de soudage qui produisent peu de fum\u00e9e. Cette unit\u00e9 peut \u00eatre facilement d\u00e9plac\u00e9e dans l&#039;atelier pour extraire les fum\u00e9es l\u00e0 o\u00f9 c&#039;est n\u00e9cessaire. L&#039;extracteur de fum\u00e9es de soudage est \u00e9quip\u00e9 d&#039;un filtre \u00e0 usage unique. L&#039;extracteur a un marquage W3 et peut \u00eatre utilis\u00e9 dans des applications en acier et en acier inoxydable. Cet extracteur de fum\u00e9es mobile est une solution de base id\u00e9ale pour les ateliers de r\u00e9paration automobile, les \u00e9coles de soudure, les \u00e9coles techniques, les petits ateliers et le secteur agricole. Caract\u00e9ristiques : Protection efficace contre l&#039;exposition aux fum\u00e9es de soudage Facile \u00e0 man\u0153uvrer Filtre \u00e0 deux \u00e9tages pour une dur\u00e9e de vie plus longue S\u00e9curit\u00e9 accrue gr\u00e2ce \u00e0 la plaque pare-\u00e9tincelles int\u00e9gr\u00e9e Marquage W3 - ISO 15012-1 Applications : Activit\u00e9s de soudage l\u00e9ger Soudage d&#039;acier ou d&#039;acier inoxydable Soudage TIG Ateliers de r\u00e9paration automobile Secteur agricole \u00c9coles de soudage Coll\u00e8ge technique\" \/>\n<meta property=\"og:url\" content=\"https:\/\/dev.galagar.com\/fr\/produit\/aspirateurs-portatifs-a-bras-unique\/\" \/>\n<meta property=\"og:site_name\" content=\"GALA GAR - Productos de soldadura y reguladores de gas - Gas y soldadura\" \/>\n<meta property=\"article:modified_time\" content=\"2023-04-28T10:44:38+00:00\" \/>\n<meta property=\"og:image\" content=\"https:\/\/dev.galagar.com\/wp-content\/uploads\/2022\/01\/Portatiles-Monobrazo.jpg\" \/>\n\t<meta property=\"og:image:width\" content=\"640\" \/>\n\t<meta property=\"og:image:height\" content=\"800\" \/>\n\t<meta property=\"og:image:type\" content=\"image\/jpeg\" \/>\n<meta name=\"twitter:card\" content=\"summary_large_image\" \/>\n<meta name=\"twitter:label1\" content=\"Dur\u00e9e de lecture estim\u00e9e\" \/>\n\t<meta name=\"twitter:data1\" content=\"3 minutes\" \/>\n<script type=\"application\/ld+json\" class=\"yoast-schema-graph\">{\"@context\":\"https:\/\/schema.org\",\"@graph\":[{\"@type\":\"WebPage\",\"@id\":\"https:\/\/dev.galagar.com\/fr\/produit\/aspirateurs-portatifs-a-bras-unique\/\",\"url\":\"https:\/\/dev.galagar.com\/fr\/produit\/aspirateurs-portatifs-a-bras-unique\/\",\"name\":\"Aspirateurs portatifs \u00e0 bras unique | GALA GAR - Productos de soldadura y reguladores de gas - Gas y soldadura\",\"isPartOf\":{\"@id\":\"https:\/\/dev.galagar.com\/fr\/#website\"},\"primaryImageOfPage\":{\"@id\":\"https:\/\/dev.galagar.com\/fr\/produit\/aspirateurs-portatifs-a-bras-unique\/#primaryimage\"},\"image\":{\"@id\":\"https:\/\/dev.galagar.com\/fr\/produit\/aspirateurs-portatifs-a-bras-unique\/#primaryimage\"},\"thumbnailUrl\":\"https:\/\/dev.galagar.com\/wp-content\/uploads\/2022\/01\/Portatiles-Monobrazo.jpg\",\"datePublished\":\"2022-01-27T18:43:16+00:00\",\"dateModified\":\"2023-04-28T10:44:38+00:00\",\"breadcrumb\":{\"@id\":\"https:\/\/dev.galagar.com\/fr\/produit\/aspirateurs-portatifs-a-bras-unique\/#breadcrumb\"},\"inLanguage\":\"fr-FR\",\"potentialAction\":[{\"@type\":\"ReadAction\",\"target\":[\"https:\/\/dev.galagar.com\/fr\/produit\/aspirateurs-portatifs-a-bras-unique\/\"]}]},{\"@type\":\"ImageObject\",\"inLanguage\":\"fr-FR\",\"@id\":\"https:\/\/dev.galagar.com\/fr\/produit\/aspirateurs-portatifs-a-bras-unique\/#primaryimage\",\"url\":\"https:\/\/dev.galagar.com\/wp-content\/uploads\/2022\/01\/Portatiles-Monobrazo.jpg\",\"contentUrl\":\"https:\/\/dev.galagar.com\/wp-content\/uploads\/2022\/01\/Portatiles-Monobrazo.jpg\",\"width\":640,\"height\":800},{\"@type\":\"BreadcrumbList\",\"@id\":\"https:\/\/dev.galagar.com\/fr\/produit\/aspirateurs-portatifs-a-bras-unique\/#breadcrumb\",\"itemListElement\":[{\"@type\":\"ListItem\",\"position\":1,\"name\":\"Inicio\",\"item\":\"https:\/\/dev.galagar.com\/fr\/accueil\/\"},{\"@type\":\"ListItem\",\"position\":2,\"name\":\"Tienda\",\"item\":\"https:\/\/dev.galagar.com\/tienda\/\"},{\"@type\":\"ListItem\",\"position\":3,\"name\":\"Produits\",\"item\":\"https:\/\/dev.galagar.com\/fr\/categoria-producto\/produits\/\"},{\"@type\":\"ListItem\",\"position\":4,\"name\":\"Aspirateurs portatifs \u00e0 bras unique\"}]},{\"@type\":\"WebSite\",\"@id\":\"https:\/\/dev.galagar.com\/fr\/#website\",\"url\":\"https:\/\/dev.galagar.com\/fr\/\",\"name\":\"GALA GAR - Productos de soldadura y reguladores de gas - Gas y soldadura\",\"description\":\"Gala Gar es fabricante de tecnolog\u00eda competitiva para soldadura (MMA-TIG-MIG\/MAG-CORTE POR PLASMA), regulaci\u00f3n de gases, y para soldadura y corte por gas.\",\"publisher\":{\"@id\":\"https:\/\/dev.galagar.com\/fr\/#organization\"},\"potentialAction\":[{\"@type\":\"SearchAction\",\"target\":{\"@type\":\"EntryPoint\",\"urlTemplate\":\"https:\/\/dev.galagar.com\/fr\/?s={search_term_string}\"},\"query-input\":{\"@type\":\"PropertyValueSpecification\",\"valueRequired\":true,\"valueName\":\"search_term_string\"}}],\"inLanguage\":\"fr-FR\"},{\"@type\":\"Organization\",\"@id\":\"https:\/\/dev.galagar.com\/fr\/#organization\",\"name\":\"GALA GAR welding\",\"url\":\"https:\/\/dev.galagar.com\/fr\/\",\"logo\":{\"@type\":\"ImageObject\",\"inLanguage\":\"fr-FR\",\"@id\":\"https:\/\/dev.galagar.com\/fr\/#\/schema\/logo\/image\/\",\"url\":\"\",\"contentUrl\":\"\",\"caption\":\"GALA GAR welding\"},\"image\":{\"@id\":\"https:\/\/dev.galagar.com\/fr\/#\/schema\/logo\/image\/\"}}]}<\/script>\n<!-- \/ Yoast SEO plugin. -->","yoast_head_json":{"title":"Aspirateurs portatifs \u00e0 bras unique | GALA GAR - Productos de soldadura y reguladores de gas - Gas y soldadura","robots":{"index":"noindex","follow":"follow","max-snippet":"max-snippet:-1","max-image-preview":"max-image-preview:large","max-video-preview":"max-video-preview:-1"},"og_locale":"fr_FR","og_type":"article","og_title":"Aspirateurs portatifs \u00e0 bras unique | GALA GAR - Productos de soldadura y reguladores de gas - Gas y soldadura","og_description":"Description L'aspirateur de fum\u00e9es de soudage portable \u00e0 bras unique est un aspirateur de fum\u00e9es de soudage mobile, compact et puissant. Il est con\u00e7u comme un extracteur de base ou pour les processus de soudage qui produisent peu de fum\u00e9e. Cette unit\u00e9 peut \u00eatre facilement d\u00e9plac\u00e9e dans l'atelier pour extraire les fum\u00e9es l\u00e0 o\u00f9 c'est n\u00e9cessaire. L'extracteur de fum\u00e9es de soudage est \u00e9quip\u00e9 d'un filtre \u00e0 usage unique. L'extracteur a un marquage W3 et peut \u00eatre utilis\u00e9 dans des applications en acier et en acier inoxydable. Cet extracteur de fum\u00e9es mobile est une solution de base id\u00e9ale pour les ateliers de r\u00e9paration automobile, les \u00e9coles de soudure, les \u00e9coles techniques, les petits ateliers et le secteur agricole. Caract\u00e9ristiques : Protection efficace contre l'exposition aux fum\u00e9es de soudage Facile \u00e0 man\u0153uvrer Filtre \u00e0 deux \u00e9tages pour une dur\u00e9e de vie plus longue S\u00e9curit\u00e9 accrue gr\u00e2ce \u00e0 la plaque pare-\u00e9tincelles int\u00e9gr\u00e9e Marquage W3 - ISO 15012-1 Applications : Activit\u00e9s de soudage l\u00e9ger Soudage d'acier ou d'acier inoxydable Soudage TIG Ateliers de r\u00e9paration automobile Secteur agricole \u00c9coles de soudage Coll\u00e8ge technique","og_url":"https:\/\/dev.galagar.com\/fr\/produit\/aspirateurs-portatifs-a-bras-unique\/","og_site_name":"GALA GAR - Productos de soldadura y reguladores de gas - Gas y soldadura","article_modified_time":"2023-04-28T10:44:38+00:00","og_image":[{"width":640,"height":800,"url":"https:\/\/dev.galagar.com\/wp-content\/uploads\/2022\/01\/Portatiles-Monobrazo.jpg","type":"image\/jpeg"}],"twitter_card":"summary_large_image","twitter_misc":{"Dur\u00e9e de lecture estim\u00e9e":"3 minutes"},"schema":{"@context":"https:\/\/schema.org","@graph":[{"@type":"WebPage","@id":"https:\/\/dev.galagar.com\/fr\/produit\/aspirateurs-portatifs-a-bras-unique\/","url":"https:\/\/dev.galagar.com\/fr\/produit\/aspirateurs-portatifs-a-bras-unique\/","name":"Aspirateurs portatifs \u00e0 bras unique | GALA GAR - Productos de soldadura y reguladores de gas - Gas y soldadura","isPartOf":{"@id":"https:\/\/dev.galagar.com\/fr\/#website"},"primaryImageOfPage":{"@id":"https:\/\/dev.galagar.com\/fr\/produit\/aspirateurs-portatifs-a-bras-unique\/#primaryimage"},"image":{"@id":"https:\/\/dev.galagar.com\/fr\/produit\/aspirateurs-portatifs-a-bras-unique\/#primaryimage"},"thumbnailUrl":"https:\/\/dev.galagar.com\/wp-content\/uploads\/2022\/01\/Portatiles-Monobrazo.jpg","datePublished":"2022-01-27T18:43:16+00:00","dateModified":"2023-04-28T10:44:38+00:00","breadcrumb":{"@id":"https:\/\/dev.galagar.com\/fr\/produit\/aspirateurs-portatifs-a-bras-unique\/#breadcrumb"},"inLanguage":"fr-FR","potentialAction":[{"@type":"ReadAction","target":["https:\/\/dev.galagar.com\/fr\/produit\/aspirateurs-portatifs-a-bras-unique\/"]}]},{"@type":"ImageObject","inLanguage":"fr-FR","@id":"https:\/\/dev.galagar.com\/fr\/produit\/aspirateurs-portatifs-a-bras-unique\/#primaryimage","url":"https:\/\/dev.galagar.com\/wp-content\/uploads\/2022\/01\/Portatiles-Monobrazo.jpg","contentUrl":"https:\/\/dev.galagar.com\/wp-content\/uploads\/2022\/01\/Portatiles-Monobrazo.jpg","width":640,"height":800},{"@type":"BreadcrumbList","@id":"https:\/\/dev.galagar.com\/fr\/produit\/aspirateurs-portatifs-a-bras-unique\/#breadcrumb","itemListElement":[{"@type":"ListItem","position":1,"name":"Inicio","item":"https:\/\/dev.galagar.com\/fr\/accueil\/"},{"@type":"ListItem","position":2,"name":"Tienda","item":"https:\/\/dev.galagar.com\/tienda\/"},{"@type":"ListItem","position":3,"name":"Produits","item":"https:\/\/dev.galagar.com\/fr\/categoria-producto\/produits\/"},{"@type":"ListItem","position":4,"name":"Aspirateurs portatifs \u00e0 bras unique"}]},{"@type":"WebSite","@id":"https:\/\/dev.galagar.com\/fr\/#website","url":"https:\/\/dev.galagar.com\/fr\/","name":"GALA GAR - Productos de soldadura y reguladores de gas - Gas y soldadura","description":"Gala Gar es fabricante de tecnolog\u00eda competitiva para soldadura (MMA-TIG-MIG\/MAG-CORTE POR PLASMA), regulaci\u00f3n de gases, y para soldadura y corte por gas.","publisher":{"@id":"https:\/\/dev.galagar.com\/fr\/#organization"},"potentialAction":[{"@type":"SearchAction","target":{"@type":"EntryPoint","urlTemplate":"https:\/\/dev.galagar.com\/fr\/?s={search_term_string}"},"query-input":{"@type":"PropertyValueSpecification","valueRequired":true,"valueName":"search_term_string"}}],"inLanguage":"fr-FR"},{"@type":"Organization","@id":"https:\/\/dev.galagar.com\/fr\/#organization","name":"GALA GAR welding","url":"https:\/\/dev.galagar.com\/fr\/","logo":{"@type":"ImageObject","inLanguage":"fr-FR","@id":"https:\/\/dev.galagar.com\/fr\/#\/schema\/logo\/image\/","url":"","contentUrl":"","caption":"GALA GAR welding"},"image":{"@id":"https:\/\/dev.galagar.com\/fr\/#\/schema\/logo\/image\/"}}]}},"_links":{"self":[{"href":"https:\/\/dev.galagar.com\/fr\/wp-json\/wp\/v2\/product\/17965","targetHints":{"allow":["GET"]}}],"collection":[{"href":"https:\/\/dev.galagar.com\/fr\/wp-json\/wp\/v2\/product"}],"about":[{"href":"https:\/\/dev.galagar.com\/fr\/wp-json\/wp\/v2\/types\/product"}],"wp:featuredmedia":[{"embeddable":true,"href":"https:\/\/dev.galagar.com\/fr\/wp-json\/wp\/v2\/media\/17977"}],"wp:attachment":[{"href":"https:\/\/dev.galagar.com\/fr\/wp-json\/wp\/v2\/media?parent=17965"}],"wp:term":[{"taxonomy":"product_brand","embeddable":true,"href":"https:\/\/dev.galagar.com\/fr\/wp-json\/wp\/v2\/product_brand?post=17965"},{"taxonomy":"product_cat","embeddable":true,"href":"https:\/\/dev.galagar.com\/fr\/wp-json\/wp\/v2\/product_cat?post=17965"},{"taxonomy":"product_tag","embeddable":true,"href":"https:\/\/dev.galagar.com\/fr\/wp-json\/wp\/v2\/product_tag?post=17965"}],"curies":[{"name":"wp","href":"https:\/\/api.w.org\/{rel}","templated":true}]}}