{"id":17862,"date":"2022-01-27T19:46:55","date_gmt":"2022-01-27T18:46:55","guid":{"rendered":"https:\/\/dev.galagar.com\/producto\/buse-de-coupe-ox-ac-de-type-h\/"},"modified":"2023-06-13T08:48:02","modified_gmt":"2023-06-13T06:48:02","slug":"type-de-buse-de-coupe-h-ox-ac","status":"publish","type":"product","link":"https:\/\/dev.galagar.com\/fr\/produit\/type-de-buse-de-coupe-h-ox-ac\/","title":{"rendered":"Buse de coupe Ox-Ac de type H"},"content":{"rendered":"","protected":false},"excerpt":{"rendered":"<p>Buses externes pour utilisation avec le chalumeau coupeur et pour les aciers jusqu&#8217;\u00e0 300 mm. avec Oxyg\u00e8ne-Propane.<\/p>\n<p><strong>Fixable sur :<\/strong><br \/>\nDispositif de coupe R\u00e9f. 70100030<br \/>\nManche Universel R\u00e9f. 70200100<\/p>\n<p><strong>Applications :<\/strong> D\u00e9molition &#8211; D\u00e9coupe de grandes \u00e9paisseurs &#8211; Chaudronnerie<\/p>\n","protected":false},"featured_media":17876,"template":"","meta":{"_acf_changed":false},"product_brand":[],"product_cat":[937,1471],"product_tag":[],"class_list":{"0":"post-17862","1":"product","2":"type-product","3":"status-publish","4":"has-post-thumbnail","6":"product_cat-produits","7":"product_cat-buses","9":"first","10":"instock","11":"taxable","12":"shipping-taxable","13":"product-type-variable"},"acf":[],"yoast_head":"<!-- This site is optimized with the Yoast SEO plugin v24.8.1 - https:\/\/yoast.com\/wordpress\/plugins\/seo\/ -->\n<title>Buse de coupe Ox-Ac de type H | GALA GAR - Productos de soldadura y reguladores de gas - Gas y soldadura<\/title>\n<meta name=\"robots\" content=\"noindex, follow, max-snippet:-1, max-image-preview:large, max-video-preview:-1\" \/>\n<meta property=\"og:locale\" content=\"fr_FR\" \/>\n<meta property=\"og:type\" content=\"article\" \/>\n<meta property=\"og:title\" content=\"Buse de coupe Ox-Ac de type H | GALA GAR - Productos de soldadura y reguladores de gas - Gas y soldadura\" \/>\n<meta property=\"og:description\" content=\"Buses externes pour utilisation avec le chalumeau coupeur et pour les aciers jusqu&#039;\u00e0 300 mm. avec Oxyg\u00e8ne-Propane.  Fixable sur : Dispositif de coupe R\u00e9f. 70100030 Manche Universel R\u00e9f. 70200100  Applications : D\u00e9molition - D\u00e9coupe de grandes \u00e9paisseurs - Chaudronnerie\" \/>\n<meta property=\"og:url\" content=\"https:\/\/dev.galagar.com\/fr\/produit\/type-de-buse-de-coupe-h-ox-ac\/\" \/>\n<meta property=\"og:site_name\" content=\"GALA GAR - Productos de soldadura y reguladores de gas - Gas y soldadura\" \/>\n<meta property=\"article:modified_time\" content=\"2023-06-13T06:48:02+00:00\" \/>\n<meta property=\"og:image\" content=\"https:\/\/dev.galagar.com\/wp-content\/uploads\/2022\/01\/BoquillaCorte-TipoH.jpg\" \/>\n\t<meta property=\"og:image:width\" content=\"640\" \/>\n\t<meta property=\"og:image:height\" content=\"800\" \/>\n\t<meta property=\"og:image:type\" content=\"image\/jpeg\" \/>\n<meta name=\"twitter:card\" content=\"summary_large_image\" \/>\n<script type=\"application\/ld+json\" class=\"yoast-schema-graph\">{\"@context\":\"https:\/\/schema.org\",\"@graph\":[{\"@type\":\"WebPage\",\"@id\":\"https:\/\/dev.galagar.com\/fr\/produit\/type-de-buse-de-coupe-h-ox-ac\/\",\"url\":\"https:\/\/dev.galagar.com\/fr\/produit\/type-de-buse-de-coupe-h-ox-ac\/\",\"name\":\"Buse de coupe Ox-Ac de type H | GALA GAR - Productos de soldadura y reguladores de gas - Gas y soldadura\",\"isPartOf\":{\"@id\":\"https:\/\/dev.galagar.com\/fr\/#website\"},\"primaryImageOfPage\":{\"@id\":\"https:\/\/dev.galagar.com\/fr\/produit\/type-de-buse-de-coupe-h-ox-ac\/#primaryimage\"},\"image\":{\"@id\":\"https:\/\/dev.galagar.com\/fr\/produit\/type-de-buse-de-coupe-h-ox-ac\/#primaryimage\"},\"thumbnailUrl\":\"https:\/\/dev.galagar.com\/wp-content\/uploads\/2022\/01\/BoquillaCorte-TipoH.jpg\",\"datePublished\":\"2022-01-27T18:46:55+00:00\",\"dateModified\":\"2023-06-13T06:48:02+00:00\",\"breadcrumb\":{\"@id\":\"https:\/\/dev.galagar.com\/fr\/produit\/type-de-buse-de-coupe-h-ox-ac\/#breadcrumb\"},\"inLanguage\":\"fr-FR\",\"potentialAction\":[{\"@type\":\"ReadAction\",\"target\":[\"https:\/\/dev.galagar.com\/fr\/produit\/type-de-buse-de-coupe-h-ox-ac\/\"]}]},{\"@type\":\"ImageObject\",\"inLanguage\":\"fr-FR\",\"@id\":\"https:\/\/dev.galagar.com\/fr\/produit\/type-de-buse-de-coupe-h-ox-ac\/#primaryimage\",\"url\":\"https:\/\/dev.galagar.com\/wp-content\/uploads\/2022\/01\/BoquillaCorte-TipoH.jpg\",\"contentUrl\":\"https:\/\/dev.galagar.com\/wp-content\/uploads\/2022\/01\/BoquillaCorte-TipoH.jpg\",\"width\":640,\"height\":800},{\"@type\":\"BreadcrumbList\",\"@id\":\"https:\/\/dev.galagar.com\/fr\/produit\/type-de-buse-de-coupe-h-ox-ac\/#breadcrumb\",\"itemListElement\":[{\"@type\":\"ListItem\",\"position\":1,\"name\":\"Inicio\",\"item\":\"https:\/\/dev.galagar.com\/fr\/accueil\/\"},{\"@type\":\"ListItem\",\"position\":2,\"name\":\"Tienda\",\"item\":\"https:\/\/dev.galagar.com\/tienda\/\"},{\"@type\":\"ListItem\",\"position\":3,\"name\":\"Produits\",\"item\":\"https:\/\/dev.galagar.com\/fr\/categoria-producto\/produits\/\"},{\"@type\":\"ListItem\",\"position\":4,\"name\":\"Gaz\",\"item\":\"https:\/\/dev.galagar.com\/fr\/categoria-producto\/produits\/gaz\/\"},{\"@type\":\"ListItem\",\"position\":5,\"name\":\"Buses\",\"item\":\"https:\/\/dev.galagar.com\/fr\/categoria-producto\/produits\/gaz\/buses\/\"},{\"@type\":\"ListItem\",\"position\":6,\"name\":\"Buse de coupe Ox-Ac de type H\"}]},{\"@type\":\"WebSite\",\"@id\":\"https:\/\/dev.galagar.com\/fr\/#website\",\"url\":\"https:\/\/dev.galagar.com\/fr\/\",\"name\":\"GALA GAR - Productos de soldadura y reguladores de gas - Gas y soldadura\",\"description\":\"Gala Gar es fabricante de tecnolog\u00eda competitiva para soldadura (MMA-TIG-MIG\/MAG-CORTE POR PLASMA), regulaci\u00f3n de gases, y para soldadura y corte por gas.\",\"publisher\":{\"@id\":\"https:\/\/dev.galagar.com\/fr\/#organization\"},\"potentialAction\":[{\"@type\":\"SearchAction\",\"target\":{\"@type\":\"EntryPoint\",\"urlTemplate\":\"https:\/\/dev.galagar.com\/fr\/?s={search_term_string}\"},\"query-input\":{\"@type\":\"PropertyValueSpecification\",\"valueRequired\":true,\"valueName\":\"search_term_string\"}}],\"inLanguage\":\"fr-FR\"},{\"@type\":\"Organization\",\"@id\":\"https:\/\/dev.galagar.com\/fr\/#organization\",\"name\":\"GALA GAR welding\",\"url\":\"https:\/\/dev.galagar.com\/fr\/\",\"logo\":{\"@type\":\"ImageObject\",\"inLanguage\":\"fr-FR\",\"@id\":\"https:\/\/dev.galagar.com\/fr\/#\/schema\/logo\/image\/\",\"url\":\"\",\"contentUrl\":\"\",\"caption\":\"GALA GAR welding\"},\"image\":{\"@id\":\"https:\/\/dev.galagar.com\/fr\/#\/schema\/logo\/image\/\"}}]}<\/script>\n<!-- \/ Yoast SEO plugin. -->","yoast_head_json":{"title":"Buse de coupe Ox-Ac de type H | GALA GAR - Productos de soldadura y reguladores de gas - Gas y soldadura","robots":{"index":"noindex","follow":"follow","max-snippet":"max-snippet:-1","max-image-preview":"max-image-preview:large","max-video-preview":"max-video-preview:-1"},"og_locale":"fr_FR","og_type":"article","og_title":"Buse de coupe Ox-Ac de type H | GALA GAR - Productos de soldadura y reguladores de gas - Gas y soldadura","og_description":"Buses externes pour utilisation avec le chalumeau coupeur et pour les aciers jusqu'\u00e0 300 mm. avec Oxyg\u00e8ne-Propane.  Fixable sur : Dispositif de coupe R\u00e9f. 70100030 Manche Universel R\u00e9f. 70200100  Applications : D\u00e9molition - D\u00e9coupe de grandes \u00e9paisseurs - Chaudronnerie","og_url":"https:\/\/dev.galagar.com\/fr\/produit\/type-de-buse-de-coupe-h-ox-ac\/","og_site_name":"GALA GAR - Productos de soldadura y reguladores de gas - Gas y soldadura","article_modified_time":"2023-06-13T06:48:02+00:00","og_image":[{"width":640,"height":800,"url":"https:\/\/dev.galagar.com\/wp-content\/uploads\/2022\/01\/BoquillaCorte-TipoH.jpg","type":"image\/jpeg"}],"twitter_card":"summary_large_image","schema":{"@context":"https:\/\/schema.org","@graph":[{"@type":"WebPage","@id":"https:\/\/dev.galagar.com\/fr\/produit\/type-de-buse-de-coupe-h-ox-ac\/","url":"https:\/\/dev.galagar.com\/fr\/produit\/type-de-buse-de-coupe-h-ox-ac\/","name":"Buse de coupe Ox-Ac de type H | GALA GAR - Productos de soldadura y reguladores de gas - Gas y soldadura","isPartOf":{"@id":"https:\/\/dev.galagar.com\/fr\/#website"},"primaryImageOfPage":{"@id":"https:\/\/dev.galagar.com\/fr\/produit\/type-de-buse-de-coupe-h-ox-ac\/#primaryimage"},"image":{"@id":"https:\/\/dev.galagar.com\/fr\/produit\/type-de-buse-de-coupe-h-ox-ac\/#primaryimage"},"thumbnailUrl":"https:\/\/dev.galagar.com\/wp-content\/uploads\/2022\/01\/BoquillaCorte-TipoH.jpg","datePublished":"2022-01-27T18:46:55+00:00","dateModified":"2023-06-13T06:48:02+00:00","breadcrumb":{"@id":"https:\/\/dev.galagar.com\/fr\/produit\/type-de-buse-de-coupe-h-ox-ac\/#breadcrumb"},"inLanguage":"fr-FR","potentialAction":[{"@type":"ReadAction","target":["https:\/\/dev.galagar.com\/fr\/produit\/type-de-buse-de-coupe-h-ox-ac\/"]}]},{"@type":"ImageObject","inLanguage":"fr-FR","@id":"https:\/\/dev.galagar.com\/fr\/produit\/type-de-buse-de-coupe-h-ox-ac\/#primaryimage","url":"https:\/\/dev.galagar.com\/wp-content\/uploads\/2022\/01\/BoquillaCorte-TipoH.jpg","contentUrl":"https:\/\/dev.galagar.com\/wp-content\/uploads\/2022\/01\/BoquillaCorte-TipoH.jpg","width":640,"height":800},{"@type":"BreadcrumbList","@id":"https:\/\/dev.galagar.com\/fr\/produit\/type-de-buse-de-coupe-h-ox-ac\/#breadcrumb","itemListElement":[{"@type":"ListItem","position":1,"name":"Inicio","item":"https:\/\/dev.galagar.com\/fr\/accueil\/"},{"@type":"ListItem","position":2,"name":"Tienda","item":"https:\/\/dev.galagar.com\/tienda\/"},{"@type":"ListItem","position":3,"name":"Produits","item":"https:\/\/dev.galagar.com\/fr\/categoria-producto\/produits\/"},{"@type":"ListItem","position":4,"name":"Gaz","item":"https:\/\/dev.galagar.com\/fr\/categoria-producto\/produits\/gaz\/"},{"@type":"ListItem","position":5,"name":"Buses","item":"https:\/\/dev.galagar.com\/fr\/categoria-producto\/produits\/gaz\/buses\/"},{"@type":"ListItem","position":6,"name":"Buse de coupe Ox-Ac de type H"}]},{"@type":"WebSite","@id":"https:\/\/dev.galagar.com\/fr\/#website","url":"https:\/\/dev.galagar.com\/fr\/","name":"GALA GAR - Productos de soldadura y reguladores de gas - Gas y soldadura","description":"Gala Gar es fabricante de tecnolog\u00eda competitiva para soldadura (MMA-TIG-MIG\/MAG-CORTE POR PLASMA), regulaci\u00f3n de gases, y para soldadura y corte por gas.","publisher":{"@id":"https:\/\/dev.galagar.com\/fr\/#organization"},"potentialAction":[{"@type":"SearchAction","target":{"@type":"EntryPoint","urlTemplate":"https:\/\/dev.galagar.com\/fr\/?s={search_term_string}"},"query-input":{"@type":"PropertyValueSpecification","valueRequired":true,"valueName":"search_term_string"}}],"inLanguage":"fr-FR"},{"@type":"Organization","@id":"https:\/\/dev.galagar.com\/fr\/#organization","name":"GALA GAR welding","url":"https:\/\/dev.galagar.com\/fr\/","logo":{"@type":"ImageObject","inLanguage":"fr-FR","@id":"https:\/\/dev.galagar.com\/fr\/#\/schema\/logo\/image\/","url":"","contentUrl":"","caption":"GALA GAR welding"},"image":{"@id":"https:\/\/dev.galagar.com\/fr\/#\/schema\/logo\/image\/"}}]}},"_links":{"self":[{"href":"https:\/\/dev.galagar.com\/fr\/wp-json\/wp\/v2\/product\/17862","targetHints":{"allow":["GET"]}}],"collection":[{"href":"https:\/\/dev.galagar.com\/fr\/wp-json\/wp\/v2\/product"}],"about":[{"href":"https:\/\/dev.galagar.com\/fr\/wp-json\/wp\/v2\/types\/product"}],"wp:featuredmedia":[{"embeddable":true,"href":"https:\/\/dev.galagar.com\/fr\/wp-json\/wp\/v2\/media\/17876"}],"wp:attachment":[{"href":"https:\/\/dev.galagar.com\/fr\/wp-json\/wp\/v2\/media?parent=17862"}],"wp:term":[{"taxonomy":"product_brand","embeddable":true,"href":"https:\/\/dev.galagar.com\/fr\/wp-json\/wp\/v2\/product_brand?post=17862"},{"taxonomy":"product_cat","embeddable":true,"href":"https:\/\/dev.galagar.com\/fr\/wp-json\/wp\/v2\/product_cat?post=17862"},{"taxonomy":"product_tag","embeddable":true,"href":"https:\/\/dev.galagar.com\/fr\/wp-json\/wp\/v2\/product_tag?post=17862"}],"curies":[{"name":"wp","href":"https:\/\/api.w.org\/{rel}","templated":true}]}}