{"id":17816,"date":"2022-01-27T19:45:08","date_gmt":"2022-01-27T18:45:08","guid":{"rendered":"https:\/\/dev.galagar.com\/producto\/panneau-pour-table-doxyfuel\/"},"modified":"2023-04-28T12:44:20","modified_gmt":"2023-04-28T10:44:20","slug":"panneau-pour-table-doxyfuel","status":"publish","type":"product","link":"https:\/\/dev.galagar.com\/fr\/produit\/panneau-pour-table-doxyfuel\/","title":{"rendered":"Panneau pour table d&#8217;oxyfuel"},"content":{"rendered":"<div class=\"fusion-fullwidth fullwidth-box fusion-builder-row-1 fusion-flex-container has-pattern-background has-mask-background nonhundred-percent-fullwidth non-hundred-percent-height-scrolling\" style=\"--awb-border-radius-top-left:0px;--awb-border-radius-top-right:0px;--awb-border-radius-bottom-right:0px;--awb-border-radius-bottom-left:0px;--awb-flex-wrap:wrap;\" ><div class=\"fusion-builder-row fusion-row fusion-flex-align-items-flex-start fusion-flex-content-wrap\" style=\"max-width:1216.8px;margin-left: calc(-4% \/ 2 );margin-right: calc(-4% \/ 2 );\"><div class=\"fusion-layout-column fusion_builder_column fusion-builder-column-0 fusion_builder_column_2_3 2_3 fusion-flex-column\" style=\"--awb-bg-size:cover;--awb-width-large:66.666666666667%;--awb-margin-top-large:0px;--awb-spacing-right-large:2.88%;--awb-margin-bottom-large:20px;--awb-spacing-left-large:2.88%;--awb-width-medium:100%;--awb-order-medium:0;--awb-spacing-right-medium:1.92%;--awb-spacing-left-medium:1.92%;--awb-width-small:100%;--awb-order-small:0;--awb-spacing-right-small:1.92%;--awb-spacing-left-small:1.92%;\"><div class=\"fusion-column-wrapper fusion-column-has-shadow fusion-flex-justify-content-flex-start fusion-content-layout-column\">\n<div class=\"table-2 gal-textos-menores\">\n<table width=\"100%\">\n<thead>\n<tr>\n<th align=\"left\">Panneaux d&#8217;oxycombustion<\/th>\n<th align=\"left\"><\/th>\n<th align=\"left\"><\/th>\n<th align=\"left\"><\/th>\n<th align=\"left\"><\/th>\n<\/tr>\n<\/thead>\n<tbody>\n<tr>\n<td>R\u00e9f\u00e9rence<\/td>\n<td>Gaz<\/td>\n<td align=\"left\">Pression d&#8217;entr\u00e9e (bar)<\/td>\n<td align=\"left\">Pression de sortie (bar)<\/td>\n<td align=\"left\">D\u00e9bit<\/td>\n<\/tr>\n<tr>\n<td>71200510<\/td>\n<td>Ox-Ac<\/td>\n<td align=\"left\">200\/25<\/td>\n<td align=\"left\">15\/1,5<\/td>\n<td align=\"left\">120\/15 Nm3\/h.<\/td>\n<\/tr>\n<tr>\n<td>71200520<\/td>\n<td>Ox-Prop<\/td>\n<td align=\"left\">200\/25<\/td>\n<td align=\"left\">15\/4<\/td>\n<td align=\"left\">120\/25 Nm3\/h.<\/td>\n<\/tr>\n<tr>\n<td align=\"left\">71200530<\/td>\n<td align=\"left\">Gaz naturel<\/td>\n<td align=\"left\">200\/200<\/td>\n<td align=\"left\">15\/4<\/td>\n<td align=\"left\">120\/25 Nm3\/h.<\/td>\n<\/tr>\n<\/tbody>\n<\/table>\n<\/div>\n<\/div><\/div><div class=\"fusion-layout-column fusion_builder_column fusion-builder-column-1 fusion_builder_column_1_3 1_3 fusion-flex-column\" style=\"--awb-bg-size:cover;--awb-width-large:33.333333333333%;--awb-margin-top-large:0px;--awb-spacing-right-large:5.76%;--awb-margin-bottom-large:20px;--awb-spacing-left-large:5.76%;--awb-width-medium:100%;--awb-order-medium:0;--awb-spacing-right-medium:1.92%;--awb-spacing-left-medium:1.92%;--awb-width-small:100%;--awb-order-small:0;--awb-spacing-right-small:1.92%;--awb-spacing-left-small:1.92%;\"><div class=\"fusion-column-wrapper fusion-column-has-shadow fusion-flex-justify-content-flex-start fusion-content-layout-column\"><div class=\"fusion-image-element \" style=\"--awb-caption-title-font-family:var(--h2_typography-font-family);--awb-caption-title-font-weight:var(--h2_typography-font-weight);--awb-caption-title-font-style:var(--h2_typography-font-style);--awb-caption-title-size:var(--h2_typography-font-size);--awb-caption-title-transform:var(--h2_typography-text-transform);--awb-caption-title-line-height:var(--h2_typography-line-height);--awb-caption-title-letter-spacing:var(--h2_typography-letter-spacing);\"><span class=\" fusion-imageframe imageframe-none imageframe-1 hover-type-none fusion-animated\" data-animationType=\"fadeInLeft\" data-animationDuration=\"0.3\" data-animationOffset=\"top-into-view\"><a class=\"fusion-no-lightbox\" href=\"https:\/\/dev.galagar.com\/producto\/boquillas-de-altas-prestaciones\/\" target=\"_self\" aria-label=\"Boquillas-AltasPrest\"><img decoding=\"async\" width=\"640\" height=\"498\" src=\"https:\/\/dev.galagar.com\/wp-content\/uploads\/2022\/01\/Boquillas-AltasPrest.png\" data-orig-src=\"https:\/\/dev.galagar.com\/wp-content\/uploads\/2022\/01\/Boquillas-AltasPrest.png\" alt class=\"lazyload img-responsive wp-image-17861\" srcset=\"data:image\/svg+xml,%3Csvg%20xmlns%3D%27http%3A%2F%2Fwww.w3.org%2F2000%2Fsvg%27%20width%3D%27640%27%20height%3D%27498%27%20viewBox%3D%270%200%20640%20498%27%3E%3Crect%20width%3D%27640%27%20height%3D%27498%27%20fill-opacity%3D%220%22%2F%3E%3C%2Fsvg%3E\" data-srcset=\"https:\/\/dev.galagar.com\/wp-content\/uploads\/2022\/01\/Boquillas-AltasPrest-200x156.png 200w, https:\/\/dev.galagar.com\/wp-content\/uploads\/2022\/01\/Boquillas-AltasPrest-400x311.png 400w, https:\/\/dev.galagar.com\/wp-content\/uploads\/2022\/01\/Boquillas-AltasPrest-600x467.png 600w, https:\/\/dev.galagar.com\/wp-content\/uploads\/2022\/01\/Boquillas-AltasPrest.png 640w\" data-sizes=\"auto\" data-orig-sizes=\"(max-width: 1024px) 100vw, (max-width: 640px) 100vw, 400px\" \/><\/a><\/span><\/div><\/div><\/div><\/div><\/div>\n","protected":false},"excerpt":{"rendered":"<p>Installations con\u00e7ues pour l&#8217;alimentation continue en gaz des tables d&#8217;oxycoupage \u00e0 haut rendement.<br \/>\nIls assurent la s\u00e9curit\u00e9 ainsi que l&#8217;alimentation correcte en gaz du point de travail.<br \/>\nIl comprend des clapets anti-retour et des pare-flammes \u00e0 la sortie des r\u00e9gulateurs.<\/p>\n","protected":false},"featured_media":17849,"template":"","meta":{"_acf_changed":false},"product_brand":[],"product_cat":[937,1483],"product_tag":[],"class_list":{"0":"post-17816","1":"product","2":"type-product","3":"status-publish","4":"has-post-thumbnail","6":"product_cat-produits","7":"product_cat-panneaux-de-decompression","9":"first","10":"instock","11":"taxable","12":"shipping-taxable","13":"product-type-variable"},"acf":[],"yoast_head":"<!-- This site is optimized with the Yoast SEO plugin v24.8.1 - https:\/\/yoast.com\/wordpress\/plugins\/seo\/ -->\n<title>Panneau pour table d&#039;oxyfuel | GALA GAR - Productos de soldadura y reguladores de gas - Gas y soldadura<\/title>\n<meta name=\"robots\" content=\"noindex, follow, max-snippet:-1, max-image-preview:large, max-video-preview:-1\" \/>\n<meta property=\"og:locale\" content=\"fr_FR\" \/>\n<meta property=\"og:type\" content=\"article\" \/>\n<meta property=\"og:title\" content=\"Panneau pour table d&#039;oxyfuel | GALA GAR - Productos de soldadura y reguladores de gas - Gas y soldadura\" \/>\n<meta property=\"og:description\" content=\"Installations con\u00e7ues pour l&#039;alimentation continue en gaz des tables d&#039;oxycoupage \u00e0 haut rendement. Ils assurent la s\u00e9curit\u00e9 ainsi que l&#039;alimentation correcte en gaz du point de travail. Il comprend des clapets anti-retour et des pare-flammes \u00e0 la sortie des r\u00e9gulateurs.\" \/>\n<meta property=\"og:url\" content=\"https:\/\/dev.galagar.com\/fr\/produit\/panneau-pour-table-doxyfuel\/\" \/>\n<meta property=\"og:site_name\" content=\"GALA GAR - Productos de soldadura y reguladores de gas - Gas y soldadura\" \/>\n<meta property=\"article:modified_time\" content=\"2023-04-28T10:44:20+00:00\" \/>\n<meta property=\"og:image\" content=\"https:\/\/dev.galagar.com\/wp-content\/uploads\/2022\/01\/Panel-Oxicorte.jpg\" \/>\n\t<meta property=\"og:image:width\" content=\"640\" \/>\n\t<meta property=\"og:image:height\" content=\"800\" \/>\n\t<meta property=\"og:image:type\" content=\"image\/jpeg\" \/>\n<meta name=\"twitter:card\" content=\"summary_large_image\" \/>\n<meta name=\"twitter:label1\" content=\"Dur\u00e9e de lecture estim\u00e9e\" \/>\n\t<meta name=\"twitter:data1\" content=\"3 minutes\" \/>\n<script type=\"application\/ld+json\" class=\"yoast-schema-graph\">{\"@context\":\"https:\/\/schema.org\",\"@graph\":[{\"@type\":\"WebPage\",\"@id\":\"https:\/\/dev.galagar.com\/fr\/produit\/panneau-pour-table-doxyfuel\/\",\"url\":\"https:\/\/dev.galagar.com\/fr\/produit\/panneau-pour-table-doxyfuel\/\",\"name\":\"Panneau pour table d'oxyfuel | GALA GAR - Productos de soldadura y reguladores de gas - Gas y soldadura\",\"isPartOf\":{\"@id\":\"https:\/\/dev.galagar.com\/fr\/#website\"},\"primaryImageOfPage\":{\"@id\":\"https:\/\/dev.galagar.com\/fr\/produit\/panneau-pour-table-doxyfuel\/#primaryimage\"},\"image\":{\"@id\":\"https:\/\/dev.galagar.com\/fr\/produit\/panneau-pour-table-doxyfuel\/#primaryimage\"},\"thumbnailUrl\":\"https:\/\/dev.galagar.com\/wp-content\/uploads\/2022\/01\/Panel-Oxicorte.jpg\",\"datePublished\":\"2022-01-27T18:45:08+00:00\",\"dateModified\":\"2023-04-28T10:44:20+00:00\",\"breadcrumb\":{\"@id\":\"https:\/\/dev.galagar.com\/fr\/produit\/panneau-pour-table-doxyfuel\/#breadcrumb\"},\"inLanguage\":\"fr-FR\",\"potentialAction\":[{\"@type\":\"ReadAction\",\"target\":[\"https:\/\/dev.galagar.com\/fr\/produit\/panneau-pour-table-doxyfuel\/\"]}]},{\"@type\":\"ImageObject\",\"inLanguage\":\"fr-FR\",\"@id\":\"https:\/\/dev.galagar.com\/fr\/produit\/panneau-pour-table-doxyfuel\/#primaryimage\",\"url\":\"https:\/\/dev.galagar.com\/wp-content\/uploads\/2022\/01\/Panel-Oxicorte.jpg\",\"contentUrl\":\"https:\/\/dev.galagar.com\/wp-content\/uploads\/2022\/01\/Panel-Oxicorte.jpg\",\"width\":640,\"height\":800},{\"@type\":\"BreadcrumbList\",\"@id\":\"https:\/\/dev.galagar.com\/fr\/produit\/panneau-pour-table-doxyfuel\/#breadcrumb\",\"itemListElement\":[{\"@type\":\"ListItem\",\"position\":1,\"name\":\"Inicio\",\"item\":\"https:\/\/dev.galagar.com\/fr\/accueil\/\"},{\"@type\":\"ListItem\",\"position\":2,\"name\":\"Tienda\",\"item\":\"https:\/\/dev.galagar.com\/tienda\/\"},{\"@type\":\"ListItem\",\"position\":3,\"name\":\"Produits\",\"item\":\"https:\/\/dev.galagar.com\/fr\/categoria-producto\/produits\/\"},{\"@type\":\"ListItem\",\"position\":4,\"name\":\"Panneau pour table d&#8217;oxyfuel\"}]},{\"@type\":\"WebSite\",\"@id\":\"https:\/\/dev.galagar.com\/fr\/#website\",\"url\":\"https:\/\/dev.galagar.com\/fr\/\",\"name\":\"GALA GAR - Productos de soldadura y reguladores de gas - Gas y soldadura\",\"description\":\"Gala Gar es fabricante de tecnolog\u00eda competitiva para soldadura (MMA-TIG-MIG\/MAG-CORTE POR PLASMA), regulaci\u00f3n de gases, y para soldadura y corte por gas.\",\"publisher\":{\"@id\":\"https:\/\/dev.galagar.com\/fr\/#organization\"},\"potentialAction\":[{\"@type\":\"SearchAction\",\"target\":{\"@type\":\"EntryPoint\",\"urlTemplate\":\"https:\/\/dev.galagar.com\/fr\/?s={search_term_string}\"},\"query-input\":{\"@type\":\"PropertyValueSpecification\",\"valueRequired\":true,\"valueName\":\"search_term_string\"}}],\"inLanguage\":\"fr-FR\"},{\"@type\":\"Organization\",\"@id\":\"https:\/\/dev.galagar.com\/fr\/#organization\",\"name\":\"GALA GAR welding\",\"url\":\"https:\/\/dev.galagar.com\/fr\/\",\"logo\":{\"@type\":\"ImageObject\",\"inLanguage\":\"fr-FR\",\"@id\":\"https:\/\/dev.galagar.com\/fr\/#\/schema\/logo\/image\/\",\"url\":\"\",\"contentUrl\":\"\",\"caption\":\"GALA GAR welding\"},\"image\":{\"@id\":\"https:\/\/dev.galagar.com\/fr\/#\/schema\/logo\/image\/\"}}]}<\/script>\n<!-- \/ Yoast SEO plugin. -->","yoast_head_json":{"title":"Panneau pour table d'oxyfuel | GALA GAR - Productos de soldadura y reguladores de gas - Gas y soldadura","robots":{"index":"noindex","follow":"follow","max-snippet":"max-snippet:-1","max-image-preview":"max-image-preview:large","max-video-preview":"max-video-preview:-1"},"og_locale":"fr_FR","og_type":"article","og_title":"Panneau pour table d'oxyfuel | GALA GAR - Productos de soldadura y reguladores de gas - Gas y soldadura","og_description":"Installations con\u00e7ues pour l'alimentation continue en gaz des tables d'oxycoupage \u00e0 haut rendement. Ils assurent la s\u00e9curit\u00e9 ainsi que l'alimentation correcte en gaz du point de travail. Il comprend des clapets anti-retour et des pare-flammes \u00e0 la sortie des r\u00e9gulateurs.","og_url":"https:\/\/dev.galagar.com\/fr\/produit\/panneau-pour-table-doxyfuel\/","og_site_name":"GALA GAR - Productos de soldadura y reguladores de gas - Gas y soldadura","article_modified_time":"2023-04-28T10:44:20+00:00","og_image":[{"width":640,"height":800,"url":"https:\/\/dev.galagar.com\/wp-content\/uploads\/2022\/01\/Panel-Oxicorte.jpg","type":"image\/jpeg"}],"twitter_card":"summary_large_image","twitter_misc":{"Dur\u00e9e de lecture estim\u00e9e":"3 minutes"},"schema":{"@context":"https:\/\/schema.org","@graph":[{"@type":"WebPage","@id":"https:\/\/dev.galagar.com\/fr\/produit\/panneau-pour-table-doxyfuel\/","url":"https:\/\/dev.galagar.com\/fr\/produit\/panneau-pour-table-doxyfuel\/","name":"Panneau pour table d'oxyfuel | GALA GAR - Productos de soldadura y reguladores de gas - Gas y soldadura","isPartOf":{"@id":"https:\/\/dev.galagar.com\/fr\/#website"},"primaryImageOfPage":{"@id":"https:\/\/dev.galagar.com\/fr\/produit\/panneau-pour-table-doxyfuel\/#primaryimage"},"image":{"@id":"https:\/\/dev.galagar.com\/fr\/produit\/panneau-pour-table-doxyfuel\/#primaryimage"},"thumbnailUrl":"https:\/\/dev.galagar.com\/wp-content\/uploads\/2022\/01\/Panel-Oxicorte.jpg","datePublished":"2022-01-27T18:45:08+00:00","dateModified":"2023-04-28T10:44:20+00:00","breadcrumb":{"@id":"https:\/\/dev.galagar.com\/fr\/produit\/panneau-pour-table-doxyfuel\/#breadcrumb"},"inLanguage":"fr-FR","potentialAction":[{"@type":"ReadAction","target":["https:\/\/dev.galagar.com\/fr\/produit\/panneau-pour-table-doxyfuel\/"]}]},{"@type":"ImageObject","inLanguage":"fr-FR","@id":"https:\/\/dev.galagar.com\/fr\/produit\/panneau-pour-table-doxyfuel\/#primaryimage","url":"https:\/\/dev.galagar.com\/wp-content\/uploads\/2022\/01\/Panel-Oxicorte.jpg","contentUrl":"https:\/\/dev.galagar.com\/wp-content\/uploads\/2022\/01\/Panel-Oxicorte.jpg","width":640,"height":800},{"@type":"BreadcrumbList","@id":"https:\/\/dev.galagar.com\/fr\/produit\/panneau-pour-table-doxyfuel\/#breadcrumb","itemListElement":[{"@type":"ListItem","position":1,"name":"Inicio","item":"https:\/\/dev.galagar.com\/fr\/accueil\/"},{"@type":"ListItem","position":2,"name":"Tienda","item":"https:\/\/dev.galagar.com\/tienda\/"},{"@type":"ListItem","position":3,"name":"Produits","item":"https:\/\/dev.galagar.com\/fr\/categoria-producto\/produits\/"},{"@type":"ListItem","position":4,"name":"Panneau pour table d&#8217;oxyfuel"}]},{"@type":"WebSite","@id":"https:\/\/dev.galagar.com\/fr\/#website","url":"https:\/\/dev.galagar.com\/fr\/","name":"GALA GAR - Productos de soldadura y reguladores de gas - Gas y soldadura","description":"Gala Gar es fabricante de tecnolog\u00eda competitiva para soldadura (MMA-TIG-MIG\/MAG-CORTE POR PLASMA), regulaci\u00f3n de gases, y para soldadura y corte por gas.","publisher":{"@id":"https:\/\/dev.galagar.com\/fr\/#organization"},"potentialAction":[{"@type":"SearchAction","target":{"@type":"EntryPoint","urlTemplate":"https:\/\/dev.galagar.com\/fr\/?s={search_term_string}"},"query-input":{"@type":"PropertyValueSpecification","valueRequired":true,"valueName":"search_term_string"}}],"inLanguage":"fr-FR"},{"@type":"Organization","@id":"https:\/\/dev.galagar.com\/fr\/#organization","name":"GALA GAR welding","url":"https:\/\/dev.galagar.com\/fr\/","logo":{"@type":"ImageObject","inLanguage":"fr-FR","@id":"https:\/\/dev.galagar.com\/fr\/#\/schema\/logo\/image\/","url":"","contentUrl":"","caption":"GALA GAR welding"},"image":{"@id":"https:\/\/dev.galagar.com\/fr\/#\/schema\/logo\/image\/"}}]}},"_links":{"self":[{"href":"https:\/\/dev.galagar.com\/fr\/wp-json\/wp\/v2\/product\/17816","targetHints":{"allow":["GET"]}}],"collection":[{"href":"https:\/\/dev.galagar.com\/fr\/wp-json\/wp\/v2\/product"}],"about":[{"href":"https:\/\/dev.galagar.com\/fr\/wp-json\/wp\/v2\/types\/product"}],"wp:featuredmedia":[{"embeddable":true,"href":"https:\/\/dev.galagar.com\/fr\/wp-json\/wp\/v2\/media\/17849"}],"wp:attachment":[{"href":"https:\/\/dev.galagar.com\/fr\/wp-json\/wp\/v2\/media?parent=17816"}],"wp:term":[{"taxonomy":"product_brand","embeddable":true,"href":"https:\/\/dev.galagar.com\/fr\/wp-json\/wp\/v2\/product_brand?post=17816"},{"taxonomy":"product_cat","embeddable":true,"href":"https:\/\/dev.galagar.com\/fr\/wp-json\/wp\/v2\/product_cat?post=17816"},{"taxonomy":"product_tag","embeddable":true,"href":"https:\/\/dev.galagar.com\/fr\/wp-json\/wp\/v2\/product_tag?post=17816"}],"curies":[{"name":"wp","href":"https:\/\/api.w.org\/{rel}","templated":true}]}}