{"id":17641,"date":"2022-01-27T19:43:56","date_gmt":"2022-01-27T18:43:56","guid":{"rendered":"https:\/\/dev.galagar.com\/producto\/smart-pro-5-0-pfc\/"},"modified":"2023-06-19T17:12:31","modified_gmt":"2023-06-19T15:12:31","slug":"smart-pro-5-0-pfc","status":"publish","type":"product","link":"https:\/\/dev.galagar.com\/fr\/produit\/smart-pro-5-0-pfc\/","title":{"rendered":"Smart PRO 5.0 PFC"},"content":{"rendered":"<div class=\"fusion-fullwidth fullwidth-box fusion-builder-row-1 fusion-flex-container nonhundred-percent-fullwidth non-hundred-percent-height-scrolling\" style=\"--awb-border-radius-top-left:0px;--awb-border-radius-top-right:0px;--awb-border-radius-bottom-right:0px;--awb-border-radius-bottom-left:0px;--awb-padding-right:0px;--awb-padding-left:0px;--awb-flex-wrap:wrap;\" ><div class=\"fusion-builder-row fusion-row fusion-flex-align-items-flex-start fusion-flex-content-wrap\" style=\"max-width:1216.8px;margin-left: calc(-4% \/ 2 );margin-right: calc(-4% \/ 2 );\"><div class=\"fusion-layout-column fusion_builder_column fusion-builder-column-0 fusion_builder_column_3_5 3_5 fusion-flex-column\" style=\"--awb-bg-size:cover;--awb-width-large:60%;--awb-margin-top-large:0px;--awb-spacing-right-large:3.2%;--awb-margin-bottom-large:20px;--awb-spacing-left-large:3.2%;--awb-width-medium:100%;--awb-order-medium:0;--awb-spacing-right-medium:1.92%;--awb-spacing-left-medium:1.92%;--awb-width-small:100%;--awb-order-small:0;--awb-spacing-right-small:1.92%;--awb-spacing-left-small:1.92%;\"><div class=\"fusion-column-wrapper fusion-column-has-shadow fusion-flex-justify-content-flex-start fusion-content-layout-column\">\n<div class=\"table-2 gal-textos-menores\">\n<table width=\"100%\">\n<thead>\n<tr>\n<th align=\"left\">Caract\u00e9ristiques<\/th>\n<th align=\"left\"><\/th>\n<\/tr>\n<\/thead>\n<tbody>\n<tr>\n<td>Tension d&#8217;alimentation<\/td>\n<td>1 Ph \/ 3 Ph 208\u00f7440V \u00b1 10 % &#8211; 50\/60 Hz.<\/td>\n<\/tr>\n<tr>\n<td>Marge r\u00e9glementaire<\/td>\n<td>1 Ph = 5 A \u00f7 200 A<br \/>\n3 Ph = 5 A \u00f7 315 A<\/td>\n<\/tr>\n<tr>\n<td>Facteur de marche MMA 40\u00baC<\/td>\n<td>1 Ph 200 A \/ 25<br \/>\n3 Ph 315 A \/ 40<\/td>\n<\/tr>\n<tr>\n<td>Facteur de service TIG 40\u00baC<\/td>\n<td>1 Ph 250 A \/ 25<br \/>\n3 Ph 315 A \/ 40<\/td>\n<\/tr>\n<tr>\n<td>Puissance maximale absorb\u00e9e<\/td>\n<td>15,9 Kva<\/td>\n<\/tr>\n<tr>\n<td>Tension \u00e0 vide<\/td>\n<td>90 V.<\/td>\n<\/tr>\n<tr>\n<td>Dimensions (largeur x hauteur x longueur)<\/td>\n<td>235 x 435 x 535 mm.<\/td>\n<\/tr>\n<tr>\n<td>Poids<\/td>\n<td>22 Kg.<\/td>\n<\/tr>\n<\/tbody>\n<\/table>\n<\/div>\n<\/div><\/div><div class=\"fusion-layout-column fusion_builder_column fusion-builder-column-1 fusion_builder_column_2_5 2_5 fusion-flex-column\" style=\"--awb-bg-size:cover;--awb-width-large:40%;--awb-margin-top-large:0px;--awb-spacing-right-large:4.8%;--awb-margin-bottom-large:20px;--awb-spacing-left-large:4.8%;--awb-width-medium:100%;--awb-order-medium:0;--awb-spacing-right-medium:1.92%;--awb-spacing-left-medium:1.92%;--awb-width-small:100%;--awb-order-small:0;--awb-spacing-right-small:1.92%;--awb-spacing-left-small:1.92%;\"><div class=\"fusion-column-wrapper fusion-column-has-shadow fusion-flex-justify-content-flex-start fusion-content-layout-column\">\n<div class=\"table-2 gal-textos-menores\">\n<table width=\"100%\">\n<thead>\n<tr>\n<th align=\"left\">Option recommand\u00e9e TIG<\/th>\n<th align=\"left\">R\u00e9f\u00e9rence<\/th>\n<\/tr>\n<\/thead>\n<tbody>\n<tr>\n<td>R\u00e9gulateur Argon Co2<\/td>\n<td>36500001<\/td>\n<\/tr>\n<tr>\n<td>SR26V Torche TIG &#8211; 4 m.<\/td>\n<td>19052604P<\/td>\n<\/tr>\n<tr>\n<td>\u00c9lectrodes en tungst\u00e8ne noir \u00d8 2,4<\/td>\n<td>750244C<\/td>\n<\/tr>\n<\/tbody>\n<\/table>\n<\/div>\n<\/div><\/div><\/div><\/div>\n","protected":false},"excerpt":{"rendered":"<p><strong>Description :<\/strong><br \/>\nEquipement portable \u00e0 technologie inverter pour le soudage DC \u00e0 l&#8217;\u00e9lectrode en b\u00e2ton (MMA) et le proc\u00e9d\u00e9 TIG avec allumage de l&#8217;arc Lift.<\/p>\n<p><strong>Principaux avantages :<br \/>\n<\/strong>&#8211; Syst\u00e8me PFC \u00e0 haut rendement \u00e9nerg\u00e9tique.<br \/>\n&#8211; Adaptation automatique multi-tension ; triphas\u00e9\/monophas\u00e9<br \/>\n&#8211; Soudage \u00e0 l&#8217;\u00e9lectrode cellulosique<br \/>\n&#8211; Force de l&#8217;arc et contr\u00f4le de l&#8217;allumage r\u00e9glables<br \/>\n&#8211; Mode VRD : tension de vide de s\u00e9curit\u00e9<br \/>\n&#8211; Amp\u00e8rem\u00e8tre num\u00e9rique standard<br \/>\n&#8211; Convient pour le raccordement \u00e0 un groupe \u00e9lectrog\u00e8ne<br \/>\n&#8211; Prise en charge de grandes longueurs de c\u00e2ble d&#8217;alimentation<\/p>\n<p><strong>Proc\u00e9d\u00e9s : <\/strong>MMA &#8211; MMA CEL &#8211; TIG DC Lift<br \/>\n<strong>\u00c9lectrodes : <\/strong>Rutile &#8211; Basic &#8211; Inox &#8211; Sp\u00e9cial<\/p>\n<p><strong>Applications :<br \/>\n<\/strong>Menuiserie m\u00e9tallique et chaudronnerie &#8211; Chantiers navals &#8211; Maintenance &#8211; Artisanat &#8211; Ateliers de carrosserie &#8211; Ateliers de m\u00e9canique &#8211; Ateliers de carrosserie &#8211; Ateliers de t\u00f4lerie &#8211; Construction &#8211; \u00c9lectriciens &#8211; R\u00e9paration<\/p>\n<p><strong><br \/>\n  <span style=\"color: #ff0000;\">Qu&#8217;est-ce que le PFC ? 3 avantages :<\/span><\/p>\n<p><\/strong><em>&#8211; R\u00e9duction de la consommation, jusqu&#8217;\u00e0 30 % d&#8217;\u00e9conomies.<\/em><br \/>\n<em>&#8211; Utilisation dans les r\u00e9seaux domestiques.<\/em><br \/>\n<em>&#8211; Utilisation de l&#8217;\u00e9quipement avec des perches d&#8217;extension jusqu&#8217;\u00e0 50 m. sans chute de tension.<\/em><\/p>\n","protected":false},"featured_media":17661,"template":"","meta":{"_acf_changed":false},"product_brand":[],"product_cat":[937,1329],"product_tag":[],"class_list":{"0":"post-17641","1":"product","2":"type-product","3":"status-publish","4":"has-post-thumbnail","6":"product_cat-produits","7":"product_cat-electrode-mma","9":"first","10":"instock","11":"taxable","12":"shipping-taxable","13":"purchasable","14":"product-type-simple"},"acf":[],"yoast_head":"<!-- This site is optimized with the Yoast SEO plugin v24.8.1 - https:\/\/yoast.com\/wordpress\/plugins\/seo\/ -->\n<title>Smart PRO 5.0 PFC | GALA GAR - Productos de soldadura y reguladores de gas - Gas y soldadura<\/title>\n<meta name=\"robots\" content=\"noindex, follow, max-snippet:-1, max-image-preview:large, max-video-preview:-1\" \/>\n<meta property=\"og:locale\" content=\"fr_FR\" \/>\n<meta property=\"og:type\" content=\"article\" \/>\n<meta property=\"og:title\" content=\"Smart PRO 5.0 PFC | GALA GAR - Productos de soldadura y reguladores de gas - Gas y soldadura\" \/>\n<meta property=\"og:description\" content=\"Description : Equipement portable \u00e0 technologie inverter pour le soudage DC \u00e0 l&#039;\u00e9lectrode en b\u00e2ton (MMA) et le proc\u00e9d\u00e9 TIG avec allumage de l&#039;arc Lift. Principaux avantages : - Syst\u00e8me PFC \u00e0 haut rendement \u00e9nerg\u00e9tique. - Adaptation automatique multi-tension ; triphas\u00e9\/monophas\u00e9 - Soudage \u00e0 l&#039;\u00e9lectrode cellulosique - Force de l&#039;arc et contr\u00f4le de l&#039;allumage r\u00e9glables - Mode VRD : tension de vide de s\u00e9curit\u00e9 - Amp\u00e8rem\u00e8tre num\u00e9rique standard - Convient pour le raccordement \u00e0 un groupe \u00e9lectrog\u00e8ne - Prise en charge de grandes longueurs de c\u00e2ble d&#039;alimentation Proc\u00e9d\u00e9s : MMA - MMA CEL - TIG DC Lift \u00c9lectrodes : Rutile - Basic - Inox - Sp\u00e9cial Applications : Menuiserie m\u00e9tallique et chaudronnerie - Chantiers navals - Maintenance - Artisanat - Ateliers de carrosserie - Ateliers de m\u00e9canique - Ateliers de carrosserie - Ateliers de t\u00f4lerie - Construction - \u00c9lectriciens - R\u00e9paration   Qu&#039;est-ce que le PFC ? 3 avantages :   - R\u00e9duction de la consommation, jusqu&#039;\u00e0 30 % d&#039;\u00e9conomies. - Utilisation dans les r\u00e9seaux domestiques. - Utilisation de l&#039;\u00e9quipement avec des perches d&#039;extension jusqu&#039;\u00e0 50 m. sans chute de tension.\" \/>\n<meta property=\"og:url\" content=\"https:\/\/dev.galagar.com\/fr\/produit\/smart-pro-5-0-pfc\/\" \/>\n<meta property=\"og:site_name\" content=\"GALA GAR - Productos de soldadura y reguladores de gas - Gas y soldadura\" \/>\n<meta property=\"article:modified_time\" content=\"2023-06-19T15:12:31+00:00\" \/>\n<meta property=\"og:image\" content=\"https:\/\/dev.galagar.com\/wp-content\/uploads\/2022\/01\/SmartPRO5.jpg\" \/>\n\t<meta property=\"og:image:width\" content=\"640\" \/>\n\t<meta property=\"og:image:height\" content=\"800\" \/>\n\t<meta property=\"og:image:type\" content=\"image\/jpeg\" \/>\n<meta name=\"twitter:card\" content=\"summary_large_image\" \/>\n<meta name=\"twitter:label1\" content=\"Dur\u00e9e de lecture estim\u00e9e\" \/>\n\t<meta name=\"twitter:data1\" content=\"2 minutes\" \/>\n<script type=\"application\/ld+json\" class=\"yoast-schema-graph\">{\"@context\":\"https:\/\/schema.org\",\"@graph\":[{\"@type\":\"WebPage\",\"@id\":\"https:\/\/dev.galagar.com\/fr\/produit\/smart-pro-5-0-pfc\/\",\"url\":\"https:\/\/dev.galagar.com\/fr\/produit\/smart-pro-5-0-pfc\/\",\"name\":\"Smart PRO 5.0 PFC | GALA GAR - Productos de soldadura y reguladores de gas - Gas y soldadura\",\"isPartOf\":{\"@id\":\"https:\/\/dev.galagar.com\/fr\/#website\"},\"primaryImageOfPage\":{\"@id\":\"https:\/\/dev.galagar.com\/fr\/produit\/smart-pro-5-0-pfc\/#primaryimage\"},\"image\":{\"@id\":\"https:\/\/dev.galagar.com\/fr\/produit\/smart-pro-5-0-pfc\/#primaryimage\"},\"thumbnailUrl\":\"https:\/\/dev.galagar.com\/wp-content\/uploads\/2022\/01\/SmartPRO5.jpg\",\"datePublished\":\"2022-01-27T18:43:56+00:00\",\"dateModified\":\"2023-06-19T15:12:31+00:00\",\"breadcrumb\":{\"@id\":\"https:\/\/dev.galagar.com\/fr\/produit\/smart-pro-5-0-pfc\/#breadcrumb\"},\"inLanguage\":\"fr-FR\",\"potentialAction\":[{\"@type\":\"ReadAction\",\"target\":[\"https:\/\/dev.galagar.com\/fr\/produit\/smart-pro-5-0-pfc\/\"]}]},{\"@type\":\"ImageObject\",\"inLanguage\":\"fr-FR\",\"@id\":\"https:\/\/dev.galagar.com\/fr\/produit\/smart-pro-5-0-pfc\/#primaryimage\",\"url\":\"https:\/\/dev.galagar.com\/wp-content\/uploads\/2022\/01\/SmartPRO5.jpg\",\"contentUrl\":\"https:\/\/dev.galagar.com\/wp-content\/uploads\/2022\/01\/SmartPRO5.jpg\",\"width\":640,\"height\":800},{\"@type\":\"BreadcrumbList\",\"@id\":\"https:\/\/dev.galagar.com\/fr\/produit\/smart-pro-5-0-pfc\/#breadcrumb\",\"itemListElement\":[{\"@type\":\"ListItem\",\"position\":1,\"name\":\"Inicio\",\"item\":\"https:\/\/dev.galagar.com\/fr\/accueil\/\"},{\"@type\":\"ListItem\",\"position\":2,\"name\":\"Tienda\",\"item\":\"https:\/\/dev.galagar.com\/tienda\/\"},{\"@type\":\"ListItem\",\"position\":3,\"name\":\"Produits\",\"item\":\"https:\/\/dev.galagar.com\/fr\/categoria-producto\/produits\/\"},{\"@type\":\"ListItem\",\"position\":4,\"name\":\"Postes \u00e0 souder\",\"item\":\"https:\/\/dev.galagar.com\/fr\/categoria-producto\/produits\/postes-a-souder\/\"},{\"@type\":\"ListItem\",\"position\":5,\"name\":\"MMA\",\"item\":\"https:\/\/dev.galagar.com\/fr\/categoria-producto\/produits\/postes-a-souder\/electrode-mma\/\"},{\"@type\":\"ListItem\",\"position\":6,\"name\":\"Smart PRO 5.0 PFC\"}]},{\"@type\":\"WebSite\",\"@id\":\"https:\/\/dev.galagar.com\/fr\/#website\",\"url\":\"https:\/\/dev.galagar.com\/fr\/\",\"name\":\"GALA GAR - Productos de soldadura y reguladores de gas - Gas y soldadura\",\"description\":\"Gala Gar es fabricante de tecnolog\u00eda competitiva para soldadura (MMA-TIG-MIG\/MAG-CORTE POR PLASMA), regulaci\u00f3n de gases, y para soldadura y corte por gas.\",\"publisher\":{\"@id\":\"https:\/\/dev.galagar.com\/fr\/#organization\"},\"potentialAction\":[{\"@type\":\"SearchAction\",\"target\":{\"@type\":\"EntryPoint\",\"urlTemplate\":\"https:\/\/dev.galagar.com\/fr\/?s={search_term_string}\"},\"query-input\":{\"@type\":\"PropertyValueSpecification\",\"valueRequired\":true,\"valueName\":\"search_term_string\"}}],\"inLanguage\":\"fr-FR\"},{\"@type\":\"Organization\",\"@id\":\"https:\/\/dev.galagar.com\/fr\/#organization\",\"name\":\"GALA GAR welding\",\"url\":\"https:\/\/dev.galagar.com\/fr\/\",\"logo\":{\"@type\":\"ImageObject\",\"inLanguage\":\"fr-FR\",\"@id\":\"https:\/\/dev.galagar.com\/fr\/#\/schema\/logo\/image\/\",\"url\":\"\",\"contentUrl\":\"\",\"caption\":\"GALA GAR welding\"},\"image\":{\"@id\":\"https:\/\/dev.galagar.com\/fr\/#\/schema\/logo\/image\/\"}}]}<\/script>\n<!-- \/ Yoast SEO plugin. -->","yoast_head_json":{"title":"Smart PRO 5.0 PFC | GALA GAR - Productos de soldadura y reguladores de gas - Gas y soldadura","robots":{"index":"noindex","follow":"follow","max-snippet":"max-snippet:-1","max-image-preview":"max-image-preview:large","max-video-preview":"max-video-preview:-1"},"og_locale":"fr_FR","og_type":"article","og_title":"Smart PRO 5.0 PFC | GALA GAR - Productos de soldadura y reguladores de gas - Gas y soldadura","og_description":"Description : Equipement portable \u00e0 technologie inverter pour le soudage DC \u00e0 l'\u00e9lectrode en b\u00e2ton (MMA) et le proc\u00e9d\u00e9 TIG avec allumage de l'arc Lift. Principaux avantages : - Syst\u00e8me PFC \u00e0 haut rendement \u00e9nerg\u00e9tique. - Adaptation automatique multi-tension ; triphas\u00e9\/monophas\u00e9 - Soudage \u00e0 l'\u00e9lectrode cellulosique - Force de l'arc et contr\u00f4le de l'allumage r\u00e9glables - Mode VRD : tension de vide de s\u00e9curit\u00e9 - Amp\u00e8rem\u00e8tre num\u00e9rique standard - Convient pour le raccordement \u00e0 un groupe \u00e9lectrog\u00e8ne - Prise en charge de grandes longueurs de c\u00e2ble d'alimentation Proc\u00e9d\u00e9s : MMA - MMA CEL - TIG DC Lift \u00c9lectrodes : Rutile - Basic - Inox - Sp\u00e9cial Applications : Menuiserie m\u00e9tallique et chaudronnerie - Chantiers navals - Maintenance - Artisanat - Ateliers de carrosserie - Ateliers de m\u00e9canique - Ateliers de carrosserie - Ateliers de t\u00f4lerie - Construction - \u00c9lectriciens - R\u00e9paration   Qu'est-ce que le PFC ? 3 avantages :   - R\u00e9duction de la consommation, jusqu'\u00e0 30 % d'\u00e9conomies. - Utilisation dans les r\u00e9seaux domestiques. - Utilisation de l'\u00e9quipement avec des perches d'extension jusqu'\u00e0 50 m. sans chute de tension.","og_url":"https:\/\/dev.galagar.com\/fr\/produit\/smart-pro-5-0-pfc\/","og_site_name":"GALA GAR - Productos de soldadura y reguladores de gas - Gas y soldadura","article_modified_time":"2023-06-19T15:12:31+00:00","og_image":[{"width":640,"height":800,"url":"https:\/\/dev.galagar.com\/wp-content\/uploads\/2022\/01\/SmartPRO5.jpg","type":"image\/jpeg"}],"twitter_card":"summary_large_image","twitter_misc":{"Dur\u00e9e de lecture estim\u00e9e":"2 minutes"},"schema":{"@context":"https:\/\/schema.org","@graph":[{"@type":"WebPage","@id":"https:\/\/dev.galagar.com\/fr\/produit\/smart-pro-5-0-pfc\/","url":"https:\/\/dev.galagar.com\/fr\/produit\/smart-pro-5-0-pfc\/","name":"Smart PRO 5.0 PFC | GALA GAR - Productos de soldadura y reguladores de gas - Gas y soldadura","isPartOf":{"@id":"https:\/\/dev.galagar.com\/fr\/#website"},"primaryImageOfPage":{"@id":"https:\/\/dev.galagar.com\/fr\/produit\/smart-pro-5-0-pfc\/#primaryimage"},"image":{"@id":"https:\/\/dev.galagar.com\/fr\/produit\/smart-pro-5-0-pfc\/#primaryimage"},"thumbnailUrl":"https:\/\/dev.galagar.com\/wp-content\/uploads\/2022\/01\/SmartPRO5.jpg","datePublished":"2022-01-27T18:43:56+00:00","dateModified":"2023-06-19T15:12:31+00:00","breadcrumb":{"@id":"https:\/\/dev.galagar.com\/fr\/produit\/smart-pro-5-0-pfc\/#breadcrumb"},"inLanguage":"fr-FR","potentialAction":[{"@type":"ReadAction","target":["https:\/\/dev.galagar.com\/fr\/produit\/smart-pro-5-0-pfc\/"]}]},{"@type":"ImageObject","inLanguage":"fr-FR","@id":"https:\/\/dev.galagar.com\/fr\/produit\/smart-pro-5-0-pfc\/#primaryimage","url":"https:\/\/dev.galagar.com\/wp-content\/uploads\/2022\/01\/SmartPRO5.jpg","contentUrl":"https:\/\/dev.galagar.com\/wp-content\/uploads\/2022\/01\/SmartPRO5.jpg","width":640,"height":800},{"@type":"BreadcrumbList","@id":"https:\/\/dev.galagar.com\/fr\/produit\/smart-pro-5-0-pfc\/#breadcrumb","itemListElement":[{"@type":"ListItem","position":1,"name":"Inicio","item":"https:\/\/dev.galagar.com\/fr\/accueil\/"},{"@type":"ListItem","position":2,"name":"Tienda","item":"https:\/\/dev.galagar.com\/tienda\/"},{"@type":"ListItem","position":3,"name":"Produits","item":"https:\/\/dev.galagar.com\/fr\/categoria-producto\/produits\/"},{"@type":"ListItem","position":4,"name":"Postes \u00e0 souder","item":"https:\/\/dev.galagar.com\/fr\/categoria-producto\/produits\/postes-a-souder\/"},{"@type":"ListItem","position":5,"name":"MMA","item":"https:\/\/dev.galagar.com\/fr\/categoria-producto\/produits\/postes-a-souder\/electrode-mma\/"},{"@type":"ListItem","position":6,"name":"Smart PRO 5.0 PFC"}]},{"@type":"WebSite","@id":"https:\/\/dev.galagar.com\/fr\/#website","url":"https:\/\/dev.galagar.com\/fr\/","name":"GALA GAR - Productos de soldadura y reguladores de gas - Gas y soldadura","description":"Gala Gar es fabricante de tecnolog\u00eda competitiva para soldadura (MMA-TIG-MIG\/MAG-CORTE POR PLASMA), regulaci\u00f3n de gases, y para soldadura y corte por gas.","publisher":{"@id":"https:\/\/dev.galagar.com\/fr\/#organization"},"potentialAction":[{"@type":"SearchAction","target":{"@type":"EntryPoint","urlTemplate":"https:\/\/dev.galagar.com\/fr\/?s={search_term_string}"},"query-input":{"@type":"PropertyValueSpecification","valueRequired":true,"valueName":"search_term_string"}}],"inLanguage":"fr-FR"},{"@type":"Organization","@id":"https:\/\/dev.galagar.com\/fr\/#organization","name":"GALA GAR welding","url":"https:\/\/dev.galagar.com\/fr\/","logo":{"@type":"ImageObject","inLanguage":"fr-FR","@id":"https:\/\/dev.galagar.com\/fr\/#\/schema\/logo\/image\/","url":"","contentUrl":"","caption":"GALA GAR welding"},"image":{"@id":"https:\/\/dev.galagar.com\/fr\/#\/schema\/logo\/image\/"}}]}},"_links":{"self":[{"href":"https:\/\/dev.galagar.com\/fr\/wp-json\/wp\/v2\/product\/17641","targetHints":{"allow":["GET"]}}],"collection":[{"href":"https:\/\/dev.galagar.com\/fr\/wp-json\/wp\/v2\/product"}],"about":[{"href":"https:\/\/dev.galagar.com\/fr\/wp-json\/wp\/v2\/types\/product"}],"wp:featuredmedia":[{"embeddable":true,"href":"https:\/\/dev.galagar.com\/fr\/wp-json\/wp\/v2\/media\/17661"}],"wp:attachment":[{"href":"https:\/\/dev.galagar.com\/fr\/wp-json\/wp\/v2\/media?parent=17641"}],"wp:term":[{"taxonomy":"product_brand","embeddable":true,"href":"https:\/\/dev.galagar.com\/fr\/wp-json\/wp\/v2\/product_brand?post=17641"},{"taxonomy":"product_cat","embeddable":true,"href":"https:\/\/dev.galagar.com\/fr\/wp-json\/wp\/v2\/product_cat?post=17641"},{"taxonomy":"product_tag","embeddable":true,"href":"https:\/\/dev.galagar.com\/fr\/wp-json\/wp\/v2\/product_tag?post=17641"}],"curies":[{"name":"wp","href":"https:\/\/api.w.org\/{rel}","templated":true}]}}