{"id":17239,"date":"2022-01-27T19:46:30","date_gmt":"2022-01-27T18:46:30","guid":{"rendered":"https:\/\/dev.galagar.com\/producto\/smart-cut-45-pfc\/"},"modified":"2023-05-31T11:34:56","modified_gmt":"2023-05-31T09:34:56","slug":"smart-cut-45-pfc","status":"publish","type":"product","link":"https:\/\/dev.galagar.com\/fr\/produit\/smart-cut-45-pfc\/","title":{"rendered":"Smart CUT 45 PFC"},"content":{"rendered":"<div class=\"fusion-fullwidth fullwidth-box fusion-builder-row-1 fusion-flex-container nonhundred-percent-fullwidth non-hundred-percent-height-scrolling\" style=\"--awb-border-radius-top-left:0px;--awb-border-radius-top-right:0px;--awb-border-radius-bottom-right:0px;--awb-border-radius-bottom-left:0px;--awb-padding-right:0px;--awb-padding-left:0px;--awb-flex-wrap:wrap;\" ><div class=\"fusion-builder-row fusion-row fusion-flex-align-items-flex-start fusion-flex-content-wrap\" style=\"max-width:1216.8px;margin-left: calc(-4% \/ 2 );margin-right: calc(-4% \/ 2 );\"><div class=\"fusion-layout-column fusion_builder_column fusion-builder-column-0 fusion_builder_column_3_5 3_5 fusion-flex-column\" style=\"--awb-bg-size:cover;--awb-width-large:60%;--awb-margin-top-large:0px;--awb-spacing-right-large:3.2%;--awb-margin-bottom-large:20px;--awb-spacing-left-large:3.2%;--awb-width-medium:100%;--awb-order-medium:0;--awb-spacing-right-medium:1.92%;--awb-spacing-left-medium:1.92%;--awb-width-small:100%;--awb-order-small:0;--awb-spacing-right-small:1.92%;--awb-spacing-left-small:1.92%;\"><div class=\"fusion-column-wrapper fusion-column-has-shadow fusion-flex-justify-content-flex-start fusion-content-layout-column\">\n<div class=\"table-2 gal-textos-menores\">\n<table width=\"100%\">\n<thead>\n<tr>\n<th align=\"left\">Caract\u00e9ristiques<\/th>\n<th align=\"left\"><\/th>\n<\/tr>\n<\/thead>\n<tbody>\n<tr>\n<td>Tension d&#8217;alimentation<\/td>\n<td>1 Ph 230V \u00b1 10 % &#8211; 50\/60 Hz.<\/td>\n<\/tr>\n<tr>\n<td>Marge r\u00e9glementaire<\/td>\n<td>20 A \u00f7 45 A<\/td>\n<\/tr>\n<tr>\n<td>Facteur de marche MIG\/MAG 40\u00baC<\/td>\n<td>45 A \/ 35 %<\/td>\n<\/tr>\n<tr>\n<td>Puissance maximale absorb\u00e9e<\/td>\n<td>5,3 Kva<\/td>\n<\/tr>\n<tr>\n<td>\u00c9paisseur de coupe maximale<\/td>\n<td>15 mm<\/td>\n<\/tr>\n<tr>\n<td>D\u00e9bit d&#8217;air minimum requis<\/td>\n<td>170 L\/min<\/td>\n<\/tr>\n<tr>\n<td>Compresseur recommand\u00e9<\/td>\n<td>4,5 &#8211; 5,5 bars<\/td>\n<\/tr>\n<tr>\n<td>Dimensions (largeur x hauteur x longueur)<\/td>\n<td>165 x 439 x 328 mm.<\/td>\n<\/tr>\n<tr>\n<td>Poids<\/td>\n<td>10 Kg.<\/td>\n<\/tr>\n<\/tbody>\n<\/table>\n<\/div>\n<\/div><\/div><div class=\"fusion-layout-column fusion_builder_column fusion-builder-column-1 fusion_builder_column_2_5 2_5 fusion-flex-column\" style=\"--awb-bg-size:cover;--awb-width-large:40%;--awb-margin-top-large:0px;--awb-spacing-right-large:4.8%;--awb-margin-bottom-large:20px;--awb-spacing-left-large:4.8%;--awb-width-medium:100%;--awb-order-medium:0;--awb-spacing-right-medium:1.92%;--awb-spacing-left-medium:1.92%;--awb-width-small:100%;--awb-order-small:0;--awb-spacing-right-small:1.92%;--awb-spacing-left-small:1.92%;\"><div class=\"fusion-column-wrapper fusion-column-has-shadow fusion-flex-justify-content-flex-start fusion-content-layout-column\">\n<div class=\"table-2 gal-textos-menores\">\n<table width=\"100%\">\n<thead>\n<tr>\n<th align=\"left\">Epaisseurs de coupe<\/th>\n<th align=\"left\"><\/th>\n<th align=\"left\"><\/th>\n<\/tr>\n<\/thead>\n<tbody>\n<tr>\n<td>Type de coupe<\/td>\n<td>Acier<\/td>\n<td align=\"left\">Aluminium<\/td>\n<\/tr>\n<tr>\n<td>S\u00e9paration<\/td>\n<td>15 mm.<\/td>\n<td align=\"left\">10 mm.<\/td>\n<\/tr>\n<tr>\n<td>Qualit\u00e9<\/td>\n<td>12 mm.<\/td>\n<td align=\"left\">8 mm.<\/td>\n<\/tr>\n<tr>\n<td>Technicien<\/td>\n<td>8 mm.<\/td>\n<td align=\"left\">5 mm.<\/td>\n<\/tr>\n<\/tbody>\n<\/table>\n<\/div>\n<\/div><\/div><\/div><\/div>\n","protected":false},"excerpt":{"rendered":"<p><strong>Proc\u00e9d\u00e9s :<\/strong> d\u00e9coupe au plasma SANS HF<\/p>\n<p><strong>Mat\u00e9riaux :<\/strong><br \/>\nAcier au carbone &#8211; Galvanis\u00e9 &#8211; Acier inoxydable &#8211; Aluminium &#8211; Fonte &#8211; Cuivre<\/p>\n<p><strong>Applications :<\/strong><br \/>\nMenuiserie l\u00e9g\u00e8re &#8211; Entretien &#8211; R\u00e9parations<\/p>\n<p><strong>Il comprend<\/strong><br \/>\n<span style=\"color: #0000ff;\"><br \/>\n  <a style=\"color: #0000ff;\" href=\"https:\/\/dev.galagar.com\/producto\/antorcha-de-plasma-pt-40\/\" target=\"_blank\" rel=\"noopener\">Torche PT-40<\/a><br \/>\n<\/span> 6 m.- R\u00e9f. 1609635G<br \/>\nConduite de gaz<br \/>\nC\u00e2ble mis \u00e0 la terre<\/p>\n<p><span style=\"color: #ff0000;\"><br \/>\n  <strong>Les 3 avantages du PFC :<br \/>\n<\/strong><br \/>\n<\/span><em>R\u00e9duction de la consommation, jusqu&#8217;\u00e0 30 % d&#8217;\u00e9conomies<br \/>\n<\/em><em>Utilisation dans les r\u00e9seaux domestiques<br \/>\n<\/em><em>Utilisation de l&#8217;\u00e9quipement avec des perches d&#8217;extension jusqu&#8217;\u00e0 50 m. sans chute de tension.<\/em><\/p>\n","protected":false},"featured_media":17208,"template":"","meta":{"_acf_changed":false},"product_brand":[],"product_cat":[1251,1357,937],"product_tag":[],"class_list":{"0":"post-17239","1":"product","2":"type-product","3":"status-publish","4":"has-post-thumbnail","6":"product_cat-postes-a-souder","7":"product_cat-decoupe-au-plasma","8":"product_cat-produits","10":"first","11":"instock","12":"taxable","13":"shipping-taxable","14":"purchasable","15":"product-type-simple"},"acf":[],"yoast_head":"<!-- This site is optimized with the Yoast SEO plugin v24.8.1 - https:\/\/yoast.com\/wordpress\/plugins\/seo\/ -->\n<title>Smart CUT 45 PFC | GALA GAR - Productos de soldadura y reguladores de gas - Gas y soldadura<\/title>\n<meta name=\"robots\" content=\"noindex, follow, max-snippet:-1, max-image-preview:large, max-video-preview:-1\" \/>\n<meta property=\"og:locale\" content=\"fr_FR\" \/>\n<meta property=\"og:type\" content=\"article\" \/>\n<meta property=\"og:title\" content=\"Smart CUT 45 PFC | GALA GAR - Productos de soldadura y reguladores de gas - Gas y soldadura\" \/>\n<meta property=\"og:description\" content=\"Proc\u00e9d\u00e9s : d\u00e9coupe au plasma SANS HF Mat\u00e9riaux : Acier au carbone - Galvanis\u00e9 - Acier inoxydable - Aluminium - Fonte - Cuivre Applications : Menuiserie l\u00e9g\u00e8re - Entretien - R\u00e9parations Il comprend  Torche PT-40 6 m.- R\u00e9f. 1609635G Conduite de gaz C\u00e2ble mis \u00e0 la terre   Les 3 avantages du PFC : R\u00e9duction de la consommation, jusqu&#039;\u00e0 30 % d&#039;\u00e9conomies Utilisation dans les r\u00e9seaux domestiques Utilisation de l&#039;\u00e9quipement avec des perches d&#039;extension jusqu&#039;\u00e0 50 m. sans chute de tension.\" \/>\n<meta property=\"og:url\" content=\"https:\/\/dev.galagar.com\/fr\/produit\/smart-cut-45-pfc\/\" \/>\n<meta property=\"og:site_name\" content=\"GALA GAR - Productos de soldadura y reguladores de gas - Gas y soldadura\" \/>\n<meta property=\"article:modified_time\" content=\"2023-05-31T09:34:56+00:00\" \/>\n<meta property=\"og:image\" content=\"https:\/\/dev.galagar.com\/wp-content\/uploads\/2022\/01\/SmartCUT-45PFC.jpg\" \/>\n\t<meta property=\"og:image:width\" content=\"640\" \/>\n\t<meta property=\"og:image:height\" content=\"800\" \/>\n\t<meta property=\"og:image:type\" content=\"image\/jpeg\" \/>\n<meta name=\"twitter:card\" content=\"summary_large_image\" \/>\n<meta name=\"twitter:label1\" content=\"Dur\u00e9e de lecture estim\u00e9e\" \/>\n\t<meta name=\"twitter:data1\" content=\"2 minutes\" \/>\n<script type=\"application\/ld+json\" class=\"yoast-schema-graph\">{\"@context\":\"https:\/\/schema.org\",\"@graph\":[{\"@type\":\"WebPage\",\"@id\":\"https:\/\/dev.galagar.com\/fr\/produit\/smart-cut-45-pfc\/\",\"url\":\"https:\/\/dev.galagar.com\/fr\/produit\/smart-cut-45-pfc\/\",\"name\":\"Smart CUT 45 PFC | GALA GAR - Productos de soldadura y reguladores de gas - Gas y soldadura\",\"isPartOf\":{\"@id\":\"https:\/\/dev.galagar.com\/fr\/#website\"},\"primaryImageOfPage\":{\"@id\":\"https:\/\/dev.galagar.com\/fr\/produit\/smart-cut-45-pfc\/#primaryimage\"},\"image\":{\"@id\":\"https:\/\/dev.galagar.com\/fr\/produit\/smart-cut-45-pfc\/#primaryimage\"},\"thumbnailUrl\":\"https:\/\/dev.galagar.com\/wp-content\/uploads\/2022\/01\/SmartCUT-45PFC.jpg\",\"datePublished\":\"2022-01-27T18:46:30+00:00\",\"dateModified\":\"2023-05-31T09:34:56+00:00\",\"breadcrumb\":{\"@id\":\"https:\/\/dev.galagar.com\/fr\/produit\/smart-cut-45-pfc\/#breadcrumb\"},\"inLanguage\":\"fr-FR\",\"potentialAction\":[{\"@type\":\"ReadAction\",\"target\":[\"https:\/\/dev.galagar.com\/fr\/produit\/smart-cut-45-pfc\/\"]}]},{\"@type\":\"ImageObject\",\"inLanguage\":\"fr-FR\",\"@id\":\"https:\/\/dev.galagar.com\/fr\/produit\/smart-cut-45-pfc\/#primaryimage\",\"url\":\"https:\/\/dev.galagar.com\/wp-content\/uploads\/2022\/01\/SmartCUT-45PFC.jpg\",\"contentUrl\":\"https:\/\/dev.galagar.com\/wp-content\/uploads\/2022\/01\/SmartCUT-45PFC.jpg\",\"width\":640,\"height\":800},{\"@type\":\"BreadcrumbList\",\"@id\":\"https:\/\/dev.galagar.com\/fr\/produit\/smart-cut-45-pfc\/#breadcrumb\",\"itemListElement\":[{\"@type\":\"ListItem\",\"position\":1,\"name\":\"Inicio\",\"item\":\"https:\/\/dev.galagar.com\/fr\/accueil\/\"},{\"@type\":\"ListItem\",\"position\":2,\"name\":\"Tienda\",\"item\":\"https:\/\/dev.galagar.com\/tienda\/\"},{\"@type\":\"ListItem\",\"position\":3,\"name\":\"Produits\",\"item\":\"https:\/\/dev.galagar.com\/fr\/categoria-producto\/produits\/\"},{\"@type\":\"ListItem\",\"position\":4,\"name\":\"Postes \u00e0 souder\",\"item\":\"https:\/\/dev.galagar.com\/fr\/categoria-producto\/produits\/postes-a-souder\/\"},{\"@type\":\"ListItem\",\"position\":5,\"name\":\"D\u00e9coupe au plasma\",\"item\":\"https:\/\/dev.galagar.com\/fr\/categoria-producto\/produits\/postes-a-souder\/decoupe-au-plasma\/\"},{\"@type\":\"ListItem\",\"position\":6,\"name\":\"Smart CUT 45 PFC\"}]},{\"@type\":\"WebSite\",\"@id\":\"https:\/\/dev.galagar.com\/fr\/#website\",\"url\":\"https:\/\/dev.galagar.com\/fr\/\",\"name\":\"GALA GAR - Productos de soldadura y reguladores de gas - Gas y soldadura\",\"description\":\"Gala Gar es fabricante de tecnolog\u00eda competitiva para soldadura (MMA-TIG-MIG\/MAG-CORTE POR PLASMA), regulaci\u00f3n de gases, y para soldadura y corte por gas.\",\"publisher\":{\"@id\":\"https:\/\/dev.galagar.com\/fr\/#organization\"},\"potentialAction\":[{\"@type\":\"SearchAction\",\"target\":{\"@type\":\"EntryPoint\",\"urlTemplate\":\"https:\/\/dev.galagar.com\/fr\/?s={search_term_string}\"},\"query-input\":{\"@type\":\"PropertyValueSpecification\",\"valueRequired\":true,\"valueName\":\"search_term_string\"}}],\"inLanguage\":\"fr-FR\"},{\"@type\":\"Organization\",\"@id\":\"https:\/\/dev.galagar.com\/fr\/#organization\",\"name\":\"GALA GAR welding\",\"url\":\"https:\/\/dev.galagar.com\/fr\/\",\"logo\":{\"@type\":\"ImageObject\",\"inLanguage\":\"fr-FR\",\"@id\":\"https:\/\/dev.galagar.com\/fr\/#\/schema\/logo\/image\/\",\"url\":\"\",\"contentUrl\":\"\",\"caption\":\"GALA GAR welding\"},\"image\":{\"@id\":\"https:\/\/dev.galagar.com\/fr\/#\/schema\/logo\/image\/\"}}]}<\/script>\n<!-- \/ Yoast SEO plugin. -->","yoast_head_json":{"title":"Smart CUT 45 PFC | GALA GAR - Productos de soldadura y reguladores de gas - Gas y soldadura","robots":{"index":"noindex","follow":"follow","max-snippet":"max-snippet:-1","max-image-preview":"max-image-preview:large","max-video-preview":"max-video-preview:-1"},"og_locale":"fr_FR","og_type":"article","og_title":"Smart CUT 45 PFC | GALA GAR - Productos de soldadura y reguladores de gas - Gas y soldadura","og_description":"Proc\u00e9d\u00e9s : d\u00e9coupe au plasma SANS HF Mat\u00e9riaux : Acier au carbone - Galvanis\u00e9 - Acier inoxydable - Aluminium - Fonte - Cuivre Applications : Menuiserie l\u00e9g\u00e8re - Entretien - R\u00e9parations Il comprend  Torche PT-40 6 m.- R\u00e9f. 1609635G Conduite de gaz C\u00e2ble mis \u00e0 la terre   Les 3 avantages du PFC : R\u00e9duction de la consommation, jusqu'\u00e0 30 % d'\u00e9conomies Utilisation dans les r\u00e9seaux domestiques Utilisation de l'\u00e9quipement avec des perches d'extension jusqu'\u00e0 50 m. sans chute de tension.","og_url":"https:\/\/dev.galagar.com\/fr\/produit\/smart-cut-45-pfc\/","og_site_name":"GALA GAR - Productos de soldadura y reguladores de gas - Gas y soldadura","article_modified_time":"2023-05-31T09:34:56+00:00","og_image":[{"width":640,"height":800,"url":"https:\/\/dev.galagar.com\/wp-content\/uploads\/2022\/01\/SmartCUT-45PFC.jpg","type":"image\/jpeg"}],"twitter_card":"summary_large_image","twitter_misc":{"Dur\u00e9e de lecture estim\u00e9e":"2 minutes"},"schema":{"@context":"https:\/\/schema.org","@graph":[{"@type":"WebPage","@id":"https:\/\/dev.galagar.com\/fr\/produit\/smart-cut-45-pfc\/","url":"https:\/\/dev.galagar.com\/fr\/produit\/smart-cut-45-pfc\/","name":"Smart CUT 45 PFC | GALA GAR - Productos de soldadura y reguladores de gas - Gas y soldadura","isPartOf":{"@id":"https:\/\/dev.galagar.com\/fr\/#website"},"primaryImageOfPage":{"@id":"https:\/\/dev.galagar.com\/fr\/produit\/smart-cut-45-pfc\/#primaryimage"},"image":{"@id":"https:\/\/dev.galagar.com\/fr\/produit\/smart-cut-45-pfc\/#primaryimage"},"thumbnailUrl":"https:\/\/dev.galagar.com\/wp-content\/uploads\/2022\/01\/SmartCUT-45PFC.jpg","datePublished":"2022-01-27T18:46:30+00:00","dateModified":"2023-05-31T09:34:56+00:00","breadcrumb":{"@id":"https:\/\/dev.galagar.com\/fr\/produit\/smart-cut-45-pfc\/#breadcrumb"},"inLanguage":"fr-FR","potentialAction":[{"@type":"ReadAction","target":["https:\/\/dev.galagar.com\/fr\/produit\/smart-cut-45-pfc\/"]}]},{"@type":"ImageObject","inLanguage":"fr-FR","@id":"https:\/\/dev.galagar.com\/fr\/produit\/smart-cut-45-pfc\/#primaryimage","url":"https:\/\/dev.galagar.com\/wp-content\/uploads\/2022\/01\/SmartCUT-45PFC.jpg","contentUrl":"https:\/\/dev.galagar.com\/wp-content\/uploads\/2022\/01\/SmartCUT-45PFC.jpg","width":640,"height":800},{"@type":"BreadcrumbList","@id":"https:\/\/dev.galagar.com\/fr\/produit\/smart-cut-45-pfc\/#breadcrumb","itemListElement":[{"@type":"ListItem","position":1,"name":"Inicio","item":"https:\/\/dev.galagar.com\/fr\/accueil\/"},{"@type":"ListItem","position":2,"name":"Tienda","item":"https:\/\/dev.galagar.com\/tienda\/"},{"@type":"ListItem","position":3,"name":"Produits","item":"https:\/\/dev.galagar.com\/fr\/categoria-producto\/produits\/"},{"@type":"ListItem","position":4,"name":"Postes \u00e0 souder","item":"https:\/\/dev.galagar.com\/fr\/categoria-producto\/produits\/postes-a-souder\/"},{"@type":"ListItem","position":5,"name":"D\u00e9coupe au plasma","item":"https:\/\/dev.galagar.com\/fr\/categoria-producto\/produits\/postes-a-souder\/decoupe-au-plasma\/"},{"@type":"ListItem","position":6,"name":"Smart CUT 45 PFC"}]},{"@type":"WebSite","@id":"https:\/\/dev.galagar.com\/fr\/#website","url":"https:\/\/dev.galagar.com\/fr\/","name":"GALA GAR - Productos de soldadura y reguladores de gas - Gas y soldadura","description":"Gala Gar es fabricante de tecnolog\u00eda competitiva para soldadura (MMA-TIG-MIG\/MAG-CORTE POR PLASMA), regulaci\u00f3n de gases, y para soldadura y corte por gas.","publisher":{"@id":"https:\/\/dev.galagar.com\/fr\/#organization"},"potentialAction":[{"@type":"SearchAction","target":{"@type":"EntryPoint","urlTemplate":"https:\/\/dev.galagar.com\/fr\/?s={search_term_string}"},"query-input":{"@type":"PropertyValueSpecification","valueRequired":true,"valueName":"search_term_string"}}],"inLanguage":"fr-FR"},{"@type":"Organization","@id":"https:\/\/dev.galagar.com\/fr\/#organization","name":"GALA GAR welding","url":"https:\/\/dev.galagar.com\/fr\/","logo":{"@type":"ImageObject","inLanguage":"fr-FR","@id":"https:\/\/dev.galagar.com\/fr\/#\/schema\/logo\/image\/","url":"","contentUrl":"","caption":"GALA GAR welding"},"image":{"@id":"https:\/\/dev.galagar.com\/fr\/#\/schema\/logo\/image\/"}}]}},"_links":{"self":[{"href":"https:\/\/dev.galagar.com\/fr\/wp-json\/wp\/v2\/product\/17239","targetHints":{"allow":["GET"]}}],"collection":[{"href":"https:\/\/dev.galagar.com\/fr\/wp-json\/wp\/v2\/product"}],"about":[{"href":"https:\/\/dev.galagar.com\/fr\/wp-json\/wp\/v2\/types\/product"}],"wp:featuredmedia":[{"embeddable":true,"href":"https:\/\/dev.galagar.com\/fr\/wp-json\/wp\/v2\/media\/17208"}],"wp:attachment":[{"href":"https:\/\/dev.galagar.com\/fr\/wp-json\/wp\/v2\/media?parent=17239"}],"wp:term":[{"taxonomy":"product_brand","embeddable":true,"href":"https:\/\/dev.galagar.com\/fr\/wp-json\/wp\/v2\/product_brand?post=17239"},{"taxonomy":"product_cat","embeddable":true,"href":"https:\/\/dev.galagar.com\/fr\/wp-json\/wp\/v2\/product_cat?post=17239"},{"taxonomy":"product_tag","embeddable":true,"href":"https:\/\/dev.galagar.com\/fr\/wp-json\/wp\/v2\/product_tag?post=17239"}],"curies":[{"name":"wp","href":"https:\/\/api.w.org\/{rel}","templated":true}]}}