{"id":17140,"date":"2022-05-04T20:45:22","date_gmt":"2022-05-04T18:45:22","guid":{"rendered":"https:\/\/dev.galagar.com\/producto\/materiel-de-soudage-par-points\/"},"modified":"2023-04-28T12:30:43","modified_gmt":"2023-04-28T10:30:43","slug":"materiel-de-soudage-par-points","status":"publish","type":"product","link":"https:\/\/dev.galagar.com\/fr\/produit\/materiel-de-soudage-par-points\/","title":{"rendered":"Mat\u00e9riel de soudage par points"},"content":{"rendered":"<div class=\"fusion-fullwidth fullwidth-box fusion-builder-row-1 fusion-flex-container nonhundred-percent-fullwidth non-hundred-percent-height-scrolling\" style=\"--awb-border-radius-top-left:0px;--awb-border-radius-top-right:0px;--awb-border-radius-bottom-right:0px;--awb-border-radius-bottom-left:0px;--awb-padding-right:0px;--awb-padding-left:0px;--awb-flex-wrap:wrap;\" ><div class=\"fusion-builder-row fusion-row fusion-flex-align-items-flex-start fusion-flex-content-wrap\" style=\"max-width:1216.8px;margin-left: calc(-4% \/ 2 );margin-right: calc(-4% \/ 2 );\"><div class=\"fusion-layout-column fusion_builder_column fusion-builder-column-0 fusion_builder_column_3_4 3_4 fusion-flex-column\" style=\"--awb-bg-size:cover;--awb-width-large:75%;--awb-margin-top-large:0px;--awb-spacing-right-large:2.56%;--awb-margin-bottom-large:20px;--awb-spacing-left-large:2.56%;--awb-width-medium:100%;--awb-order-medium:0;--awb-spacing-right-medium:1.92%;--awb-spacing-left-medium:1.92%;--awb-width-small:100%;--awb-order-small:0;--awb-spacing-right-small:1.92%;--awb-spacing-left-small:1.92%;\"><div class=\"fusion-column-wrapper fusion-column-has-shadow fusion-flex-justify-content-flex-start fusion-content-layout-column\">\n<div class=\"table-2 gal-textos-menores\">\n<table width=\"100%\">\n<thead>\n<tr>\n<th align=\"left\">Caract\u00e9ristiques techniques de base<\/th>\n<th align=\"left\"><\/th>\n<\/tr>\n<\/thead>\n<tbody>\n<tr>\n<td><\/td>\n<td><strong>Gala SPOT 30\/50<\/strong><\/td>\n<\/tr>\n<tr>\n<td>Tension d&#8217;alimentation<\/td>\n<td>  1 Ph 400V \u00b1 10 % &#8211; 50\/60 Hz.<\/td>\n<\/tr>\n<tr>\n<td>Capacit\u00e9 de soudage de plaques<\/td>\n<td>4+4 \/ 5+5 mm.<\/td>\n<\/tr>\n<tr>\n<td>Fil crois\u00e9<\/td>\n<td>15 + 15 mm.<\/td>\n<\/tr>\n<tr>\n<td>Tension du vide<\/td>\n<td>1 &#8211; 3,4 v.<\/td>\n<\/tr>\n<tr>\n<td>Puissance maximale absorb\u00e9e<\/td>\n<td>30 \/ 50 Kva.<\/td>\n<\/tr>\n<tr>\n<td>Longueur standard du bras<\/td>\n<td>340-480 mm.<\/td>\n<\/tr>\n<tr>\n<td>Conduire<\/td>\n<td>M\u00e9canique ou pneumatique<\/td>\n<\/tr>\n<tr>\n<td align=\"left\">Dimensions (largeur x hauteur x longueur)<\/td>\n<td align=\"left\">1270x450x1000 mm.<\/td>\n<\/tr>\n<tr>\n<td align=\"left\">Poids<\/td>\n<td align=\"left\">173 \/ 180 Kg.<\/td>\n<\/tr>\n<\/tbody>\n<\/table>\n<\/div>\n<\/div><\/div><\/div><\/div>\n","protected":false},"excerpt":{"rendered":"<p>Les machines Gala Spot sont command\u00e9es par des thyristors de puissance. Le contr\u00f4leur num\u00e9rique permet un param\u00e9trage tr\u00e8s simplifi\u00e9, avec la possibilit\u00e9 de r\u00e9aliser des cycles de soudage avec une ou deux impulsions de courant.<\/p>\n<p><strong>Mat\u00e9riaux :<\/strong><br \/>\nAcier au carbone, acier inoxydable et aluminium<\/p>\n<p><strong>Applications :<\/strong><br \/>\nMenuiserie m\u00e9tallique &#8211; Industrie automobile &#8211; Carrosseries &#8211; Ateliers de carrosserie &#8211; Fabrication de carrosseries<\/p>\n","protected":false},"featured_media":17158,"template":"","meta":{"_acf_changed":false},"product_brand":[],"product_cat":[1251,1342],"product_tag":[],"class_list":{"0":"post-17140","1":"product","2":"type-product","3":"status-publish","4":"has-post-thumbnail","6":"product_cat-postes-a-souder","7":"product_cat-soudage-par-points","9":"first","10":"instock","11":"taxable","12":"shipping-taxable","13":"product-type-variable"},"acf":[],"yoast_head":"<!-- This site is optimized with the Yoast SEO plugin v24.8.1 - https:\/\/yoast.com\/wordpress\/plugins\/seo\/ -->\n<title>Mat\u00e9riel de soudage par points | GALA GAR - Productos de soldadura y reguladores de gas - Gas y soldadura<\/title>\n<meta name=\"robots\" content=\"noindex, follow, max-snippet:-1, max-image-preview:large, max-video-preview:-1\" \/>\n<meta property=\"og:locale\" content=\"fr_FR\" \/>\n<meta property=\"og:type\" content=\"article\" \/>\n<meta property=\"og:title\" content=\"Mat\u00e9riel de soudage par points | GALA GAR - Productos de soldadura y reguladores de gas - Gas y soldadura\" \/>\n<meta property=\"og:description\" content=\"Les machines Gala Spot sont command\u00e9es par des thyristors de puissance. Le contr\u00f4leur num\u00e9rique permet un param\u00e9trage tr\u00e8s simplifi\u00e9, avec la possibilit\u00e9 de r\u00e9aliser des cycles de soudage avec une ou deux impulsions de courant. Mat\u00e9riaux : Acier au carbone, acier inoxydable et aluminium Applications : Menuiserie m\u00e9tallique - Industrie automobile - Carrosseries - Ateliers de carrosserie - Fabrication de carrosseries\" \/>\n<meta property=\"og:url\" content=\"https:\/\/dev.galagar.com\/fr\/produit\/materiel-de-soudage-par-points\/\" \/>\n<meta property=\"og:site_name\" content=\"GALA GAR - Productos de soldadura y reguladores de gas - Gas y soldadura\" \/>\n<meta property=\"article:modified_time\" content=\"2023-04-28T10:30:43+00:00\" \/>\n<meta property=\"og:image\" content=\"https:\/\/dev.galagar.com\/wp-content\/uploads\/2022\/05\/Spot-Neu.jpg\" \/>\n\t<meta property=\"og:image:width\" content=\"640\" \/>\n\t<meta property=\"og:image:height\" content=\"800\" \/>\n\t<meta property=\"og:image:type\" content=\"image\/jpeg\" \/>\n<meta name=\"twitter:card\" content=\"summary_large_image\" \/>\n<meta name=\"twitter:label1\" content=\"Dur\u00e9e de lecture estim\u00e9e\" \/>\n\t<meta name=\"twitter:data1\" content=\"2 minutes\" \/>\n<script type=\"application\/ld+json\" class=\"yoast-schema-graph\">{\"@context\":\"https:\/\/schema.org\",\"@graph\":[{\"@type\":\"WebPage\",\"@id\":\"https:\/\/dev.galagar.com\/fr\/produit\/materiel-de-soudage-par-points\/\",\"url\":\"https:\/\/dev.galagar.com\/fr\/produit\/materiel-de-soudage-par-points\/\",\"name\":\"Mat\u00e9riel de soudage par points | GALA GAR - Productos de soldadura y reguladores de gas - Gas y soldadura\",\"isPartOf\":{\"@id\":\"https:\/\/dev.galagar.com\/fr\/#website\"},\"primaryImageOfPage\":{\"@id\":\"https:\/\/dev.galagar.com\/fr\/produit\/materiel-de-soudage-par-points\/#primaryimage\"},\"image\":{\"@id\":\"https:\/\/dev.galagar.com\/fr\/produit\/materiel-de-soudage-par-points\/#primaryimage\"},\"thumbnailUrl\":\"https:\/\/dev.galagar.com\/wp-content\/uploads\/2022\/05\/Spot-Neu.jpg\",\"datePublished\":\"2022-05-04T18:45:22+00:00\",\"dateModified\":\"2023-04-28T10:30:43+00:00\",\"breadcrumb\":{\"@id\":\"https:\/\/dev.galagar.com\/fr\/produit\/materiel-de-soudage-par-points\/#breadcrumb\"},\"inLanguage\":\"fr-FR\",\"potentialAction\":[{\"@type\":\"ReadAction\",\"target\":[\"https:\/\/dev.galagar.com\/fr\/produit\/materiel-de-soudage-par-points\/\"]}]},{\"@type\":\"ImageObject\",\"inLanguage\":\"fr-FR\",\"@id\":\"https:\/\/dev.galagar.com\/fr\/produit\/materiel-de-soudage-par-points\/#primaryimage\",\"url\":\"https:\/\/dev.galagar.com\/wp-content\/uploads\/2022\/05\/Spot-Neu.jpg\",\"contentUrl\":\"https:\/\/dev.galagar.com\/wp-content\/uploads\/2022\/05\/Spot-Neu.jpg\",\"width\":640,\"height\":800},{\"@type\":\"BreadcrumbList\",\"@id\":\"https:\/\/dev.galagar.com\/fr\/produit\/materiel-de-soudage-par-points\/#breadcrumb\",\"itemListElement\":[{\"@type\":\"ListItem\",\"position\":1,\"name\":\"Inicio\",\"item\":\"https:\/\/dev.galagar.com\/fr\/accueil\/\"},{\"@type\":\"ListItem\",\"position\":2,\"name\":\"Tienda\",\"item\":\"https:\/\/dev.galagar.com\/tienda\/\"},{\"@type\":\"ListItem\",\"position\":3,\"name\":\"Produits\",\"item\":\"https:\/\/dev.galagar.com\/fr\/categoria-producto\/produits\/\"},{\"@type\":\"ListItem\",\"position\":4,\"name\":\"Postes \u00e0 souder\",\"item\":\"https:\/\/dev.galagar.com\/fr\/categoria-producto\/produits\/postes-a-souder\/\"},{\"@type\":\"ListItem\",\"position\":5,\"name\":\"Soudage par points\",\"item\":\"https:\/\/dev.galagar.com\/fr\/categoria-producto\/produits\/postes-a-souder\/soudage-par-points\/\"},{\"@type\":\"ListItem\",\"position\":6,\"name\":\"Mat\u00e9riel de soudage par points\"}]},{\"@type\":\"WebSite\",\"@id\":\"https:\/\/dev.galagar.com\/fr\/#website\",\"url\":\"https:\/\/dev.galagar.com\/fr\/\",\"name\":\"GALA GAR - Productos de soldadura y reguladores de gas - Gas y soldadura\",\"description\":\"Gala Gar es fabricante de tecnolog\u00eda competitiva para soldadura (MMA-TIG-MIG\/MAG-CORTE POR PLASMA), regulaci\u00f3n de gases, y para soldadura y corte por gas.\",\"publisher\":{\"@id\":\"https:\/\/dev.galagar.com\/fr\/#organization\"},\"potentialAction\":[{\"@type\":\"SearchAction\",\"target\":{\"@type\":\"EntryPoint\",\"urlTemplate\":\"https:\/\/dev.galagar.com\/fr\/?s={search_term_string}\"},\"query-input\":{\"@type\":\"PropertyValueSpecification\",\"valueRequired\":true,\"valueName\":\"search_term_string\"}}],\"inLanguage\":\"fr-FR\"},{\"@type\":\"Organization\",\"@id\":\"https:\/\/dev.galagar.com\/fr\/#organization\",\"name\":\"GALA GAR welding\",\"url\":\"https:\/\/dev.galagar.com\/fr\/\",\"logo\":{\"@type\":\"ImageObject\",\"inLanguage\":\"fr-FR\",\"@id\":\"https:\/\/dev.galagar.com\/fr\/#\/schema\/logo\/image\/\",\"url\":\"\",\"contentUrl\":\"\",\"caption\":\"GALA GAR welding\"},\"image\":{\"@id\":\"https:\/\/dev.galagar.com\/fr\/#\/schema\/logo\/image\/\"}}]}<\/script>\n<!-- \/ Yoast SEO plugin. -->","yoast_head_json":{"title":"Mat\u00e9riel de soudage par points | GALA GAR - Productos de soldadura y reguladores de gas - Gas y soldadura","robots":{"index":"noindex","follow":"follow","max-snippet":"max-snippet:-1","max-image-preview":"max-image-preview:large","max-video-preview":"max-video-preview:-1"},"og_locale":"fr_FR","og_type":"article","og_title":"Mat\u00e9riel de soudage par points | GALA GAR - Productos de soldadura y reguladores de gas - Gas y soldadura","og_description":"Les machines Gala Spot sont command\u00e9es par des thyristors de puissance. Le contr\u00f4leur num\u00e9rique permet un param\u00e9trage tr\u00e8s simplifi\u00e9, avec la possibilit\u00e9 de r\u00e9aliser des cycles de soudage avec une ou deux impulsions de courant. Mat\u00e9riaux : Acier au carbone, acier inoxydable et aluminium Applications : Menuiserie m\u00e9tallique - Industrie automobile - Carrosseries - Ateliers de carrosserie - Fabrication de carrosseries","og_url":"https:\/\/dev.galagar.com\/fr\/produit\/materiel-de-soudage-par-points\/","og_site_name":"GALA GAR - Productos de soldadura y reguladores de gas - Gas y soldadura","article_modified_time":"2023-04-28T10:30:43+00:00","og_image":[{"width":640,"height":800,"url":"https:\/\/dev.galagar.com\/wp-content\/uploads\/2022\/05\/Spot-Neu.jpg","type":"image\/jpeg"}],"twitter_card":"summary_large_image","twitter_misc":{"Dur\u00e9e de lecture estim\u00e9e":"2 minutes"},"schema":{"@context":"https:\/\/schema.org","@graph":[{"@type":"WebPage","@id":"https:\/\/dev.galagar.com\/fr\/produit\/materiel-de-soudage-par-points\/","url":"https:\/\/dev.galagar.com\/fr\/produit\/materiel-de-soudage-par-points\/","name":"Mat\u00e9riel de soudage par points | GALA GAR - Productos de soldadura y reguladores de gas - Gas y soldadura","isPartOf":{"@id":"https:\/\/dev.galagar.com\/fr\/#website"},"primaryImageOfPage":{"@id":"https:\/\/dev.galagar.com\/fr\/produit\/materiel-de-soudage-par-points\/#primaryimage"},"image":{"@id":"https:\/\/dev.galagar.com\/fr\/produit\/materiel-de-soudage-par-points\/#primaryimage"},"thumbnailUrl":"https:\/\/dev.galagar.com\/wp-content\/uploads\/2022\/05\/Spot-Neu.jpg","datePublished":"2022-05-04T18:45:22+00:00","dateModified":"2023-04-28T10:30:43+00:00","breadcrumb":{"@id":"https:\/\/dev.galagar.com\/fr\/produit\/materiel-de-soudage-par-points\/#breadcrumb"},"inLanguage":"fr-FR","potentialAction":[{"@type":"ReadAction","target":["https:\/\/dev.galagar.com\/fr\/produit\/materiel-de-soudage-par-points\/"]}]},{"@type":"ImageObject","inLanguage":"fr-FR","@id":"https:\/\/dev.galagar.com\/fr\/produit\/materiel-de-soudage-par-points\/#primaryimage","url":"https:\/\/dev.galagar.com\/wp-content\/uploads\/2022\/05\/Spot-Neu.jpg","contentUrl":"https:\/\/dev.galagar.com\/wp-content\/uploads\/2022\/05\/Spot-Neu.jpg","width":640,"height":800},{"@type":"BreadcrumbList","@id":"https:\/\/dev.galagar.com\/fr\/produit\/materiel-de-soudage-par-points\/#breadcrumb","itemListElement":[{"@type":"ListItem","position":1,"name":"Inicio","item":"https:\/\/dev.galagar.com\/fr\/accueil\/"},{"@type":"ListItem","position":2,"name":"Tienda","item":"https:\/\/dev.galagar.com\/tienda\/"},{"@type":"ListItem","position":3,"name":"Produits","item":"https:\/\/dev.galagar.com\/fr\/categoria-producto\/produits\/"},{"@type":"ListItem","position":4,"name":"Postes \u00e0 souder","item":"https:\/\/dev.galagar.com\/fr\/categoria-producto\/produits\/postes-a-souder\/"},{"@type":"ListItem","position":5,"name":"Soudage par points","item":"https:\/\/dev.galagar.com\/fr\/categoria-producto\/produits\/postes-a-souder\/soudage-par-points\/"},{"@type":"ListItem","position":6,"name":"Mat\u00e9riel de soudage par points"}]},{"@type":"WebSite","@id":"https:\/\/dev.galagar.com\/fr\/#website","url":"https:\/\/dev.galagar.com\/fr\/","name":"GALA GAR - Productos de soldadura y reguladores de gas - Gas y soldadura","description":"Gala Gar es fabricante de tecnolog\u00eda competitiva para soldadura (MMA-TIG-MIG\/MAG-CORTE POR PLASMA), regulaci\u00f3n de gases, y para soldadura y corte por gas.","publisher":{"@id":"https:\/\/dev.galagar.com\/fr\/#organization"},"potentialAction":[{"@type":"SearchAction","target":{"@type":"EntryPoint","urlTemplate":"https:\/\/dev.galagar.com\/fr\/?s={search_term_string}"},"query-input":{"@type":"PropertyValueSpecification","valueRequired":true,"valueName":"search_term_string"}}],"inLanguage":"fr-FR"},{"@type":"Organization","@id":"https:\/\/dev.galagar.com\/fr\/#organization","name":"GALA GAR welding","url":"https:\/\/dev.galagar.com\/fr\/","logo":{"@type":"ImageObject","inLanguage":"fr-FR","@id":"https:\/\/dev.galagar.com\/fr\/#\/schema\/logo\/image\/","url":"","contentUrl":"","caption":"GALA GAR welding"},"image":{"@id":"https:\/\/dev.galagar.com\/fr\/#\/schema\/logo\/image\/"}}]}},"_links":{"self":[{"href":"https:\/\/dev.galagar.com\/fr\/wp-json\/wp\/v2\/product\/17140","targetHints":{"allow":["GET"]}}],"collection":[{"href":"https:\/\/dev.galagar.com\/fr\/wp-json\/wp\/v2\/product"}],"about":[{"href":"https:\/\/dev.galagar.com\/fr\/wp-json\/wp\/v2\/types\/product"}],"wp:featuredmedia":[{"embeddable":true,"href":"https:\/\/dev.galagar.com\/fr\/wp-json\/wp\/v2\/media\/17158"}],"wp:attachment":[{"href":"https:\/\/dev.galagar.com\/fr\/wp-json\/wp\/v2\/media?parent=17140"}],"wp:term":[{"taxonomy":"product_brand","embeddable":true,"href":"https:\/\/dev.galagar.com\/fr\/wp-json\/wp\/v2\/product_brand?post=17140"},{"taxonomy":"product_cat","embeddable":true,"href":"https:\/\/dev.galagar.com\/fr\/wp-json\/wp\/v2\/product_cat?post=17140"},{"taxonomy":"product_tag","embeddable":true,"href":"https:\/\/dev.galagar.com\/fr\/wp-json\/wp\/v2\/product_tag?post=17140"}],"curies":[{"name":"wp","href":"https:\/\/api.w.org\/{rel}","templated":true}]}}