{"id":16855,"date":"2022-05-04T20:45:33","date_gmt":"2022-05-04T18:45:33","guid":{"rendered":"https:\/\/dev.galagar.com\/producto\/modele-a-deux-etages-gpr-141\/"},"modified":"2022-05-04T20:45:33","modified_gmt":"2022-05-04T18:45:33","slug":"modele-double-etage-gpr-141","status":"publish","type":"product","link":"https:\/\/dev.galagar.com\/fr\/produit\/modele-double-etage-gpr-141\/","title":{"rendered":"Mod\u00e8le \u00e0 deux \u00e9tages GPR-141"},"content":{"rendered":"<p><strong>Caract\u00e9ristiques techniques :<\/strong><br \/>\n&#8211; Corps en laiton nickel\u00e9 et aluminium anodis\u00e9<br \/>\n&#8211; Membranes en acier inoxydable et PVDF<br \/>\n&#8211; Filtre d&#8217;entr\u00e9e en acier inoxydable<br \/>\n&#8211; Joint d&#8217;\u00e9tanch\u00e9it\u00e9 PVDF (Fluoropolydivinylid\u00e8ne)<br \/>\n&#8211; Soupape de surpression gainable avec filetage interne 1\/2 &#8220;BSP.<br \/>\n&#8211; Connexions d&#8217;entr\u00e9e aux valves W21,7x14h. Ressources humaines externes<br \/>\n&#8211; Vannes d&#8217;entr\u00e9e avec syst\u00e8me anti-retour<br \/>\n&#8211; Raccords de sortie 1\/4 &#8220;BSP ou 3\/8 &#8220;BSP, sortie de tube<br \/>\n&#8211; Manom\u00e8tres EN-5171 classe 2.5<br \/>\n&#8211; Plage de temp\u00e9rature de travail -20\u00ba+60\u00baC<br \/>\n&#8211; Poids net 3,5 kgs.<br \/>\n&#8211; Plaque de support Acier inoxydable<\/p>\n","protected":false},"excerpt":{"rendered":"<p><strong>Applications :<\/strong><br \/>\nSyst\u00e8me de contr\u00f4le de la d\u00e9compression \u00e0 double \u00e9tage adapt\u00e9 \u00e0 l&#8217;inertisation des silos et des r\u00e9servoirs dans l&#8217;industrie p\u00e9troli\u00e8re, viticole et alimentaire. A basse pression emball\u00e9e. fruits et l\u00e9gumes<\/p>\n<h6>Le type de gaz, la pression de sortie et les raccordements doivent \u00eatre sp\u00e9cifi\u00e9s dans la commande.<\/h6>\n","protected":false},"featured_media":16868,"template":"","meta":{"_acf_changed":false},"product_brand":[],"product_cat":[1300],"product_tag":[],"class_list":{"0":"post-16855","1":"product","2":"type-product","3":"status-publish","4":"has-post-thumbnail","6":"product_cat-detendeurs-de-gaz-pur","8":"first","9":"instock","10":"taxable","11":"shipping-taxable","12":"product-type-simple"},"acf":[],"yoast_head":"<!-- This site is optimized with the Yoast SEO plugin v24.8.1 - https:\/\/yoast.com\/wordpress\/plugins\/seo\/ -->\n<title>Mod\u00e8le \u00e0 deux \u00e9tages GPR-141 | GALA GAR - Productos de soldadura y reguladores de gas - Gas y soldadura<\/title>\n<meta name=\"robots\" content=\"noindex, follow, max-snippet:-1, max-image-preview:large, max-video-preview:-1\" \/>\n<meta property=\"og:locale\" content=\"fr_FR\" \/>\n<meta property=\"og:type\" content=\"article\" \/>\n<meta property=\"og:title\" content=\"Mod\u00e8le \u00e0 deux \u00e9tages GPR-141 | GALA GAR - Productos de soldadura y reguladores de gas - Gas y soldadura\" \/>\n<meta property=\"og:description\" content=\"Applications : Syst\u00e8me de contr\u00f4le de la d\u00e9compression \u00e0 double \u00e9tage adapt\u00e9 \u00e0 l&#039;inertisation des silos et des r\u00e9servoirs dans l&#039;industrie p\u00e9troli\u00e8re, viticole et alimentaire. A basse pression emball\u00e9e. fruits et l\u00e9gumes Le type de gaz, la pression de sortie et les raccordements doivent \u00eatre sp\u00e9cifi\u00e9s dans la commande.\" \/>\n<meta property=\"og:url\" content=\"https:\/\/dev.galagar.com\/fr\/produit\/modele-double-etage-gpr-141\/\" \/>\n<meta property=\"og:site_name\" content=\"GALA GAR - Productos de soldadura y reguladores de gas - Gas y soldadura\" \/>\n<meta property=\"og:image\" content=\"https:\/\/dev.galagar.com\/wp-content\/uploads\/2022\/01\/GasPuro-GPR-141.jpg\" \/>\n\t<meta property=\"og:image:width\" content=\"640\" \/>\n\t<meta property=\"og:image:height\" content=\"800\" \/>\n\t<meta property=\"og:image:type\" content=\"image\/jpeg\" \/>\n<meta name=\"twitter:card\" content=\"summary_large_image\" \/>\n<meta name=\"twitter:label1\" content=\"Dur\u00e9e de lecture estim\u00e9e\" \/>\n\t<meta name=\"twitter:data1\" content=\"1 minute\" \/>\n<script type=\"application\/ld+json\" class=\"yoast-schema-graph\">{\"@context\":\"https:\/\/schema.org\",\"@graph\":[{\"@type\":\"WebPage\",\"@id\":\"https:\/\/dev.galagar.com\/fr\/produit\/modele-double-etage-gpr-141\/\",\"url\":\"https:\/\/dev.galagar.com\/fr\/produit\/modele-double-etage-gpr-141\/\",\"name\":\"Mod\u00e8le \u00e0 deux \u00e9tages GPR-141 | GALA GAR - Productos de soldadura y reguladores de gas - Gas y soldadura\",\"isPartOf\":{\"@id\":\"https:\/\/dev.galagar.com\/fr\/#website\"},\"primaryImageOfPage\":{\"@id\":\"https:\/\/dev.galagar.com\/fr\/produit\/modele-double-etage-gpr-141\/#primaryimage\"},\"image\":{\"@id\":\"https:\/\/dev.galagar.com\/fr\/produit\/modele-double-etage-gpr-141\/#primaryimage\"},\"thumbnailUrl\":\"https:\/\/dev.galagar.com\/wp-content\/uploads\/2022\/01\/GasPuro-GPR-141.jpg\",\"datePublished\":\"2022-05-04T18:45:33+00:00\",\"breadcrumb\":{\"@id\":\"https:\/\/dev.galagar.com\/fr\/produit\/modele-double-etage-gpr-141\/#breadcrumb\"},\"inLanguage\":\"fr-FR\",\"potentialAction\":[{\"@type\":\"ReadAction\",\"target\":[\"https:\/\/dev.galagar.com\/fr\/produit\/modele-double-etage-gpr-141\/\"]}]},{\"@type\":\"ImageObject\",\"inLanguage\":\"fr-FR\",\"@id\":\"https:\/\/dev.galagar.com\/fr\/produit\/modele-double-etage-gpr-141\/#primaryimage\",\"url\":\"https:\/\/dev.galagar.com\/wp-content\/uploads\/2022\/01\/GasPuro-GPR-141.jpg\",\"contentUrl\":\"https:\/\/dev.galagar.com\/wp-content\/uploads\/2022\/01\/GasPuro-GPR-141.jpg\",\"width\":640,\"height\":800},{\"@type\":\"BreadcrumbList\",\"@id\":\"https:\/\/dev.galagar.com\/fr\/produit\/modele-double-etage-gpr-141\/#breadcrumb\",\"itemListElement\":[{\"@type\":\"ListItem\",\"position\":1,\"name\":\"Inicio\",\"item\":\"https:\/\/dev.galagar.com\/fr\/accueil\/\"},{\"@type\":\"ListItem\",\"position\":2,\"name\":\"Tienda\",\"item\":\"https:\/\/dev.galagar.com\/tienda\/\"},{\"@type\":\"ListItem\",\"position\":3,\"name\":\"Produits\",\"item\":\"https:\/\/dev.galagar.com\/fr\/categoria-producto\/produits\/\"},{\"@type\":\"ListItem\",\"position\":4,\"name\":\"R\u00e9gulation des gaz\",\"item\":\"https:\/\/dev.galagar.com\/fr\/categoria-producto\/produits\/regulation-des-gaz\/\"},{\"@type\":\"ListItem\",\"position\":5,\"name\":\"D\u00e9tendeurs de gaz pur\",\"item\":\"https:\/\/dev.galagar.com\/fr\/categoria-producto\/produits\/regulation-des-gaz\/detendeurs-de-gaz-pur\/\"},{\"@type\":\"ListItem\",\"position\":6,\"name\":\"Mod\u00e8le \u00e0 deux \u00e9tages GPR-141\"}]},{\"@type\":\"WebSite\",\"@id\":\"https:\/\/dev.galagar.com\/fr\/#website\",\"url\":\"https:\/\/dev.galagar.com\/fr\/\",\"name\":\"GALA GAR - Productos de soldadura y reguladores de gas - Gas y soldadura\",\"description\":\"Gala Gar es fabricante de tecnolog\u00eda competitiva para soldadura (MMA-TIG-MIG\/MAG-CORTE POR PLASMA), regulaci\u00f3n de gases, y para soldadura y corte por gas.\",\"publisher\":{\"@id\":\"https:\/\/dev.galagar.com\/fr\/#organization\"},\"potentialAction\":[{\"@type\":\"SearchAction\",\"target\":{\"@type\":\"EntryPoint\",\"urlTemplate\":\"https:\/\/dev.galagar.com\/fr\/?s={search_term_string}\"},\"query-input\":{\"@type\":\"PropertyValueSpecification\",\"valueRequired\":true,\"valueName\":\"search_term_string\"}}],\"inLanguage\":\"fr-FR\"},{\"@type\":\"Organization\",\"@id\":\"https:\/\/dev.galagar.com\/fr\/#organization\",\"name\":\"GALA GAR welding\",\"url\":\"https:\/\/dev.galagar.com\/fr\/\",\"logo\":{\"@type\":\"ImageObject\",\"inLanguage\":\"fr-FR\",\"@id\":\"https:\/\/dev.galagar.com\/fr\/#\/schema\/logo\/image\/\",\"url\":\"\",\"contentUrl\":\"\",\"caption\":\"GALA GAR welding\"},\"image\":{\"@id\":\"https:\/\/dev.galagar.com\/fr\/#\/schema\/logo\/image\/\"}}]}<\/script>\n<!-- \/ Yoast SEO plugin. -->","yoast_head_json":{"title":"Mod\u00e8le \u00e0 deux \u00e9tages GPR-141 | GALA GAR - Productos de soldadura y reguladores de gas - Gas y soldadura","robots":{"index":"noindex","follow":"follow","max-snippet":"max-snippet:-1","max-image-preview":"max-image-preview:large","max-video-preview":"max-video-preview:-1"},"og_locale":"fr_FR","og_type":"article","og_title":"Mod\u00e8le \u00e0 deux \u00e9tages GPR-141 | GALA GAR - Productos de soldadura y reguladores de gas - Gas y soldadura","og_description":"Applications : Syst\u00e8me de contr\u00f4le de la d\u00e9compression \u00e0 double \u00e9tage adapt\u00e9 \u00e0 l'inertisation des silos et des r\u00e9servoirs dans l'industrie p\u00e9troli\u00e8re, viticole et alimentaire. A basse pression emball\u00e9e. fruits et l\u00e9gumes Le type de gaz, la pression de sortie et les raccordements doivent \u00eatre sp\u00e9cifi\u00e9s dans la commande.","og_url":"https:\/\/dev.galagar.com\/fr\/produit\/modele-double-etage-gpr-141\/","og_site_name":"GALA GAR - Productos de soldadura y reguladores de gas - Gas y soldadura","og_image":[{"width":640,"height":800,"url":"https:\/\/dev.galagar.com\/wp-content\/uploads\/2022\/01\/GasPuro-GPR-141.jpg","type":"image\/jpeg"}],"twitter_card":"summary_large_image","twitter_misc":{"Dur\u00e9e de lecture estim\u00e9e":"1 minute"},"schema":{"@context":"https:\/\/schema.org","@graph":[{"@type":"WebPage","@id":"https:\/\/dev.galagar.com\/fr\/produit\/modele-double-etage-gpr-141\/","url":"https:\/\/dev.galagar.com\/fr\/produit\/modele-double-etage-gpr-141\/","name":"Mod\u00e8le \u00e0 deux \u00e9tages GPR-141 | GALA GAR - Productos de soldadura y reguladores de gas - Gas y soldadura","isPartOf":{"@id":"https:\/\/dev.galagar.com\/fr\/#website"},"primaryImageOfPage":{"@id":"https:\/\/dev.galagar.com\/fr\/produit\/modele-double-etage-gpr-141\/#primaryimage"},"image":{"@id":"https:\/\/dev.galagar.com\/fr\/produit\/modele-double-etage-gpr-141\/#primaryimage"},"thumbnailUrl":"https:\/\/dev.galagar.com\/wp-content\/uploads\/2022\/01\/GasPuro-GPR-141.jpg","datePublished":"2022-05-04T18:45:33+00:00","breadcrumb":{"@id":"https:\/\/dev.galagar.com\/fr\/produit\/modele-double-etage-gpr-141\/#breadcrumb"},"inLanguage":"fr-FR","potentialAction":[{"@type":"ReadAction","target":["https:\/\/dev.galagar.com\/fr\/produit\/modele-double-etage-gpr-141\/"]}]},{"@type":"ImageObject","inLanguage":"fr-FR","@id":"https:\/\/dev.galagar.com\/fr\/produit\/modele-double-etage-gpr-141\/#primaryimage","url":"https:\/\/dev.galagar.com\/wp-content\/uploads\/2022\/01\/GasPuro-GPR-141.jpg","contentUrl":"https:\/\/dev.galagar.com\/wp-content\/uploads\/2022\/01\/GasPuro-GPR-141.jpg","width":640,"height":800},{"@type":"BreadcrumbList","@id":"https:\/\/dev.galagar.com\/fr\/produit\/modele-double-etage-gpr-141\/#breadcrumb","itemListElement":[{"@type":"ListItem","position":1,"name":"Inicio","item":"https:\/\/dev.galagar.com\/fr\/accueil\/"},{"@type":"ListItem","position":2,"name":"Tienda","item":"https:\/\/dev.galagar.com\/tienda\/"},{"@type":"ListItem","position":3,"name":"Produits","item":"https:\/\/dev.galagar.com\/fr\/categoria-producto\/produits\/"},{"@type":"ListItem","position":4,"name":"R\u00e9gulation des gaz","item":"https:\/\/dev.galagar.com\/fr\/categoria-producto\/produits\/regulation-des-gaz\/"},{"@type":"ListItem","position":5,"name":"D\u00e9tendeurs de gaz pur","item":"https:\/\/dev.galagar.com\/fr\/categoria-producto\/produits\/regulation-des-gaz\/detendeurs-de-gaz-pur\/"},{"@type":"ListItem","position":6,"name":"Mod\u00e8le \u00e0 deux \u00e9tages GPR-141"}]},{"@type":"WebSite","@id":"https:\/\/dev.galagar.com\/fr\/#website","url":"https:\/\/dev.galagar.com\/fr\/","name":"GALA GAR - Productos de soldadura y reguladores de gas - Gas y soldadura","description":"Gala Gar es fabricante de tecnolog\u00eda competitiva para soldadura (MMA-TIG-MIG\/MAG-CORTE POR PLASMA), regulaci\u00f3n de gases, y para soldadura y corte por gas.","publisher":{"@id":"https:\/\/dev.galagar.com\/fr\/#organization"},"potentialAction":[{"@type":"SearchAction","target":{"@type":"EntryPoint","urlTemplate":"https:\/\/dev.galagar.com\/fr\/?s={search_term_string}"},"query-input":{"@type":"PropertyValueSpecification","valueRequired":true,"valueName":"search_term_string"}}],"inLanguage":"fr-FR"},{"@type":"Organization","@id":"https:\/\/dev.galagar.com\/fr\/#organization","name":"GALA GAR welding","url":"https:\/\/dev.galagar.com\/fr\/","logo":{"@type":"ImageObject","inLanguage":"fr-FR","@id":"https:\/\/dev.galagar.com\/fr\/#\/schema\/logo\/image\/","url":"","contentUrl":"","caption":"GALA GAR welding"},"image":{"@id":"https:\/\/dev.galagar.com\/fr\/#\/schema\/logo\/image\/"}}]}},"_links":{"self":[{"href":"https:\/\/dev.galagar.com\/fr\/wp-json\/wp\/v2\/product\/16855","targetHints":{"allow":["GET"]}}],"collection":[{"href":"https:\/\/dev.galagar.com\/fr\/wp-json\/wp\/v2\/product"}],"about":[{"href":"https:\/\/dev.galagar.com\/fr\/wp-json\/wp\/v2\/types\/product"}],"wp:featuredmedia":[{"embeddable":true,"href":"https:\/\/dev.galagar.com\/fr\/wp-json\/wp\/v2\/media\/16868"}],"wp:attachment":[{"href":"https:\/\/dev.galagar.com\/fr\/wp-json\/wp\/v2\/media?parent=16855"}],"wp:term":[{"taxonomy":"product_brand","embeddable":true,"href":"https:\/\/dev.galagar.com\/fr\/wp-json\/wp\/v2\/product_brand?post=16855"},{"taxonomy":"product_cat","embeddable":true,"href":"https:\/\/dev.galagar.com\/fr\/wp-json\/wp\/v2\/product_cat?post=16855"},{"taxonomy":"product_tag","embeddable":true,"href":"https:\/\/dev.galagar.com\/fr\/wp-json\/wp\/v2\/product_tag?post=16855"}],"curies":[{"name":"wp","href":"https:\/\/api.w.org\/{rel}","templated":true}]}}