{"id":16851,"date":"2022-01-27T19:44:04","date_gmt":"2022-01-27T18:44:04","guid":{"rendered":"https:\/\/dev.galagar.com\/producto\/modele-a-un-etage-gpr-1\/"},"modified":"2023-04-28T12:29:08","modified_gmt":"2023-04-28T10:29:08","slug":"modele-a-un-etage-gpr-1","status":"publish","type":"product","link":"https:\/\/dev.galagar.com\/fr\/produit\/modele-a-un-etage-gpr-1\/","title":{"rendered":"Mod\u00e8le \u00e0 un \u00e9tage GPR-1"},"content":{"rendered":"<div class=\"fusion-fullwidth fullwidth-box fusion-builder-row-1 fusion-flex-container nonhundred-percent-fullwidth non-hundred-percent-height-scrolling\" style=\"--awb-border-radius-top-left:0px;--awb-border-radius-top-right:0px;--awb-border-radius-bottom-right:0px;--awb-border-radius-bottom-left:0px;--awb-flex-wrap:wrap;\" ><div class=\"fusion-builder-row fusion-row fusion-flex-align-items-flex-start fusion-flex-content-wrap\" style=\"max-width:1216.8px;margin-left: calc(-4% \/ 2 );margin-right: calc(-4% \/ 2 );\"><div class=\"fusion-layout-column fusion_builder_column fusion-builder-column-0 fusion_builder_column_1_1 1_1 fusion-flex-column\" style=\"--awb-bg-size:cover;--awb-width-large:100%;--awb-margin-top-large:0px;--awb-spacing-right-large:1.92%;--awb-margin-bottom-large:0px;--awb-spacing-left-large:1.92%;--awb-width-medium:100%;--awb-spacing-right-medium:1.92%;--awb-spacing-left-medium:1.92%;--awb-width-small:100%;--awb-spacing-right-small:1.92%;--awb-spacing-left-small:1.92%;\"><div class=\"fusion-column-wrapper fusion-flex-justify-content-flex-start fusion-content-layout-column\"><div class=\"fusion-text fusion-text-1\"><p><strong>Sp\u00e9cifications techniques :<br \/>\n<\/strong>&#8211; Corps en laiton nickel\u00e9 pour GPR 1N<br \/>\n&#8211; Corps en acier inoxydable AISI-316 pour GPR 1S<br \/>\n&#8211; Membrane en acier inoxydable<br \/>\n&#8211; Filtre d&#8217;entr\u00e9e en acier inoxydable<br \/>\n&#8211; Joint d&#8217;\u00e9tanch\u00e9it\u00e9 PVDF (Fluoropolydivinylid\u00e8ne)<br \/>\n&#8211; Soupape de surpression canalisable avec filetage interne \u00bc&#8221; BSP.<br \/>\n&#8211; Connexions aux bouteilles conform\u00e9ment aux normes europ\u00e9ennes et am\u00e9ricaines.<br \/>\n&#8211; Raccords de sortie 1\/4 &#8220;BSP ou 3\/8 &#8220;BSP, sortie de tube<br \/>\n&#8211; Manom\u00e8tres EN-5171 classe 2.5<br \/>\n&#8211; Plage de temp\u00e9rature de travail -20\u00ba+60\u00baC<br \/>\n&#8211; Poids net 1,5 kg.<\/p>\n<\/div><\/div><\/div><\/div><\/div>\n","protected":false},"excerpt":{"rendered":"<p><strong>Notes techniques :<br \/>\n<\/strong>L&#8217;utilisation de clapets anti-retour de flamme dans les r\u00e9gulateurs de gaz inflammables et inflammables conform\u00e9ment \u00e0 l&#8217;ITC-005 est obligatoire.<\/p>\n<p><strong>Applications :<\/strong><br \/>\nLaboratoire d&#8217;analyse, chromatographie<br \/>\nIndustrie alimentaire<br \/>\nGaz corrosifs et puret\u00e9 6.0 (ammoniac, acide)<\/p>\n<h6><strong>Le type de gaz, la pression de sortie et les raccordements doivent \u00eatre sp\u00e9cifi\u00e9s dans la commande.<\/strong><\/h6>\n","protected":false},"featured_media":16858,"template":"","meta":{"_acf_changed":false},"product_brand":[],"product_cat":[937,1300],"product_tag":[],"class_list":{"0":"post-16851","1":"product","2":"type-product","3":"status-publish","4":"has-post-thumbnail","6":"product_cat-produits","7":"product_cat-detendeurs-de-gaz-pur","9":"first","10":"instock","11":"taxable","12":"shipping-taxable","13":"product-type-variable"},"acf":[],"yoast_head":"<!-- This site is optimized with the Yoast SEO plugin v24.8.1 - https:\/\/yoast.com\/wordpress\/plugins\/seo\/ -->\n<title>Mod\u00e8le \u00e0 un \u00e9tage GPR-1 | GALA GAR - Productos de soldadura y reguladores de gas - Gas y soldadura<\/title>\n<meta name=\"robots\" content=\"noindex, follow, max-snippet:-1, max-image-preview:large, max-video-preview:-1\" \/>\n<meta property=\"og:locale\" content=\"fr_FR\" \/>\n<meta property=\"og:type\" content=\"article\" \/>\n<meta property=\"og:title\" content=\"Mod\u00e8le \u00e0 un \u00e9tage GPR-1 | GALA GAR - Productos de soldadura y reguladores de gas - Gas y soldadura\" \/>\n<meta property=\"og:description\" content=\"Notes techniques : L&#039;utilisation de clapets anti-retour de flamme dans les r\u00e9gulateurs de gaz inflammables et inflammables conform\u00e9ment \u00e0 l&#039;ITC-005 est obligatoire. Applications : Laboratoire d&#039;analyse, chromatographie Industrie alimentaire Gaz corrosifs et puret\u00e9 6.0 (ammoniac, acide) Le type de gaz, la pression de sortie et les raccordements doivent \u00eatre sp\u00e9cifi\u00e9s dans la commande.\" \/>\n<meta property=\"og:url\" content=\"https:\/\/dev.galagar.com\/fr\/produit\/modele-a-un-etage-gpr-1\/\" \/>\n<meta property=\"og:site_name\" content=\"GALA GAR - Productos de soldadura y reguladores de gas - Gas y soldadura\" \/>\n<meta property=\"article:modified_time\" content=\"2023-04-28T10:29:08+00:00\" \/>\n<meta property=\"og:image\" content=\"https:\/\/dev.galagar.com\/wp-content\/uploads\/2022\/01\/GasPuro-GPR-1.jpg\" \/>\n\t<meta property=\"og:image:width\" content=\"640\" \/>\n\t<meta property=\"og:image:height\" content=\"800\" \/>\n\t<meta property=\"og:image:type\" content=\"image\/jpeg\" \/>\n<meta name=\"twitter:card\" content=\"summary_large_image\" \/>\n<meta name=\"twitter:label1\" content=\"Dur\u00e9e de lecture estim\u00e9e\" \/>\n\t<meta name=\"twitter:data1\" content=\"1 minute\" \/>\n<script type=\"application\/ld+json\" class=\"yoast-schema-graph\">{\"@context\":\"https:\/\/schema.org\",\"@graph\":[{\"@type\":\"WebPage\",\"@id\":\"https:\/\/dev.galagar.com\/fr\/produit\/modele-a-un-etage-gpr-1\/\",\"url\":\"https:\/\/dev.galagar.com\/fr\/produit\/modele-a-un-etage-gpr-1\/\",\"name\":\"Mod\u00e8le \u00e0 un \u00e9tage GPR-1 | GALA GAR - Productos de soldadura y reguladores de gas - Gas y soldadura\",\"isPartOf\":{\"@id\":\"https:\/\/dev.galagar.com\/fr\/#website\"},\"primaryImageOfPage\":{\"@id\":\"https:\/\/dev.galagar.com\/fr\/produit\/modele-a-un-etage-gpr-1\/#primaryimage\"},\"image\":{\"@id\":\"https:\/\/dev.galagar.com\/fr\/produit\/modele-a-un-etage-gpr-1\/#primaryimage\"},\"thumbnailUrl\":\"https:\/\/dev.galagar.com\/wp-content\/uploads\/2022\/01\/GasPuro-GPR-1.jpg\",\"datePublished\":\"2022-01-27T18:44:04+00:00\",\"dateModified\":\"2023-04-28T10:29:08+00:00\",\"breadcrumb\":{\"@id\":\"https:\/\/dev.galagar.com\/fr\/produit\/modele-a-un-etage-gpr-1\/#breadcrumb\"},\"inLanguage\":\"fr-FR\",\"potentialAction\":[{\"@type\":\"ReadAction\",\"target\":[\"https:\/\/dev.galagar.com\/fr\/produit\/modele-a-un-etage-gpr-1\/\"]}]},{\"@type\":\"ImageObject\",\"inLanguage\":\"fr-FR\",\"@id\":\"https:\/\/dev.galagar.com\/fr\/produit\/modele-a-un-etage-gpr-1\/#primaryimage\",\"url\":\"https:\/\/dev.galagar.com\/wp-content\/uploads\/2022\/01\/GasPuro-GPR-1.jpg\",\"contentUrl\":\"https:\/\/dev.galagar.com\/wp-content\/uploads\/2022\/01\/GasPuro-GPR-1.jpg\",\"width\":640,\"height\":800},{\"@type\":\"BreadcrumbList\",\"@id\":\"https:\/\/dev.galagar.com\/fr\/produit\/modele-a-un-etage-gpr-1\/#breadcrumb\",\"itemListElement\":[{\"@type\":\"ListItem\",\"position\":1,\"name\":\"Inicio\",\"item\":\"https:\/\/dev.galagar.com\/fr\/accueil\/\"},{\"@type\":\"ListItem\",\"position\":2,\"name\":\"Tienda\",\"item\":\"https:\/\/dev.galagar.com\/tienda\/\"},{\"@type\":\"ListItem\",\"position\":3,\"name\":\"Produits\",\"item\":\"https:\/\/dev.galagar.com\/fr\/categoria-producto\/produits\/\"},{\"@type\":\"ListItem\",\"position\":4,\"name\":\"Mod\u00e8le \u00e0 un \u00e9tage GPR-1\"}]},{\"@type\":\"WebSite\",\"@id\":\"https:\/\/dev.galagar.com\/fr\/#website\",\"url\":\"https:\/\/dev.galagar.com\/fr\/\",\"name\":\"GALA GAR - Productos de soldadura y reguladores de gas - Gas y soldadura\",\"description\":\"Gala Gar es fabricante de tecnolog\u00eda competitiva para soldadura (MMA-TIG-MIG\/MAG-CORTE POR PLASMA), regulaci\u00f3n de gases, y para soldadura y corte por gas.\",\"publisher\":{\"@id\":\"https:\/\/dev.galagar.com\/fr\/#organization\"},\"potentialAction\":[{\"@type\":\"SearchAction\",\"target\":{\"@type\":\"EntryPoint\",\"urlTemplate\":\"https:\/\/dev.galagar.com\/fr\/?s={search_term_string}\"},\"query-input\":{\"@type\":\"PropertyValueSpecification\",\"valueRequired\":true,\"valueName\":\"search_term_string\"}}],\"inLanguage\":\"fr-FR\"},{\"@type\":\"Organization\",\"@id\":\"https:\/\/dev.galagar.com\/fr\/#organization\",\"name\":\"GALA GAR welding\",\"url\":\"https:\/\/dev.galagar.com\/fr\/\",\"logo\":{\"@type\":\"ImageObject\",\"inLanguage\":\"fr-FR\",\"@id\":\"https:\/\/dev.galagar.com\/fr\/#\/schema\/logo\/image\/\",\"url\":\"\",\"contentUrl\":\"\",\"caption\":\"GALA GAR welding\"},\"image\":{\"@id\":\"https:\/\/dev.galagar.com\/fr\/#\/schema\/logo\/image\/\"}}]}<\/script>\n<!-- \/ Yoast SEO plugin. -->","yoast_head_json":{"title":"Mod\u00e8le \u00e0 un \u00e9tage GPR-1 | GALA GAR - Productos de soldadura y reguladores de gas - Gas y soldadura","robots":{"index":"noindex","follow":"follow","max-snippet":"max-snippet:-1","max-image-preview":"max-image-preview:large","max-video-preview":"max-video-preview:-1"},"og_locale":"fr_FR","og_type":"article","og_title":"Mod\u00e8le \u00e0 un \u00e9tage GPR-1 | GALA GAR - Productos de soldadura y reguladores de gas - Gas y soldadura","og_description":"Notes techniques : L'utilisation de clapets anti-retour de flamme dans les r\u00e9gulateurs de gaz inflammables et inflammables conform\u00e9ment \u00e0 l'ITC-005 est obligatoire. Applications : Laboratoire d'analyse, chromatographie Industrie alimentaire Gaz corrosifs et puret\u00e9 6.0 (ammoniac, acide) Le type de gaz, la pression de sortie et les raccordements doivent \u00eatre sp\u00e9cifi\u00e9s dans la commande.","og_url":"https:\/\/dev.galagar.com\/fr\/produit\/modele-a-un-etage-gpr-1\/","og_site_name":"GALA GAR - Productos de soldadura y reguladores de gas - Gas y soldadura","article_modified_time":"2023-04-28T10:29:08+00:00","og_image":[{"width":640,"height":800,"url":"https:\/\/dev.galagar.com\/wp-content\/uploads\/2022\/01\/GasPuro-GPR-1.jpg","type":"image\/jpeg"}],"twitter_card":"summary_large_image","twitter_misc":{"Dur\u00e9e de lecture estim\u00e9e":"1 minute"},"schema":{"@context":"https:\/\/schema.org","@graph":[{"@type":"WebPage","@id":"https:\/\/dev.galagar.com\/fr\/produit\/modele-a-un-etage-gpr-1\/","url":"https:\/\/dev.galagar.com\/fr\/produit\/modele-a-un-etage-gpr-1\/","name":"Mod\u00e8le \u00e0 un \u00e9tage GPR-1 | GALA GAR - Productos de soldadura y reguladores de gas - Gas y soldadura","isPartOf":{"@id":"https:\/\/dev.galagar.com\/fr\/#website"},"primaryImageOfPage":{"@id":"https:\/\/dev.galagar.com\/fr\/produit\/modele-a-un-etage-gpr-1\/#primaryimage"},"image":{"@id":"https:\/\/dev.galagar.com\/fr\/produit\/modele-a-un-etage-gpr-1\/#primaryimage"},"thumbnailUrl":"https:\/\/dev.galagar.com\/wp-content\/uploads\/2022\/01\/GasPuro-GPR-1.jpg","datePublished":"2022-01-27T18:44:04+00:00","dateModified":"2023-04-28T10:29:08+00:00","breadcrumb":{"@id":"https:\/\/dev.galagar.com\/fr\/produit\/modele-a-un-etage-gpr-1\/#breadcrumb"},"inLanguage":"fr-FR","potentialAction":[{"@type":"ReadAction","target":["https:\/\/dev.galagar.com\/fr\/produit\/modele-a-un-etage-gpr-1\/"]}]},{"@type":"ImageObject","inLanguage":"fr-FR","@id":"https:\/\/dev.galagar.com\/fr\/produit\/modele-a-un-etage-gpr-1\/#primaryimage","url":"https:\/\/dev.galagar.com\/wp-content\/uploads\/2022\/01\/GasPuro-GPR-1.jpg","contentUrl":"https:\/\/dev.galagar.com\/wp-content\/uploads\/2022\/01\/GasPuro-GPR-1.jpg","width":640,"height":800},{"@type":"BreadcrumbList","@id":"https:\/\/dev.galagar.com\/fr\/produit\/modele-a-un-etage-gpr-1\/#breadcrumb","itemListElement":[{"@type":"ListItem","position":1,"name":"Inicio","item":"https:\/\/dev.galagar.com\/fr\/accueil\/"},{"@type":"ListItem","position":2,"name":"Tienda","item":"https:\/\/dev.galagar.com\/tienda\/"},{"@type":"ListItem","position":3,"name":"Produits","item":"https:\/\/dev.galagar.com\/fr\/categoria-producto\/produits\/"},{"@type":"ListItem","position":4,"name":"Mod\u00e8le \u00e0 un \u00e9tage GPR-1"}]},{"@type":"WebSite","@id":"https:\/\/dev.galagar.com\/fr\/#website","url":"https:\/\/dev.galagar.com\/fr\/","name":"GALA GAR - Productos de soldadura y reguladores de gas - Gas y soldadura","description":"Gala Gar es fabricante de tecnolog\u00eda competitiva para soldadura (MMA-TIG-MIG\/MAG-CORTE POR PLASMA), regulaci\u00f3n de gases, y para soldadura y corte por gas.","publisher":{"@id":"https:\/\/dev.galagar.com\/fr\/#organization"},"potentialAction":[{"@type":"SearchAction","target":{"@type":"EntryPoint","urlTemplate":"https:\/\/dev.galagar.com\/fr\/?s={search_term_string}"},"query-input":{"@type":"PropertyValueSpecification","valueRequired":true,"valueName":"search_term_string"}}],"inLanguage":"fr-FR"},{"@type":"Organization","@id":"https:\/\/dev.galagar.com\/fr\/#organization","name":"GALA GAR welding","url":"https:\/\/dev.galagar.com\/fr\/","logo":{"@type":"ImageObject","inLanguage":"fr-FR","@id":"https:\/\/dev.galagar.com\/fr\/#\/schema\/logo\/image\/","url":"","contentUrl":"","caption":"GALA GAR welding"},"image":{"@id":"https:\/\/dev.galagar.com\/fr\/#\/schema\/logo\/image\/"}}]}},"_links":{"self":[{"href":"https:\/\/dev.galagar.com\/fr\/wp-json\/wp\/v2\/product\/16851","targetHints":{"allow":["GET"]}}],"collection":[{"href":"https:\/\/dev.galagar.com\/fr\/wp-json\/wp\/v2\/product"}],"about":[{"href":"https:\/\/dev.galagar.com\/fr\/wp-json\/wp\/v2\/types\/product"}],"wp:featuredmedia":[{"embeddable":true,"href":"https:\/\/dev.galagar.com\/fr\/wp-json\/wp\/v2\/media\/16858"}],"wp:attachment":[{"href":"https:\/\/dev.galagar.com\/fr\/wp-json\/wp\/v2\/media?parent=16851"}],"wp:term":[{"taxonomy":"product_brand","embeddable":true,"href":"https:\/\/dev.galagar.com\/fr\/wp-json\/wp\/v2\/product_brand?post=16851"},{"taxonomy":"product_cat","embeddable":true,"href":"https:\/\/dev.galagar.com\/fr\/wp-json\/wp\/v2\/product_cat?post=16851"},{"taxonomy":"product_tag","embeddable":true,"href":"https:\/\/dev.galagar.com\/fr\/wp-json\/wp\/v2\/product_tag?post=16851"}],"curies":[{"name":"wp","href":"https:\/\/api.w.org\/{rel}","templated":true}]}}