{"id":19512,"date":"2022-02-01T19:13:07","date_gmt":"2022-02-01T18:13:07","guid":{"rendered":"https:\/\/dev.galagar.com\/avis-juridique\/"},"modified":"2023-05-02T19:17:39","modified_gmt":"2023-05-02T17:17:39","slug":"avis-juridique","status":"publish","type":"page","link":"https:\/\/dev.galagar.com\/fr\/avis-juridique\/","title":{"rendered":"Avis juridique"},"content":{"rendered":"<div class=\"fusion-fullwidth fullwidth-box fusion-builder-row-1 fusion-flex-container nonhundred-percent-fullwidth non-hundred-percent-height-scrolling\" style=\"--awb-border-radius-top-left:0px;--awb-border-radius-top-right:0px;--awb-border-radius-bottom-right:0px;--awb-border-radius-bottom-left:0px;--awb-flex-wrap:wrap;\" ><div class=\"fusion-builder-row fusion-row fusion-flex-align-items-flex-start fusion-flex-content-wrap\" style=\"max-width:1216.8px;margin-left: calc(-4% \/ 2 );margin-right: calc(-4% \/ 2 );\"><div class=\"fusion-layout-column fusion_builder_column fusion-builder-column-0 fusion_builder_column_1_1 1_1 fusion-flex-column\" style=\"--awb-bg-size:cover;--awb-width-large:100%;--awb-margin-top-large:0px;--awb-spacing-right-large:1.92%;--awb-margin-bottom-large:0px;--awb-spacing-left-large:1.92%;--awb-width-medium:100%;--awb-spacing-right-medium:1.92%;--awb-spacing-left-medium:1.92%;--awb-width-small:100%;--awb-spacing-right-small:1.92%;--awb-spacing-left-small:1.92%;\"><div class=\"fusion-column-wrapper fusion-flex-justify-content-flex-start fusion-content-layout-column\"><div class=\"fusion-text fusion-text-1\" style=\"--awb-text-transform:none;\"><h1>Avis juridique<\/h1>\n<\/div><div class=\"fusion-separator fusion-full-width-sep\" style=\"align-self: center;margin-left: auto;margin-right: auto;margin-top:21px;width:100%;\"><\/div><div class=\"fusion-text fusion-text-2\" style=\"--awb-text-transform:none;\"><p><strong>LOI SUR LES SERVICES DE LA SOCI\u00c9T\u00c9 DE L&#8217;INFORMATION (LSSI)<\/strong><\/p>\n<p>GALA GAR S.L., responsable du site Web, ci-apr\u00e8s d\u00e9nomm\u00e9 RESPONSABLE, met \u00e0 la disposition des utilisateurs le pr\u00e9sent document, dans le but de respecter les obligations pr\u00e9vues par la loi 34\/2002, du 11 juillet, relative aux services de la soci\u00e9t\u00e9 de l&#8217;information et au commerce \u00e9lectronique (LSSICE), BOE n\u00ba 166, et d&#8217;informer tous les utilisateurs du site Web des conditions d&#8217;utilisation.<\/p>\n<p>Toute personne acc\u00e9dant \u00e0 ce site web assume le r\u00f4le d&#8217;utilisateur et s&#8217;engage \u00e0 observer et \u00e0 respecter scrupuleusement les dispositions du pr\u00e9sent document, ainsi que toute autre disposition l\u00e9gale applicable.<\/p>\n<p>GALA GAR S.L. se r\u00e9serve le droit de modifier tout type d&#8217;information pouvant appara\u00eetre sur le site web, sans obligation de pr\u00e9avis ni d&#8217;information des utilisateurs, \u00e9tant entendu que la publication sur le site web de GALA GAR S.L. est suffisante.<\/p>\n<p><strong>1. DONN\u00c9ES D&#8217;IDENTIFICATION<\/strong><\/p>\n<p>Nom de domaine : www.galagar.com<br \/>\nNom commercial : GALA GAR<br \/>\nNom de l&#8217;entreprise : GALA GAR S.L.<br \/>\nNUM\u00c9RO DE TVA : B50045285<br \/>\nSi\u00e8ge social : CALLE JAIME FERRAN, 19, 50014 ZARAGOZA<br \/>\nT\u00e9l\u00e9phone : 976473410<br \/>\ne-mail : <a href=\"mailto:pilargardeta@galagar.com\">pilargardeta@galagar.com<\/a><br \/>\nInscrit au registre (mercantile \/ public) : REGISTRO MERCANTIL DE ZARAGOZA. VOLUME 3321. FOLIO 225. SECTION 8. SHEET Z 6854.<\/p>\n<p><strong>2. DROITS DE PROPRI\u00c9T\u00c9 INTELLECTUELLE ET INDUSTRIELLE<\/strong><\/p>\n<p>Le site web, y compris, mais sans s&#8217;y limiter, sa programmation, son \u00e9dition, sa compilation et les autres \u00e9l\u00e9ments n\u00e9cessaires \u00e0 son fonctionnement, les dessins, les logos, les textes et\/ou les graphiques, sont la propri\u00e9t\u00e9 de la PARTIE RESPONSABLE ou, le cas \u00e9ch\u00e9ant, b\u00e9n\u00e9ficient d&#8217;une licence ou d&#8217;une autorisation expresse de la part des auteurs. Tous les contenus du site Web sont d\u00fbment prot\u00e9g\u00e9s par la r\u00e9glementation en mati\u00e8re de propri\u00e9t\u00e9 intellectuelle et industrielle, et sont inscrits dans les registres publics correspondants. Quelle que soit la finalit\u00e9 poursuivie, la reproduction, l&#8217;utilisation, l&#8217;exploitation, la distribution et la commercialisation, totales ou partielles, requi\u00e8rent dans tous les cas l&#8217;autorisation \u00e9crite pr\u00e9alable du RESPONSABLE. Toute utilisation non autoris\u00e9e est consid\u00e9r\u00e9e comme une violation grave des droits de propri\u00e9t\u00e9 intellectuelle ou industrielle de l&#8217;auteur.<\/p>\n<p>Les dessins, logos, textes et\/ou graphiques qui n&#8217;appartiennent pas au RESPONSABLE et qui peuvent appara\u00eetre sur le site web appartiennent \u00e0 leurs propri\u00e9taires respectifs, qui sont eux-m\u00eames responsables de toute controverse \u00e9ventuelle \u00e0 leur sujet. Le RESPONSABLE autorise express\u00e9ment les tiers \u00e0 rediriger directement vers les contenus sp\u00e9cifiques du site web, et dans tous les cas \u00e0 rediriger vers le site web principal www.galagar.com.<\/p>\n<p>Le RESPONSABLE reconna\u00eet les droits de propri\u00e9t\u00e9 intellectuelle et industrielle correspondants en faveur de leurs propri\u00e9taires, et leur simple mention ou apparition sur le site web n&#8217;implique l&#8217;existence d&#8217;aucun droit ou responsabilit\u00e9 de quelque nature que ce soit sur ceux-ci, ni aucune approbation, parrainage ou recommandation de leur part.<\/p>\n<p>Si vous souhaitez faire des commentaires sur d&#8217;\u00e9ventuelles violations des droits de propri\u00e9t\u00e9 intellectuelle ou industrielle, ou sur l&#8217;un des contenus du site web, vous pouvez le faire en envoyant un courrier \u00e9lectronique \u00e0 <a href=\"mailto:pilargardeta@galagar.com\">pilargardeta@galagar.com<\/a>.<\/p>\n<p><strong>3. EXON\u00c9RATION DE RESPONSABILIT\u00c9<\/strong><\/p>\n<p>Le RESPONSABLE d\u00e9cline toute responsabilit\u00e9 pour les informations publi\u00e9es sur son site web si ces informations ont \u00e9t\u00e9 manipul\u00e9es ou introduites par un tiers ext\u00e9rieur \u00e0 celui-ci.<\/p>\n<p><strong>Utilisation des cookies<\/strong><\/p>\n<p>Ce site web peut utiliser des cookies techniques (petits fichiers d&#8217;information que le serveur envoie \u00e0 l&#8217;ordinateur de la personne qui acc\u00e8de \u00e0 la page) pour ex\u00e9cuter certaines fonctions consid\u00e9r\u00e9es comme essentielles au bon fonctionnement et \u00e0 la visualisation du site. Les cookies utilis\u00e9s sont, en tout \u00e9tat de cause, de nature temporaire, dans le seul but de rendre la navigation plus efficace, et disparaissent \u00e0 la fin de la session de l&#8217;utilisateur. Ces cookies ne fournissent en aucun cas des donn\u00e9es personnelles et ne sont pas utilis\u00e9s pour collecter de telles donn\u00e9es.<\/p>\n<p>Gr\u00e2ce \u00e0 l&#8217;utilisation de cookies, il est \u00e9galement possible que le serveur o\u00f9 se trouve le site web reconnaisse le navigateur utilis\u00e9 par l&#8217;utilisateur afin de faciliter la navigation, en permettant, par exemple, aux utilisateurs qui se sont pr\u00e9alablement enregistr\u00e9s d&#8217;acc\u00e9der \u00e0 des zones, des services, des promotions ou des concours qui leur sont exclusivement r\u00e9serv\u00e9s, sans avoir \u00e0 s&#8217;enregistrer lors de chaque visite. Ils peuvent \u00e9galement \u00eatre utilis\u00e9s pour mesurer l&#8217;audience, les param\u00e8tres de trafic, contr\u00f4ler la progression et le nombre d&#8217;entr\u00e9es, etc. Ce site web n&#8217;installera pas de cookies dispensables sans le consentement pr\u00e9alable de l&#8217;utilisateur.<\/p>\n<p>L&#8217;utilisateur a la possibilit\u00e9 de configurer son navigateur pour \u00eatre alert\u00e9 de la r\u00e9ception de cookies et pour emp\u00eacher leur installation sur son \u00e9quipement. Veuillez vous r\u00e9f\u00e9rer aux instructions de votre navigateur pour plus d&#8217;informations.<\/p>\n<p><strong>Politique de liaison<\/strong><\/p>\n<p>\u00c0 partir du site web, vous pouvez \u00eatre redirig\u00e9 vers le contenu de sites web de tiers. \u00c9tant donn\u00e9 que le RESPONSABLE ne peut pas toujours contr\u00f4ler le contenu affich\u00e9 par des tiers sur leurs sites web respectifs, le RESPONSABLE n&#8217;assume aucune responsabilit\u00e9 pour ce contenu. En tout \u00e9tat de cause, il retirera imm\u00e9diatement tout contenu susceptible de contrevenir \u00e0 la l\u00e9gislation nationale ou internationale, \u00e0 la morale ou \u00e0 l&#8217;ordre public, en supprimant imm\u00e9diatement la redirection vers ledit site et en informant les autorit\u00e9s comp\u00e9tentes du contenu en question.<\/p>\n<p>Le RESPONSABLE n&#8217;est pas responsable des informations et contenus stock\u00e9s, y compris, mais sans s&#8217;y limiter, dans les forums, chats, g\u00e9n\u00e9rateurs de blogs, commentaires, r\u00e9seaux sociaux ou tout autre support permettant \u00e0 des tiers de publier des contenus de mani\u00e8re ind\u00e9pendante sur le site web du RESPONSABLE. Toutefois, et conform\u00e9ment aux dispositions des articles 11 et 16 de la LSSICE, il se met \u00e0 la disposition de tous les utilisateurs, autorit\u00e9s et forces de s\u00e9curit\u00e9, en collaborant activement au retrait ou, le cas \u00e9ch\u00e9ant, au blocage de tout contenu susceptible d&#8217;affecter ou de contrevenir \u00e0 la l\u00e9gislation nationale ou internationale, aux droits des tiers ou \u00e0 la morale et \u00e0 l&#8217;ordre public. Si l&#8217;utilisateur consid\u00e8re qu&#8217;il existe un contenu sur le site web susceptible d&#8217;\u00eatre class\u00e9 dans cette cat\u00e9gorie, il est pri\u00e9 d&#8217;en informer imm\u00e9diatement l&#8217;administrateur du site web.<\/p>\n<p>Ce site web a \u00e9t\u00e9 revu et test\u00e9 afin de s&#8217;assurer qu&#8217;il fonctionne correctement. En principe, le bon fonctionnement peut \u00eatre garanti 365 jours par an, 24 heures par jour. Toutefois, le RESPONSABLE n&#8217;exclut pas la possibilit\u00e9 de certaines erreurs de programmation, ou la survenance de cas de force majeure, de catastrophes naturelles, de gr\u00e8ves ou de circonstances similaires rendant impossible l&#8217;acc\u00e8s au site web.<\/p>\n<p><strong>Adresses IP<\/strong><\/p>\n<p>Les serveurs du site web peuvent d\u00e9tecter automatiquement l&#8217;adresse IP et le nom de domaine utilis\u00e9s par l&#8217;utilisateur. Une adresse IP est un num\u00e9ro automatiquement attribu\u00e9 \u00e0 un ordinateur lorsqu&#8217;il se connecte \u00e0 l&#8217;internet. Toutes ces informations sont enregistr\u00e9es dans un fichier d&#8217;activit\u00e9 du serveur d\u00fbment enregistr\u00e9 qui permet le traitement ult\u00e9rieur des donn\u00e9es afin d&#8217;obtenir des mesures purement statistiques permettant de conna\u00eetre le nombre d&#8217;impressions de pages, le nombre de visites effectu\u00e9es sur les serveurs web, l&#8217;ordre des visites, le point d&#8217;acc\u00e8s, etc.<\/p>\n<p><strong>4. DROIT APPLICABLE ET JURIDICTION<\/strong><\/p>\n<p>Pour la r\u00e9solution de tous les litiges ou questions li\u00e9s \u00e0 ce site Web ou aux activit\u00e9s qui y sont r\u00e9alis\u00e9es, la l\u00e9gislation espagnole s&#8217;applique, \u00e0 laquelle les parties se soumettent express\u00e9ment, et les tribunaux les plus proches de ZARAGOZA sont comp\u00e9tents pour la r\u00e9solution de tous les conflits d\u00e9coulant de son utilisation ou li\u00e9s \u00e0 celle-ci.<\/p>\n<\/div><\/div><\/div><\/div><\/div>\n","protected":false},"excerpt":{"rendered":"","protected":false},"author":1,"featured_media":0,"parent":0,"menu_order":0,"comment_status":"closed","ping_status":"closed","template":"","meta":{"_acf_changed":false,"footnotes":""},"class_list":["post-19512","page","type-page","status-publish","hentry"],"acf":[],"yoast_head":"<!-- This site is optimized with the Yoast SEO plugin v24.8.1 - https:\/\/yoast.com\/wordpress\/plugins\/seo\/ -->\n<title>Avis juridique | GALA GAR - Productos de soldadura y reguladores de gas - Gas y soldadura<\/title>\n<meta name=\"robots\" content=\"noindex, follow, max-snippet:-1, max-image-preview:large, max-video-preview:-1\" \/>\n<meta property=\"og:locale\" content=\"fr_FR\" \/>\n<meta property=\"og:type\" content=\"article\" \/>\n<meta property=\"og:title\" content=\"Avis juridique | GALA GAR - Productos de soldadura y reguladores de gas - Gas y soldadura\" \/>\n<meta property=\"og:url\" content=\"https:\/\/dev.galagar.com\/fr\/avis-juridique\/\" \/>\n<meta property=\"og:site_name\" content=\"GALA GAR - Productos de soldadura y reguladores de gas - Gas y soldadura\" \/>\n<meta property=\"article:modified_time\" content=\"2023-05-02T17:17:39+00:00\" \/>\n<meta name=\"twitter:card\" content=\"summary_large_image\" \/>\n<meta name=\"twitter:label1\" content=\"Dur\u00e9e de lecture estim\u00e9e\" \/>\n\t<meta name=\"twitter:data1\" content=\"8 minutes\" \/>\n<script type=\"application\/ld+json\" class=\"yoast-schema-graph\">{\"@context\":\"https:\/\/schema.org\",\"@graph\":[{\"@type\":\"WebPage\",\"@id\":\"https:\/\/dev.galagar.com\/fr\/avis-juridique\/\",\"url\":\"https:\/\/dev.galagar.com\/fr\/avis-juridique\/\",\"name\":\"Avis juridique | GALA GAR - Productos de soldadura y reguladores de gas - Gas y soldadura\",\"isPartOf\":{\"@id\":\"https:\/\/dev.galagar.com\/fr\/#website\"},\"datePublished\":\"2022-02-01T18:13:07+00:00\",\"dateModified\":\"2023-05-02T17:17:39+00:00\",\"breadcrumb\":{\"@id\":\"https:\/\/dev.galagar.com\/fr\/avis-juridique\/#breadcrumb\"},\"inLanguage\":\"fr-FR\",\"potentialAction\":[{\"@type\":\"ReadAction\",\"target\":[\"https:\/\/dev.galagar.com\/fr\/avis-juridique\/\"]}]},{\"@type\":\"BreadcrumbList\",\"@id\":\"https:\/\/dev.galagar.com\/fr\/avis-juridique\/#breadcrumb\",\"itemListElement\":[{\"@type\":\"ListItem\",\"position\":1,\"name\":\"Inicio\",\"item\":\"https:\/\/dev.galagar.com\/fr\/accueil\/\"},{\"@type\":\"ListItem\",\"position\":2,\"name\":\"Avis juridique\"}]},{\"@type\":\"WebSite\",\"@id\":\"https:\/\/dev.galagar.com\/fr\/#website\",\"url\":\"https:\/\/dev.galagar.com\/fr\/\",\"name\":\"GALA GAR - Productos de soldadura y reguladores de gas - Gas y soldadura\",\"description\":\"Gala Gar es fabricante de tecnolog\u00eda competitiva para soldadura (MMA-TIG-MIG\/MAG-CORTE POR PLASMA), regulaci\u00f3n de gases, y para soldadura y corte por gas.\",\"publisher\":{\"@id\":\"https:\/\/dev.galagar.com\/fr\/#organization\"},\"potentialAction\":[{\"@type\":\"SearchAction\",\"target\":{\"@type\":\"EntryPoint\",\"urlTemplate\":\"https:\/\/dev.galagar.com\/fr\/?s={search_term_string}\"},\"query-input\":{\"@type\":\"PropertyValueSpecification\",\"valueRequired\":true,\"valueName\":\"search_term_string\"}}],\"inLanguage\":\"fr-FR\"},{\"@type\":\"Organization\",\"@id\":\"https:\/\/dev.galagar.com\/fr\/#organization\",\"name\":\"GALA GAR welding\",\"url\":\"https:\/\/dev.galagar.com\/fr\/\",\"logo\":{\"@type\":\"ImageObject\",\"inLanguage\":\"fr-FR\",\"@id\":\"https:\/\/dev.galagar.com\/fr\/#\/schema\/logo\/image\/\",\"url\":\"\",\"contentUrl\":\"\",\"caption\":\"GALA GAR welding\"},\"image\":{\"@id\":\"https:\/\/dev.galagar.com\/fr\/#\/schema\/logo\/image\/\"}}]}<\/script>\n<!-- \/ Yoast SEO plugin. -->","yoast_head_json":{"title":"Avis juridique | GALA GAR - Productos de soldadura y reguladores de gas - Gas y soldadura","robots":{"index":"noindex","follow":"follow","max-snippet":"max-snippet:-1","max-image-preview":"max-image-preview:large","max-video-preview":"max-video-preview:-1"},"og_locale":"fr_FR","og_type":"article","og_title":"Avis juridique | GALA GAR - Productos de soldadura y reguladores de gas - Gas y soldadura","og_url":"https:\/\/dev.galagar.com\/fr\/avis-juridique\/","og_site_name":"GALA GAR - Productos de soldadura y reguladores de gas - Gas y soldadura","article_modified_time":"2023-05-02T17:17:39+00:00","twitter_card":"summary_large_image","twitter_misc":{"Dur\u00e9e de lecture estim\u00e9e":"8 minutes"},"schema":{"@context":"https:\/\/schema.org","@graph":[{"@type":"WebPage","@id":"https:\/\/dev.galagar.com\/fr\/avis-juridique\/","url":"https:\/\/dev.galagar.com\/fr\/avis-juridique\/","name":"Avis juridique | GALA GAR - Productos de soldadura y reguladores de gas - Gas y soldadura","isPartOf":{"@id":"https:\/\/dev.galagar.com\/fr\/#website"},"datePublished":"2022-02-01T18:13:07+00:00","dateModified":"2023-05-02T17:17:39+00:00","breadcrumb":{"@id":"https:\/\/dev.galagar.com\/fr\/avis-juridique\/#breadcrumb"},"inLanguage":"fr-FR","potentialAction":[{"@type":"ReadAction","target":["https:\/\/dev.galagar.com\/fr\/avis-juridique\/"]}]},{"@type":"BreadcrumbList","@id":"https:\/\/dev.galagar.com\/fr\/avis-juridique\/#breadcrumb","itemListElement":[{"@type":"ListItem","position":1,"name":"Inicio","item":"https:\/\/dev.galagar.com\/fr\/accueil\/"},{"@type":"ListItem","position":2,"name":"Avis juridique"}]},{"@type":"WebSite","@id":"https:\/\/dev.galagar.com\/fr\/#website","url":"https:\/\/dev.galagar.com\/fr\/","name":"GALA GAR - Productos de soldadura y reguladores de gas - Gas y soldadura","description":"Gala Gar es fabricante de tecnolog\u00eda competitiva para soldadura (MMA-TIG-MIG\/MAG-CORTE POR PLASMA), regulaci\u00f3n de gases, y para soldadura y corte por gas.","publisher":{"@id":"https:\/\/dev.galagar.com\/fr\/#organization"},"potentialAction":[{"@type":"SearchAction","target":{"@type":"EntryPoint","urlTemplate":"https:\/\/dev.galagar.com\/fr\/?s={search_term_string}"},"query-input":{"@type":"PropertyValueSpecification","valueRequired":true,"valueName":"search_term_string"}}],"inLanguage":"fr-FR"},{"@type":"Organization","@id":"https:\/\/dev.galagar.com\/fr\/#organization","name":"GALA GAR welding","url":"https:\/\/dev.galagar.com\/fr\/","logo":{"@type":"ImageObject","inLanguage":"fr-FR","@id":"https:\/\/dev.galagar.com\/fr\/#\/schema\/logo\/image\/","url":"","contentUrl":"","caption":"GALA GAR welding"},"image":{"@id":"https:\/\/dev.galagar.com\/fr\/#\/schema\/logo\/image\/"}}]}},"_links":{"self":[{"href":"https:\/\/dev.galagar.com\/fr\/wp-json\/wp\/v2\/pages\/19512","targetHints":{"allow":["GET"]}}],"collection":[{"href":"https:\/\/dev.galagar.com\/fr\/wp-json\/wp\/v2\/pages"}],"about":[{"href":"https:\/\/dev.galagar.com\/fr\/wp-json\/wp\/v2\/types\/page"}],"author":[{"embeddable":true,"href":"https:\/\/dev.galagar.com\/fr\/wp-json\/wp\/v2\/users\/1"}],"replies":[{"embeddable":true,"href":"https:\/\/dev.galagar.com\/fr\/wp-json\/wp\/v2\/comments?post=19512"}],"version-history":[{"count":0,"href":"https:\/\/dev.galagar.com\/fr\/wp-json\/wp\/v2\/pages\/19512\/revisions"}],"wp:attachment":[{"href":"https:\/\/dev.galagar.com\/fr\/wp-json\/wp\/v2\/media?parent=19512"}],"curies":[{"name":"wp","href":"https:\/\/api.w.org\/{rel}","templated":true}]}}