{"id":19506,"date":"2022-02-01T19:21:43","date_gmt":"2022-02-01T18:21:43","guid":{"rendered":"https:\/\/dev.galagar.com\/politique-de-confidentialite\/"},"modified":"2023-05-02T19:16:14","modified_gmt":"2023-05-02T17:16:14","slug":"politique-de-confidentialite","status":"publish","type":"page","link":"https:\/\/dev.galagar.com\/fr\/politique-de-confidentialite\/","title":{"rendered":"Politique de confidentialit\u00e9"},"content":{"rendered":"<div class=\"fusion-fullwidth fullwidth-box fusion-builder-row-1 fusion-flex-container nonhundred-percent-fullwidth non-hundred-percent-height-scrolling\" style=\"--awb-border-radius-top-left:0px;--awb-border-radius-top-right:0px;--awb-border-radius-bottom-right:0px;--awb-border-radius-bottom-left:0px;--awb-flex-wrap:wrap;\" ><div class=\"fusion-builder-row fusion-row fusion-flex-align-items-flex-start fusion-flex-content-wrap\" style=\"max-width:1216.8px;margin-left: calc(-4% \/ 2 );margin-right: calc(-4% \/ 2 );\"><div class=\"fusion-layout-column fusion_builder_column fusion-builder-column-0 fusion_builder_column_1_1 1_1 fusion-flex-column\" style=\"--awb-bg-size:cover;--awb-width-large:100%;--awb-margin-top-large:0px;--awb-spacing-right-large:1.92%;--awb-margin-bottom-large:0px;--awb-spacing-left-large:1.92%;--awb-width-medium:100%;--awb-spacing-right-medium:1.92%;--awb-spacing-left-medium:1.92%;--awb-width-small:100%;--awb-spacing-right-small:1.92%;--awb-spacing-left-small:1.92%;\"><div class=\"fusion-column-wrapper fusion-flex-justify-content-flex-start fusion-content-layout-column\"><div class=\"fusion-text fusion-text-1\" style=\"--awb-text-transform:none;\"><h1>Politique de confidentialit\u00e9<\/h1>\n<\/div><div class=\"fusion-separator fusion-full-width-sep\" style=\"align-self: center;margin-left: auto;margin-right: auto;margin-top:21px;width:100%;\"><\/div><div class=\"fusion-text fusion-text-2\" style=\"--awb-text-transform:none;\"><p><strong>1. INFORMATIONS SUR L&#8217;UTILISATEUR<\/strong><\/p>\n<p><strong>Responsable du traitement des donn\u00e9es.<\/strong><br \/>\nIdentit\u00e9. GALA GAR S.L. &#8211; B50045285 Adresse. CALLE JAIME FERRAN, 19 &#8211; ZARAGOZA 50014 (ZARAGOZA) T\u00e9l\u00e9phone. 976473410 E-mail.  <a href=\"mailto:pilargardeta@galagar.com\">pilargardeta@galagar.com<\/a><\/p>\n<p><strong>Objectif du traitement.<\/strong><br \/>\nGALA GAR S.L. traitera les informations fournies par les utilisateurs dans chacune des sections du site Web aux fins suivantes :<\/p>\n<p>CONTACT : Les donn\u00e9es seront trait\u00e9es pour r\u00e9pondre aux questions et envoyer les informations demand\u00e9es.<\/p>\n<p>INSCRIPTION \u00c0 LA LETTRE D&#8217;INFORMATION : Les donn\u00e9es seront trait\u00e9es dans le but d&#8217;envoyer des lettres d&#8217;information et des nouvelles susceptibles d&#8217;int\u00e9resser les utilisateurs.<\/p>\n<p>TRAVAILLEZ AVEC NOUS : Nous traiterons les donn\u00e9es fournies afin d&#8217;examiner l&#8217;ad\u00e9quation des utilisateurs aux diff\u00e9rentes applications et d&#8217;\u00e9tudier leur int\u00e9gration dans les processus de s\u00e9lection correspondants.<\/p>\n<p>ENVOI D&#8217;INFORMATIONS COMMERCIALES : GALA GAR S.L. demandera le consentement explicite des utilisateurs pour l&#8217;envoi de communications publicitaires relatives aux produits commercialis\u00e9s par l&#8217;entreprise.<\/p>\n<p><strong>Crit\u00e8res de conservation des donn\u00e9es.<\/strong><br \/>\nGALA GAR S.L. conservera les donn\u00e9es pendant une p\u00e9riode de trois ans, conform\u00e9ment aux dispositions de l&#8217;article 45 de la loi 34\/2002, du 11 juillet, sur les services de la soci\u00e9t\u00e9 de l&#8217;information et le commerce \u00e9lectronique.<\/p>\n<p><strong>L\u00e9gitimation du traitement des donn\u00e9es.<\/strong><br \/>\nLe traitement des donn\u00e9es de l&#8217;utilisateur par GALA GAR S.L. est l\u00e9gitim\u00e9 par le consentement explicitement donn\u00e9.<\/p>\n<p><strong>Communication de donn\u00e9es.<\/strong><br \/>\nLes donn\u00e9es fournies par les utilisateurs peuvent \u00eatre transf\u00e9r\u00e9es aux forces de s\u00e9curit\u00e9 et\/ou \u00e0 d&#8217;autres administrations publiques comp\u00e9tentes en la mati\u00e8re.<\/p>\n<p><strong>Droits de l&#8217;utilisateur.<\/strong><br \/>\nTout utilisateur a le droit d&#8217;obtenir des informations sur le fait que GALA GAR S.L. traite ou non des donn\u00e9es \u00e0 caract\u00e8re personnel le concernant et, le cas \u00e9ch\u00e9ant, d&#8217;exercer son droit d&#8217;acc\u00e8s aux donn\u00e9es \u00e0 caract\u00e8re personnel et aux informations suivantes :<\/p>\n<ul>\n<li>les finalit\u00e9s du traitement.<\/li>\n<li>les cat\u00e9gories de donn\u00e9es \u00e0 caract\u00e8re personnel concern\u00e9es.<\/li>\n<li>les destinataires ou cat\u00e9gories de destinataires auxquels les donn\u00e9es \u00e0 caract\u00e8re personnel ont \u00e9t\u00e9 ou seront divulgu\u00e9es, en particulier les destinataires dans des tiers ou des organisations internationales.<\/li>\n<li>si possible, la dur\u00e9e envisag\u00e9e de conservation des donn\u00e9es \u00e0 caract\u00e8re personnel ou, si ce n&#8217;est pas possible, les crit\u00e8res utilis\u00e9s pour d\u00e9terminer cette dur\u00e9e.<\/li>\n<li>l&#8217;existence du droit de demander au responsable du traitement la rectification ou l&#8217;effacement des donn\u00e9es \u00e0 caract\u00e8re personnel ou la limitation du traitement des donn\u00e9es \u00e0 caract\u00e8re personnel concernant la personne concern\u00e9e, ou de s&#8217;opposer \u00e0 ce traitement ;<\/li>\n<li>le droit d&#8217;introduire une r\u00e9clamation aupr\u00e8s d&#8217;une autorit\u00e9 de contr\u00f4le.<\/li>\n<\/ul>\n<p>De m\u00eame, l&#8217;utilisateur a le droit de demander la rectification des donn\u00e9es inexactes ou, le cas \u00e9ch\u00e9ant, de demander la suppression de ces donn\u00e9es lorsque, entre autres raisons, les donn\u00e9es ne sont plus n\u00e9cessaires aux fins pour lesquelles elles ont \u00e9t\u00e9 collect\u00e9es ou lorsque vous d\u00e9cidez de retirer le consentement sur lequel le traitement avait \u00e9t\u00e9 fond\u00e9 jusqu&#8217;\u00e0 pr\u00e9sent.<\/p>\n<p>Les utilisateurs peuvent \u00e9galement demander la limitation du traitement de leurs donn\u00e9es personnelles, auquel cas elles ne seront conserv\u00e9es par GALA GAR S.L. que pour l&#8217;exercice ou la d\u00e9fense de r\u00e9clamations.<\/p>\n<p>GALA GAR S.L. cessera de traiter vos donn\u00e9es si vous vous y opposez, sauf pour des raisons l\u00e9gitimes imp\u00e9rieuses, ou pour l&#8217;exercice ou la d\u00e9fense d&#8217;\u00e9ventuelles r\u00e9clamations.<\/p>\n<p>Enfin, dans l&#8217;exercice de son droit \u00e0 la portabilit\u00e9 des donn\u00e9es, l&#8217;utilisateur peut recevoir les donn\u00e9es personnelles fournies \u00e0 GALA GAR S.L. dans un format structur\u00e9, couramment utilis\u00e9 et lisible par machine, et demander qu&#8217;elles soient transf\u00e9r\u00e9es \u00e0 une autre entit\u00e9 responsable du traitement.<\/p>\n<p><strong>Les moyens d&#8217;exercer vos droits.<\/strong><br \/>\nL&#8217;utilisateur peut exercer mat\u00e9riellement les droits d\u00e9crits dans la section pr\u00e9c\u00e9dente en demandant le formulaire correspondant \u00e0 l&#8217;adresse de la personne responsable : <a href=\"mailto:pilargardeta@galagar.com\">pilargardeta@galagar.com<\/a><\/p>\n<p>En outre, l&#8217;utilisateur peut \u00e0 tout moment demander des informations sur l&#8217;exercice de ses droits aupr\u00e8s de l&#8217;Agence espagnole de protection des donn\u00e9es.<\/p>\n<p>Si l&#8217;exercice de ses droits n&#8217;a pas \u00e9t\u00e9 pris en compte ou satisfait correctement, l&#8217;utilisateur peut d\u00e9poser la plainte correspondante aupr\u00e8s de l&#8217;Agence espagnole de protection des donn\u00e9es, situ\u00e9e Calle de Jorge Juan, 6, 28001, Madrid, t\u00e9l\u00e9phone 912663517.<\/p>\n<p><strong>2. LE CARACT\u00c8RE OBLIGATOIRE OU FACULTATIF DES INFORMATIONS FOURNIES PAR L&#8217;UTILISATEUR<\/strong><\/p>\n<p>Les utilisateurs, en cochant les cases correspondantes et en saisissant des donn\u00e9es dans les champs marqu\u00e9s d&#8217;un ast\u00e9risque (*) dans le formulaire de contact ou pr\u00e9sent\u00e9s dans les formulaires de t\u00e9l\u00e9chargement, acceptent express\u00e9ment, librement et sans \u00e9quivoque que leurs donn\u00e9es soient n\u00e9cessaires au traitement de leur demande par le fournisseur, l&#8217;inclusion de donn\u00e9es dans les autres champs \u00e9tant facultative. L&#8217;utilisateur garantit que les donn\u00e9es personnelles fournies au RESPONSABLE sont exactes et il est responsable de la communication de toute modification de ces donn\u00e9es.<\/p>\n<p>Le RESPONSABLE informe et garantit express\u00e9ment aux utilisateurs que leurs donn\u00e9es personnelles ne seront en aucun cas c\u00e9d\u00e9es \u00e0 des tiers et que tout type de cession de donn\u00e9es personnelles sera soumis au pr\u00e9alable au consentement expr\u00e8s, inform\u00e9 et sans \u00e9quivoque des utilisateurs. Toutes les donn\u00e9es demand\u00e9es par l&#8217;interm\u00e9diaire du site web sont obligatoires, car elles sont n\u00e9cessaires \u00e0 la fourniture d&#8217;un service optimal \u00e0 l&#8217;utilisateur. Si toutes les donn\u00e9es ne sont pas fournies, il n&#8217;y a aucune garantie que les informations et les services fournis seront totalement adapt\u00e9s \u00e0 vos besoins.<\/p>\n<p><strong>3. LES MESURES DE S\u00c9CURIT\u00c9<\/strong><\/p>\n<p>Que conform\u00e9ment aux dispositions de la r\u00e9glementation en vigueur en mati\u00e8re de protection des donn\u00e9es \u00e0 caract\u00e8re personnel, le RESPONSABLE respecte toutes les dispositions du GDPR et de la LOPD pour le traitement des donn\u00e9es \u00e0 caract\u00e8re personnel sous sa responsabilit\u00e9, et manifestement les principes d\u00e9crits \u00e0 l&#8217;article 5 du GDPR et \u00e0 l&#8217;article 4 de la LOPD, en vertu desquels elles sont trait\u00e9es de mani\u00e8re licite, loyale et transparente par rapport \u00e0 la personne concern\u00e9e et sont ad\u00e9quates, pertinentes et limit\u00e9es \u00e0 ce qui est n\u00e9cessaire au regard des finalit\u00e9s pour lesquelles elles sont trait\u00e9es.<\/p>\n<p>Le RESPONSABLE garantit qu&#8217;il a mis en \u0153uvre les politiques techniques et organisationnelles appropri\u00e9es pour appliquer les mesures de s\u00e9curit\u00e9 \u00e9tablies par le GDPR et la LOPD afin de prot\u00e9ger les droits et libert\u00e9s des Utilisateurs et qu&#8217;il leur a fourni les informations appropri\u00e9es pour qu&#8217;ils puissent les exercer.<\/p>\n<\/div><\/div><\/div><\/div><\/div>\n","protected":false},"excerpt":{"rendered":"","protected":false},"author":1,"featured_media":0,"parent":0,"menu_order":0,"comment_status":"closed","ping_status":"closed","template":"","meta":{"_acf_changed":false,"footnotes":""},"class_list":["post-19506","page","type-page","status-publish","hentry"],"acf":[],"yoast_head":"<!-- This site is optimized with the Yoast SEO plugin v24.8.1 - https:\/\/yoast.com\/wordpress\/plugins\/seo\/ -->\n<title>Politique de confidentialit\u00e9 | GALA GAR - Productos de soldadura y reguladores de gas - Gas y soldadura<\/title>\n<meta name=\"robots\" content=\"noindex, follow, max-snippet:-1, max-image-preview:large, max-video-preview:-1\" \/>\n<meta property=\"og:locale\" content=\"fr_FR\" \/>\n<meta property=\"og:type\" content=\"article\" \/>\n<meta property=\"og:title\" content=\"Politique de confidentialit\u00e9 | GALA GAR - Productos de soldadura y reguladores de gas - Gas y soldadura\" \/>\n<meta property=\"og:url\" content=\"https:\/\/dev.galagar.com\/fr\/politique-de-confidentialite\/\" \/>\n<meta property=\"og:site_name\" content=\"GALA GAR - Productos de soldadura y reguladores de gas - Gas y soldadura\" \/>\n<meta property=\"article:modified_time\" content=\"2023-05-02T17:16:14+00:00\" \/>\n<meta name=\"twitter:card\" content=\"summary_large_image\" \/>\n<meta name=\"twitter:label1\" content=\"Dur\u00e9e de lecture estim\u00e9e\" \/>\n\t<meta name=\"twitter:data1\" content=\"7 minutes\" \/>\n<script type=\"application\/ld+json\" class=\"yoast-schema-graph\">{\"@context\":\"https:\/\/schema.org\",\"@graph\":[{\"@type\":\"WebPage\",\"@id\":\"https:\/\/dev.galagar.com\/fr\/politique-de-confidentialite\/\",\"url\":\"https:\/\/dev.galagar.com\/fr\/politique-de-confidentialite\/\",\"name\":\"Politique de confidentialit\u00e9 | GALA GAR - Productos de soldadura y reguladores de gas - Gas y soldadura\",\"isPartOf\":{\"@id\":\"https:\/\/dev.galagar.com\/fr\/#website\"},\"datePublished\":\"2022-02-01T18:21:43+00:00\",\"dateModified\":\"2023-05-02T17:16:14+00:00\",\"breadcrumb\":{\"@id\":\"https:\/\/dev.galagar.com\/fr\/politique-de-confidentialite\/#breadcrumb\"},\"inLanguage\":\"fr-FR\",\"potentialAction\":[{\"@type\":\"ReadAction\",\"target\":[\"https:\/\/dev.galagar.com\/fr\/politique-de-confidentialite\/\"]}]},{\"@type\":\"BreadcrumbList\",\"@id\":\"https:\/\/dev.galagar.com\/fr\/politique-de-confidentialite\/#breadcrumb\",\"itemListElement\":[{\"@type\":\"ListItem\",\"position\":1,\"name\":\"Inicio\",\"item\":\"https:\/\/dev.galagar.com\/fr\/accueil\/\"},{\"@type\":\"ListItem\",\"position\":2,\"name\":\"Politique de confidentialit\u00e9\"}]},{\"@type\":\"WebSite\",\"@id\":\"https:\/\/dev.galagar.com\/fr\/#website\",\"url\":\"https:\/\/dev.galagar.com\/fr\/\",\"name\":\"GALA GAR - Productos de soldadura y reguladores de gas - Gas y soldadura\",\"description\":\"Gala Gar es fabricante de tecnolog\u00eda competitiva para soldadura (MMA-TIG-MIG\/MAG-CORTE POR PLASMA), regulaci\u00f3n de gases, y para soldadura y corte por gas.\",\"publisher\":{\"@id\":\"https:\/\/dev.galagar.com\/fr\/#organization\"},\"potentialAction\":[{\"@type\":\"SearchAction\",\"target\":{\"@type\":\"EntryPoint\",\"urlTemplate\":\"https:\/\/dev.galagar.com\/fr\/?s={search_term_string}\"},\"query-input\":{\"@type\":\"PropertyValueSpecification\",\"valueRequired\":true,\"valueName\":\"search_term_string\"}}],\"inLanguage\":\"fr-FR\"},{\"@type\":\"Organization\",\"@id\":\"https:\/\/dev.galagar.com\/fr\/#organization\",\"name\":\"GALA GAR welding\",\"url\":\"https:\/\/dev.galagar.com\/fr\/\",\"logo\":{\"@type\":\"ImageObject\",\"inLanguage\":\"fr-FR\",\"@id\":\"https:\/\/dev.galagar.com\/fr\/#\/schema\/logo\/image\/\",\"url\":\"\",\"contentUrl\":\"\",\"caption\":\"GALA GAR welding\"},\"image\":{\"@id\":\"https:\/\/dev.galagar.com\/fr\/#\/schema\/logo\/image\/\"}}]}<\/script>\n<!-- \/ Yoast SEO plugin. -->","yoast_head_json":{"title":"Politique de confidentialit\u00e9 | GALA GAR - Productos de soldadura y reguladores de gas - Gas y soldadura","robots":{"index":"noindex","follow":"follow","max-snippet":"max-snippet:-1","max-image-preview":"max-image-preview:large","max-video-preview":"max-video-preview:-1"},"og_locale":"fr_FR","og_type":"article","og_title":"Politique de confidentialit\u00e9 | GALA GAR - Productos de soldadura y reguladores de gas - Gas y soldadura","og_url":"https:\/\/dev.galagar.com\/fr\/politique-de-confidentialite\/","og_site_name":"GALA GAR - Productos de soldadura y reguladores de gas - Gas y soldadura","article_modified_time":"2023-05-02T17:16:14+00:00","twitter_card":"summary_large_image","twitter_misc":{"Dur\u00e9e de lecture estim\u00e9e":"7 minutes"},"schema":{"@context":"https:\/\/schema.org","@graph":[{"@type":"WebPage","@id":"https:\/\/dev.galagar.com\/fr\/politique-de-confidentialite\/","url":"https:\/\/dev.galagar.com\/fr\/politique-de-confidentialite\/","name":"Politique de confidentialit\u00e9 | GALA GAR - Productos de soldadura y reguladores de gas - Gas y soldadura","isPartOf":{"@id":"https:\/\/dev.galagar.com\/fr\/#website"},"datePublished":"2022-02-01T18:21:43+00:00","dateModified":"2023-05-02T17:16:14+00:00","breadcrumb":{"@id":"https:\/\/dev.galagar.com\/fr\/politique-de-confidentialite\/#breadcrumb"},"inLanguage":"fr-FR","potentialAction":[{"@type":"ReadAction","target":["https:\/\/dev.galagar.com\/fr\/politique-de-confidentialite\/"]}]},{"@type":"BreadcrumbList","@id":"https:\/\/dev.galagar.com\/fr\/politique-de-confidentialite\/#breadcrumb","itemListElement":[{"@type":"ListItem","position":1,"name":"Inicio","item":"https:\/\/dev.galagar.com\/fr\/accueil\/"},{"@type":"ListItem","position":2,"name":"Politique de confidentialit\u00e9"}]},{"@type":"WebSite","@id":"https:\/\/dev.galagar.com\/fr\/#website","url":"https:\/\/dev.galagar.com\/fr\/","name":"GALA GAR - Productos de soldadura y reguladores de gas - Gas y soldadura","description":"Gala Gar es fabricante de tecnolog\u00eda competitiva para soldadura (MMA-TIG-MIG\/MAG-CORTE POR PLASMA), regulaci\u00f3n de gases, y para soldadura y corte por gas.","publisher":{"@id":"https:\/\/dev.galagar.com\/fr\/#organization"},"potentialAction":[{"@type":"SearchAction","target":{"@type":"EntryPoint","urlTemplate":"https:\/\/dev.galagar.com\/fr\/?s={search_term_string}"},"query-input":{"@type":"PropertyValueSpecification","valueRequired":true,"valueName":"search_term_string"}}],"inLanguage":"fr-FR"},{"@type":"Organization","@id":"https:\/\/dev.galagar.com\/fr\/#organization","name":"GALA GAR welding","url":"https:\/\/dev.galagar.com\/fr\/","logo":{"@type":"ImageObject","inLanguage":"fr-FR","@id":"https:\/\/dev.galagar.com\/fr\/#\/schema\/logo\/image\/","url":"","contentUrl":"","caption":"GALA GAR welding"},"image":{"@id":"https:\/\/dev.galagar.com\/fr\/#\/schema\/logo\/image\/"}}]}},"_links":{"self":[{"href":"https:\/\/dev.galagar.com\/fr\/wp-json\/wp\/v2\/pages\/19506","targetHints":{"allow":["GET"]}}],"collection":[{"href":"https:\/\/dev.galagar.com\/fr\/wp-json\/wp\/v2\/pages"}],"about":[{"href":"https:\/\/dev.galagar.com\/fr\/wp-json\/wp\/v2\/types\/page"}],"author":[{"embeddable":true,"href":"https:\/\/dev.galagar.com\/fr\/wp-json\/wp\/v2\/users\/1"}],"replies":[{"embeddable":true,"href":"https:\/\/dev.galagar.com\/fr\/wp-json\/wp\/v2\/comments?post=19506"}],"version-history":[{"count":0,"href":"https:\/\/dev.galagar.com\/fr\/wp-json\/wp\/v2\/pages\/19506\/revisions"}],"wp:attachment":[{"href":"https:\/\/dev.galagar.com\/fr\/wp-json\/wp\/v2\/media?parent=19506"}],"curies":[{"name":"wp","href":"https:\/\/api.w.org\/{rel}","templated":true}]}}