{"id":19040,"date":"2021-10-28T13:36:50","date_gmt":"2021-10-28T11:36:50","guid":{"rendered":"https:\/\/dev.galagar.com\/soudage-tig\/"},"modified":"2021-10-28T13:36:50","modified_gmt":"2021-10-28T11:36:50","slug":"soudage-tig","status":"publish","type":"page","link":"https:\/\/dev.galagar.com\/fr\/soudage-tig\/","title":{"rendered":"Soudage TIG"},"content":{"rendered":"<h2>Soudage GTAW<br \/>\n(soudage TIG)<\/h2>\n<h3>1. proc\u00e9d\u00e9 de soudage TIG<\/h3>\n<p>Ce proc\u00e9d\u00e9, dans lequel une \u00e9lectrode solide en tungst\u00e8ne non consommable est utilis\u00e9e pour conduire le courant \u00e9lectrique, utilise un gaz de protection inerte pour faciliter la transmission du courant.<\/p>\n<p>Le soudage TIG est utilis\u00e9 pour les soudures qui doivent avoir un aspect visuel optimal avec un nombre r\u00e9duit d&#8217;op\u00e9rations d&#8217;usinage successives apr\u00e8s le soudage, ce qui n\u00e9cessite une pr\u00e9paration et un nettoyage corrects des bords \u00e0 souder. Les baguettes d&#8217;apport doivent avoir des propri\u00e9t\u00e9s m\u00e9caniques similaires \u00e0 celles du mat\u00e9riau \u00e0 souder.<\/p>\n<p>L&#8217;argon et l&#8217;h\u00e9lium peuvent \u00eatre utilis\u00e9s comme gaz de protection dans cette m\u00e9thode de soudage. L&#8217;argon est normalement utilis\u00e9 \u00e0 la fois en raison de son faible co\u00fbt et parce qu&#8217;il tend \u00e0 stabiliser l&#8217;arc \u00e9lectrique, ce qui facilite son fonctionnement ; certaines op\u00e9rations de soudage impliquent l&#8217;utilisation d&#8217;h\u00e9lium (ou de m\u00e9langes argon-h\u00e9lium), car il favorise une plus grande p\u00e9n\u00e9tration du bain et une vitesse d&#8217;alimentation plus \u00e9lev\u00e9e.<\/p>\n<h3>2. Ex\u00e9cution du processus de soudage TIG<\/h3>\n<ol class=\"gal-color-list-o\">\n<li>S\u00e9lection du type de courant.<\/li>\n<li>S\u00e9lection de la source d&#8217;alimentation.<\/li>\n<li>S\u00e9lection des consommables de la torche.<\/li>\n<li>S\u00e9lection des gaz de protection.<\/li>\n<li>S\u00e9lection du mat\u00e9riel d&#8217;entr\u00e9e.<\/li>\n<li>Ex\u00e9cution de la soudure.<\/li>\n<\/ol>\n<h4>2.1. S\u00e9lection du type de courant.<\/h4>\n<p><strong>Courant continu &#8211; Polarit\u00e9 directe :<\/strong><\/p>\n<p>C&#8217;est le plus couramment utilis\u00e9 et il permet de souder la plupart des mat\u00e9riaux. Pour ce faire, la torche TIG est connect\u00e9e au p\u00f4le n\u00e9gatif et la terre au p\u00f4le positif, ce qui permet de limiter l&#8217;usure des \u00e9lectrodes car la majeure partie de la chaleur est concentr\u00e9e sur la pi\u00e8ce \u00e0 souder.<\/p>\n<p>Cette polarit\u00e9 est utilis\u00e9e pour le soudage de mat\u00e9riaux \u00e0 forte conductivit\u00e9 thermique, comme le cuivre, mais aussi pour le soudage des aciers.<\/p>\n<p>Le diam\u00e8tre de l&#8217;\u00e9lectrode varie en fonction du courant de soudage choisi.<\/p>\n<p><strong>Courant continu &#8211; Polarit\u00e9 directe avec un courant puls\u00e9 :<\/strong><\/p>\n<p>Permet un meilleur contr\u00f4le du bain de soudure. Il assure une r\u00e9duction de la zone thermiquement affect\u00e9e, avec moins de d\u00e9formation, moins de risque d&#8217;inclusions gazeuses et de fissures chaudes.<\/p>\n<p>En augmentant la fr\u00e9quence, on obtient un arc de soudage plus stable et plus concentr\u00e9, ce qui permet d&#8217;obtenir des soudures de meilleure qualit\u00e9 sur des mat\u00e9riaux plus fins.<\/p>\n<p><strong>Soudage en courant alternatif :<\/strong><\/p>\n<p>Il est utilis\u00e9 dans le soudage de l&#8217;aluminium (et de ses alliages) et du magn\u00e9sium \u00e0 des courants \u00e9lev\u00e9s.<\/p>\n<p>Pendant le cycle positif, l&#8217;oxyde qui recouvre le mat\u00e9riau est bris\u00e9, tandis que pendant le cycle n\u00e9gatif, l&#8217;\u00e9lectrode se refroidit, ce qui favorise une bonne p\u00e9n\u00e9tration, car l&#8217;apport de chaleur dans la pi\u00e8ce \u00e0 souder augmente.<\/p>\n<p>En variant l&#8217;\u00e9quilibrage de l&#8217;onde (Balance), il est possible de contr\u00f4ler le rapport entre le courant de nettoyage et le courant de p\u00e9n\u00e9tration de l&#8217;arc.<\/p>\n<p>La pr\u00e9paration de l&#8217;\u00e9lectrode pr\u00e9voit l&#8217;arrondissement des angles de la pointe en raison de l&#8217;apport \u00e9lev\u00e9 de chaleur pendant le soudage, qui se d\u00e9forme \u00e9galement sous l&#8217;effet de l&#8217;arc \u00e9lectrique, prenant ainsi la forme d&#8217;une pointe circulaire.<\/p>\n<p><strong>TIG puls\u00e9<\/strong><\/p>\n<p>L&#8217;arc puls\u00e9 est la variation du courant entre 2 niveaux r\u00e9gl\u00e9s \u00e0 une certaine fr\u00e9quence. Le contr\u00f4le total de la fr\u00e9quence et des intensit\u00e9s de travail avec l&#8217;arc puls\u00e9 facilite le soudage d&#8217;\u00e9paisseurs fines, l&#8217;application de passes en racine, la p\u00e9n\u00e9tration de tuyaux et d&#8217;\u00e9paisseurs importantes avec des bords chanfrein\u00e9s, ainsi que la possibilit\u00e9 d&#8217;assembler des mat\u00e9riaux avec des joints mal align\u00e9s.<\/p>\n<p>Ceci est possible gr\u00e2ce \u00e0 l&#8217;augmentation de la vitesse de soudage avec une r\u00e9duction significative de l&#8217;apport de chaleur dans le joint (apport thermique), ce qui permet d&#8217;obtenir une zone affect\u00e9e par la chaleur (HAZ) et une d\u00e9formation thermique tr\u00e8s faibles et contr\u00f4l\u00e9es.<\/p>\n<h4>2.2. S\u00e9lection de la source d&#8217;alimentation.<\/h4>\n<p>En fonction du mat\u00e9riau, nous choisirons des sources d&#8217;\u00e9nergie DC ou AC (aluminium) et nous ajusterons la puissance de l&#8217;\u00e9quipement en fonction de l&#8217;\u00e9paisseur \u00e0 souder. En outre, le courant alternatif favorise le d\u00e9capage de la couche d&#8217;oxyde des alliages d&#8217;aluminium et peut \u00eatre utilis\u00e9 pour le soudage de faibles \u00e9paisseurs.<\/p>\n<div class=\"table-2\">\n<table width=\"100%\">\n<tbody>\n<tr>\n<td style=\"text-align: center;\">Fe\/Inox 30 A\/mm<\/td>\n<\/tr>\n<tr>\n<td style=\"text-align: center;\">Cu 70 A\/mm<\/td>\n<\/tr>\n<tr>\n<td style=\"text-align: center;\">Al 40 A\/mm<\/td>\n<\/tr>\n<\/tbody>\n<\/table>\n<\/div>\n<p>&nbsp;<\/p>\n<h4>2.3. S\u00e9lection des consommables.<\/h4>\n<p><strong>S\u00e9lection de consommables (Tungst\u00e8ne)<\/strong><\/p>\n<p>La forme de la pointe de l&#8217;\u00e9lectrode affecte directement la stabilit\u00e9 de l&#8217;arc \u00e9lectrique. Il est pr\u00e9f\u00e9rable de choisir une \u00e9lectrode aussi fine que possible, ce qui permet de concentrer l&#8217;arc \u00e9lectrique et de r\u00e9duire le bain de fusion.<\/p>\n<p>L&#8217;aff\u00fbtage, en cas de courant continu, doit \u00eatre compris entre 1,5 et 2 fois le diam\u00e8tre de l&#8217;\u00e9lectrode. D&#8217;une longueur \u00e9gale \u00e0 2 fois le diam\u00e8tre et effil\u00e9 longitudinalement pour faciliter la transmission du courant.<\/p>\n<p>En fonction de l&#8217;\u00e9lectrode choisie, on obtiendra des performances diff\u00e9rentes.<\/p>\n<h4>2.4. S\u00e9lection du gaz de protection.<\/h4>\n<p><strong>Argon<\/strong><\/p>\n<ul class=\"gal-color-list\">\n<li>Sa haute densit\u00e9 augmente la protection. Plus lourd que l&#8217;air, il a tendance \u00e0 bien couvrir la zone de soudure. Il est recommand\u00e9 pour le soudage en position sous-toiture.<\/li>\n<li>Faible \u00e9nergie d&#8217;ionisation facilitant l&#8217;amor\u00e7age, arcs tr\u00e8s stables et de faible \u00e9nergie, ce qui en fait un outil id\u00e9al pour les petites \u00e9paisseurs.<\/li>\n<li>Plus \u00e9conomique.<\/li>\n<li>Faible conductivit\u00e9 thermique qui concentre la chaleur dans la zone centrale de l&#8217;arc pour obtenir des perles avec une bonne p\u00e9n\u00e9tration.<\/li>\n<\/ul>\n<p><strong>H\u00e9lio<\/strong><\/p>\n<ul class=\"gal-color-list\">\n<li>En raison de sa faible densit\u00e9, un d\u00e9bit tr\u00e8s \u00e9lev\u00e9 est n\u00e9cessaire pour une protection correcte, ce qui n&#8217;est pas tr\u00e8s \u00e9conomique puisque nous utilisons entre 2 et 3 fois plus que ce qui est n\u00e9cessaire avec l&#8217;argon.<\/li>\n<li>l&#8217;\u00e9nergie d&#8217;ionisation qui produit des arcs plus instables avec un apport thermique \u00e9lev\u00e9, favorisant le soudage \u00e0 grande vitesse, dans les applications automatis\u00e9es et dans les grandes \u00e9paisseurs.<\/li>\n<li>Conductivit\u00e9 thermique \u00e9lev\u00e9e permettant d&#8217;obtenir des perles plus larges avec une plus grande p\u00e9n\u00e9tration.<\/li>\n<\/ul>\n<p><strong>Hydrog\u00e8ne<\/strong><\/p>\n<ul class=\"gal-color-list\">\n<li>Augmente l&#8217;apport de chaleur, ce qui accro\u00eet la largeur et la p\u00e9n\u00e9tration du cordon de soudure.<\/li>\n<li>Permet d&#8217;augmenter la vitesse de d\u00e9placement.<\/li>\n<li>Dans des proportions inf\u00e9rieures \u00e0 5 % d&#8217;addition, il ne doit jamais \u00eatre utilis\u00e9 sur les aciers au carbone, les aciers faiblement alli\u00e9s et les aciers inoxydables ferritiques, car l&#8217;hydrog\u00e8ne peut provoquer des fissures dans ces mat\u00e9riaux.<\/li>\n<\/ul>\n<p><strong>Azote<\/strong><\/p>\n<ul class=\"gal-color-list\">\n<li>Augmente l&#8217;apport de chaleur, ce qui accro\u00eet la largeur et la p\u00e9n\u00e9tration du cordon de soudure.<\/li>\n<li>Permet d&#8217;augmenter la vitesse de d\u00e9placement.<\/li>\n<li>Faible co\u00fbt.<\/li>\n<li>Il est presque exclusivement utilis\u00e9 pour le soudage du cuivre et de ses alliages.<\/li>\n<\/ul>\n<h4>2.5. S\u00e9lection du mat\u00e9riel d&#8217;entr\u00e9e.<\/h4>\n<p>Dans les \u00e9paisseurs inf\u00e9rieures \u00e0 3 millim\u00e8tres et avec une pr\u00e9paration appropri\u00e9e des bords, le m\u00e9tal d&#8217;apport n&#8217;est pas toujours n\u00e9cessaire.<\/p>\n<p>Il doit \u00eatre de m\u00eame nature que le m\u00e9tal de base, \u00eatre exempt d&#8217;humidit\u00e9 et choisir le diam\u00e8tre appropri\u00e9 en fonction de l&#8217;\u00e9paisseur \u00e0 souder.<\/p>\n<h3>3. Applications du soudage TIG<\/h3>\n<p>Le proc\u00e9d\u00e9 TIG peut \u00eatre utilis\u00e9 pour souder tous les mat\u00e9riaux, y compris l&#8217;aluminium, le magn\u00e9sium et les mat\u00e9riaux sensibles \u00e0 l&#8217;oxydation tels que le titane, le zirconium et leurs alliages.<\/p>\n<p>Il est id\u00e9al pour le soudage de responsabilit\u00e9 dans les industries p\u00e9troli\u00e8re, chimique, alimentaire, nucl\u00e9aire et a\u00e9rospatiale en raison de sa haute qualit\u00e9 de soudage, de sa grande puret\u00e9 m\u00e9tallurgique et de sa bonne finition de surface sans d\u00e9faut.<\/p>\n<p>Sa faible vitesse de d\u00e9p\u00f4t l&#8217;emp\u00eache d&#8217;\u00eatre \u00e9conomique dans les mat\u00e9riaux d&#8217;une \u00e9paisseur sup\u00e9rieure \u00e0 8 millim\u00e8tres. Dans ces cas, il est recommand\u00e9 de souder les cordons de la racine avec ce proc\u00e9d\u00e9 et le reste des passes avec un autre proc\u00e9d\u00e9 de plus grande productivit\u00e9.<\/p>\n<p><strong>Avantages :<\/strong><\/p>\n<ul class=\"gal-color-list-v\">\n<li>Obtention de torons plus r\u00e9sistants et plus ductiles.<\/li>\n<li>R\u00e9duction des d\u00e9formations.<\/li>\n<li>Soudures propres et uniformes.<\/li>\n<li>R\u00e9duction des fum\u00e9es et des projections.<\/li>\n<li>Bon \u00e9tat de surface = r\u00e9duction des op\u00e9rations de finition = r\u00e9duction des co\u00fbts de production.<\/li>\n<\/ul>\n<p><strong>Inconv\u00e9nients :<\/strong><\/p>\n<ul class=\"gal-color-list-x\">\n<li>N\u00e9cessit\u00e9 de fournir un d\u00e9bit de gaz continu = augmentation du co\u00fbt.<\/li>\n<li>Elle n\u00e9cessite une main-d&#8217;\u0153uvre hautement qualifi\u00e9e, ce qui augmente \u00e9galement les co\u00fbts.<\/li>\n<li>Il est r\u00e9serv\u00e9 aux assemblages pr\u00e9sentant des exigences particuli\u00e8res en mati\u00e8re d&#8217;\u00e9tat de surface et de pr\u00e9cision.<\/li>\n<\/ul>\n<h3>4. \u00c9quipement pour le soudage TIG<\/h3>\n<p>Gala Gar dispose d&#8217;une large gamme de produits pour ce type de soudure, cliquez sur le lien suivant pour la voir :<br \/>\n<span class=\"gal-enlace\"><a href=\"https:\/\/dev.galagar.com\/categoria-producto\/gala-gar-productos\/soldadura-y-corte\/tig\/\" target=\"_blank\" rel=\"noopener\">Voir \u00c9quipement de soudage TIG.<\/a><\/span><\/p>\n","protected":false},"excerpt":{"rendered":"<p>Soudage GTAW (soudage TIG) 1. proc\u00e9d\u00e9 de soudage TIG Ce proc\u00e9d\u00e9, dans lequel une \u00e9lectrode solide en tungst\u00e8ne non consommable est utilis\u00e9e pour conduire le courant \u00e9lectrique, utilise un gaz de protection inerte pour faciliter la transmission du courant. Le soudage TIG est utilis\u00e9 pour les soudures qui doivent avoir un aspect visuel optimal avec<\/p>\n","protected":false},"author":1,"featured_media":0,"parent":0,"menu_order":0,"comment_status":"closed","ping_status":"closed","template":"","meta":{"_acf_changed":false,"footnotes":""},"class_list":["post-19040","page","type-page","status-publish","hentry"],"acf":[],"yoast_head":"<!-- This site is optimized with the Yoast SEO plugin v24.8.1 - https:\/\/yoast.com\/wordpress\/plugins\/seo\/ -->\n<title>Soudage TIG | GALA GAR - Productos de soldadura y reguladores de gas - Gas y soldadura<\/title>\n<meta name=\"robots\" content=\"noindex, follow, max-snippet:-1, max-image-preview:large, max-video-preview:-1\" \/>\n<meta property=\"og:locale\" content=\"fr_FR\" \/>\n<meta property=\"og:type\" content=\"article\" \/>\n<meta property=\"og:title\" content=\"Soudage TIG | GALA GAR - Productos de soldadura y reguladores de gas - Gas y soldadura\" \/>\n<meta property=\"og:description\" content=\"Soudage GTAW (soudage TIG) 1. proc\u00e9d\u00e9 de soudage TIG Ce proc\u00e9d\u00e9, dans lequel une \u00e9lectrode solide en tungst\u00e8ne non consommable est utilis\u00e9e pour conduire le courant \u00e9lectrique, utilise un gaz de protection inerte pour faciliter la transmission du courant. Le soudage TIG est utilis\u00e9 pour les soudures qui doivent avoir un aspect visuel optimal avec\" \/>\n<meta property=\"og:url\" content=\"https:\/\/dev.galagar.com\/fr\/soudage-tig\/\" \/>\n<meta property=\"og:site_name\" content=\"GALA GAR - Productos de soldadura y reguladores de gas - Gas y soldadura\" \/>\n<meta name=\"twitter:card\" content=\"summary_large_image\" \/>\n<meta name=\"twitter:label1\" content=\"Dur\u00e9e de lecture estim\u00e9e\" \/>\n\t<meta name=\"twitter:data1\" content=\"7 minutes\" \/>\n<script type=\"application\/ld+json\" class=\"yoast-schema-graph\">{\"@context\":\"https:\/\/schema.org\",\"@graph\":[{\"@type\":\"WebPage\",\"@id\":\"https:\/\/dev.galagar.com\/fr\/soudage-tig\/\",\"url\":\"https:\/\/dev.galagar.com\/fr\/soudage-tig\/\",\"name\":\"Soudage TIG | GALA GAR - Productos de soldadura y reguladores de gas - Gas y soldadura\",\"isPartOf\":{\"@id\":\"https:\/\/dev.galagar.com\/fr\/#website\"},\"datePublished\":\"2021-10-28T11:36:50+00:00\",\"breadcrumb\":{\"@id\":\"https:\/\/dev.galagar.com\/fr\/soudage-tig\/#breadcrumb\"},\"inLanguage\":\"fr-FR\",\"potentialAction\":[{\"@type\":\"ReadAction\",\"target\":[\"https:\/\/dev.galagar.com\/fr\/soudage-tig\/\"]}]},{\"@type\":\"BreadcrumbList\",\"@id\":\"https:\/\/dev.galagar.com\/fr\/soudage-tig\/#breadcrumb\",\"itemListElement\":[{\"@type\":\"ListItem\",\"position\":1,\"name\":\"Inicio\",\"item\":\"https:\/\/dev.galagar.com\/fr\/accueil\/\"},{\"@type\":\"ListItem\",\"position\":2,\"name\":\"Soudage TIG\"}]},{\"@type\":\"WebSite\",\"@id\":\"https:\/\/dev.galagar.com\/fr\/#website\",\"url\":\"https:\/\/dev.galagar.com\/fr\/\",\"name\":\"GALA GAR - Productos de soldadura y reguladores de gas - Gas y soldadura\",\"description\":\"Gala Gar es fabricante de tecnolog\u00eda competitiva para soldadura (MMA-TIG-MIG\/MAG-CORTE POR PLASMA), regulaci\u00f3n de gases, y para soldadura y corte por gas.\",\"publisher\":{\"@id\":\"https:\/\/dev.galagar.com\/fr\/#organization\"},\"potentialAction\":[{\"@type\":\"SearchAction\",\"target\":{\"@type\":\"EntryPoint\",\"urlTemplate\":\"https:\/\/dev.galagar.com\/fr\/?s={search_term_string}\"},\"query-input\":{\"@type\":\"PropertyValueSpecification\",\"valueRequired\":true,\"valueName\":\"search_term_string\"}}],\"inLanguage\":\"fr-FR\"},{\"@type\":\"Organization\",\"@id\":\"https:\/\/dev.galagar.com\/fr\/#organization\",\"name\":\"GALA GAR welding\",\"url\":\"https:\/\/dev.galagar.com\/fr\/\",\"logo\":{\"@type\":\"ImageObject\",\"inLanguage\":\"fr-FR\",\"@id\":\"https:\/\/dev.galagar.com\/fr\/#\/schema\/logo\/image\/\",\"url\":\"\",\"contentUrl\":\"\",\"caption\":\"GALA GAR welding\"},\"image\":{\"@id\":\"https:\/\/dev.galagar.com\/fr\/#\/schema\/logo\/image\/\"}}]}<\/script>\n<!-- \/ Yoast SEO plugin. -->","yoast_head_json":{"title":"Soudage TIG | GALA GAR - Productos de soldadura y reguladores de gas - Gas y soldadura","robots":{"index":"noindex","follow":"follow","max-snippet":"max-snippet:-1","max-image-preview":"max-image-preview:large","max-video-preview":"max-video-preview:-1"},"og_locale":"fr_FR","og_type":"article","og_title":"Soudage TIG | GALA GAR - Productos de soldadura y reguladores de gas - Gas y soldadura","og_description":"Soudage GTAW (soudage TIG) 1. proc\u00e9d\u00e9 de soudage TIG Ce proc\u00e9d\u00e9, dans lequel une \u00e9lectrode solide en tungst\u00e8ne non consommable est utilis\u00e9e pour conduire le courant \u00e9lectrique, utilise un gaz de protection inerte pour faciliter la transmission du courant. Le soudage TIG est utilis\u00e9 pour les soudures qui doivent avoir un aspect visuel optimal avec","og_url":"https:\/\/dev.galagar.com\/fr\/soudage-tig\/","og_site_name":"GALA GAR - Productos de soldadura y reguladores de gas - Gas y soldadura","twitter_card":"summary_large_image","twitter_misc":{"Dur\u00e9e de lecture estim\u00e9e":"7 minutes"},"schema":{"@context":"https:\/\/schema.org","@graph":[{"@type":"WebPage","@id":"https:\/\/dev.galagar.com\/fr\/soudage-tig\/","url":"https:\/\/dev.galagar.com\/fr\/soudage-tig\/","name":"Soudage TIG | GALA GAR - Productos de soldadura y reguladores de gas - Gas y soldadura","isPartOf":{"@id":"https:\/\/dev.galagar.com\/fr\/#website"},"datePublished":"2021-10-28T11:36:50+00:00","breadcrumb":{"@id":"https:\/\/dev.galagar.com\/fr\/soudage-tig\/#breadcrumb"},"inLanguage":"fr-FR","potentialAction":[{"@type":"ReadAction","target":["https:\/\/dev.galagar.com\/fr\/soudage-tig\/"]}]},{"@type":"BreadcrumbList","@id":"https:\/\/dev.galagar.com\/fr\/soudage-tig\/#breadcrumb","itemListElement":[{"@type":"ListItem","position":1,"name":"Inicio","item":"https:\/\/dev.galagar.com\/fr\/accueil\/"},{"@type":"ListItem","position":2,"name":"Soudage TIG"}]},{"@type":"WebSite","@id":"https:\/\/dev.galagar.com\/fr\/#website","url":"https:\/\/dev.galagar.com\/fr\/","name":"GALA GAR - Productos de soldadura y reguladores de gas - Gas y soldadura","description":"Gala Gar es fabricante de tecnolog\u00eda competitiva para soldadura (MMA-TIG-MIG\/MAG-CORTE POR PLASMA), regulaci\u00f3n de gases, y para soldadura y corte por gas.","publisher":{"@id":"https:\/\/dev.galagar.com\/fr\/#organization"},"potentialAction":[{"@type":"SearchAction","target":{"@type":"EntryPoint","urlTemplate":"https:\/\/dev.galagar.com\/fr\/?s={search_term_string}"},"query-input":{"@type":"PropertyValueSpecification","valueRequired":true,"valueName":"search_term_string"}}],"inLanguage":"fr-FR"},{"@type":"Organization","@id":"https:\/\/dev.galagar.com\/fr\/#organization","name":"GALA GAR welding","url":"https:\/\/dev.galagar.com\/fr\/","logo":{"@type":"ImageObject","inLanguage":"fr-FR","@id":"https:\/\/dev.galagar.com\/fr\/#\/schema\/logo\/image\/","url":"","contentUrl":"","caption":"GALA GAR welding"},"image":{"@id":"https:\/\/dev.galagar.com\/fr\/#\/schema\/logo\/image\/"}}]}},"_links":{"self":[{"href":"https:\/\/dev.galagar.com\/fr\/wp-json\/wp\/v2\/pages\/19040","targetHints":{"allow":["GET"]}}],"collection":[{"href":"https:\/\/dev.galagar.com\/fr\/wp-json\/wp\/v2\/pages"}],"about":[{"href":"https:\/\/dev.galagar.com\/fr\/wp-json\/wp\/v2\/types\/page"}],"author":[{"embeddable":true,"href":"https:\/\/dev.galagar.com\/fr\/wp-json\/wp\/v2\/users\/1"}],"replies":[{"embeddable":true,"href":"https:\/\/dev.galagar.com\/fr\/wp-json\/wp\/v2\/comments?post=19040"}],"version-history":[{"count":0,"href":"https:\/\/dev.galagar.com\/fr\/wp-json\/wp\/v2\/pages\/19040\/revisions"}],"wp:attachment":[{"href":"https:\/\/dev.galagar.com\/fr\/wp-json\/wp\/v2\/media?parent=19040"}],"curies":[{"name":"wp","href":"https:\/\/api.w.org\/{rel}","templated":true}]}}